{"id":9548,"date":"2024-07-04T16:13:21","date_gmt":"2024-07-04T14:13:21","guid":{"rendered":"https:\/\/forzini.com\/producto\/bol-de-piedra-oh-bacchus-mediano\/"},"modified":"2025-02-23T13:26:40","modified_gmt":"2025-02-23T12:26:40","slug":"bol-en-marbre-vert","status":"publish","type":"product","link":"https:\/\/forzini.com\/fr\/producto\/bol-en-marbre-vert\/","title":{"rendered":"Bol en marbre vert Oh Bacchus"},"content":{"rendered":"<h2>Bol en marbre vert \u00ab\u00a0Oh Bacchus\u00a0\u00bb<\/h2>\n<p data-start=\"34\" data-end=\"405\">Ce <strong>bol en marbre vert<\/strong> onyx de taille moyenne, au design raffin\u00e9, est un \u00e9l\u00e9ment d\u00e9coratif \u00e9l\u00e9gant et polyvalent qui sublime votre int\u00e9rieur. Son fini d\u00e9licatement poli refl\u00e8te la lumi\u00e8re de mani\u00e8re douce et homog\u00e8ne, cr\u00e9ant un \u00e9clat subtil et sophistiqu\u00e9. V\u00e9ritable pi\u00e8ce d\u2019exception, il allie esth\u00e9tique et fonctionnalit\u00e9, transformant l\u2019atmosph\u00e8re de n\u2019importe quelle pi\u00e8ce.<\/p>\n<p data-start=\"407\" data-end=\"813\">Parfait comme accent d\u00e9coratif sur la table, photophore diffusant une lumi\u00e8re chaleureuse ou m\u00eame comme vide-poche pour de petits objets, ce bol en pierre d\u2019onyx apporte une touche de luxe et de s\u00e9r\u00e9nit\u00e9 \u00e0 votre espace. Son toucher soyeux t\u00e9moigne du savoir-faire artisanal avec lequel il a \u00e9t\u00e9 con\u00e7u. Chaque pi\u00e8ce est unique gr\u00e2ce aux veines et nuances naturelles de l\u2019onyx, faisant de chaque bol un v\u00e9ritable tr\u00e9sor.<\/p>\n<p data-start=\"815\" data-end=\"1203\">L\u2019onyx, gemme semi-pr\u00e9cieuse pris\u00e9e pour sa texture raffin\u00e9e et ses teintes vari\u00e9es, est un mat\u00e9riau d\u2019exception souvent utilis\u00e9 par les plus grandes maisons de joaillerie. Offrir ce bol en onyx vert est une id\u00e9e cadeau parfaite pour un anniversaire, un mariage ou toute occasion sp\u00e9ciale, garantissant un pr\u00e9sent sophistiqu\u00e9 et intemporel qui sera appr\u00e9ci\u00e9 et ch\u00e9ri pendant des ann\u00e9es.<\/p>\n<p data-start=\"1205\" data-end=\"1451\">Galaxy Vert Onyx: Un fond vert clair rehauss\u00e9 de vagues blanches, entrelac\u00e9es de veines mordor\u00e9es, brun dor\u00e9 et rouge terreux. Extraite en quantit\u00e9s limit\u00e9es, cette vari\u00e9t\u00e9 exclusive d\u2019onyx se distingue par sa translucidit\u00e9 exceptionnelle.<\/p>\n<p data-start=\"1453\" data-end=\"1930\">Le saviez-vous ? Notre onyx Galaxy Vert n\u2019est pas seulement pr\u00e9cieux pour sa raret\u00e9 et son esth\u00e9tique unique, mais aussi pour son incroyable formation g\u00e9ologique. Ce chef-d\u2019\u0153uvre naturel r\u00e9sulte de mill\u00e9naires de stratification min\u00e9rale, comprim\u00e9e sous la pression intense des reliefs accident\u00e9s d\u2019une r\u00e9gion sp\u00e9cifique d\u2019Asie du Sud. Son vert lumineux, d\u2019une intensit\u00e9 rare, est un ph\u00e9nom\u00e8ne naturel unique au monde, conf\u00e9rant \u00e0 chaque pi\u00e8ce une singularit\u00e9 absolue.<\/p>\n<p data-start=\"1932\" data-end=\"2530\" data-is-last-node=\"\" data-is-only-node=\"\">Les veines blanches et dor\u00e9es qui parcourent cet onyx cr\u00e9ent un contraste saisissant, \u00e9voquant le mouvement fluide des rivi\u00e8res sinueuses et des paysages naturels miniatures. Gr\u00e2ce \u00e0 sa translucidit\u00e9 exceptionnelle, le Galaxy Vert Onyx laisse subtilement passer la lumi\u00e8re, produisant un effet lumineux et a\u00e9rien qui rehausse encore davantage son \u00e9l\u00e9gance naturelle. Que ce soit en pi\u00e8ce ma\u00eetresse sur une table, en rev\u00eatement mural dans un salon prestigieux ou en \u00e9l\u00e9ment d\u00e9coratif raffin\u00e9, l\u2019onyx Galaxy Vert ne manquera jamais de capter l\u2019attention et d\u2019\u00e9merveiller tous ceux qui l\u2019admirent.<\/p>\n<p>D\u00e9couvrez notre s\u00e9lection exclusive de marbres et d\u2019onyx ici: <a href=\"https:\/\/forzini.com\/fr\/materiaux\/\" target=\"_blank\" rel=\"noopener\" data-start=\"1939\" data-end=\"1953\">Mat\u00e9riaux<\/a><\/p>\n","protected":false},"excerpt":{"rendered":"<h2>Bol en marbre vert<\/h2>\n<p data-start=\"26\" data-end=\"378\">est un compl\u00e9ment d\u00e9coratif raffin\u00e9 et polyvalent qui sublimera votre int\u00e9rieur. Sa forme ronde et son fini d\u00e9licatement poli en font une pi\u00e8ce sophistiqu\u00e9e qui attire tous les regards. Parfait pour ajouter une touche d\u2019\u00e9l\u00e9gance \u00e0 votre d\u00e9coration, il s\u2019adapte \u00e0 diff\u00e9rents usages, que ce soit comme centre de table ou vide-poche.<\/p>\n<p data-start=\"380\" data-end=\"659\" data-is-last-node=\"\" data-is-only-node=\"\">C&rsquo;est \u00e9galement un cadeau id\u00e9al pour une occasion sp\u00e9ciale, qu\u2019il s\u2019agisse d\u2019une pendaison de cr\u00e9maill\u00e8re, d\u2019un anniversaire ou d\u2019un anniversaire de mariage. Ce bol en pierre d\u2019onyx, avec son charme naturel et son allure luxueuse, saura surprendre et ravir ceux qui le re\u00e7oivent.<\/p>\n","protected":false},"featured_media":9549,"comment_status":"closed","ping_status":"closed","template":"","meta":{"_acf_changed":false,"_joinchat":[]},"product_brand":[],"product_cat":[187,380],"product_tag":[190],"class_list":{"0":"post-9548","1":"product","2":"type-product","3":"status-publish","4":"has-post-thumbnail","6":"product_cat-accessoires","7":"product_cat-accessoires-de-table","8":"product_tag-onyx-fr","10":"first","11":"instock","12":"sale","13":"featured","14":"shipping-taxable","15":"purchasable","16":"product-type-simple"},"acf":[],"_links":{"self":[{"href":"https:\/\/forzini.com\/fr\/wp-json\/wp\/v2\/product\/9548","targetHints":{"allow":["GET"]}}],"collection":[{"href":"https:\/\/forzini.com\/fr\/wp-json\/wp\/v2\/product"}],"about":[{"href":"https:\/\/forzini.com\/fr\/wp-json\/wp\/v2\/types\/product"}],"replies":[{"embeddable":true,"href":"https:\/\/forzini.com\/fr\/wp-json\/wp\/v2\/comments?post=9548"}],"version-history":[{"count":0,"href":"https:\/\/forzini.com\/fr\/wp-json\/wp\/v2\/product\/9548\/revisions"}],"wp:featuredmedia":[{"embeddable":true,"href":"https:\/\/forzini.com\/fr\/wp-json\/wp\/v2\/media\/9549"}],"wp:attachment":[{"href":"https:\/\/forzini.com\/fr\/wp-json\/wp\/v2\/media?parent=9548"}],"wp:term":[{"taxonomy":"product_brand","embeddable":true,"href":"https:\/\/forzini.com\/fr\/wp-json\/wp\/v2\/product_brand?post=9548"},{"taxonomy":"product_cat","embeddable":true,"href":"https:\/\/forzini.com\/fr\/wp-json\/wp\/v2\/product_cat?post=9548"},{"taxonomy":"product_tag","embeddable":true,"href":"https:\/\/forzini.com\/fr\/wp-json\/wp\/v2\/product_tag?post=9548"}],"curies":[{"name":"wp","href":"https:\/\/api.w.org\/{rel}","templated":true}]}}