{"id":9532,"date":"2024-10-29T23:20:25","date_gmt":"2024-10-29T22:20:25","guid":{"rendered":"https:\/\/forzini.com\/producto\/bowl-de-marmol-redondo\/"},"modified":"2025-10-05T16:06:19","modified_gmt":"2025-10-05T14:06:19","slug":"bol-rond-en-marbre-blanc","status":"publish","type":"product","link":"https:\/\/forzini.com\/fr\/producto\/bol-rond-en-marbre-blanc\/","title":{"rendered":"Bol rond en marbre blanc"},"content":{"rendered":"<h2>Bol rond en marbre blanc \u00ab\u00a0Bacchus W\u00a0\u00bb<\/h2>\n<p data-start=\"58\" data-end=\"397\">Le <strong>bol rond en marbre blanc<\/strong> est une pi\u00e8ce unique et polyvalente qui apporte une touche d\u2019\u00e9l\u00e9gance et de fonctionnalit\u00e9 \u00e0 tout espace. Ce bol de taille moyenne, sculpt\u00e9 \u00e0 la main dans un marbre blanc de haute qualit\u00e9, se distingue par son design d\u00e9licat et ses douces veines naturelles, lui conf\u00e9rant un caract\u00e8re exclusif et sophistiqu\u00e9.<\/p>\n<p data-start=\"399\" data-end=\"608\">Gr\u00e2ce \u00e0 sa polyvalence, il peut \u00eatre utilis\u00e9 de multiples fa\u00e7ons : en tant que centre de table raffin\u00e9, photophore d\u00e9coratif ou encore comme r\u00e9cipient pour de petits objets, des fruits ou des fleurs s\u00e9ch\u00e9es.<\/p>\n<p data-start=\"610\" data-end=\"1032\">Le marbre blanc ne se contente pas d\u2019ajouter une touche de luxe, il garantit \u00e9galement une grande durabilit\u00e9 et r\u00e9sistance, en faisant un objet d\u00e9coratif id\u00e9al aussi bien pour un usage quotidien que pour des occasions sp\u00e9ciales. Sa surface polie et son fini artisanal lui conf\u00e8rent une texture agr\u00e9able et un aspect raffin\u00e9, s\u2019adaptant \u00e0 diff\u00e9rents styles de d\u00e9coration, du minimalisme moderne au classicisme intemporel.<\/p>\n<h3 data-start=\"1034\" data-end=\"1378\">Ce bol rond en marbre blanc<\/h3>\n<p data-start=\"1034\" data-end=\"1378\">constitue \u00e9galement une excellente id\u00e9e de cadeau. Son design intemporel et sa qualit\u00e9 haut de gamme en font un accessoire d\u00e9coratif indispensable dans toute maison. De plus, \u00e9tant une pi\u00e8ce artisanale, chaque bol est unique, mettant en valeur la beaut\u00e9 naturelle du marbre et l\u2019expertise des artisans qui l\u2019ont fa\u00e7onn\u00e9.<\/p>\n<p data-start=\"1380\" data-end=\"1609\" data-is-last-node=\"\" data-is-only-node=\"\">Parfait pour sublimer une table, une \u00e9tag\u00e8re ou un comptoir, ce bol en marbre rond s\u2019int\u00e8gre harmonieusement dans n\u2019importe quel int\u00e9rieur, devenant un v\u00e9ritable point focal et mettant en valeur votre d\u00e9coration avec raffinement.<\/p>\n<p>D\u00e9couvrez notre s\u00e9lection exclusive de marbres et d\u2019onyx ici: <a href=\"https:\/\/forzini.com\/fr\/materiaux\/\" target=\"_blank\" rel=\"noopener\" data-start=\"1939\" data-end=\"1953\">Mat\u00e9riaux<\/a><\/p>\n","protected":false},"excerpt":{"rendered":"<h1>Bol rond en marbre blanc<\/h1>\n<p data-start=\"32\" data-end=\"329\">est une pi\u00e8ce d\u00e9corative polyvalente et raffin\u00e9e, id\u00e9ale pour sublimer votre int\u00e9rieur. Fabriqu\u00e9 \u00e0 la main en marbre blanc avec de d\u00e9licates veines naturelles, son design \u00e9l\u00e9gant en fait un parfait centre de table, un photophore ou un contenant pour de petits objets.<\/p>\n<p data-start=\"331\" data-end=\"668\" data-is-last-node=\"\" data-is-only-node=\"\">De taille moyenne, ce bol ne se distingue pas seulement par sa beaut\u00e9, mais aussi par sa durabilit\u00e9, en faisant un choix pratique aussi bien pour un usage quotidien que pour un cadeau distinctif. Son style intemporel s\u2019adapte \u00e0 tous les types de d\u00e9coration, ajoutant une touche de sophistication et d\u2019exclusivit\u00e9 \u00e0 n\u2019importe quel espace.<\/p>\n","protected":false},"featured_media":9533,"comment_status":"closed","ping_status":"closed","template":"","meta":{"_acf_changed":false,"_joinchat":[]},"product_brand":[],"product_cat":[187,380],"product_tag":[189],"class_list":{"0":"post-9532","1":"product","2":"type-product","3":"status-publish","4":"has-post-thumbnail","6":"product_cat-accessoires","7":"product_cat-accessoires-de-table","8":"product_tag-marbre","10":"first","11":"instock","12":"sale","13":"featured","14":"shipping-taxable","15":"purchasable","16":"product-type-simple"},"acf":[],"_links":{"self":[{"href":"https:\/\/forzini.com\/fr\/wp-json\/wp\/v2\/product\/9532","targetHints":{"allow":["GET"]}}],"collection":[{"href":"https:\/\/forzini.com\/fr\/wp-json\/wp\/v2\/product"}],"about":[{"href":"https:\/\/forzini.com\/fr\/wp-json\/wp\/v2\/types\/product"}],"replies":[{"embeddable":true,"href":"https:\/\/forzini.com\/fr\/wp-json\/wp\/v2\/comments?post=9532"}],"version-history":[{"count":0,"href":"https:\/\/forzini.com\/fr\/wp-json\/wp\/v2\/product\/9532\/revisions"}],"wp:featuredmedia":[{"embeddable":true,"href":"https:\/\/forzini.com\/fr\/wp-json\/wp\/v2\/media\/9533"}],"wp:attachment":[{"href":"https:\/\/forzini.com\/fr\/wp-json\/wp\/v2\/media?parent=9532"}],"wp:term":[{"taxonomy":"product_brand","embeddable":true,"href":"https:\/\/forzini.com\/fr\/wp-json\/wp\/v2\/product_brand?post=9532"},{"taxonomy":"product_cat","embeddable":true,"href":"https:\/\/forzini.com\/fr\/wp-json\/wp\/v2\/product_cat?post=9532"},{"taxonomy":"product_tag","embeddable":true,"href":"https:\/\/forzini.com\/fr\/wp-json\/wp\/v2\/product_tag?post=9532"}],"curies":[{"name":"wp","href":"https:\/\/api.w.org\/{rel}","templated":true}]}}