{"id":9510,"date":"2024-07-04T11:36:10","date_gmt":"2024-07-04T09:36:10","guid":{"rendered":"https:\/\/forzini.com\/producto\/bandeja-de-marmol-blanco-helios\/"},"modified":"2026-01-05T23:13:15","modified_gmt":"2026-01-05T22:13:15","slug":"grande-coupe-decorative-en-marbre-helios","status":"publish","type":"product","link":"https:\/\/forzini.com\/fr\/producto\/grande-coupe-decorative-en-marbre-helios\/","title":{"rendered":"Grande coupe d\u00e9corative en marbre Helios"},"content":{"rendered":"<h2>Grande coupe d\u00e9corative en marbre \u00ab\u00a0Helios\u00a0\u00bb<\/h2>\n<p data-start=\"0\" data-end=\"1288\">Cette magnifique <strong>grande coupe d\u00e9corative en marbre blanc<\/strong> artisanal, avec sa forme ondul\u00e9e inspir\u00e9e des vagues, apporte une touche d&rsquo;\u00e9l\u00e9gance et d&rsquo;intemporalit\u00e9 \u00e0 tout environnement. Ce n&rsquo;est pas seulement un objet fonctionnel, mais une pi\u00e8ce qui capture l&rsquo;essence de la mer en mouvement, symbolisant le dynamisme et la force. Chaque courbe et contour \u00e9voque les vagues de l&rsquo;oc\u00e9an se brisant contre les falaises, cr\u00e9ant une sensation de mouvement perp\u00e9tuel et d&rsquo;\u00e9nergie. L&rsquo;ex\u00e9cution impeccable de cette pi\u00e8ce, associ\u00e9e \u00e0 une s\u00e9lection magistrale du marbre naturel, refl\u00e8te le sommet de l&rsquo;artisanat. La surface polie du marbre, avec ses veines uniques et ses tonalit\u00e9s subtiles, ajoute une touche de luxe et de sophistication.<\/p>\n<h2 data-start=\"0\" data-end=\"1288\">Cette grande coupe d\u00e9corative en marbre<\/h2>\n<p data-start=\"0\" data-end=\"1288\">blanc est un accessoire magnifique qui transforme tout \u00e9v\u00e9nement ou c\u00e9l\u00e9bration en une occasion v\u00e9ritablement distinctive. En ornant la table, elle attirera l&rsquo;attention et l&rsquo;admiration de tous les invit\u00e9s par son originalit\u00e9 et la finesse de son travail de sculpture en marbre. C&rsquo;est une pi\u00e8ce d\u00e9corative de luxe qui cr\u00e9e une atmosph\u00e8re chic et styl\u00e9e, refl\u00e9tant la personnalit\u00e9 et le bon go\u00fbt de son propri\u00e9taire. Avec sa pr\u00e9sence majestueuse, cette plateaux en marbre blanc met en valeur tout espace, rendant chaque moment m\u00e9morable et extraordinaire.<\/p>\n<p data-start=\"1290\" data-end=\"1398\">Notre conseil : Cette plateaux en marbre blanc se marie parfaitement avec notre refroidisseur \u00e0 vin \u00ab\u00a0<a href=\"https:\/\/forzini.com\/fr\/producto\/seau-rafraichisseur-de-vin-en-marbre\/\" target=\"_blank\" rel=\"noopener\">Lares<\/a>\u00ab\u00a0.<\/p>\n<p data-start=\"1400\" data-end=\"1640\">Marbre Snow Leopard : couleur blanche avec de subtils tons gris et un vein\u00e9 distinctif. Ce marbre rare et raffin\u00e9 est extrait en petites quantit\u00e9s d&rsquo;une r\u00e9gion sp\u00e9cifique. Tr\u00e8s appr\u00e9ci\u00e9 pour ses veines uniques qui cr\u00e9ent un motif animalier.<\/p>\n<p data-start=\"1642\" data-end=\"2531\" data-is-last-node=\"\">Saviez-vous que notre marbre exclusif Snow Leopard est une pierre qui se distingue par son merveilleux motif qui lui conf\u00e8re une sophistication incomparable ? Ses nuances gris\u00e2tres, rappelant les premiers murmures de l&rsquo;aube, offrent un spectacle visuel \u00e0 la fois calme et \u00e9mouvant. Le vein\u00e9, avec son d\u00e9grad\u00e9 du fonc\u00e9 au clair, sugg\u00e8re un paysage de montagnes hivernales envelopp\u00e9es dans la brume du matin, o\u00f9 le majestueux l\u00e9opard des neiges se prom\u00e8ne \u00e0 travers les for\u00eats. Ce marbre brille vraiment lorsqu&rsquo;il est transform\u00e9 en petits objets d\u00e9coratifs. En tant que centre de table, il attire l&rsquo;attention sans en faire trop ; ses motifs naturels captent le regard. En forme de compotier, il transforme une table simple en une d\u00e9monstration d&rsquo;\u00e9l\u00e9gance. Chaque pi\u00e8ce en marbre Snow Leopard cache une merveille de la nature, destin\u00e9e \u00e0 embellir les espaces avec sa magnificence silencieuse.<\/p>\n<p>D\u00e9couvrez notre s\u00e9lection exclusive de marbres et d\u2019onyx ici: <a href=\"https:\/\/forzini.com\/fr\/materiaux\/\" target=\"_blank\" rel=\"noopener\" data-start=\"1939\" data-end=\"1953\">Mat\u00e9riaux<\/a><\/p>\n","protected":false},"excerpt":{"rendered":"<h1>Grande coupe d\u00e9corative en marbre<\/h1>\n<p>taill\u00e9e \u00e0 la main, est une v\u00e9ritable \u0153uvre d&rsquo;art. Son design sophistiqu\u00e9 et chic apporte une touche de distinction et d&rsquo;\u00e9l\u00e9gance \u00e0 tout espace. Chaque pi\u00e8ce est unique, refl\u00e9tant le savoir-faire, le d\u00e9vouement et la passion de l&rsquo;artisan qui l&rsquo;a cr\u00e9\u00e9e. Les courbes douces et les d\u00e9tails minutieusement travaill\u00e9s \u00e9voquent une sensation de luxe et d&rsquo;exclusivit\u00e9. Id\u00e9ale pour d\u00e9corer les tables lors d&rsquo;\u00e9v\u00e9nements sp\u00e9ciaux, sa surface polie et brillante met en valeur les veines naturelles du marbre, cr\u00e9ant un jeu de lumi\u00e8res et d&rsquo;ombres qui attire le regard. Parfaite pour exposer des fleurs, des objets d\u00e9coratifs ou comme centre de table, elle ajoute une touche de sophistication \u00e0 toute occasion.<\/p>\n<h2>Dimensions : Longueur 35 cm, Largeur 15 cm, Hauteur 10 cm.<\/h2>\n","protected":false},"featured_media":14048,"comment_status":"closed","ping_status":"closed","template":"","meta":{"_acf_changed":false,"_joinchat":[]},"product_brand":[],"product_cat":[187,380],"product_tag":[189],"class_list":{"0":"post-9510","1":"product","2":"type-product","3":"status-publish","4":"has-post-thumbnail","6":"product_cat-accessoires","7":"product_cat-accessoires-de-table","8":"product_tag-marbre","10":"first","11":"instock","12":"sale","13":"featured","14":"shipping-taxable","15":"purchasable","16":"product-type-simple"},"acf":[],"_links":{"self":[{"href":"https:\/\/forzini.com\/fr\/wp-json\/wp\/v2\/product\/9510","targetHints":{"allow":["GET"]}}],"collection":[{"href":"https:\/\/forzini.com\/fr\/wp-json\/wp\/v2\/product"}],"about":[{"href":"https:\/\/forzini.com\/fr\/wp-json\/wp\/v2\/types\/product"}],"replies":[{"embeddable":true,"href":"https:\/\/forzini.com\/fr\/wp-json\/wp\/v2\/comments?post=9510"}],"version-history":[{"count":2,"href":"https:\/\/forzini.com\/fr\/wp-json\/wp\/v2\/product\/9510\/revisions"}],"predecessor-version":[{"id":23476,"href":"https:\/\/forzini.com\/fr\/wp-json\/wp\/v2\/product\/9510\/revisions\/23476"}],"wp:featuredmedia":[{"embeddable":true,"href":"https:\/\/forzini.com\/fr\/wp-json\/wp\/v2\/media\/14048"}],"wp:attachment":[{"href":"https:\/\/forzini.com\/fr\/wp-json\/wp\/v2\/media?parent=9510"}],"wp:term":[{"taxonomy":"product_brand","embeddable":true,"href":"https:\/\/forzini.com\/fr\/wp-json\/wp\/v2\/product_brand?post=9510"},{"taxonomy":"product_cat","embeddable":true,"href":"https:\/\/forzini.com\/fr\/wp-json\/wp\/v2\/product_cat?post=9510"},{"taxonomy":"product_tag","embeddable":true,"href":"https:\/\/forzini.com\/fr\/wp-json\/wp\/v2\/product_tag?post=9510"}],"curies":[{"name":"wp","href":"https:\/\/api.w.org\/{rel}","templated":true}]}}