{"id":9496,"date":"2024-10-30T20:53:41","date_gmt":"2024-10-30T19:53:41","guid":{"rendered":"https:\/\/forzini.com\/producto\/bandeja-de-marmol-verde\/"},"modified":"2026-01-05T23:13:04","modified_gmt":"2026-01-05T22:13:04","slug":"coupe-decorative-en-marbre-vert","status":"publish","type":"product","link":"https:\/\/forzini.com\/fr\/producto\/coupe-decorative-en-marbre-vert\/","title":{"rendered":"Coupe d\u00e9corative en marbre vert"},"content":{"rendered":"<h2>Coupe d\u00e9corative en marbre vert \u00ab\u00a0Oh Helios G\u00a0\u00bb<\/h2>\n<p data-start=\"0\" data-end=\"438\">Ce<strong> coupe d\u00e9corative en marbre vert<\/strong> est un exemple de la plus fine artisanat de la pierre, sculpt\u00e9 avec une pr\u00e9cision m\u00e9ticuleuse dans un rare onyx vert. Sa forme ovale impressionnante et ses \u00e9l\u00e9gantes rainures mettent en valeur la beaut\u00e9 naturelle de la pierre, chaque courbe et contour r\u00e9v\u00e9lant la main habile de l&rsquo;artisan. Cette pi\u00e8ce n&rsquo;est pas seulement un bol, mais une v\u00e9ritable \u0153uvre d&rsquo;art qui apporte une sensation de luxe intemporel.<\/p>\n<p data-start=\"440\" data-end=\"921\">Con\u00e7u pour \u00eatre multifonctionnel, ce plateau ne se distingue pas seulement par son attrait d\u00e9coratif, mais aussi par sa polyvalence. Lorsqu&rsquo;il est utilis\u00e9 comme centre de table, il capte instantan\u00e9ment l&rsquo;attention, exposant gracieusement des fruits, des arrangements floraux ou des objets d\u00e9coratifs. Sa taille g\u00e9n\u00e9reuse et ses d\u00e9tails d\u00e9licats en font le choix parfait pour cr\u00e9er une table accueillante, que ce soit au centre d&rsquo;une table \u00e0 manger ou sur une grande \u00eele de cuisine.<\/p>\n<h3 data-start=\"923\" data-end=\"1387\">Ce <strong> coupe d\u00e9corative en marbre vert<\/strong><\/h3>\n<p data-start=\"923\" data-end=\"1387\">est un choix extraordinaire pour ceux qui recherchent un cadeau unique et luxueux, apportant sophistication et chaleur \u00e0 la maison. Il peut \u00eatre r\u00e9utilis\u00e9 comme un \u00e9l\u00e9gant chandelier pour cr\u00e9er une lumi\u00e8re ambiante douce ou simplement \u00eatre admir\u00e9 comme une \u0153uvre d&rsquo;art ind\u00e9pendante. Avec sa forme raffin\u00e9e et ses tons verts luxuriants, ce bol incarne le sommet de l&rsquo;art de la pierre, captivant l&rsquo;attention et \u00e9levant tout espace qu&rsquo;il orne.<\/p>\n<p data-start=\"1389\" data-end=\"1487\">Notre conseil : Ce plateau d\u00e9coratif se marie parfaitement avec notre seau \u00e0 champagne \u00ab\u00a0<a href=\"https:\/\/forzini.com\/fr\/producto\/rafraichisseur-a-vin-en-marbre\/\" target=\"_blank\" rel=\"noopener\">Oh Lares<\/a>\u00ab\u00a0.<\/p>\n<p data-start=\"1489\" data-end=\"1711\" data-is-last-node=\"\">Onyx Galaxy Vert &#8211; Un fond vert clair magnifiquement accentu\u00e9 par des vagues blanches, entrecoup\u00e9es de veines bronz\u00e9es, terreuses et rouge\u00e2tres. Extrait en tr\u00e8s petites quantit\u00e9s, cette vari\u00e9t\u00e9 d&rsquo;onyx est tr\u00e8s translucide.<\/p>\n<p>D\u00e9couvrez notre s\u00e9lection exclusive de marbres et d\u2019onyx ici:<a href=\"https:\/\/forzini.com\/fr\/materiaux\/\" target=\"_blank\" rel=\"noopener\" data-start=\"1939\" data-end=\"1953\"> Mat\u00e9riaux<\/a><\/p>\n","protected":false},"excerpt":{"rendered":"<h1>Coupe d\u00e9corative en marbre vert<\/h1>\n<p>sculpt\u00e9e \u00e0 la main dans un onyx vert avec une forme ovale \u00e9l\u00e9gante et des plis, elle apporte une beaut\u00e9 intemporelle \u00e0 n&rsquo;importe quel espace. Gr\u00e2ce \u00e0 son design raffin\u00e9 et son artisanat exquis, ce bol est un accessoire polyvalent pour la maison, mettant en valeur une table \u00e0 manger en tant que centre de table avec des fruits, des fleurs ou des objets d\u00e9coratifs.<\/p>\n<h2>Dimensions : Longueur 35 cm, Largeur 15 cm, Hauteur 10 cm.<\/h2>\n","protected":false},"featured_media":14655,"comment_status":"closed","ping_status":"closed","template":"","meta":{"_acf_changed":false,"_joinchat":[]},"product_brand":[],"product_cat":[187,380],"product_tag":[190],"class_list":{"0":"post-9496","1":"product","2":"type-product","3":"status-publish","4":"has-post-thumbnail","6":"product_cat-accessoires","7":"product_cat-accessoires-de-table","8":"product_tag-onyx-fr","10":"first","11":"instock","12":"sale","13":"featured","14":"shipping-taxable","15":"purchasable","16":"product-type-simple"},"acf":[],"_links":{"self":[{"href":"https:\/\/forzini.com\/fr\/wp-json\/wp\/v2\/product\/9496","targetHints":{"allow":["GET"]}}],"collection":[{"href":"https:\/\/forzini.com\/fr\/wp-json\/wp\/v2\/product"}],"about":[{"href":"https:\/\/forzini.com\/fr\/wp-json\/wp\/v2\/types\/product"}],"replies":[{"embeddable":true,"href":"https:\/\/forzini.com\/fr\/wp-json\/wp\/v2\/comments?post=9496"}],"version-history":[{"count":1,"href":"https:\/\/forzini.com\/fr\/wp-json\/wp\/v2\/product\/9496\/revisions"}],"predecessor-version":[{"id":23474,"href":"https:\/\/forzini.com\/fr\/wp-json\/wp\/v2\/product\/9496\/revisions\/23474"}],"wp:featuredmedia":[{"embeddable":true,"href":"https:\/\/forzini.com\/fr\/wp-json\/wp\/v2\/media\/14655"}],"wp:attachment":[{"href":"https:\/\/forzini.com\/fr\/wp-json\/wp\/v2\/media?parent=9496"}],"wp:term":[{"taxonomy":"product_brand","embeddable":true,"href":"https:\/\/forzini.com\/fr\/wp-json\/wp\/v2\/product_brand?post=9496"},{"taxonomy":"product_cat","embeddable":true,"href":"https:\/\/forzini.com\/fr\/wp-json\/wp\/v2\/product_cat?post=9496"},{"taxonomy":"product_tag","embeddable":true,"href":"https:\/\/forzini.com\/fr\/wp-json\/wp\/v2\/product_tag?post=9496"}],"curies":[{"name":"wp","href":"https:\/\/api.w.org\/{rel}","templated":true}]}}