{"id":9489,"date":"2024-10-30T21:47:51","date_gmt":"2024-10-30T20:47:51","guid":{"rendered":"https:\/\/forzini.com\/producto\/bowl-oval-grande-de-marmol\/"},"modified":"2026-01-05T23:13:01","modified_gmt":"2026-01-05T22:13:01","slug":"plateau-decoratif-ovale-en-marbre","status":"publish","type":"product","link":"https:\/\/forzini.com\/fr\/producto\/plateau-decoratif-ovale-en-marbre\/","title":{"rendered":"Plateau d\u00e9coratif ovale en marbre"},"content":{"rendered":"<h2>Plateau d\u00e9coratif ovale en marbre \u00ab\u00a0Oh Helios L\u00a0\u00bb<\/h2>\n<p data-start=\"0\" data-end=\"553\">Ce <strong>plateau d\u00e9coratif ovale en marbre<\/strong>, fabriqu\u00e9 \u00e0 partir d&rsquo;onyx translucide, est un symbole d&rsquo;\u00e9l\u00e9gance et de ma\u00eetrise. Sa forme ondul\u00e9e capte l&rsquo;attention, mettant en valeur l&rsquo;exquis savoir-faire des artisans qui fa\u00e7onnent chaque courbe \u00e0 la perfection. Ce bol n&rsquo;est pas seulement un objet fonctionnel, mais une \u0153uvre d&rsquo;art qui ajoute de la sophistication \u00e0 n&rsquo;importe quel espace. La texture d\u00e9licate de l&rsquo;onyx permet \u00e0 la lumi\u00e8re de traverser ses parois, cr\u00e9ant un effet presque \u00e9th\u00e9r\u00e9, comme s&rsquo;il \u00e9tait sculpt\u00e9 dans une pierre soyeuse ressemblant \u00e0 un nuage.<\/p>\n<h3>Ce grand plateau d\u00e9coratif ovale en marbre<\/h3>\n<p>est une pi\u00e8ce exceptionnelle et tr\u00e8s polyvalente, id\u00e9ale pour exposer des fruits frais, des d\u00e9corations saisonni\u00e8res ou simplement comme centre de table. Que ce soit pour un repas intime ou un grand \u00e9v\u00e9nement, il ajoute une touche de luxe raffin\u00e9, impressionnant vos invit\u00e9s avec son design d\u00e9licat et son travail exclusif de pierre.<\/p>\n<p data-start=\"927\" data-end=\"1288\">Pour ceux qui recherchent un cadeau m\u00e9morable, ce plateau d\u00e9coratif ovale en marbre est un choix id\u00e9al pour les anniversaires, les inaugurations ou toute occasion sp\u00e9ciale. Son style intemporel et sa polyvalence en font une pi\u00e8ce pr\u00e9cieuse pour n&rsquo;importe quelle maison, alliant beaut\u00e9 et fonctionnalit\u00e9 dans une \u0153uvre qui rend hommage \u00e0 l&rsquo;art de la taille de la pierre.<\/p>\n<p data-start=\"1290\" data-end=\"1384\">Notre conseil : plateau d\u00e9coratif ovale en marbre se marie parfaitement avec notre seau \u00e0 champagne \u00ab\u00a0<a href=\"https:\/\/forzini.com\/fr\/producto\/rafraichisseur-a-vin-en-marbre\/\" target=\"_blank\" rel=\"noopener\">Oh Lares<\/a>\u00ab\u00a0.<\/p>\n<p data-start=\"1386\" data-end=\"1620\" data-is-last-node=\"\">Onyx Galaxy Vert : Un fond vert clair magnifiquement accentu\u00e9 par des ondulations blanches, entrecoup\u00e9es de veines bronze, terre cuite dor\u00e9e et rouge\u00e2tre. Extraite en tr\u00e8s petites quantit\u00e9s, cette vari\u00e9t\u00e9 est un onyx tr\u00e8s translucide.<\/p>\n<p>D\u00e9couvrez notre s\u00e9lection exclusive de marbres et d\u2019onyx ici: <a href=\"https:\/\/forzini.com\/fr\/materiaux\/\" target=\"_blank\" rel=\"noopener\" data-start=\"1939\" data-end=\"1953\">Mat\u00e9riaux<\/a><\/p>\n","protected":false},"excerpt":{"rendered":"<h1>Plateau d\u00e9coratif ovale en marbre<\/h1>\n<p>Sculpt\u00e9 \u00e0 la main dans de l&rsquo;onyx vert clair translucide, ce plateu en marbre pr\u00e9sente une forme ondul\u00e9e unique. Son design \u00e9l\u00e9gant et l\u00e9ger capte merveilleusement la lumi\u00e8re, cr\u00e9ant un effet doux semblable \u00e0 un nuage. Id\u00e9al comme centre de table ou plat d\u00e9coratif, il sert parfaitement de corbeille \u00e0 fruits. Parfait pour les occasions sp\u00e9ciales, ce bol exquis est un cadeau impressionnant pour les anniversaires, les inaugurations ou les c\u00e9l\u00e9brations, combinant art et fonctionnalit\u00e9 et laissant une impression durable.<\/p>\n<h2>Dimensions : Longueur 35 cm, Largeur 15 cm, Hauteur 10 cm.<\/h2>\n","protected":false},"featured_media":14009,"comment_status":"closed","ping_status":"closed","template":"","meta":{"_acf_changed":false,"_joinchat":[]},"product_brand":[],"product_cat":[187,380],"product_tag":[190],"class_list":{"0":"post-9489","1":"product","2":"type-product","3":"status-publish","4":"has-post-thumbnail","6":"product_cat-accessoires","7":"product_cat-accessoires-de-table","8":"product_tag-onyx-fr","10":"first","11":"instock","12":"sale","13":"featured","14":"shipping-taxable","15":"purchasable","16":"product-type-simple"},"acf":[],"_links":{"self":[{"href":"https:\/\/forzini.com\/fr\/wp-json\/wp\/v2\/product\/9489","targetHints":{"allow":["GET"]}}],"collection":[{"href":"https:\/\/forzini.com\/fr\/wp-json\/wp\/v2\/product"}],"about":[{"href":"https:\/\/forzini.com\/fr\/wp-json\/wp\/v2\/types\/product"}],"replies":[{"embeddable":true,"href":"https:\/\/forzini.com\/fr\/wp-json\/wp\/v2\/comments?post=9489"}],"version-history":[{"count":2,"href":"https:\/\/forzini.com\/fr\/wp-json\/wp\/v2\/product\/9489\/revisions"}],"predecessor-version":[{"id":23470,"href":"https:\/\/forzini.com\/fr\/wp-json\/wp\/v2\/product\/9489\/revisions\/23470"}],"wp:featuredmedia":[{"embeddable":true,"href":"https:\/\/forzini.com\/fr\/wp-json\/wp\/v2\/media\/14009"}],"wp:attachment":[{"href":"https:\/\/forzini.com\/fr\/wp-json\/wp\/v2\/media?parent=9489"}],"wp:term":[{"taxonomy":"product_brand","embeddable":true,"href":"https:\/\/forzini.com\/fr\/wp-json\/wp\/v2\/product_brand?post=9489"},{"taxonomy":"product_cat","embeddable":true,"href":"https:\/\/forzini.com\/fr\/wp-json\/wp\/v2\/product_cat?post=9489"},{"taxonomy":"product_tag","embeddable":true,"href":"https:\/\/forzini.com\/fr\/wp-json\/wp\/v2\/product_tag?post=9489"}],"curies":[{"name":"wp","href":"https:\/\/api.w.org\/{rel}","templated":true}]}}