{"id":9469,"date":"2024-04-26T11:40:20","date_gmt":"2024-04-26T09:40:20","guid":{"rendered":"https:\/\/forzini.com\/producto\/cubitera-blanca-de-marmol-lares\/"},"modified":"2025-06-07T12:37:04","modified_gmt":"2025-06-07T10:37:04","slug":"vase-blanc-moderne","status":"publish","type":"product","link":"https:\/\/forzini.com\/fr\/producto\/vase-blanc-moderne\/","title":{"rendered":"Vase blanc moderne Lares"},"content":{"rendered":"<h2>Vase blanc moderne \u00ab\u00a0Lares\u00a0\u00bb<\/h2>\n<p>Le <strong>vase blanc \u00e9l\u00e9gant<\/strong> en marbre est le compl\u00e9ment parfait pour apporter une touche de distinction et de beaut\u00e9 \u00e0 votre table. Son design ondul\u00e9, inspir\u00e9 par les majestueuses vagues de l\u2019oc\u00e9an, ajoute une touche artistique qui transforme n\u2019importe quel espace en une v\u00e9ritable \u0153uvre d\u2019art.<\/p>\n<p>Chaque <strong>vase blanc \u00e9l\u00e9gant<\/strong> est unique, sculpt\u00e9 \u00e0 la main pour mettre en valeur les d\u00e9licates veines grises qui parcourent sa surface, comme des traits naturels fa\u00e7onn\u00e9s par le temps. En plus de son esth\u00e9tique remarquable, la transparence subtile du marbre <strong>Snow Leopard<\/strong> permet \u00e0 la lumi\u00e8re de traverser sa structure avec \u00e9l\u00e9gance, cr\u00e9ant un effet visuel fascinant et captivant.<\/p>\n<p>Sa polyvalence en fait une pi\u00e8ce id\u00e9ale pour des <strong>arrangements floraux<\/strong> apportant fra\u00eecheur et harmonie, mais il peut aussi se transformer en <strong>chandelier porte-bougies<\/strong>, diffusant une lumi\u00e8re chaude et sophistiqu\u00e9e. En allumant une bougie \u00e0 l\u2019int\u00e9rieur du <strong>vase blanc \u00e9l\u00e9gant<\/strong>, sa translucidit\u00e9 cr\u00e9e un jeu de lumi\u00e8res subtil et enchanteur, parfait pour les d\u00eeners raffin\u00e9s, les mariages ou les \u00e9v\u00e9nements sp\u00e9ciaux.<\/p>\n<p>Au-del\u00e0 de sa fonction d\u00e9corative, sa pr\u00e9sence majestueuse sublime le style de tout int\u00e9rieur, devenant un \u00e9l\u00e9ment phare qui laisse une impression durable.<\/p>\n<p>Offrez ou d\u00e9corez avec le <strong>vase blanc \u00e9l\u00e9gant<\/strong> en marbre, une v\u00e9ritable d\u00e9claration de go\u00fbt qui fera de chaque table un espace de raffinement, de polyvalence et de beaut\u00e9.<\/p>\n<p data-start=\"1672\" data-end=\"1792\">Notre conseil: Associez ce vase \u00e0 notre bol en marbre \u00ab\u00a0<a href=\"https:\/\/forzini.com\/fr\/producto\/grande-coupe-decorative-en-marbre-helios\/\" target=\"_blank\" rel=\"noopener\">Helios<\/a><em data-start=\"1745\" data-end=\"1753\">\u00ab\u00a0<\/em> pour une table encore plus \u00e9l\u00e9gante.<\/p>\n<p data-start=\"1794\" data-end=\"1824\">Snow Leopard Marble: Ce marbre blanc aux subtiles nuances grises est une raret\u00e9 extraite en petites quantit\u00e9s d\u2019une r\u00e9gion exclusive. Son veinage harmonieux et raffin\u00e9 cr\u00e9e un motif distinctif, \u00e9voquant l\u2019\u00e9l\u00e9gance intemporelle de la nature.<\/p>\n<p data-start=\"2048\" data-end=\"2350\">Nos artisans, h\u00e9ritiers d\u2019un savoir-faire transmis de g\u00e9n\u00e9ration en g\u00e9n\u00e9ration, sculptent chaque seau avec une pr\u00e9cision et un respect in\u00e9gal\u00e9s du marbre. Chaque coup de ciseau est minutieusement mesur\u00e9, chaque geste soigneusement calcul\u00e9 pour sublimer les veines et les nuances uniques de la pierre.<\/p>\n<p data-start=\"2352\" data-end=\"2781\" data-is-last-node=\"\">Leurs mains expertes fa\u00e7onnent la mati\u00e8re avec une ma\u00eetrise acquise au fil des ans, transformant le marbre en \u0153uvres d\u2019art qui c\u00e9l\u00e8brent \u00e0 la fois sa robustesse et sa beaut\u00e9 naturelle. Chaque cr\u00e9ation est une symphonie visuelle, une alliance harmonieuse entre des lignes fluides et des textures naturelles. La lumi\u00e8re danse sur la surface polie du marbre, mettant en valeur ses veinures et cr\u00e9ant un effet de mouvement perp\u00e9tuel.<\/p>\n<p>D\u00e9couvrez notre s\u00e9lection exclusive de marbres et d\u2019onyx ici: <a href=\"https:\/\/forzini.com\/fr\/materiaux\/\" target=\"_blank\" rel=\"noopener\" data-start=\"1939\" data-end=\"1953\">Mat\u00e9riaux<\/a><\/p>\n","protected":false},"excerpt":{"rendered":"<h1 data-start=\"1245\" data-end=\"1670\">Vase blanc moderne<\/h1>\n<p>avec son design ondul\u00e9 et original, c\u2019est une v\u00e9ritable \u0153uvre d\u2019art fa\u00e7onn\u00e9e dans un marbre blanc rare aux veines grises. Chaque courbe refl\u00e8te l\u2019\u00e9l\u00e9gance naturelle du marbre, cr\u00e9ant une pi\u00e8ce qui ne se limite pas \u00e0 sa fonction pratique, mais qui ajoute aussi une touche de sophistication \u00e0 toute occasion.<\/p>\n<p>Ce vase blanc moderne de table est multifonctionnel et s\u2019adapte \u00e0 diff\u00e9rentes utilisations : il peut servir de chandelier porte-bougies, diffusant une lumi\u00e8re chaleureuse et enveloppante ; de porte-utensiles, id\u00e9al pour organiser avec style ; de seau \u00e0 vin, parfait pour rafra\u00eechir les boissons lors d\u2019\u00e9v\u00e9nements sp\u00e9ciaux ; ou de vase d\u00e9coratif, apportant fra\u00eecheur et harmonie \u00e0 n\u2019importe quel espace.<\/p>\n<h3><strong>Dimensions :<\/strong> Diam\u00e8tre 15 cm, Hauteur 18 cm<\/h3>\n","protected":false},"featured_media":13661,"comment_status":"closed","ping_status":"closed","template":"","meta":{"_acf_changed":false,"_joinchat":[]},"product_brand":[],"product_cat":[187,380],"product_tag":[189],"class_list":{"0":"post-9469","1":"product","2":"type-product","3":"status-publish","4":"has-post-thumbnail","6":"product_cat-accessoires","7":"product_cat-accessoires-de-table","8":"product_tag-marbre","10":"first","11":"instock","12":"sale","13":"featured","14":"shipping-taxable","15":"purchasable","16":"product-type-simple"},"acf":[],"_links":{"self":[{"href":"https:\/\/forzini.com\/fr\/wp-json\/wp\/v2\/product\/9469","targetHints":{"allow":["GET"]}}],"collection":[{"href":"https:\/\/forzini.com\/fr\/wp-json\/wp\/v2\/product"}],"about":[{"href":"https:\/\/forzini.com\/fr\/wp-json\/wp\/v2\/types\/product"}],"replies":[{"embeddable":true,"href":"https:\/\/forzini.com\/fr\/wp-json\/wp\/v2\/comments?post=9469"}],"version-history":[{"count":0,"href":"https:\/\/forzini.com\/fr\/wp-json\/wp\/v2\/product\/9469\/revisions"}],"wp:featuredmedia":[{"embeddable":true,"href":"https:\/\/forzini.com\/fr\/wp-json\/wp\/v2\/media\/13661"}],"wp:attachment":[{"href":"https:\/\/forzini.com\/fr\/wp-json\/wp\/v2\/media?parent=9469"}],"wp:term":[{"taxonomy":"product_brand","embeddable":true,"href":"https:\/\/forzini.com\/fr\/wp-json\/wp\/v2\/product_brand?post=9469"},{"taxonomy":"product_cat","embeddable":true,"href":"https:\/\/forzini.com\/fr\/wp-json\/wp\/v2\/product_cat?post=9469"},{"taxonomy":"product_tag","embeddable":true,"href":"https:\/\/forzini.com\/fr\/wp-json\/wp\/v2\/product_tag?post=9469"}],"curies":[{"name":"wp","href":"https:\/\/api.w.org\/{rel}","templated":true}]}}