{"id":9459,"date":"2024-05-14T11:31:50","date_gmt":"2024-05-14T09:31:50","guid":{"rendered":"https:\/\/forzini.com\/producto\/enfriador-de-champagne-oh-lares\/"},"modified":"2025-06-06T23:21:04","modified_gmt":"2025-06-06T21:21:04","slug":"rafraichisseur-a-vin-en-marbre","status":"publish","type":"product","link":"https:\/\/forzini.com\/fr\/producto\/rafraichisseur-a-vin-en-marbre\/","title":{"rendered":"Rafra\u00eechisseur \u00e0 vin en marbre Oh Lares"},"content":{"rendered":"<h1>Rafra\u00eechisseur \u00e0 vin en marbre \u00ab\u00a0Oh Lares\u00a0\u00bb<\/h1>\n<p data-start=\"37\" data-end=\"418\">Avec son design exclusif, ce somptueux <strong>rafra\u00eechisseur \u00e0 vin en marbre<\/strong> sera la pi\u00e8ce ma\u00eetresse de votre table, captivant tous vos invit\u00e9s. Imaginez votre \u00e9v\u00e9nement id\u00e9al, sublim\u00e9 par cet \u00e9l\u00e9gant accessoire qui apporte une touche de luxe et met en valeur votre go\u00fbt raffin\u00e9. V\u00e9ritable objet de d\u00e9coration, ce refroidisseur en pierre naturelle allie fonctionnalit\u00e9 et esth\u00e9tique exquise.<\/p>\n<p data-start=\"420\" data-end=\"763\">Chaque pi\u00e8ce est taill\u00e9e \u00e0 la main pour r\u00e9v\u00e9ler les nuances uniques et les veines caract\u00e9ristiques de l\u2019onyx marbre, une pierre pr\u00e9cieuse appr\u00e9ci\u00e9e pour sa beaut\u00e9 naturelle et sa durabilit\u00e9. Sa translucidit\u00e9 exceptionnelle laisse filtrer la lumi\u00e8re, cr\u00e9ant de subtils reflets qui en font un \u00e9l\u00e9ment d\u00e9coratif remarquable pour toutes vos r\u00e9ceptions.<\/p>\n<p data-start=\"765\" data-end=\"1371\">Polyvalent, ce refroidisseur \u00e0 champagne ne se limite pas \u00e0 maintenir vos bouteilles \u00e0 temp\u00e9rature id\u00e9ale. Il peut \u00e9galement \u00eatre utilis\u00e9 comme vase en onyx, apportant une \u00e9l\u00e9gance naturelle \u00e0 votre int\u00e9rieur. Il se transforme aussi en porte-ustensiles raffin\u00e9, organisant votre cuisine avec style, ou en objet d\u00e9coratif majestueux qui sublime n\u2019importe quel espace. Parfait pour mettre en valeur votre table lors de vos \u00e9v\u00e9nements, ce refroidisseur \u00e0 champagne fait de chaque occasion un moment inoubliable. Son design sophistiqu\u00e9 et ses multiples usages en font un cadeau exceptionnel et tr\u00e8s appr\u00e9ci\u00e9.<\/p>\n<p data-start=\"1373\" data-end=\"1507\">Notre conseil : Associez ce refroidisseur \u00e0 champagne \u00e0 notre plateau d\u00e9coratif \u00ab\u00a0<a href=\"https:\/\/forzini.com\/fr\/producto\/coupe-en-marbre-blanc-oh-helios\/\" target=\"_blank\" rel=\"noopener\">Oh Helios<\/a><em data-start=\"1457\" data-end=\"1468\">\u00ab\u00a0<\/em> pour une table encore plus \u00e9l\u00e9gante.<\/p>\n<p data-start=\"1509\" data-end=\"1732\">Onyx Vert Amazonian: Une palette de verts aux nuances multiples, allant des teintes vibrantes aux tons plus doux, entrelac\u00e9e de veines brunes, chocolat, dor\u00e9es et rouge\u00e2tres qui refl\u00e8tent la pure beaut\u00e9 de la nature.<\/p>\n<p data-start=\"1734\" data-end=\"2354\" data-is-last-node=\"\">Pour concevoir des pi\u00e8ces telles que ce refroidisseur \u00e0 champagne et notre plateau en marbre, nous nous sommes inspir\u00e9s des vagues tumultueuses de la r\u00e9gion recul\u00e9e de Qui Nhon. Lors de nos voyages \u00e0 la recherche des marbres les plus pr\u00e9cieux du monde, nous avons \u00e9t\u00e9 t\u00e9moins de la force brute et de la beaut\u00e9 sauvage de la nature. Nous avons voulu capturer cette essence dans le marbre et l\u2019onyx. Gr\u00e2ce \u00e0 leur savoir-faire exceptionnel, nos artisans transforment la pierre brute en \u0153uvres d\u2019art sublimes, \u00e0 l\u2019image de ce refroidisseur \u00e0 champagne, qui raconte l\u2019histoire des mers agit\u00e9es et de leur fascinante harmonie.<\/p>\n<p>D\u00e9couvrez notre s\u00e9lection exclusive de marbres et d\u2019onyx ici: <a href=\"https:\/\/forzini.com\/fr\/materiaux\/\" target=\"_blank\" rel=\"noopener\" data-start=\"1939\" data-end=\"1953\">Mat\u00e9riaux<\/a><\/p>\n","protected":false},"excerpt":{"rendered":"<h2>Rafra\u00eechisseur \u00e0 vin en marbre<\/h2>\n<p>C\u2019est bien plus qu\u2019un simple accessoire fonctionnel: c\u2019est l\u2019\u00e9l\u00e9ment indispensable pour sublimer toutes vos r\u00e9ceptions. Non seulement il maintient vos bouteilles au frais et pr\u00eates \u00e0 \u00eatre servies, garantissant une d\u00e9gustation rafra\u00eechissante \u00e0 chaque toast, mais il apporte \u00e9galement une touche d\u2019\u00e9l\u00e9gance et de raffinement \u00e0 votre \u00e9v\u00e9nement. Son design moderne et sophistiqu\u00e9 met en valeur la d\u00e9coration de votre table, attirant tous les regards et suscitant l\u2019admiration de vos convives.<\/p>\n","protected":false},"featured_media":9460,"comment_status":"closed","ping_status":"closed","template":"","meta":{"_acf_changed":false,"_joinchat":[]},"product_brand":[],"product_cat":[187,380],"product_tag":[190],"class_list":{"0":"post-9459","1":"product","2":"type-product","3":"status-publish","4":"has-post-thumbnail","6":"product_cat-accessoires","7":"product_cat-accessoires-de-table","8":"product_tag-onyx-fr","10":"first","11":"instock","12":"sale","13":"featured","14":"shipping-taxable","15":"purchasable","16":"product-type-simple"},"acf":[],"_links":{"self":[{"href":"https:\/\/forzini.com\/fr\/wp-json\/wp\/v2\/product\/9459","targetHints":{"allow":["GET"]}}],"collection":[{"href":"https:\/\/forzini.com\/fr\/wp-json\/wp\/v2\/product"}],"about":[{"href":"https:\/\/forzini.com\/fr\/wp-json\/wp\/v2\/types\/product"}],"replies":[{"embeddable":true,"href":"https:\/\/forzini.com\/fr\/wp-json\/wp\/v2\/comments?post=9459"}],"version-history":[{"count":0,"href":"https:\/\/forzini.com\/fr\/wp-json\/wp\/v2\/product\/9459\/revisions"}],"wp:featuredmedia":[{"embeddable":true,"href":"https:\/\/forzini.com\/fr\/wp-json\/wp\/v2\/media\/9460"}],"wp:attachment":[{"href":"https:\/\/forzini.com\/fr\/wp-json\/wp\/v2\/media?parent=9459"}],"wp:term":[{"taxonomy":"product_brand","embeddable":true,"href":"https:\/\/forzini.com\/fr\/wp-json\/wp\/v2\/product_brand?post=9459"},{"taxonomy":"product_cat","embeddable":true,"href":"https:\/\/forzini.com\/fr\/wp-json\/wp\/v2\/product_cat?post=9459"},{"taxonomy":"product_tag","embeddable":true,"href":"https:\/\/forzini.com\/fr\/wp-json\/wp\/v2\/product_tag?post=9459"}],"curies":[{"name":"wp","href":"https:\/\/api.w.org\/{rel}","templated":true}]}}