{"id":9449,"date":"2024-11-10T09:29:38","date_gmt":"2024-11-10T08:29:38","guid":{"rendered":"https:\/\/forzini.com\/producto\/enfriador-de-botellas-de-marmol\/"},"modified":"2025-06-07T14:26:50","modified_gmt":"2025-06-07T12:26:50","slug":"refroidisseur-de-bouteille-de-vin","status":"publish","type":"product","link":"https:\/\/forzini.com\/fr\/producto\/refroidisseur-de-bouteille-de-vin\/","title":{"rendered":"Refroidisseur de bouteille de vin"},"content":{"rendered":"<h1>Refroidisseur de bouteille de vin \u00ab\u00a0Oh Lares W\u00a0\u00bb<\/h1>\n<p data-start=\"0\" data-end=\"603\">Ce magnifique <strong>refroidisseur de bouteilles de vin<\/strong> en marbre est sculpt\u00e9 \u00e0 la main dans un onyx blanc pr\u00e9cieux avec un design ondul\u00e9 exclusif, ajoutant une touche artistique \u00e0 chaque \u00e9v\u00e9nement ou d\u00eener. La beaut\u00e9 naturelle de l&rsquo;onyx blanc, avec ses tons cr\u00e8me doux et ses veines d\u00e9licates, fait de ce refroidisseur une pi\u00e8ce centrale saisissante, parfaite pour des ambiances aussi bien traditionnelles que contemporaines. Con\u00e7u pour garder les bouteilles de vin parfaitement fra\u00eeches, ce refroidisseur en marbre allie \u00e9l\u00e9gance et fonctionnalit\u00e9, id\u00e9al pour les d\u00eeners, c\u00e9l\u00e9brations et occasions sp\u00e9ciales.<\/p>\n<p data-start=\"605\" data-end=\"957\">Chaque pi\u00e8ce est sculpt\u00e9e individuellement par des artisans experts, r\u00e9sultant en un refroidisseur en marbre aux veines et textures uniques. En plus de sa fonction principale, ce refroidisseur en marbre peut \u00eatre utilis\u00e9 comme un vase \u00e9l\u00e9gant ou un porte-ustensiles sophistiqu\u00e9 dans la cuisine, d\u00e9montrant sa polyvalence dans diff\u00e9rents environnements.<\/p>\n<h3 data-start=\"959\" data-end=\"1360\">Ce refroidisseur de vin en marbre est<\/h3>\n<p>un cadeau id\u00e9al pour les mariages, anniversaires ou toute occasion sp\u00e9ciale, apportant une touche de luxe \u00e0 la maison du destinataire. Parfait pour les passionn\u00e9s de vin et les amateurs de divertissement \u00e0 domicile, c&rsquo;est un article incontournable pour ceux qui cherchent \u00e0 impressionner leurs invit\u00e9s avec une sophistication intemporelle et une beaut\u00e9 naturelle.<\/p>\n<p data-start=\"1362\" data-end=\"1475\">Notre conseil : Ce refroidisseur \u00e0 champagne est parfait pour \u00eatre associ\u00e9 \u00e0 notre plateau d\u00e9coratif \u00ab\u00a0<a href=\"https:\/\/forzini.com\/fr\/producto\/coupe-en-marbre-blanc-oh-helios\/\" target=\"_blank\" rel=\"noopener\">Oh Helios<\/a>\u00ab\u00a0.<\/p>\n<p data-start=\"1477\" data-end=\"1727\" data-is-last-node=\"\">Onyx Sugar Blanc: Un blanc rehauss\u00e9 de fines lignes dor\u00e9es douces et cr\u00e9meuses qui parcourent gracieusement sa surface. Cet onyx blanc pur de haute qualit\u00e9 est une raret\u00e9, disponible uniquement en petites quantit\u00e9s, extrait d&rsquo;un lieu sp\u00e9cifique.<\/p>\n<p>D\u00e9couvrez notre s\u00e9lection exclusive de marbres et d\u2019onyx ici: <a href=\"https:\/\/forzini.com\/fr\/materiaux\/\" target=\"_blank\" rel=\"noopener\" data-start=\"1939\" data-end=\"1953\">Mat\u00e9riaux<\/a><\/p>\n","protected":false},"excerpt":{"rendered":"<h2>Refroidisseur de bouteille de vin<\/h2>\n<p>fait main en onyx blanc allie \u00e9l\u00e9gance et fonctionnalit\u00e9, avec un design ondul\u00e9 distinctif qui garde les bouteilles fra\u00eeches tout en ajoutant une touche raffin\u00e9e \u00e0 n&rsquo;importe quel environnement. Ses veines exclusives en font un centre de table \u00e9l\u00e9gant, id\u00e9al pour recevoir des invit\u00e9s ou comme cadeau pour des occasions sp\u00e9ciales. Assez polyvalent pour servir de vase ou d&rsquo;\u00e9l\u00e9ment d\u00e9coratif dans la cuisine, ce refroidisseur embellit tout espace avec son esth\u00e9tique originale.<\/p>\n","protected":false},"featured_media":9450,"comment_status":"closed","ping_status":"closed","template":"","meta":{"_acf_changed":false,"_joinchat":[]},"product_brand":[],"product_cat":[187,380],"product_tag":[190],"class_list":{"0":"post-9449","1":"product","2":"type-product","3":"status-publish","4":"has-post-thumbnail","6":"product_cat-accessoires","7":"product_cat-accessoires-de-table","8":"product_tag-onyx-fr","10":"first","11":"instock","12":"featured","13":"shipping-taxable","14":"purchasable","15":"product-type-simple"},"acf":[],"_links":{"self":[{"href":"https:\/\/forzini.com\/fr\/wp-json\/wp\/v2\/product\/9449","targetHints":{"allow":["GET"]}}],"collection":[{"href":"https:\/\/forzini.com\/fr\/wp-json\/wp\/v2\/product"}],"about":[{"href":"https:\/\/forzini.com\/fr\/wp-json\/wp\/v2\/types\/product"}],"replies":[{"embeddable":true,"href":"https:\/\/forzini.com\/fr\/wp-json\/wp\/v2\/comments?post=9449"}],"version-history":[{"count":0,"href":"https:\/\/forzini.com\/fr\/wp-json\/wp\/v2\/product\/9449\/revisions"}],"wp:featuredmedia":[{"embeddable":true,"href":"https:\/\/forzini.com\/fr\/wp-json\/wp\/v2\/media\/9450"}],"wp:attachment":[{"href":"https:\/\/forzini.com\/fr\/wp-json\/wp\/v2\/media?parent=9449"}],"wp:term":[{"taxonomy":"product_brand","embeddable":true,"href":"https:\/\/forzini.com\/fr\/wp-json\/wp\/v2\/product_brand?post=9449"},{"taxonomy":"product_cat","embeddable":true,"href":"https:\/\/forzini.com\/fr\/wp-json\/wp\/v2\/product_cat?post=9449"},{"taxonomy":"product_tag","embeddable":true,"href":"https:\/\/forzini.com\/fr\/wp-json\/wp\/v2\/product_tag?post=9449"}],"curies":[{"name":"wp","href":"https:\/\/api.w.org\/{rel}","templated":true}]}}