{"id":9438,"date":"2024-08-09T15:43:20","date_gmt":"2024-08-09T13:43:20","guid":{"rendered":"https:\/\/forzini.com\/producto\/reloj-de-pared-circular\/"},"modified":"2025-08-24T21:26:34","modified_gmt":"2025-08-24T19:26:34","slug":"horloge-murale-ronde-grande","status":"publish","type":"product","link":"https:\/\/forzini.com\/fr\/producto\/horloge-murale-ronde-grande\/","title":{"rendered":"Horloge murale ronde grande &#8211; Horloge decorative"},"content":{"rendered":"<h2>Horloge murale ronde grande \u00ab\u00a0Hera\u00a0\u00bb<\/h2>\n<p data-start=\"57\" data-end=\"1025\">Cette <strong>horloge murale ronde grande<\/strong> exceptionnelle, sculpt\u00e9e \u00e0 la main dans de l&rsquo;onyx, transforme n&rsquo;importe quel espace avec son style impeccable. Plus qu&rsquo;un simple objet fonctionnel, c&rsquo;est une horloge murale moderne qui peut d\u00e9corer votre salon, salle \u00e0 manger, cuisine ou ajouter une touche sophistiqu\u00e9e \u00e0 votre bureau. L&rsquo;ex\u00e9cution artisanale parfaite de cette horloge en onyx, associ\u00e9e \u00e0 une s\u00e9lection magistrale de pierre naturelle, refl\u00e8te le savoir-faire de nos artisans. La surface polie de l&rsquo;onyx, avec ses veines uniques et un kal\u00e9idoscope de subtiles teintes vertes, transforme cette horloge murale ronde en une merveille d\u00e9corative. C&rsquo;est une pi\u00e8ce de luxe qui cr\u00e9e une atmosph\u00e8re \u00e9l\u00e9gante, refl\u00e9tant la personnalit\u00e9 et le bon go\u00fbt. Cette horloge est une id\u00e9e de cadeau id\u00e9ale pour toutes les occasions, qu&rsquo;il s&rsquo;agisse d&rsquo;une pendaison de cr\u00e9maill\u00e8re, d&rsquo;un anniversaire ou pour le bureau. C&rsquo;est sans aucun doute un cadeau m\u00e9morable, appr\u00e9ci\u00e9 par tous au fil du temps.<\/p>\n<p data-start=\"1027\" data-end=\"1159\">Notre conseil: Cette horloge murale au design moderne est parfaite pour \u00eatre associ\u00e9e \u00e0 notre objet d\u00e9coratif en marbre \u00ab\u00a0<a href=\"https:\/\/forzini.com\/fr\/producto\/objet-decoration-noeud-en-marbre-rhea\/\" target=\"_blank\" rel=\"noopener\">Rhea<\/a>\u00ab\u00a0.<\/p>\n<p data-start=\"1161\" data-end=\"1379\">Onyx Galaxy Vert: Un fond vert clair magnifiquement accentu\u00e9 par des vagues blanches, entrecoup\u00e9es de veines bronze, marron dor\u00e9 terreux et rouge\u00e2tres. Extr\u00eamement rare et translucide, cette vari\u00e9t\u00e9 est exclusive.<\/p>\n<p data-start=\"1381\" data-end=\"2319\">Saviez-vous que notre onyx Galaxy vert est une merveille qui ne cesse de vous surprendre ? Nous avons choisi cet onyx rare pour l&rsquo;int\u00e9grer \u00e0 nos collections en raison de sa beaut\u00e9 unique et de ses qualit\u00e9s exceptionnelles qui en font un v\u00e9ritable tr\u00e9sor. Dans l&rsquo;Antiquit\u00e9, on croyait que l&rsquo;onyx vert avait des propri\u00e9t\u00e9s protectrices et curatives. Les anciens \u00c9gyptiens et Grecs utilisaient cette pierre pour cr\u00e9er des amulettes et des bijoux, croyant qu&rsquo;elle prot\u00e9geait son porteur des \u00e9nergies n\u00e9gatives et attirait la chance. De plus, l&rsquo;onyx vert clair est connu pour sa capacit\u00e9 \u00e0 changer de tonalit\u00e9 en fonction de la lumi\u00e8re. \u00c0 la lumi\u00e8re naturelle, ses veines et ses couleurs peuvent sembler plus douces et subtiles, tandis qu&rsquo;\u00e0 la lumi\u00e8re artificielle, ses tons verts deviennent plus intenses et vibrants. Cette caract\u00e9ristique unique fait de chaque pi\u00e8ce d&rsquo;onyx vert clair une \u0153uvre d&rsquo;art dynamique et en constante \u00e9volution.<\/p>\n<p data-start=\"2321\" data-end=\"2760\" data-is-last-node=\"\">Une autre curiosit\u00e9 int\u00e9ressante est que l&rsquo;onyx vert clair Galaxy Green est l&rsquo;une des pierres les plus difficiles \u00e0 trouver dans la nature. Sa formation g\u00e9ologique n\u00e9cessite des conditions sp\u00e9cifiques de temp\u00e9rature et de pression, ce qui contribue \u00e0 sa raret\u00e9 et son exclusivit\u00e9. Chaque horloge murale en onyx Galaxy Vert que nous proposons est une pi\u00e8ce unique, soigneusement s\u00e9lectionn\u00e9e pour garantir la qualit\u00e9 et la beaut\u00e9 maximales.<\/p>\n<p>D\u00e9couvrez notre s\u00e9lection exclusive de marbres et d\u2019onyx ici: <strong data-start=\"1874\" data-end=\"1955\" data-is-last-node=\"\"><a href=\"https:\/\/forzini.com\/fr\/materiaux\/\" target=\"_blank\" rel=\"noopener\" data-start=\"1939\" data-end=\"1953\">Mat\u00e9riaux<\/a><\/strong><\/p>\n","protected":false},"excerpt":{"rendered":"<h1><strong data-start=\"0\" data-end=\"39\">Horloge murale ronde grande<\/strong><\/h1>\n<p data-start=\"41\" data-end=\"495\">en onyx, sculpt\u00e9e \u00e0 la main, est une pi\u00e8ce exceptionnelle qui apporte un style in\u00e9gal\u00e9 \u00e0 tout espace. Nos horloges murales d\u00e9coratives modernes sont sculpt\u00e9es dans de l&rsquo;onyx vert authentique, offrant un motif unique et une variation de couleur qui garantit qu&rsquo;aucune horloge ne soit identique. Avec sa grande taille, cette horloge murale ronde est id\u00e9ale pour les espaces o\u00f9 l&rsquo;on souhaite cr\u00e9er un point focal marquant.<\/p>\n<p data-start=\"497\" data-end=\"861\" data-is-last-node=\"\">Sa forme am\u00e9liore la visibilit\u00e9 et la lisibilit\u00e9, tout en conservant une esth\u00e9tique raffin\u00e9e. Que votre style de d\u00e9coration soit moderne, traditionnel ou \u00e9clectique, l&rsquo;horloge murale moderne en onyx vert compl\u00e8te parfaitement diff\u00e9rents int\u00e9rieurs. Elle est parfaite pour les salons, les bureaux ou les entr\u00e9es, apportant une touche de luxe inspir\u00e9e par la nature.<\/p>\n<h2 data-start=\"497\" data-end=\"861\">Dimensions : Diam\u00e8tre 35 cm, \u00e9paisseur 2 cm<\/h2>\n","protected":false},"featured_media":14704,"comment_status":"closed","ping_status":"closed","template":"","meta":{"_acf_changed":false,"_joinchat":[]},"product_brand":[],"product_cat":[187,387],"product_tag":[190],"class_list":{"0":"post-9438","1":"product","2":"type-product","3":"status-publish","4":"has-post-thumbnail","6":"product_cat-accessoires","7":"product_cat-objets-decoratifs","8":"product_tag-onyx-fr","10":"first","11":"instock","12":"sale","13":"featured","14":"shipping-taxable","15":"purchasable","16":"product-type-simple"},"acf":[],"_links":{"self":[{"href":"https:\/\/forzini.com\/fr\/wp-json\/wp\/v2\/product\/9438","targetHints":{"allow":["GET"]}}],"collection":[{"href":"https:\/\/forzini.com\/fr\/wp-json\/wp\/v2\/product"}],"about":[{"href":"https:\/\/forzini.com\/fr\/wp-json\/wp\/v2\/types\/product"}],"replies":[{"embeddable":true,"href":"https:\/\/forzini.com\/fr\/wp-json\/wp\/v2\/comments?post=9438"}],"version-history":[{"count":0,"href":"https:\/\/forzini.com\/fr\/wp-json\/wp\/v2\/product\/9438\/revisions"}],"wp:featuredmedia":[{"embeddable":true,"href":"https:\/\/forzini.com\/fr\/wp-json\/wp\/v2\/media\/14704"}],"wp:attachment":[{"href":"https:\/\/forzini.com\/fr\/wp-json\/wp\/v2\/media?parent=9438"}],"wp:term":[{"taxonomy":"product_brand","embeddable":true,"href":"https:\/\/forzini.com\/fr\/wp-json\/wp\/v2\/product_brand?post=9438"},{"taxonomy":"product_cat","embeddable":true,"href":"https:\/\/forzini.com\/fr\/wp-json\/wp\/v2\/product_cat?post=9438"},{"taxonomy":"product_tag","embeddable":true,"href":"https:\/\/forzini.com\/fr\/wp-json\/wp\/v2\/product_tag?post=9438"}],"curies":[{"name":"wp","href":"https:\/\/api.w.org\/{rel}","templated":true}]}}