{"id":9431,"date":"2024-08-09T17:44:19","date_gmt":"2024-08-09T15:44:19","guid":{"rendered":"https:\/\/forzini.com\/producto\/reloj-cuadrado-pared\/"},"modified":"2025-09-11T08:42:18","modified_gmt":"2025-09-11T06:42:18","slug":"horloge-murale-design-carree","status":"publish","type":"product","link":"https:\/\/forzini.com\/fr\/producto\/horloge-murale-design-carree\/","title":{"rendered":"Horloge murale design carr\u00e9e \u2013 Horloge color\u00e9e"},"content":{"rendered":"<h2>Horloge murale design carr\u00e9e \u00ab\u00a0Cronus\u00a0\u00bb<\/h2>\n<p data-start=\"103\" data-end=\"520\">Notre <strong data-start=\"109\" data-end=\"143\">horloge murale design carr\u00e9e<\/strong>, sculpt\u00e9e \u00e0 la main dans de l&rsquo;onyx authentique et pr\u00e9cieux, allie parfaitement fonctionnalit\u00e9 et art, apportant une touche de sophistication \u00e0 votre maison ou bureau. Chaque horloge murale carr\u00e9e grande est fabriqu\u00e9e \u00e0 partir de onyx unique, avec des motifs distincts et des variations de couleur, garantissant que chaque pi\u00e8ce est exclusive.<\/p>\n<p data-start=\"522\" data-end=\"783\">Le design carr\u00e9 de cette horloge de mur est id\u00e9al pour ceux qui recherchent un point focal distinctif dans leur d\u00e9coration. Sa forme g\u00e9om\u00e9trique am\u00e9liore non seulement la visibilit\u00e9 et la lisibilit\u00e9, mais aussi donne un air moderne et raffin\u00e9.<\/p>\n<p data-start=\"785\" data-end=\"1142\">La surface polie de l&rsquo;onyx, avec ses veines uniques et son spectacle de tonalit\u00e9s subtiles, transforme cette horloge murale en une v\u00e9ritable \u0153uvre d\u00e9corative. Parfait pour tous les styles de d\u00e9coration, qu&rsquo;ils soient minimalistes, rustiques ou modernes, cette horloge carr\u00e9e se marie parfaitement avec n&rsquo;importe quel int\u00e9rieur.<\/p>\n<p data-start=\"1144\" data-end=\"1475\">Id\u00e9ale pour \u00eatre accroch\u00e9e dans votre salon, cuisine, bureau, salle de sport, entr\u00e9e ou tout autre espace o\u00f9 vous souhaitez ajouter une pi\u00e8ce styl\u00e9e qui se distingue par sa beaut\u00e9. Ce \u00e9l\u00e9ment de d\u00e9coration de luxe cr\u00e9e une ambiance \u00e9l\u00e9gante, refl\u00e9tant votre personnalit\u00e9 et votre bon go\u00fbt.<\/p>\n<p data-start=\"1477\" data-end=\"1850\">De plus, cette horloge carr\u00e9e murale constitue une excellente id\u00e9e de cadeau pour toute occasion, qu&rsquo;il s&rsquo;agisse d&rsquo;une pendaison de cr\u00e9maill\u00e8re, d&rsquo;un anniversaire ou d&rsquo;un cadeau d&rsquo;entreprise. Son apparence raffin\u00e9e et son exclusivit\u00e9 en font un cadeau m\u00e9morable, con\u00e7u pour \u00eatre appr\u00e9ci\u00e9 au fil du temps et rendre chaque moment unique.<\/p>\n<p data-start=\"1852\" data-end=\"1986\">Notre conseil d\u00e9co : Cette horloge murale originale s\u2019associe parfaitement avec notre chandelier en marbre \u00ab\u00a0<a href=\"https:\/\/forzini.com\/fr\/producto\/bougeoir-haut-en-marbre-blanc-selene\/\" target=\"_blank\" rel=\"noopener\">Selene<\/a>\u00ab\u00a0.<\/p>\n<p data-start=\"1988\" data-end=\"2046\">Marron Toffee Onyx: est une pierre magnifique qui pr\u00e9sente une incroyable gamme de tons allant du marron fonc\u00e9 au clair, avec des nuances de moka, de chocolat fonc\u00e9, de blanc, m\u00e9lang\u00e9es \u00e0 du vert et des touches de jaune dor\u00e9. Ses motifs veineux en font une pierre aux couleurs envo\u00fbtantes, offrant un charme unique. Bien que cette vari\u00e9t\u00e9 d&rsquo;onyx soit moins translucide en raison de ses teintes vibrantes, elle pr\u00e9sente une couleur expressive et \u00e9clatante qui apporte une splendeur incomparable aux espaces int\u00e9rieurs, magnifi\u00e9e par l\u2019authenticit\u00e9 de l&rsquo;onyx.<\/p>\n<p data-start=\"2666\" data-end=\"3295\">Saviez-vous que l&rsquo;onyx marron toffee est l&rsquo;une des pierres les plus fascinantes et rares au monde ? Son nom provient de ses tons chauds et de ses veines qui rappellent la douceur du caramel toffee. Dans l\u2019architecture ancienne, notamment en Perse antique, cette pierre \u00e9tait hautement estim\u00e9e et utilis\u00e9e pour d\u00e9corer palais et temples. Sa durabilit\u00e9 et sa capacit\u00e9 \u00e0 \u00eatre polie pour obtenir un brillant spectaculaire \u00e9taient particuli\u00e8rement appr\u00e9ci\u00e9es. Certains de ces b\u00e2timents historiques conservent encore des d\u00e9tails en onyx, t\u00e9moignage de sa long\u00e9vit\u00e9 et de sa beaut\u00e9.<\/p>\n<p data-start=\"3297\" data-end=\"3830\">L&rsquo;onyx marron toffee est \u00e9galement connu pour sa capacit\u00e9 \u00e0 changer d&rsquo;apparence sous diff\u00e9rents types de lumi\u00e8re. \u00c0 la lumi\u00e8re naturelle, ses tons bruns et ses veines de caramel se radoucissent, tandis qu&rsquo;\u00e0 la lumi\u00e8re artificielle, les couleurs se renforcent, montrant des nuances rouge\u00e2tres et ambr\u00e9es, cr\u00e9ant un spectacle visuel magnifique. Cette caract\u00e9ristique fait de chaque pi\u00e8ce d&rsquo;onyx marron toffee un objet hautement d\u00e9coratif, avec un charme sophistiqu\u00e9 et une personnalit\u00e9 unique.<\/p>\n<p data-start=\"3832\" data-end=\"4162\">De plus, l&rsquo;onyx marron toffee est r\u00e9put\u00e9 pour sa connexion avec l&rsquo;\u00e9nergie de la terre. Il est cens\u00e9 aider \u00e0 \u00e9quilibrer les \u00e9nergies et \u00e0 apporter stabilit\u00e9 et s\u00e9curit\u00e9. En feng shui, cette pierre est utilis\u00e9e pour attirer des \u00e9nergies positives et cr\u00e9er une atmosph\u00e8re harmonieuse dans la maison.<\/p>\n<p>D\u00e9couvrez notre s\u00e9lection exclusive de marbres et d\u2019onyx ici:<a href=\"https:\/\/forzini.com\/fr\/materiaux\/\" target=\"_blank\" rel=\"noopener\"> Mat\u00e9riaux<\/a><\/p>\n","protected":false},"excerpt":{"rendered":"<h1><strong data-start=\"109\" data-end=\"143\">Horloge murale design carr\u00e9e<\/strong><\/h1>\n<p>Fabriqu\u00e9e en onyx naturel taill\u00e9 \u00e0 la main, cette <strong data-start=\"109\" data-end=\"143\">horloge murale design carr\u00e9e<\/strong> est \u00e0 la fois fonctionnelle et captivante. Nos horloges murales modernes originales sont uniques avec leurs veines et motifs naturels. La grande taille de cette horloge murale carr\u00e9e est id\u00e9ale pour ceux qui recherchent un point focal styl\u00e9 et de caract\u00e8re dans leurs espaces. Sa forme am\u00e9liore la visibilit\u00e9 et la lisibilit\u00e9 tout en conservant une esth\u00e9tique minimaliste. Pour ceux qui cherchent un cadeau sp\u00e9cial et m\u00e9morable, cette horloge en onyx est une excellente option. Son design exclusif et son raffinement en font un pr\u00e9sent qui sera appr\u00e9ci\u00e9 et admir\u00e9 pendant des ann\u00e9es.<\/p>\n<h2>Dimensions : 50 x 50 cm<\/h2>\n","protected":false},"featured_media":14761,"comment_status":"closed","ping_status":"closed","template":"","meta":{"_acf_changed":false,"_joinchat":[]},"product_brand":[],"product_cat":[187,387],"product_tag":[190],"class_list":{"0":"post-9431","1":"product","2":"type-product","3":"status-publish","4":"has-post-thumbnail","6":"product_cat-accessoires","7":"product_cat-objets-decoratifs","8":"product_tag-onyx-fr","10":"first","11":"instock","12":"sale","13":"featured","14":"shipping-taxable","15":"purchasable","16":"product-type-simple"},"acf":[],"_links":{"self":[{"href":"https:\/\/forzini.com\/fr\/wp-json\/wp\/v2\/product\/9431","targetHints":{"allow":["GET"]}}],"collection":[{"href":"https:\/\/forzini.com\/fr\/wp-json\/wp\/v2\/product"}],"about":[{"href":"https:\/\/forzini.com\/fr\/wp-json\/wp\/v2\/types\/product"}],"replies":[{"embeddable":true,"href":"https:\/\/forzini.com\/fr\/wp-json\/wp\/v2\/comments?post=9431"}],"version-history":[{"count":0,"href":"https:\/\/forzini.com\/fr\/wp-json\/wp\/v2\/product\/9431\/revisions"}],"wp:featuredmedia":[{"embeddable":true,"href":"https:\/\/forzini.com\/fr\/wp-json\/wp\/v2\/media\/14761"}],"wp:attachment":[{"href":"https:\/\/forzini.com\/fr\/wp-json\/wp\/v2\/media?parent=9431"}],"wp:term":[{"taxonomy":"product_brand","embeddable":true,"href":"https:\/\/forzini.com\/fr\/wp-json\/wp\/v2\/product_brand?post=9431"},{"taxonomy":"product_cat","embeddable":true,"href":"https:\/\/forzini.com\/fr\/wp-json\/wp\/v2\/product_cat?post=9431"},{"taxonomy":"product_tag","embeddable":true,"href":"https:\/\/forzini.com\/fr\/wp-json\/wp\/v2\/product_tag?post=9431"}],"curies":[{"name":"wp","href":"https:\/\/api.w.org\/{rel}","templated":true}]}}