{"id":9426,"date":"2024-11-10T10:06:46","date_gmt":"2024-11-10T09:06:46","guid":{"rendered":"https:\/\/forzini.com\/producto\/botellero-enfriador-de-vino\/"},"modified":"2025-02-23T20:03:05","modified_gmt":"2025-02-23T19:03:05","slug":"seau-a-vin-decoratif","status":"publish","type":"product","link":"https:\/\/forzini.com\/fr\/producto\/seau-a-vin-decoratif\/","title":{"rendered":"Seau \u00e0 vin decoratif"},"content":{"rendered":"<h1><strong>Seau \u00e0 vin decoratif <\/strong>\u00ab\u00a0Oh Lares L\u00a0\u00bb<\/h1>\n<p data-start=\"45\" data-end=\"508\">Ce magnifique <strong>seau \u00e0 vin decoratif<\/strong> en marbre est con\u00e7u pour ceux qui appr\u00e9cient \u00e0 la fois l&rsquo;\u00e9l\u00e9gance et la fonctionnalit\u00e9. Fabriqu\u00e9 \u00e0 la main \u00e0 partir d&rsquo;onyx naturel, il pr\u00e9sente de belles veines et une finition lisse et polie qui apporte une sophistication \u00e0 tout \u00e9v\u00e9nement ou r\u00e9union. Id\u00e9al pour garder au frais le champagne, le vin ou d&rsquo;autres boissons, ce refroidisseur sublime instantan\u00e9ment le style de votre h\u00f4te avec son apparence intemporelle et luxueuse.<\/p>\n<p data-start=\"510\" data-end=\"902\">La fra\u00eecheur naturelle du marbre garantit que les boissons restent \u00e0 la temp\u00e9rature id\u00e9ale, tandis que la polyvalence de ce vase permet de l&rsquo;utiliser pour de multiples autres usages en dehors des c\u00e9l\u00e9brations. Lorsqu&rsquo;il ne sert pas de refroidisseur \u00e0 vin, il se transforme en un \u00e9l\u00e9gant vase ou en un r\u00e9cipient pour les ustensiles, apportant beaut\u00e9 et fonctionnalit\u00e9 \u00e0 n&rsquo;importe quelle pi\u00e8ce.<\/p>\n<h3 data-start=\"904\" data-end=\"1216\">Ce refroidisseur \u00e0 vin en marbre<\/h3>\n<p data-start=\"904\" data-end=\"1216\">est \u00e9galement un cadeau m\u00e9morable pour un mariage, un anniversaire ou une pendaison de cr\u00e9maill\u00e8re, parfait pour ceux qui appr\u00e9cient les pi\u00e8ces de d\u00e9coration uniques et raffin\u00e9es. Un indispensable pour quiconque souhaite ajouter \u00e9l\u00e9gance naturelle et polyvalence \u00e0 son int\u00e9rieur.<\/p>\n<p data-start=\"1218\" data-end=\"1338\">Notre conseil: Ce refroidisseur \u00e0 champagne est parfait pour \u00eatre assorti avec notre plateau d\u00e9coratif \u00ab\u00a0<a href=\"https:\/\/forzini.com\/fr\/producto\/coupe-en-marbre-blanc-oh-helios\/\" target=\"_blank\" rel=\"noopener\">Oh Helios<\/a>\u00ab\u00a0.<\/p>\n<p data-start=\"1340\" data-end=\"1604\" data-is-last-node=\"\">Onyx Galaxy Vert: Un fond de couleur vert clair joliment accentu\u00e9 par des vagues blanches, entrecoup\u00e9es de veines bronze, marron dor\u00e9 terreux et rouge. Extraite en tr\u00e8s petites quantit\u00e9s, cette vari\u00e9t\u00e9 est tr\u00e8s exclusive et constitue un onyx tr\u00e8s translucide.<\/p>\n<p>D\u00e9couvrez notre s\u00e9lection exclusive de marbres et d\u2019onyx ici:<a href=\"https:\/\/forzini.com\/fr\/materiaux\/\" target=\"_blank\" rel=\"noopener\" data-start=\"1939\" data-end=\"1953\"> Mat\u00e9riaux<\/a><\/p>\n","protected":false},"excerpt":{"rendered":"<h2><strong>Seau \u00e0 vin decoratif<\/strong><\/h2>\n<p>Fabriqu\u00e9 en onyx de marbre de haute qualit\u00e9, ce refroidisseur garde vos boissons parfaitement fra\u00eeches et ajoute une touche raffin\u00e9e \u00e0 chaque occasion. Son design polyvalent lui permet \u00e9galement de servir d&rsquo;\u00e9l\u00e9gant vase ou porte-ustensiles, offrant ainsi \u00e0 la fois praticit\u00e9 et beaut\u00e9 dans n&rsquo;importe quel espace.<\/p>\n","protected":false},"featured_media":9427,"comment_status":"closed","ping_status":"closed","template":"","meta":{"_acf_changed":false,"_joinchat":[]},"product_brand":[],"product_cat":[187,380],"product_tag":[190],"class_list":{"0":"post-9426","1":"product","2":"type-product","3":"status-publish","4":"has-post-thumbnail","6":"product_cat-accessoires","7":"product_cat-accessoires-de-table","8":"product_tag-onyx-fr","10":"first","11":"instock","12":"featured","13":"shipping-taxable","14":"purchasable","15":"product-type-simple"},"acf":[],"_links":{"self":[{"href":"https:\/\/forzini.com\/fr\/wp-json\/wp\/v2\/product\/9426","targetHints":{"allow":["GET"]}}],"collection":[{"href":"https:\/\/forzini.com\/fr\/wp-json\/wp\/v2\/product"}],"about":[{"href":"https:\/\/forzini.com\/fr\/wp-json\/wp\/v2\/types\/product"}],"replies":[{"embeddable":true,"href":"https:\/\/forzini.com\/fr\/wp-json\/wp\/v2\/comments?post=9426"}],"version-history":[{"count":0,"href":"https:\/\/forzini.com\/fr\/wp-json\/wp\/v2\/product\/9426\/revisions"}],"wp:featuredmedia":[{"embeddable":true,"href":"https:\/\/forzini.com\/fr\/wp-json\/wp\/v2\/media\/9427"}],"wp:attachment":[{"href":"https:\/\/forzini.com\/fr\/wp-json\/wp\/v2\/media?parent=9426"}],"wp:term":[{"taxonomy":"product_brand","embeddable":true,"href":"https:\/\/forzini.com\/fr\/wp-json\/wp\/v2\/product_brand?post=9426"},{"taxonomy":"product_cat","embeddable":true,"href":"https:\/\/forzini.com\/fr\/wp-json\/wp\/v2\/product_cat?post=9426"},{"taxonomy":"product_tag","embeddable":true,"href":"https:\/\/forzini.com\/fr\/wp-json\/wp\/v2\/product_tag?post=9426"}],"curies":[{"name":"wp","href":"https:\/\/api.w.org\/{rel}","templated":true}]}}