{"id":21776,"date":"2025-12-04T19:37:06","date_gmt":"2025-12-04T18:37:06","guid":{"rendered":"https:\/\/forzini.com\/?post_type=product&#038;p=21776"},"modified":"2025-12-04T21:22:26","modified_gmt":"2025-12-04T20:22:26","slug":"plateau-a-gateau-marbre-noir","status":"publish","type":"product","link":"https:\/\/forzini.com\/fr\/producto\/plateau-a-gateau-marbre-noir\/","title":{"rendered":"Plateau \u00e0 g\u00e2teau marbre noir sur pied"},"content":{"rendered":"<h2><strong>Plateau \u00e0 g\u00e2teau d\u00e9coratif sur pied en marbre noir.<\/strong><\/h2>\n<p>Ce plateau \u00e0 g\u00e2teau moderne est une pi\u00e8ce polyvalente et \u00e9l\u00e9gante pour la pr\u00e9sentation de desserts ou la d\u00e9coration de la maison. La partie sup\u00e9rieure, r\u00e9alis\u00e9e en onyx translucide avec des veines naturelles et une teinte douce, apporte luminosit\u00e9 et caract\u00e8re. Le pi\u00e9destal en marbre noir ajoute contraste et solidit\u00e9, cr\u00e9ant une composition \u00e9quilibr\u00e9e entre l\u00e9g\u00e8ret\u00e9 visuelle et fermet\u00e9 structurelle.<\/p>\n<p>Son design sur\u00e9lev\u00e9 en fait une option pratique pour pr\u00e9senter des fruits frais, des g\u00e2teaux ou des douceurs, tout en servant de centre de table d\u00e9coratif dans les salles \u00e0 manger, salons ou espaces de r\u00e9ception. La hauteur du pied met en valeur le contenu et apporte dynamisme \u00e0 la disposition de la table.<\/p>\n<p>Chaque plateau d\u00e9coratif en pierre naturelle est unique gr\u00e2ce aux variations propres aux mat\u00e9riaux, ce qui conf\u00e8re une exclusivit\u00e9 \u00e0 sa pr\u00e9sence dans tout environnement.<\/p>\n<p>Ce bol d\u00e9coratif s\u2019adapte \u00e0 diff\u00e9rents styles d\u2019int\u00e9rieur, des ambiances contemporaines aux espaces plus classiques, toujours avec une touche sophistiqu\u00e9e. Son caract\u00e8re fonctionnel et esth\u00e9tique en fait un accessoire id\u00e9al pour ceux qui appr\u00e9cient la pierre authentique et le design soign\u00e9 dans les d\u00e9tails.<\/p>\n<p>Golden Cascad Marbre : Ce marbre extraordinaire est une symphonie de contrastes, o\u00f9 le noir profond et \u00e9nigmatique s\u2019illumine d\u2019un ballet de veines blanches, caramel, rouge\u00e2tres, dor\u00e9es et brunes. Chaque pi\u00e8ce raconte une histoire d\u2019art g\u00e9ologique, une toile o\u00f9 la nature a peint son dessin le plus opulent.<\/p>\n<p>Galaxy Green Onyx : Un fond vert clair magnifiquement rehauss\u00e9 de vagues blanches, entrecoup\u00e9es de veines bronze, brun dor\u00e9 terreux et rouge\u00e2tres. Extrait en tr\u00e8s petites quantit\u00e9s, cet onyx translucide est une vari\u00e9t\u00e9 rare et exclusive.<\/p>\n<p data-start=\"1336\" data-end=\"1483\"><a href=\"https:\/\/forzini.com\/fr\/materiaux\/\" target=\"_blank\" rel=\"noopener\">D\u00e9couvrez notre s\u00e9lection exclusive de marbres et d\u2019onyx ici:<\/a><a href=\"https:\/\/forzini.com\/fr\/materiaux\/\" target=\"_blank\" rel=\"noopener\" data-start=\"1939\" data-end=\"1953\"> Mat\u00e9riaux<\/a><\/p>\n","protected":false},"excerpt":{"rendered":"<h1>Plateau \u00e0 g\u00e2teau moderne en pierre naturelle.<\/h1>\n<p>Ce <strong>plateau \u00e0 g\u00e2teau moderne<\/strong> est un accessoire sophistiqu\u00e9 qui apporte distinction \u00e0 tout environnement. Con\u00e7u sur pied, il est id\u00e9al pour pr\u00e9senter des tartes, des fruits ou des compositions d\u00e9coratives, cr\u00e9ant un impact visuel imm\u00e9diat.<\/p>\n<p>Son design associe harmonieusement fonctionnalit\u00e9 et style, en faisant une pi\u00e8ce polyvalente\u202f: parfait pour embellir la table au quotidien, ajouter une touche raffin\u00e9e lors des c\u00e9l\u00e9brations ou devenir un cadeau \u00e9l\u00e9gant et m\u00e9morable.<\/p>\n<h2><strong>Dimensions :<\/strong> Diam\u00e8tre 25 cm, Hauteur 12 cm<\/h2>\n<div><\/div>\n<p>&nbsp;<\/p>\n<p>&nbsp;<\/p>\n","protected":false},"featured_media":21681,"comment_status":"closed","ping_status":"closed","template":"","meta":{"_acf_changed":false,"_joinchat":[]},"product_brand":[],"product_cat":[187,380],"product_tag":[190],"class_list":{"0":"post-21776","1":"product","2":"type-product","3":"status-publish","4":"has-post-thumbnail","6":"product_cat-accessoires","7":"product_cat-accessoires-de-table","8":"product_tag-onyx-fr","10":"first","11":"instock","12":"sale","13":"shipping-taxable","14":"purchasable","15":"product-type-simple"},"acf":[],"_links":{"self":[{"href":"https:\/\/forzini.com\/fr\/wp-json\/wp\/v2\/product\/21776","targetHints":{"allow":["GET"]}}],"collection":[{"href":"https:\/\/forzini.com\/fr\/wp-json\/wp\/v2\/product"}],"about":[{"href":"https:\/\/forzini.com\/fr\/wp-json\/wp\/v2\/types\/product"}],"replies":[{"embeddable":true,"href":"https:\/\/forzini.com\/fr\/wp-json\/wp\/v2\/comments?post=21776"}],"version-history":[{"count":0,"href":"https:\/\/forzini.com\/fr\/wp-json\/wp\/v2\/product\/21776\/revisions"}],"wp:featuredmedia":[{"embeddable":true,"href":"https:\/\/forzini.com\/fr\/wp-json\/wp\/v2\/media\/21681"}],"wp:attachment":[{"href":"https:\/\/forzini.com\/fr\/wp-json\/wp\/v2\/media?parent=21776"}],"wp:term":[{"taxonomy":"product_brand","embeddable":true,"href":"https:\/\/forzini.com\/fr\/wp-json\/wp\/v2\/product_brand?post=21776"},{"taxonomy":"product_cat","embeddable":true,"href":"https:\/\/forzini.com\/fr\/wp-json\/wp\/v2\/product_cat?post=21776"},{"taxonomy":"product_tag","embeddable":true,"href":"https:\/\/forzini.com\/fr\/wp-json\/wp\/v2\/product_tag?post=21776"}],"curies":[{"name":"wp","href":"https:\/\/api.w.org\/{rel}","templated":true}]}}