{"id":13537,"date":"2025-05-25T17:46:19","date_gmt":"2025-05-25T15:46:19","guid":{"rendered":"https:\/\/forzini.com\/producto\/bandeja-grande-de-marmol\/"},"modified":"2025-05-29T23:01:39","modified_gmt":"2025-05-29T21:01:39","slug":"plateau-de-service-en-marbre","status":"publish","type":"product","link":"https:\/\/forzini.com\/fr\/producto\/plateau-de-service-en-marbre\/","title":{"rendered":"Plateau de service en marbre"},"content":{"rendered":"<h2>Plateau de service en marbre<\/h2>\n<p>Cette impressionnante plateau de service en marbre onyx, fa\u00e7onn\u00e9e \u00e0 la main, se distingue par sa forme ovale aux contours irr\u00e9guliers et sa texture parfaitement polie. La pierre r\u00e9v\u00e8le un jeu de tonalit\u00e9s uniques \u2014 du beige doux au dor\u00e9 miel \u2014 avec des veines naturelles qui conf\u00e8rent \u00e0 chaque pi\u00e8ce une expression visuelle inimitable. Une cr\u00e9ation qui fusionne la nature et le design contemporain.<\/p>\n<p>Bien plus qu\u2019un simple plateau de service en marbre onyx, c\u2019est un accent d\u00e9coratif \u00e0 la pr\u00e9sence affirm\u00e9e, id\u00e9al pour sublimer une table de salle \u00e0 manger, une console d\u2019entr\u00e9e ou une \u00e9tag\u00e8re. Que ce soit comme plateau de centre de table, porte-bougies \u00e9l\u00e9gant ou coupe \u00e0 fruits d\u00e9corative, cette pi\u00e8ce s\u2019adapte avec style \u00e0 divers usages, apportant une touche de distinction \u00e0 tout environnement.<\/p>\n<p>Gr\u00e2ce \u00e0 la singularit\u00e9 de l\u2019onyx naturel, chaque plateau poss\u00e8de ses propres nuances et formes, ce qui en fait une v\u00e9ritable \u0153uvre d\u2019art organique, parfaite pour ceux qui appr\u00e9cient l\u2019exclusivit\u00e9, l\u2019\u00e9l\u00e9gance subtile et le design avec caract\u00e8re.<\/p>\n<p>Onyx Toffee Marron \u2013 une pierre exceptionnelle avec un fond oscillant entre marron clair et marron profond, cr\u00e9ant une base riche et enveloppante. Ses veines aux teintes cr\u00e8me, chocolat au lait et caramel se fondent harmonieusement, formant un design \u00e9l\u00e9gant et unique, avec des transitions de couleur douces qui mettent en valeur sa beaut\u00e9 naturelle.<\/p>\n<p>Cet onyx se distingue par sa chaleur visuelle et sa profondeur, \u00e9voquant la sophistication des mat\u00e9riaux nobles. Son motif raffin\u00e9 et son \u00e9clat d\u00e9licat en font un choix exclusif pour ceux qui recherchent un mat\u00e9riau combinant luxe et authenticit\u00e9 dans leur d\u00e9coration.<\/p>\n<p>&nbsp;<\/p>\n<p><a href=\"https:\/\/forzini.com\/fr\/materiaux\/\" target=\"_blank\" rel=\"noopener\">D\u00e9couvrez notre s\u00e9lection exclusive de marbres et d\u2019onyx ici:<\/a><a href=\"https:\/\/forzini.com\/fr\/materiaux\/\" target=\"_blank\" rel=\"noopener\" data-start=\"1939\" data-end=\"1953\"> Mat\u00e9riaux<\/a><\/p>\n","protected":false},"excerpt":{"rendered":"<h1>Plateau de service en marbre<\/h1>\n<p>pi\u00e8ce d\u00e9corative et fonctionnelle qui apporte une touche de distinction et de luxe subtil \u00e0 tout espace. Son design polyvalent permet de l\u2019utiliser comme centre de table, vide-poche, plateau pour bougies ou simplement comme un \u00e9l\u00e9gant bol d\u00e9coratif. Id\u00e9ale pour les espaces de style minimaliste, nordique, moderne, contemporain ou classique, cette coupe se distingue par l\u2019impressionnante beaut\u00e9 de l\u2019onyx et sa forme singuli\u00e8re et irr\u00e9guli\u00e8re, en faisant un \u00e9l\u00e9ment d\u00e9coratif unique et sophistiqu\u00e9.<\/p>\n<p>Son format g\u00e9n\u00e9reux en fait une pi\u00e8ce remarquable, capable de sublimer n\u2019importe quel environnement, du hall d\u2019entr\u00e9e \u00e0 la salle \u00e0 manger, ajoutant une touche de caract\u00e8re et de sophistication. La richesse naturelle de l\u2019onyx et son artisanat impeccable en font une pi\u00e8ce unique et exclusive, id\u00e9ale pour ceux qui recherchent des objets d\u00e9coratifs avec du caract\u00e8re.<\/p>\n<p>Si vous cherchez un cadeau sp\u00e9cial, c\u2019est un choix parfait. Sa combinaison de beaut\u00e9 intemporelle, d\u2019exclusivit\u00e9 et de raffinement en fait un pr\u00e9sent inoubliable qui s\u00e9duit par sa pr\u00e9sence unique.<\/p>\n<h3>Dimensions : Longueur 35\/45 cm, Largeur 25\/30 cm, Hauteur 7 cm<\/h3>\n","protected":false},"featured_media":13494,"comment_status":"closed","ping_status":"closed","template":"","meta":{"_acf_changed":false,"_joinchat":[]},"product_brand":[],"product_cat":[187,380],"product_tag":[190],"class_list":{"0":"post-13537","1":"product","2":"type-product","3":"status-publish","4":"has-post-thumbnail","6":"product_cat-accessoires","7":"product_cat-accessoires-de-table","8":"product_tag-onyx-fr","10":"first","11":"instock","12":"sale","13":"shipping-taxable","14":"purchasable","15":"product-type-simple"},"acf":[],"_links":{"self":[{"href":"https:\/\/forzini.com\/fr\/wp-json\/wp\/v2\/product\/13537","targetHints":{"allow":["GET"]}}],"collection":[{"href":"https:\/\/forzini.com\/fr\/wp-json\/wp\/v2\/product"}],"about":[{"href":"https:\/\/forzini.com\/fr\/wp-json\/wp\/v2\/types\/product"}],"replies":[{"embeddable":true,"href":"https:\/\/forzini.com\/fr\/wp-json\/wp\/v2\/comments?post=13537"}],"version-history":[{"count":0,"href":"https:\/\/forzini.com\/fr\/wp-json\/wp\/v2\/product\/13537\/revisions"}],"wp:featuredmedia":[{"embeddable":true,"href":"https:\/\/forzini.com\/fr\/wp-json\/wp\/v2\/media\/13494"}],"wp:attachment":[{"href":"https:\/\/forzini.com\/fr\/wp-json\/wp\/v2\/media?parent=13537"}],"wp:term":[{"taxonomy":"product_brand","embeddable":true,"href":"https:\/\/forzini.com\/fr\/wp-json\/wp\/v2\/product_brand?post=13537"},{"taxonomy":"product_cat","embeddable":true,"href":"https:\/\/forzini.com\/fr\/wp-json\/wp\/v2\/product_cat?post=13537"},{"taxonomy":"product_tag","embeddable":true,"href":"https:\/\/forzini.com\/fr\/wp-json\/wp\/v2\/product_tag?post=13537"}],"curies":[{"name":"wp","href":"https:\/\/api.w.org\/{rel}","templated":true}]}}