{"id":13528,"date":"2025-05-25T15:07:32","date_gmt":"2025-05-25T13:07:32","guid":{"rendered":"https:\/\/forzini.com\/producto\/tazon-decorativo-de-marmol\/"},"modified":"2025-05-29T20:14:28","modified_gmt":"2025-05-29T18:14:28","slug":"grande-coupe-decorative-en-marbre","status":"publish","type":"product","link":"https:\/\/forzini.com\/fr\/producto\/grande-coupe-decorative-en-marbre\/","title":{"rendered":"Grande coupe d\u00e9corative en marbre"},"content":{"rendered":"<h2 data-start=\"276\" data-end=\"660\">Grande coupe d\u00e9corative en marbre<\/h2>\n<p>Cette grande coupe d\u00e9corative en marbre onyx beige est bien plus qu\u2019un simple accessoire : c\u2019est une pi\u00e8ce de design qui transforme n\u2019importe quel espace. Sa forme ronde, parfaitement polie et aux parois lisses au toucher, met en valeur la beaut\u00e9 naturelle de l\u2019onyx, une pierre semi-pr\u00e9cieuse qui pr\u00e9sente une palette unique de couleurs allant du beige cr\u00e8me aux nuances caramel et toffee intense.<\/p>\n<p>Gr\u00e2ce \u00e0 sa pr\u00e9sence sophistiqu\u00e9e et son design intemporel, ce bol s\u2019int\u00e8gre facilement dans les styles d\u00e9coratifs contemporains, nordiques, Japandi, modernes ou m\u00eame rustiques. Son format g\u00e9n\u00e9reux en fait un centre de table spectaculaire, id\u00e9al pour les occasions sp\u00e9ciales, comme coupe \u00e0 fruits design, vide-poche \u00e9l\u00e9gant ou simplement comme accent d\u00e9coratif raffin\u00e9 sur une table de salle \u00e0 manger, une cuisine, un hall d\u2019entr\u00e9e ou une console.<\/p>\n<p>Chaque pi\u00e8ce est unique et inimitable, sculpt\u00e9e artisanalement en marbre onyx naturel, avec des veines et des nuances qui lui conf\u00e8rent caract\u00e8re et distinction. En plus d\u2019embellir, elle est pratique et fonctionnelle pour un usage quotidien.<\/p>\n<p>Si vous recherchez un cadeau original et \u00e9l\u00e9gant, ce bol en marbre onyx est un choix parfait : exclusif, utile et plein de personnalit\u00e9.<\/p>\n<p>Creama Cachemir Onyx \u2013 une pierre exceptionnelle avec un fond cr\u00e8me chaud, travers\u00e9 par des veines uniques en tons blanc, dor\u00e9, caramel et toffee intense. Ces lignes naturelles parcourent sa surface avec un motif harmonieux et inimitable, offrant une esth\u00e9tique sophistiqu\u00e9e et exclusive.<\/p>\n<p>&nbsp;<\/p>\n<p data-start=\"1336\" data-end=\"1483\"><a href=\"https:\/\/forzini.com\/fr\/materiaux\/\" target=\"_blank\" rel=\"noopener\">D\u00e9couvrez notre s\u00e9lection exclusive de marbres et d\u2019onyx ici:<\/a><a href=\"https:\/\/forzini.com\/fr\/materiaux\/\" target=\"_blank\" rel=\"noopener\" data-start=\"1939\" data-end=\"1953\"> Mat\u00e9riaux<\/a><\/p>\n","protected":false},"excerpt":{"rendered":"<h1>Grande coupe d\u00e9corative en marbre<\/h1>\n<p>Onyx de grande taille, un accent d\u00e9coratif sophistiqu\u00e9 qui apporte luxe et exclusivit\u00e9 \u00e0 tout espace. Sa forme ronde met en valeur les veines uniques de l\u2019onyx naturel, variant entre cr\u00e8me, blanc beige et toffee intense. Id\u00e9al comme coupe \u00e0 fruits, vide-poche ou centre de table, il s\u2019adapte parfaitement aux styles modernes, nordiques, Japandi ou rustiques. Chaque pi\u00e8ce est unique et inimitable, ce qui en fait un cadeau exceptionnel pour ceux qui appr\u00e9cient la beaut\u00e9 naturelle et le design exclusif.<\/p>\n<h3><strong>Dimensions : Diam\u00e8tre 30 cm, Hauteur 6 cm<\/strong><\/h3>\n<p>&nbsp;<\/p>\n","protected":false},"featured_media":13402,"comment_status":"closed","ping_status":"closed","template":"","meta":{"_acf_changed":false,"_joinchat":[]},"product_brand":[],"product_cat":[187,380],"product_tag":[190],"class_list":{"0":"post-13528","1":"product","2":"type-product","3":"status-publish","4":"has-post-thumbnail","6":"product_cat-accessoires","7":"product_cat-accessoires-de-table","8":"product_tag-onyx-fr","10":"first","11":"instock","12":"sale","13":"shipping-taxable","14":"purchasable","15":"product-type-simple"},"acf":[],"_links":{"self":[{"href":"https:\/\/forzini.com\/fr\/wp-json\/wp\/v2\/product\/13528","targetHints":{"allow":["GET"]}}],"collection":[{"href":"https:\/\/forzini.com\/fr\/wp-json\/wp\/v2\/product"}],"about":[{"href":"https:\/\/forzini.com\/fr\/wp-json\/wp\/v2\/types\/product"}],"replies":[{"embeddable":true,"href":"https:\/\/forzini.com\/fr\/wp-json\/wp\/v2\/comments?post=13528"}],"version-history":[{"count":0,"href":"https:\/\/forzini.com\/fr\/wp-json\/wp\/v2\/product\/13528\/revisions"}],"wp:featuredmedia":[{"embeddable":true,"href":"https:\/\/forzini.com\/fr\/wp-json\/wp\/v2\/media\/13402"}],"wp:attachment":[{"href":"https:\/\/forzini.com\/fr\/wp-json\/wp\/v2\/media?parent=13528"}],"wp:term":[{"taxonomy":"product_brand","embeddable":true,"href":"https:\/\/forzini.com\/fr\/wp-json\/wp\/v2\/product_brand?post=13528"},{"taxonomy":"product_cat","embeddable":true,"href":"https:\/\/forzini.com\/fr\/wp-json\/wp\/v2\/product_cat?post=13528"},{"taxonomy":"product_tag","embeddable":true,"href":"https:\/\/forzini.com\/fr\/wp-json\/wp\/v2\/product_tag?post=13528"}],"curies":[{"name":"wp","href":"https:\/\/api.w.org\/{rel}","templated":true}]}}