{"id":13268,"date":"2025-05-19T22:58:41","date_gmt":"2025-05-19T20:58:41","guid":{"rendered":"https:\/\/forzini.com\/producto\/lavabo-de-diseno-de-onix\/"},"modified":"2025-05-21T10:22:05","modified_gmt":"2025-05-21T08:22:05","slug":"lave-main-en-pierre","status":"publish","type":"product","link":"https:\/\/forzini.com\/fr\/producto\/lave-main-en-pierre\/","title":{"rendered":"Lave-main en pierre"},"content":{"rendered":"<h1>Lave-main en pierre \u00ab\u00a0Aether O\u00a0\u00bb<\/h1>\n<p>Ce magnifique lave-mains en pierre d\u2019onyx orange est une v\u00e9ritable \u0153uvre d\u2019art, alliant esth\u00e9tique et fonctionnalit\u00e9 dans un seul \u00e9l\u00e9ment raffin\u00e9. Sa tonalit\u00e9 orange fascinante, enrichie de subtiles veines uniques, cr\u00e9e un effet visuel captivant, en faisant le point central de tout espace salle de bain.<\/p>\n<p>Con\u00e7u pour une installation sur plan de toilette, ce lavabo combine forme ronde et \u00e9l\u00e9gance intemporelle, offrant non seulement un design attrayant, mais aussi un usage pratique et confortable au quotidien. Sa polyvalence lui permet de s\u2019adapter parfaitement \u00e0 tous les styles d\u00e9coratifs, qu\u2019ils soient modernes, classiques ou contemporains.<\/p>\n<p>Pour ceux qui recherchent une touche de luxe et d\u2019exclusivit\u00e9, ce lavabo en onyx est une option incomparable. De plus, gr\u00e2ce \u00e0 la r\u00e9sistance et \u00e0 la durabilit\u00e9 naturelle de l\u2019onyx, sa beaut\u00e9 et sa fonctionnalit\u00e9 restent intactes au fil du temps, assurant un espace \u00e9l\u00e9gant et plein de caract\u00e8re.<\/p>\n<p>L\u2019Onyx Miel Nougat :\u00a0Cette pierre pr\u00e9cieuse est c\u00e9l\u00e8bre pour sa capacit\u00e9 \u00e0 capturer et transformer la lumi\u00e8re. Son ton chaleureux orang\u00e9, avec des nuances douces cr\u00e8me et blanc, s\u2019illumine de mani\u00e8re unique selon les conditions lumineuses, cr\u00e9ant une sensation de changement constant. D\u2019un \u00e9clat d\u00e9licat et translucide sous une faible luminosit\u00e9 \u00e0 un rayonnement ambr\u00e9 intense lorsque la lumi\u00e8re la traverse, cet onyx est une v\u00e9ritable \u0153uvre d\u2019art naturelle en constante \u00e9volution.<\/p>\n<p>Originaire d\u2019un coin recul\u00e9 pr\u00e8s du d\u00e9sert du Sahara, cette vari\u00e9t\u00e9 d\u2019onyx est extraite en quantit\u00e9s extr\u00eamement limit\u00e9es, en faisant un mat\u00e9riau exclusif et pris\u00e9 par les designers et collectionneurs. Son unicit\u00e9 r\u00e9side dans ses motifs complexes et uniques, avec une palette de couleurs allant du cr\u00e8me et caramel \u00e0 l\u2019orange profond et ocre, parfois rehauss\u00e9e de fines veines rouge\u00e2tres, lui conf\u00e9rant un caract\u00e8re fascinant.<\/p>\n<p>Un lave-mains en Onyx Miel Nougat, sculpt\u00e9 \u00e0 la main avec une pr\u00e9cision artisanale, est bien plus qu\u2019un simple \u00e9l\u00e9ment fonctionnel\u2014c\u2019est un symbole de sophistication et d\u2019exclusivit\u00e9. Chaque pi\u00e8ce est unique, refl\u00e9tant la richesse naturelle et la magie changeante de la lumi\u00e8re.<\/p>\n<p>Poss\u00e9der une pi\u00e8ce de cet onyx exceptionnel, c\u2019est d\u00e9tenir un fragment du d\u00e9sert transform\u00e9 en pure \u00e9l\u00e9gance, une connexion \u00e0 l\u2019histoire g\u00e9ologique de la Terre sous sa plus belle expression min\u00e9rale.<\/p>\n<p>&nbsp;<\/p>\n<p><a href=\"https:\/\/forzini.com\/fr\/materiaux\/\" target=\"_blank\" rel=\"noopener\">D\u00e9couvrez notre collection de marbres et d\u2019onyx via ce lien: <\/a><a href=\"https:\/\/forzini.com\/fr\/materiaux\/\" target=\"_blank\" rel=\"noopener\">Mat\u00e9riaux<\/a><\/p>\n<h4><strong data-start=\"2404\" data-end=\"2436\">Caract\u00e9ristiques principales<\/strong><\/h4>\n<h4>Installation: sur le comptoir des meubles de la salle de bains<\/h4>\n<h4>Diam\u00e8tre du trou d\u2019\u00e9vacuation: 4,5 cm (standard europ\u00e9en).<\/h4>\n<h4>Type de bonde compatible: Valve universelle (non incluse), sans trop-plein.<\/h4>\n<h4>Type de robinet compatible:<\/h4>\n<h4>Installation: Sur le comptoir ou mural (non inclus).<\/h4>\n<h4>Non inclus: Siphon, bonde d\u2019\u00e9vacuation, robinet.<\/h4>\n","protected":false},"excerpt":{"rendered":"<h2>Lave-main en pierre<\/h2>\n<div tabindex=\"0\" role=\"article\" data-tabster=\"{&quot;groupper&quot;:{&quot;tabbability&quot;:2},&quot;focusable&quot;:{}}\" data-content=\"ai-message\" aria-labelledby=\"Bs55EwMNDg9es62RJvoC9-author} Bs55EwMNDg9es62RJvoC9-content-0\">\n<div id=\"Bs55EwMNDg9es62RJvoC9-content-0\">\n<p>onyx, avec sa forme ronde en bol, est une v\u00e9ritable \u0153uvre d\u2019art pour la salle de bain. Sa surface soigneusement polie met en valeur les nuances naturelles de l\u2019onyx, en faisant un point focal \u00e9l\u00e9gant qui attire tous les regards.<\/p>\n<p>Chaque pi\u00e8ce est sculpt\u00e9e \u00e0 la main par des artisans experts, mettant en lumi\u00e8re les veines et variations uniques de l\u2019onyx pour cr\u00e9er une esth\u00e9tique irrempla\u00e7able. Con\u00e7u pour une installation sur plan de toilette, il ajoute une touche de raffinement et de luxe \u00e0 tout style de salle de bain.<\/p>\n<h3>\u00a0Dimensions : Diam\u00e8tre 40 cm, hauteur 13 cm.<\/h3>\n<\/div>\n<\/div>\n","protected":false},"featured_media":13238,"comment_status":"open","ping_status":"closed","template":"","meta":{"_acf_changed":false,"_joinchat":[]},"product_brand":[],"product_cat":[331,186],"product_tag":[],"class_list":{"0":"post-13268","1":"product","2":"type-product","3":"status-publish","4":"has-post-thumbnail","6":"product_cat-lavabos-onyx","7":"product_cat-vasques","9":"first","10":"outofstock","11":"sale","12":"shipping-taxable","13":"purchasable","14":"product-type-simple"},"acf":[],"_links":{"self":[{"href":"https:\/\/forzini.com\/fr\/wp-json\/wp\/v2\/product\/13268","targetHints":{"allow":["GET"]}}],"collection":[{"href":"https:\/\/forzini.com\/fr\/wp-json\/wp\/v2\/product"}],"about":[{"href":"https:\/\/forzini.com\/fr\/wp-json\/wp\/v2\/types\/product"}],"replies":[{"embeddable":true,"href":"https:\/\/forzini.com\/fr\/wp-json\/wp\/v2\/comments?post=13268"}],"version-history":[{"count":0,"href":"https:\/\/forzini.com\/fr\/wp-json\/wp\/v2\/product\/13268\/revisions"}],"wp:featuredmedia":[{"embeddable":true,"href":"https:\/\/forzini.com\/fr\/wp-json\/wp\/v2\/media\/13238"}],"wp:attachment":[{"href":"https:\/\/forzini.com\/fr\/wp-json\/wp\/v2\/media?parent=13268"}],"wp:term":[{"taxonomy":"product_brand","embeddable":true,"href":"https:\/\/forzini.com\/fr\/wp-json\/wp\/v2\/product_brand?post=13268"},{"taxonomy":"product_cat","embeddable":true,"href":"https:\/\/forzini.com\/fr\/wp-json\/wp\/v2\/product_cat?post=13268"},{"taxonomy":"product_tag","embeddable":true,"href":"https:\/\/forzini.com\/fr\/wp-json\/wp\/v2\/product_tag?post=13268"}],"curies":[{"name":"wp","href":"https:\/\/api.w.org\/{rel}","templated":true}]}}