{"id":10756,"date":"2025-03-30T20:00:43","date_gmt":"2025-03-30T18:00:43","guid":{"rendered":"https:\/\/forzini.com\/?post_type=product&#038;p=10756"},"modified":"2025-10-03T19:16:44","modified_gmt":"2025-10-03T17:16:44","slug":"plateau-decoratif-marocain","status":"publish","type":"product","link":"https:\/\/forzini.com\/fr\/producto\/plateau-decoratif-marocain\/","title":{"rendered":"Plateau d\u00e9coratif marocain"},"content":{"rendered":"<h1 class=\"product_title entry-title\">Plateau d\u00e9coratif marocain<\/h1>\n<p>Ce magnifique <strong>plateau d\u00e9coratif marocain<\/strong> en c\u00e9ramique, fait \u00e0 la main par les talentueux artisans de Safi, est un v\u00e9ritable symbole de tradition. Chaque pi\u00e8ce, m\u00e9ticuleusement fabriqu\u00e9e et peinte \u00e0 la main, refl\u00e8te l&rsquo;h\u00e9ritage de g\u00e9n\u00e9rations d\u00e9di\u00e9es au perfectionnement de l&rsquo;art de la c\u00e9ramique. Les couleurs vives et les motifs complexes font de chaque plateau un bijou unique.<\/p>\n<p>Alliant parfaitement beaut\u00e9 et fonctionnalit\u00e9, ce plateau d\u00e9coratif se pr\u00eate \u00e0 de multiples usages. Qu&rsquo;il soit accroch\u00e9 au mur en tant qu&rsquo;\u00e9l\u00e9ment d\u00e9coratif ou utilis\u00e9 comme plat \u00e0 fruits \u00e9l\u00e9gant ou comme centre de table spectaculaire, il ajoute une touche intemporelle et sophistiqu\u00e9e \u00e0 n&rsquo;importe quel espace.<\/p>\n<p>Ce plateau incarne non seulement la richesse culturelle du Maroc, mais aussi la passion et le savoir-faire des artisans qui l&rsquo;ont r\u00e9alis\u00e9. Sa singularit\u00e9 en fait une pi\u00e8ce incontournable pour ceux qui recherchent quelque chose d&rsquo;extraordinaire pour leur maison ou leur collection.<\/p>\n<p>&nbsp;<\/p>\n<p>Caract\u00e9ristiques principales :<\/p>\n<h3>Diam\u00e8tre : 35 cm<br \/>\nHauteur : 6-7 cm<\/h3>\n","protected":false},"excerpt":{"rendered":"<h2 class=\"product_title entry-title\">Plateau d\u00e9coratif marocain<\/h2>\n<p>Ce plateau d\u00e9coratif marocain en c\u00e9ramique, fait \u00e0 la main par les ma\u00eetres de Safi, se distingue par son design unique et ses couleurs vibrantes qui en font une pi\u00e8ce exceptionnelle. Id\u00e9al comme coupe \u00e0 fruits, pi\u00e8ce ma\u00eetresse ou \u00e9l\u00e9ment d\u00e9coratif, il allie tradition et \u00e9l\u00e9gance. Chaque plateau refl\u00e8te le riche h\u00e9ritage culturel du Maroc et le d\u00e9vouement de ses cr\u00e9ateurs, apportant une touche sp\u00e9ciale \u00e0 toute maison.<\/p>\n","protected":false},"featured_media":17446,"comment_status":"closed","ping_status":"closed","template":"","meta":{"_acf_changed":false,"_joinchat":[]},"product_brand":[],"product_cat":[187,380],"product_tag":[240],"class_list":{"0":"post-10756","1":"product","2":"type-product","3":"status-publish","4":"has-post-thumbnail","6":"product_cat-accessoires","7":"product_cat-accessoires-de-table","8":"product_tag-ceramique","10":"first","11":"instock","12":"sale","13":"featured","14":"shipping-taxable","15":"purchasable","16":"product-type-simple"},"acf":[],"_links":{"self":[{"href":"https:\/\/forzini.com\/fr\/wp-json\/wp\/v2\/product\/10756","targetHints":{"allow":["GET"]}}],"collection":[{"href":"https:\/\/forzini.com\/fr\/wp-json\/wp\/v2\/product"}],"about":[{"href":"https:\/\/forzini.com\/fr\/wp-json\/wp\/v2\/types\/product"}],"replies":[{"embeddable":true,"href":"https:\/\/forzini.com\/fr\/wp-json\/wp\/v2\/comments?post=10756"}],"version-history":[{"count":0,"href":"https:\/\/forzini.com\/fr\/wp-json\/wp\/v2\/product\/10756\/revisions"}],"wp:featuredmedia":[{"embeddable":true,"href":"https:\/\/forzini.com\/fr\/wp-json\/wp\/v2\/media\/17446"}],"wp:attachment":[{"href":"https:\/\/forzini.com\/fr\/wp-json\/wp\/v2\/media?parent=10756"}],"wp:term":[{"taxonomy":"product_brand","embeddable":true,"href":"https:\/\/forzini.com\/fr\/wp-json\/wp\/v2\/product_brand?post=10756"},{"taxonomy":"product_cat","embeddable":true,"href":"https:\/\/forzini.com\/fr\/wp-json\/wp\/v2\/product_cat?post=10756"},{"taxonomy":"product_tag","embeddable":true,"href":"https:\/\/forzini.com\/fr\/wp-json\/wp\/v2\/product_tag?post=10756"}],"curies":[{"name":"wp","href":"https:\/\/api.w.org\/{rel}","templated":true}]}}