{"id":10655,"date":"2025-03-29T22:03:22","date_gmt":"2025-03-29T21:03:22","guid":{"rendered":"https:\/\/forzini.com\/?post_type=product&#038;p=10655"},"modified":"2025-03-31T10:13:28","modified_gmt":"2025-03-31T08:13:28","slug":"coupe-en-marbre-noir","status":"publish","type":"product","link":"https:\/\/forzini.com\/fr\/producto\/coupe-en-marbre-noir\/","title":{"rendered":"Coupe en marbre noir"},"content":{"rendered":"<h1>Coupe en marbre noir<\/h1>\n<p>Ce grand <strong>coupe en marbre noir<\/strong> se distingue par sa forme irr\u00e9guli\u00e8re saisissante qui d\u00e9gage \u00e9l\u00e9gance et raffinement. Id\u00e9al pour contenir des fruits, servir des mets d\u00e9licats ou organiser vos essentiels, il se d\u00e9marque \u00e9galement comme une magnifique pi\u00e8ce ma\u00eetresse qui attire tous les regards avec ses motifs ornementaux uniques. Parfait pour d\u00e9corer de grandes tables, il ajoute une touche de luxe \u00e0 tout int\u00e9rieur. Offert comme cadeau original et r\u00e9fl\u00e9chi pour sublimer un d\u00e9cor ou appr\u00e9ci\u00e9 comme une pi\u00e8ce de collection rare, ce plat en marbre est une combinaison intemporelle d\u2019art et de fonctionnalit\u00e9.<\/p>\n<p>Aether Pearl Marble \u2013 l\u2019un des marbres les plus rares et les plus fascinants de la plan\u00e8te. Cette pierre d\u2019un noir profond, voil\u00e9e d\u2019une brume gris fonc\u00e9, est orn\u00e9e des vestiges fossilis\u00e9s de cr\u00e9atures datant de 460 millions d\u2019ann\u00e9es \u2013 ammonites, trilobites et orthoc\u00e8res. Ces anciens habitants marins, ainsi que des empreintes d\u00e9licates de corail, sont conserv\u00e9s \u00e0 jamais dans la surface de la pierre, cr\u00e9ant une tapisserie fascinante de vie pr\u00e9historique.<\/p>\n<p>Ce marbre extraordinaire murmure des \u00e9chos de l\u2019\u00e8re pal\u00e9ozo\u00efque, souvent appel\u00e9e l\u2019 \u00ab\u00a0\u00e8re des poissons \u00ab\u00a0, une p\u00e9riode o\u00f9 les premi\u00e8res for\u00eats de la Terre commen\u00e7aient \u00e0 se former, bien avant l\u2019existence des humains. L\u2019Aether Pearl n\u2019est pas simplement une pierre \u2013 c\u2019est un fragment de l\u2019histoire la plus profonde de notre plan\u00e8te.<\/p>\n<p>Parfois, ce marbre est sublim\u00e9 par des \u00e9clats de calcite blanche translucide, ajoutant une lueur \u00e9th\u00e9r\u00e9e \u00e0 son apparence d\u00e9j\u00e0 envo\u00fbtante. Ces formations cristallines rendent chaque plaque totalement unique, comme des \u00e9chos fig\u00e9s d\u2019un oc\u00e9an ancien.<\/p>\n<p>Ce qui rend la marbre Aether Pearl encore plus pr\u00e9cieux, c&rsquo;est son extraordinaire raret\u00e9. Elle se trouve exclusivement dans un coin recul\u00e9, cach\u00e9 dans les vastes \u00e9tendues du d\u00e9sert du Sahara. Extraite en quantit\u00e9s soigneusement limit\u00e9es, cette bille est un v\u00e9ritable tr\u00e9sor pour les collectionneurs : un chef-d&rsquo;\u0153uvre naturel qui combine le temps, la g\u00e9ologie et l&rsquo;histoire marine d&rsquo;une mani\u00e8re unique et in\u00e9gal\u00e9e sur Terre.<\/p>\n<p>Poss\u00e9der cette pi\u00e8ce, c&rsquo;est voyager dans le temps, se connecter \u00e0 l&rsquo;histoire \u00e0 travers une relique pr\u00e9historique magistralement sculpt\u00e9e par nos artisans. Il ne s&rsquo;agit pas d&rsquo;un simple objet d\u00e9coratif, mais d&rsquo;une cr\u00e9ation unique qui peut \u00eatre utilis\u00e9e comme plateau, coupe \u00e0 fruits, centre de table ou bol. Sa beaut\u00e9 intemporelle s\u00e9duira tout le monde et laissera vos invit\u00e9s \u00e9merveill\u00e9s.<\/p>\n<p>Caract\u00e9ristiques principales :<\/p>\n<h3>Longues: 25-30 cm<\/h3>\n<h3>Largeur : 20-24 cm<\/h3>\n<h3>Hauteur : 7 cm<\/h3>\n<h3>Poids : 1,2-1,5 kg<\/h3>\n<p>D\u00e9couvrez notre s\u00e9lection exclusive de marbres et d\u2019onyx ici:<a href=\"https:\/\/forzini.com\/fr\/materiaux\/\" target=\"_blank\" rel=\"noopener\" data-start=\"1939\" data-end=\"1953\"> Mat\u00e9riaux<\/a><\/p>\n","protected":false},"excerpt":{"rendered":"<h2>Coupe en marbre noir<\/h2>\n<p>Cette \u00e9l\u00e9gante coupe en marbre noir fossilif\u00e8re, enrichie par les traces d\u00e9licates d&rsquo;une histoire ancienne, avec sa forme irr\u00e9guli\u00e8re saisissante, est parfaite comme pi\u00e8ce ma\u00eetresse d\u00e9corative pour les grandes tables. Id\u00e9al pour contenir des fruits, servir des douceurs ou organiser des essentiels, il s\u00e9duit par ses motifs uniques et son charme intemporel. Une pi\u00e8ce de collection rare ou un cadeau r\u00e9fl\u00e9chi pour sublimer tout design d&rsquo;int\u00e9rieur.<\/p>\n","protected":false},"featured_media":10669,"comment_status":"closed","ping_status":"closed","template":"","meta":{"_acf_changed":false,"_joinchat":[]},"product_brand":[],"product_cat":[187,380],"product_tag":[189],"class_list":{"0":"post-10655","1":"product","2":"type-product","3":"status-publish","4":"has-post-thumbnail","6":"product_cat-accessoires","7":"product_cat-accessoires-de-table","8":"product_tag-marbre","10":"first","11":"outofstock","12":"sale","13":"featured","14":"shipping-taxable","15":"purchasable","16":"product-type-simple"},"acf":[],"_links":{"self":[{"href":"https:\/\/forzini.com\/fr\/wp-json\/wp\/v2\/product\/10655","targetHints":{"allow":["GET"]}}],"collection":[{"href":"https:\/\/forzini.com\/fr\/wp-json\/wp\/v2\/product"}],"about":[{"href":"https:\/\/forzini.com\/fr\/wp-json\/wp\/v2\/types\/product"}],"replies":[{"embeddable":true,"href":"https:\/\/forzini.com\/fr\/wp-json\/wp\/v2\/comments?post=10655"}],"version-history":[{"count":0,"href":"https:\/\/forzini.com\/fr\/wp-json\/wp\/v2\/product\/10655\/revisions"}],"wp:featuredmedia":[{"embeddable":true,"href":"https:\/\/forzini.com\/fr\/wp-json\/wp\/v2\/media\/10669"}],"wp:attachment":[{"href":"https:\/\/forzini.com\/fr\/wp-json\/wp\/v2\/media?parent=10655"}],"wp:term":[{"taxonomy":"product_brand","embeddable":true,"href":"https:\/\/forzini.com\/fr\/wp-json\/wp\/v2\/product_brand?post=10655"},{"taxonomy":"product_cat","embeddable":true,"href":"https:\/\/forzini.com\/fr\/wp-json\/wp\/v2\/product_cat?post=10655"},{"taxonomy":"product_tag","embeddable":true,"href":"https:\/\/forzini.com\/fr\/wp-json\/wp\/v2\/product_tag?post=10655"}],"curies":[{"name":"wp","href":"https:\/\/api.w.org\/{rel}","templated":true}]}}