{"id":10544,"date":"2025-03-23T17:34:30","date_gmt":"2025-03-23T16:34:30","guid":{"rendered":"https:\/\/forzini.com\/?post_type=product&#038;p=10544"},"modified":"2025-08-14T17:30:53","modified_gmt":"2025-08-14T15:30:53","slug":"halteres-pour-femme","status":"publish","type":"product","link":"https:\/\/forzini.com\/fr\/producto\/halteres-pour-femme\/","title":{"rendered":"Halt\u00e8res pour femme &#8211; Set de poids en marbre"},"content":{"rendered":"<h2>H<span class=\"keyword _ngcontent-bve-116\" aria-hidden=\"false\">alt\u00e8res pour femme<\/span><\/h2>\n<p>Ce\u00a0<strong><span class=\"keyword _ngcontent-bve-116\" aria-hidden=\"false\">halt\u00e8res pour femme <\/span><\/strong>au design original et innovant est le compl\u00e9ment parfait pour toute salle de gym. Chaque ann\u00e9e, seules quelques unit\u00e9s sont produites \u00e0 la main, ce qui en fait des pi\u00e8ces v\u00e9ritablement uniques. Avec leurs formes douces et ergonomiques, ces <span class=\"keyword _ngcontent-bve-116\" aria-hidden=\"false\">halt\u00e8res pour femme <\/span>apportent une touche de singularit\u00e9 et de classe \u00e0 n&rsquo;importe quel espace. Les lignes esth\u00e9tiques et le design sp\u00e9cial de ces halt\u00e8res les font ressortir. Les courbes douces et les contours raffin\u00e9s ne sont pas seulement agr\u00e9ables \u00e0 regarder, mais fournissent \u00e9galement une exp\u00e9rience tactile plaisante.<\/p>\n<p>Le marbre utilis\u00e9 dans leur fabrication est d&rsquo;une beaut\u00e9 exceptionnelle, disponible en marbre noir avec des veines blanch\u00e2tres et motifs gris. Chaque halt\u00e8re p\u00e8se 1 kg et ce set est un cadeau magnifique pour ceux qui aiment le sport et recherchent quelque chose de tr\u00e8s exclusif, luxueux et diff\u00e9rent pour leur salle de gym. Son design \u00e9l\u00e9gant et le marbre pr\u00e9cieux utilis\u00e9 dans sa cr\u00e9ation en font un sujet de conversation et un compl\u00e9ment d\u00e9coratif qui embellit tout environnement.<\/p>\n<p>Chaque d\u00e9tail a \u00e9t\u00e9 soigneusement \u00e9labor\u00e9 \u00e0 la main pour combiner l&rsquo;esth\u00e9tique avec la praticit\u00e9, faisant de ces halt\u00e8res en marbre une pi\u00e8ce exceptionnelle.<\/p>\n<p>Notre conseil: Ces halt\u00e8res en marbre sont parfaits pour \u00eatre associ\u00e9s \u00e0 notre kettlebell en marbre \u00ab\u00a0<a href=\"https:\/\/forzini.com\/fr\/producto\/kettlebell-en-marbre-virtus-s\/\" target=\"_blank\" rel=\"noopener\">Virtus S<\/a>\u00ab\u00a0.<\/p>\n<p>Marbre Jet Noir: Il se distingue par sa couleur noire profonde, accentu\u00e9e par des veines blanches brillantes traversant le fond sombre. Ce contraste saisissant conf\u00e8re une sensation d&rsquo;\u00e9l\u00e9gance classique et attire tous les regards.<\/p>\n<p>Inspir\u00e9s par la connexion entre le corps, l&rsquo;esprit et l&rsquo;environnement, nous avons \u00e9lev\u00e9 la perception de la beaut\u00e9 dans chaque d\u00e9tail. Dans notre engagement \u00e0 fusionner la fonctionnalit\u00e9 des halt\u00e8res avec leur esth\u00e9tique, nous avons cr\u00e9\u00e9 un design unique pour nos halt\u00e8res en marbre. Chacune de ces pi\u00e8ces combine des lignes douces, une ergonomie exceptionnelle et la beaut\u00e9 intemporelle du marbre, un mat\u00e9riau si appr\u00e9ci\u00e9 pour son \u00e9l\u00e9gance et son style. Chaque halt\u00e8re est minutieusement taill\u00e9e \u00e0 la main, garantissant une perfection unique dans chaque ligne et courbe. Ce processus artisanal nous permet de produire seulement quelques unit\u00e9s par an, assurant que chaque set soit v\u00e9ritablement unique. Le marbre exceptionnel utilis\u00e9 dans nos collections assure \u00e0 nos pr\u00e9cieux clients une exclusivit\u00e9 distinctive, car aucun set n&rsquo;est identique.<\/p>\n<p>D\u00e9couvrez notre s\u00e9lection exclusive de marbres et d\u2019onyx ici: <a href=\"https:\/\/forzini.com\/fr\/materiaux\/\" target=\"_blank\" rel=\"noopener\" data-start=\"1939\" data-end=\"1953\">Mat\u00e9riaux<\/a><\/p>\n","protected":false},"excerpt":{"rendered":"<h1 class=\"keyword-text _ngcontent-bve-116\" aria-label=\"halt\u00e8res pour femme. This is a keyword you provided.\"><span class=\"keyword _ngcontent-bve-116\" aria-hidden=\"false\">Halt\u00e8res pour femme<\/span><\/h1>\n<p>d\u00e9coratifs sont la quintessence de l&rsquo;exclusivit\u00e9 et de l&rsquo;artisanat. Chaque ann\u00e9e, seules quelques unit\u00e9s sont fabriqu\u00e9es \u00e0 la main, ce qui en fait des pi\u00e8ces v\u00e9ritablement uniques. Avec leurs formes douces et ergonomiques, ces <span class=\"keyword _ngcontent-bve-116\" aria-hidden=\"false\">halt\u00e8res pour femme <\/span>sont confortables et ajoutent une touche d&rsquo;\u00e9l\u00e9gance \u00e0 toute salle de gym. Chaque d\u00e9tail a \u00e9t\u00e9 soigneusement \u00e9labor\u00e9 pour allier esth\u00e9tique et praticit\u00e9, faisant de ces halt\u00e8res en marbre une v\u00e9ritable \u0153uvre d&rsquo;art.<\/p>\n","protected":false},"featured_media":9716,"comment_status":"closed","ping_status":"closed","template":"","meta":{"_acf_changed":false,"_joinchat":[]},"product_brand":[],"product_cat":[187,365],"product_tag":[189],"class_list":{"0":"post-10544","1":"product","2":"type-product","3":"status-publish","4":"has-post-thumbnail","6":"product_cat-accessoires","7":"product_cat-accessoires-fitness-maison","8":"product_tag-marbre","10":"first","11":"instock","12":"sale","13":"featured","14":"shipping-taxable","15":"purchasable","16":"product-type-simple"},"acf":[],"_links":{"self":[{"href":"https:\/\/forzini.com\/fr\/wp-json\/wp\/v2\/product\/10544","targetHints":{"allow":["GET"]}}],"collection":[{"href":"https:\/\/forzini.com\/fr\/wp-json\/wp\/v2\/product"}],"about":[{"href":"https:\/\/forzini.com\/fr\/wp-json\/wp\/v2\/types\/product"}],"replies":[{"embeddable":true,"href":"https:\/\/forzini.com\/fr\/wp-json\/wp\/v2\/comments?post=10544"}],"version-history":[{"count":0,"href":"https:\/\/forzini.com\/fr\/wp-json\/wp\/v2\/product\/10544\/revisions"}],"wp:featuredmedia":[{"embeddable":true,"href":"https:\/\/forzini.com\/fr\/wp-json\/wp\/v2\/media\/9716"}],"wp:attachment":[{"href":"https:\/\/forzini.com\/fr\/wp-json\/wp\/v2\/media?parent=10544"}],"wp:term":[{"taxonomy":"product_brand","embeddable":true,"href":"https:\/\/forzini.com\/fr\/wp-json\/wp\/v2\/product_brand?post=10544"},{"taxonomy":"product_cat","embeddable":true,"href":"https:\/\/forzini.com\/fr\/wp-json\/wp\/v2\/product_cat?post=10544"},{"taxonomy":"product_tag","embeddable":true,"href":"https:\/\/forzini.com\/fr\/wp-json\/wp\/v2\/product_tag?post=10544"}],"curies":[{"name":"wp","href":"https:\/\/api.w.org\/{rel}","templated":true}]}}