{"id":10422,"date":"2024-03-14T16:48:28","date_gmt":"2024-03-14T15:48:28","guid":{"rendered":"https:\/\/forzini.com\/producto\/mesa-pequena-de-marmol-uranus\/"},"modified":"2025-12-16T18:14:54","modified_gmt":"2025-12-16T17:14:54","slug":"table-basse-pierre-onyx-ronde-uranus","status":"publish","type":"product","link":"https:\/\/forzini.com\/fr\/producto\/table-basse-pierre-onyx-ronde-uranus\/","title":{"rendered":"Table basse en pierre d\u2019onyx ronde Uranus"},"content":{"rendered":"<h2>Table basse design en pierre naturelle \u00ab\u00a0Uranus\u00a0\u00bb<\/h2>\n<p>La <strong>table basse pierre<\/strong> en onyx naturel, avec son design cr\u00e9atif et frais, est une \u0153uvre d\u2019art unique et r\u00e9solument luxueuse. Cette pi\u00e8ce remarquable capture l\u2019essence de la nature \u00e0 travers la puret\u00e9 de l\u2019onyx, r\u00e9v\u00e9lant une pr\u00e9sence sculpturale qui transforme instantan\u00e9ment l\u2019espace.<\/p>\n<p>Son design arrondi, \u00e9voquant subtilement la forme d\u2019un donut, se distingue par des lignes fluides et \u00e9l\u00e9gantes qui apportent une esth\u00e9tique contemporaine tout en conservant une \u00e9l\u00e9gance intemporelle. Chaque courbe de cette table basse a \u00e9t\u00e9 m\u00e9ticuleusement fa\u00e7onn\u00e9e pour cr\u00e9er une pi\u00e8ce \u00e0 la fois fonctionnelle, artistique et visuellement captivante.<\/p>\n<p>L\u2019onyx, mat\u00e9riau noble et rare, magnifie la table par sa translucidit\u00e9 et ses nuances min\u00e9rales uniques. Sa forme arrondie et son ex\u00e9cution impeccable en font une cr\u00e9ation de design d\u2019auteur, m\u00e9morable et imm\u00e9diatement reconnaissable. Plac\u00e9e dans un salon raffin\u00e9 ou dans un coin plus intime, cette <strong>table basse pierre<\/strong> devient naturellement le point focal, \u00e9levant l\u2019ambiance gr\u00e2ce \u00e0 sa pr\u00e9sence majestueuse et son charme intemporel. Elle s\u2019adresse \u00e0 ceux qui recherchent un mobilier exclusif, sculptural et authentique.<\/p>\n<p>Galaxy Vert Onyx : Un fond de couleur verte claire magnifiquement accentu\u00e9 par des ondulations blanches, entrelac\u00e9es de veines bronz\u00e9es, de couleur marron dor\u00e9 terreux et rouge\u00e2tre. Extrait en tr\u00e8s petites quantit\u00e9s, cette vari\u00e9t\u00e9 est tr\u00e8s exclusive et pr\u00e9sente un onyx tr\u00e8s translucide.<\/p>\n<p>Saviez-vous que notre marbre Verona Dream est une incarnation de l&rsquo;art de la nature ? C&rsquo;est une pierre qui murmure des histoires de la Terre ancienne \u00e0 travers sa propre essence. Sa teinte beige sert de toile, chaude et neutre, qui invite les yeux \u00e0 explorer la richesse de sa texture. \u00c0 travers cette toile, les riches veines marron serpentent gracieusement, leurs chemins d\u00e9licats traversent la surface comme des rivi\u00e8res sur une carte, chacune unique dans son parcours. L&rsquo;intensit\u00e9 du veinage est une danse entre le subtil et le dramatique. Certaines lignes sont subtiles, de simples suggestions de contours, comme les coups de pinceau les plus doux d&rsquo;un tableau de la Renaissance. D&rsquo;autres sont audacieuses et attirent l&rsquo;attention par leurs dessins dramatiques, entrecoup\u00e9s de sillons blanch\u00e2tres semblables \u00e0 de merveilleuses brindilles d&rsquo;arbre sur la pierre. Ces taches \u00e9voquent les nuages doux et les branches florales peintes par un artiste. Incrust\u00e9s dans le marbre, de petits fragments : fossiles et coquillages qui ont r\u00e9sist\u00e9 \u00e0 l&rsquo;\u00e9preuve du temps, encapsul\u00e9s pendant des millions d&rsquo;ann\u00e9es. Ils sont l&rsquo;\u00e9cho de mers anciennes, de la vie qui prosp\u00e9rait autrefois et qui demeure maintenant immortalis\u00e9e dans la pierre. Ces fragments ajoutent une couche de profondeur et d&rsquo;histoire au marbre, faisant du marbre Verona Dream non seulement un mat\u00e9riau, mais un morceau du pass\u00e9 pr\u00e9serv\u00e9, une narration grav\u00e9e dans la pierre.<\/p>\n<p data-start=\"2316\" data-end=\"2393\">D\u00e9couvrez notre collection de marbres et d\u2019onyx via ce lien: <a href=\"https:\/\/forzini.com\/fr\/materiaux\/\" target=\"_blank\" rel=\"noopener\">Mat\u00e9riaux<\/a><\/p>\n<h3><strong data-start=\"2404\" data-end=\"2436\">Caract\u00e9ristiques principales<\/strong><\/h3>\n<h3><strong>Montage<\/strong> : Aucun montage requis.<\/h3>\n<h3><strong>Finition de la pierre<\/strong> : Polie.<\/h3>\n<h3><strong>Poids<\/strong> : 75 kg.<\/h3>\n","protected":false},"excerpt":{"rendered":"<h1>Table basse en pierre d\u2019onyx ronde<\/h1>\n<p>La <strong>table basse en pierre d\u2019onyx<\/strong> est une v\u00e9ritable \u0153uvre de design d\u2019auteur, une pi\u00e8ce innovante et exceptionnelle qui se distingue par sa forme sculpturale et la finesse de sa r\u00e9alisation. Son design arrondi, \u00e9voquant subtilement la forme d\u2019un donut, met en valeur la beaut\u00e9 naturelle de l\u2019onyx rare, offrant une expression artistique unique et profond\u00e9ment contemporaine.<\/p>\n<p>Le profil distinctif et arrondi de cette table de pi\u00e9destal enrichit l\u2019espace int\u00e9rieur d\u2019une \u00e9l\u00e9gance intemporelle et d\u2019une pr\u00e9sence raffin\u00e9e. Ses lignes douces et courb\u00e9es cr\u00e9ent une sensation de fluidit\u00e9 et de mouvement, tandis que les nuances min\u00e9rales de l\u2019onyx apportent un contraste visuel fascinant et sophistiqu\u00e9. Cette pi\u00e8ce singuli\u00e8re devient naturellement un point focal, alliant art, mati\u00e8re noble et design exclusif.<\/p>\n<h2>Dimensions : Diam\u00e8tre 38 cm, Hauteur 52 cm<\/h2>\n","protected":false},"featured_media":10431,"comment_status":"closed","ping_status":"closed","template":"","meta":{"_acf_changed":false,"_joinchat":[]},"product_brand":[],"product_cat":[188,395],"product_tag":[190],"class_list":{"0":"post-10422","1":"product","2":"type-product","3":"status-publish","4":"has-post-thumbnail","6":"product_cat-tables-fr","7":"product_cat-tables-basses-en-pierre","8":"product_tag-onyx-fr","10":"first","11":"instock","12":"sale","13":"featured","14":"shipping-taxable","15":"purchasable","16":"product-type-simple"},"acf":[],"_links":{"self":[{"href":"https:\/\/forzini.com\/fr\/wp-json\/wp\/v2\/product\/10422","targetHints":{"allow":["GET"]}}],"collection":[{"href":"https:\/\/forzini.com\/fr\/wp-json\/wp\/v2\/product"}],"about":[{"href":"https:\/\/forzini.com\/fr\/wp-json\/wp\/v2\/types\/product"}],"replies":[{"embeddable":true,"href":"https:\/\/forzini.com\/fr\/wp-json\/wp\/v2\/comments?post=10422"}],"version-history":[{"count":2,"href":"https:\/\/forzini.com\/fr\/wp-json\/wp\/v2\/product\/10422\/revisions"}],"predecessor-version":[{"id":22559,"href":"https:\/\/forzini.com\/fr\/wp-json\/wp\/v2\/product\/10422\/revisions\/22559"}],"wp:featuredmedia":[{"embeddable":true,"href":"https:\/\/forzini.com\/fr\/wp-json\/wp\/v2\/media\/10431"}],"wp:attachment":[{"href":"https:\/\/forzini.com\/fr\/wp-json\/wp\/v2\/media?parent=10422"}],"wp:term":[{"taxonomy":"product_brand","embeddable":true,"href":"https:\/\/forzini.com\/fr\/wp-json\/wp\/v2\/product_brand?post=10422"},{"taxonomy":"product_cat","embeddable":true,"href":"https:\/\/forzini.com\/fr\/wp-json\/wp\/v2\/product_cat?post=10422"},{"taxonomy":"product_tag","embeddable":true,"href":"https:\/\/forzini.com\/fr\/wp-json\/wp\/v2\/product_tag?post=10422"}],"curies":[{"name":"wp","href":"https:\/\/api.w.org\/{rel}","templated":true}]}}