{"id":10417,"date":"2024-04-05T11:00:29","date_gmt":"2024-04-05T09:00:29","guid":{"rendered":"https:\/\/forzini.com\/producto\/mesa-auxiliar-en-marmol-corus\/"},"modified":"2025-03-07T21:34:41","modified_gmt":"2025-03-07T20:34:41","slug":"table-dappoint-en-marbre-gris-corus","status":"publish","type":"product","link":"https:\/\/forzini.com\/fr\/producto\/table-dappoint-en-marbre-gris-corus\/","title":{"rendered":"Table d&rsquo;appoint en marbre gris Corus"},"content":{"rendered":"<h1><strong>Table d&rsquo;appoint en marbre gris<\/strong> \u00ab\u00a0Corus\u00a0\u00bb<\/h1>\n<p>L&rsquo;originalit\u00e9 de cette <strong data-start=\"69\" data-end=\"103\">Table d&rsquo;appoint en marbre gris<\/strong> se manifeste comme une v\u00e9ritable \u0153uvre sculpturale. Cette pr\u00e9cieuse table d\u00e9corative en pierre naturelle, avec sa forme triangulaire captivante, repose sur un support \u00e9l\u00e9gant en acier.<\/p>\n<p>Cette Table d&rsquo;appoint en marbre gris est non seulement polyvalente, mais aussi impressionnante, apportant une touche sophistiqu\u00e9e \u00e0 n&rsquo;importe quelle pi\u00e8ce et suscitant l&rsquo;admiration gr\u00e2ce \u00e0 son design innovant.<\/p>\n<p>Fa\u00e7onn\u00e9e avec art dans un marbre gris exclusif, soigneusement s\u00e9lectionn\u00e9 pour ses subtiles nuances et ses veines sombres, cette table se distingue par sa beaut\u00e9 singuli\u00e8re. Chaque vari\u00e9t\u00e9 de marbre poss\u00e8de une personnalit\u00e9 unique, allant de la s\u00e9r\u00e9nit\u00e9 du blanc \u00e0 la majest\u00e9 du noir en passant par la sophistication du gris.<\/p>\n<p>Sa forme trap\u00e9zo\u00efdale permet de cr\u00e9er des compositions artistiques uniques, que ce soit en regroupant plusieurs tables pour former des figures g\u00e9om\u00e9triques ou en l&rsquo;utilisant comme pi\u00e8ce ma\u00eetresse individuelle.<\/p>\n<p>Qu&rsquo;elle soit utilis\u00e9e comme point focal ou comme \u00e9l\u00e9ment d&rsquo;accentuation, la pr\u00e9sence dynamique de cette table d&rsquo;appoint en marbre sublime l&rsquo;esth\u00e9tique int\u00e9rieure de votre maison avec son style distinctif.<\/p>\n<p data-start=\"1359\" data-end=\"1387\">Marbre Silver Gris &#8211; une vari\u00e9t\u00e9 exceptionnelle de marbre, avec un fond gris subtil, sublim\u00e9 par un jeu enchanteur de lumi\u00e8res blanches et de veines grises fonc\u00e9es. Cette palette unique, oscillant entre gris clair et beige, cr\u00e9e un contraste saisissant qui attire le regard tout en d\u00e9gageant une \u00e9l\u00e9gance intemporelle.<\/p>\n<p>Saviez-vous que notre Marbre Silver Gris est un v\u00e9ritable tr\u00e9sor parmi les pierres naturelles et que sa raret\u00e9 est le reflet de conditions g\u00e9ologiques uniques ? Il se forme \u00e0 partir de la m\u00e9tamorphose du calcaire ou de la dolomite sous une chaleur et une pression extr\u00eames, un processus qui recristallise les min\u00e9raux carbonat\u00e9s en une structure dense et entrelac\u00e9e.<\/p>\n<p>Cette transformation se produit dans les profondeurs de la cro\u00fbte terrestre, o\u00f9 les temp\u00e9ratures peuvent atteindre 800 \u00b0C et les pressions 1,5 \u00e0 2,5 GPa. La raret\u00e9 de ce marbre r\u00e9sulte de l\u2019interaction pr\u00e9cise d\u2019\u00e9l\u00e9ments naturels et min\u00e9raux, donnant naissance \u00e0 son fond gris fascinant et \u00e0 son spectaculaire jeu de veines blanches et grises fonc\u00e9es.<\/p>\n<p>Son extraction est limit\u00e9e \u00e0 une r\u00e9gion sp\u00e9cifique du sud de l\u2019Asie, faisant de chaque pi\u00e8ce un v\u00e9ritable tr\u00e9sor rare.<\/p>\n<p>Le Marbre Silver Gris est un symbole d\u2019exclusivit\u00e9 et de raffinement. Dans nos collections, il est utilis\u00e9 pour cr\u00e9er des \u00e9l\u00e9ments d\u00e9coratifs et des vasques sculpturales qui deviennent le point focal du design int\u00e9rieur. Son utilisation dans les maisons de luxe t\u00e9moigne d\u2019un go\u00fbt exigeant et d\u2019un amour pour les mat\u00e9riaux aussi rares que somptueux.<\/p>\n<p data-start=\"2316\" data-end=\"2393\">D\u00e9couvrez notre collection de marbres et d\u2019onyx via ce lien: <a href=\"https:\/\/forzini.com\/fr\/materiaux\/\" target=\"_blank\" rel=\"noopener\">Mat\u00e9riaux<\/a><\/p>\n<h3><strong data-start=\"2404\" data-end=\"2436\">Caract\u00e9ristiques principales<\/strong><\/h3>\n<h3><strong>Montage<\/strong> : Aucun montage requis.<\/h3>\n<h3><strong>Finition de la pierre<\/strong> : Polie.<\/h3>\n<h3><strong>Finition de la patte : Acier inoxydable couleur noire.<\/strong><\/h3>\n<h3><strong>Poids<\/strong> : 18 kg.<\/h3>\n","protected":false},"excerpt":{"rendered":"<h1><strong>Table d&rsquo;appoint en marbre gris<\/strong><\/h1>\n<p data-start=\"42\" data-end=\"400\">avec sa forme triangulaire et son cadre en acier, cette table est l&rsquo;incarnation m\u00eame de la cr\u00e9ativit\u00e9 et du minimalisme. Son design raffin\u00e9 est id\u00e9al pour sublimer le style de votre int\u00e9rieur, que ce soit en cr\u00e9ant une harmonie \u00e9l\u00e9gante avec diff\u00e9rentes nuances ou en apportant une touche audacieuse qui attire tous les regards.<\/p>\n<p data-start=\"402\" data-end=\"708\">Originale et confortable, cette table est fa\u00e7onn\u00e9e dans le marbre le plus exquis, ajoutant ainsi une note d&rsquo;\u00e9l\u00e9gance et de sophistication. Sa surface polie refl\u00e8te la lumi\u00e8re avec subtilit\u00e9, tandis que sa structure robuste garantit une durabilit\u00e9 et une stabilit\u00e9 exceptionnelles.<\/p>\n<p data-start=\"710\" data-end=\"858\">C&rsquo;est une pi\u00e8ce d&rsquo;exception, alliant fonctionnalit\u00e9 et esth\u00e9tique, parfaite pour ceux qui recherchent un mobilier unique et expressif.<\/p>\n<h4>Longueur 35 cm, Largeur 35 cm, Hauteur 62 cm.<\/h4>\n","protected":false},"featured_media":10306,"comment_status":"closed","ping_status":"closed","template":"","meta":{"_acf_changed":false,"_joinchat":[]},"product_brand":[],"product_cat":[188,358],"product_tag":[189],"class_list":{"0":"post-10417","1":"product","2":"type-product","3":"status-publish","4":"has-post-thumbnail","6":"product_cat-tables-fr","7":"product_cat-tables-basses-marbre","8":"product_tag-marbre","10":"first","11":"instock","12":"sale","13":"shipping-taxable","14":"purchasable","15":"product-type-simple"},"acf":[],"_links":{"self":[{"href":"https:\/\/forzini.com\/fr\/wp-json\/wp\/v2\/product\/10417","targetHints":{"allow":["GET"]}}],"collection":[{"href":"https:\/\/forzini.com\/fr\/wp-json\/wp\/v2\/product"}],"about":[{"href":"https:\/\/forzini.com\/fr\/wp-json\/wp\/v2\/types\/product"}],"replies":[{"embeddable":true,"href":"https:\/\/forzini.com\/fr\/wp-json\/wp\/v2\/comments?post=10417"}],"version-history":[{"count":0,"href":"https:\/\/forzini.com\/fr\/wp-json\/wp\/v2\/product\/10417\/revisions"}],"wp:featuredmedia":[{"embeddable":true,"href":"https:\/\/forzini.com\/fr\/wp-json\/wp\/v2\/media\/10306"}],"wp:attachment":[{"href":"https:\/\/forzini.com\/fr\/wp-json\/wp\/v2\/media?parent=10417"}],"wp:term":[{"taxonomy":"product_brand","embeddable":true,"href":"https:\/\/forzini.com\/fr\/wp-json\/wp\/v2\/product_brand?post=10417"},{"taxonomy":"product_cat","embeddable":true,"href":"https:\/\/forzini.com\/fr\/wp-json\/wp\/v2\/product_cat?post=10417"},{"taxonomy":"product_tag","embeddable":true,"href":"https:\/\/forzini.com\/fr\/wp-json\/wp\/v2\/product_tag?post=10417"}],"curies":[{"name":"wp","href":"https:\/\/api.w.org\/{rel}","templated":true}]}}