{"id":10410,"date":"2024-04-05T11:14:22","date_gmt":"2024-04-05T09:14:22","guid":{"rendered":"https:\/\/forzini.com\/producto\/mesa-esquinera-de-marmol-tellus\/"},"modified":"2025-12-16T16:50:12","modified_gmt":"2025-12-16T15:50:12","slug":"petite-table-pierre-onyx-tellus","status":"publish","type":"product","link":"https:\/\/forzini.com\/fr\/producto\/petite-table-pierre-onyx-tellus\/","title":{"rendered":"Petite table en pierre d\u2019onyx Tellus"},"content":{"rendered":"<h2>Petite table en pierre d\u2019onyx \u00ab\u00a0Tellus\u00a0\u00bb<\/h2>\n<p>La <strong>Petite table en pierre d\u2019onyx<\/strong> n\u2019est pas seulement visuellement saisissante, elle se distingue aussi par sa polyvalence et sa fonctionnalit\u00e9. L\u2019association parfaite entre un onyx remarquable et une silhouette surprenante donne naissance \u00e0 une pi\u00e8ce qui irradie luxe et sophistication.<\/p>\n<p>Chaque d\u00e9tail de cette table d\u2019appoint \u2014 de son design audacieux \u00e0 ses mat\u00e9riaux rares et exquis \u2014 refl\u00e8te un niveau d\u2019\u00e9l\u00e9gance in\u00e9gal\u00e9. Les pierres d\u2019onyx utilis\u00e9es sont s\u00e9lectionn\u00e9es pour leur beaut\u00e9 et leur unicit\u00e9, faisant de chaque table une cr\u00e9ation v\u00e9ritablement unique et exclusive.<\/p>\n<p>Cette pi\u00e8ce d\u2019exception sublime votre int\u00e9rieur et devient un h\u00e9ritage intemporel. Con\u00e7ue pour \u00eatre admir\u00e9e et transmise, elle se transforme en un tr\u00e9sor qui capture les instants et les souvenirs au fil du temps.<\/p>\n<p>La <strong>Petite table en pierre d\u2019onyx<\/strong>, avec son \u00e9quilibre parfait entre innovation et tradition, incarne un style captivant et un go\u00fbt raffin\u00e9.<\/p>\n<p><strong>Onyx Duna Dorada Blanc<\/strong> \u2014 Une pierre naturelle impressionnante, caract\u00e9ris\u00e9e par une base douce de blanc cr\u00e9meux rehauss\u00e9e de veines dor\u00e9es chaleureuses. Cet onyx luxueux capte la lumi\u00e8re de mani\u00e8re spectaculaire, cr\u00e9ant un \u00e9clat \u00e9th\u00e9r\u00e9 qui magnifie chaque espace.<\/p>\n<p>Ses motifs et nuances uniques en font un choix privil\u00e9gi\u00e9 pour les int\u00e9rieurs \u00e9l\u00e9gants, qu\u2019il s\u2019agisse de tables, de rev\u00eatements muraux ou d\u2019\u00e9l\u00e9ments d\u00e9coratifs.<\/p>\n<p>&nbsp;<\/p>\n<p data-start=\"2316\" data-end=\"2393\">D\u00e9couvrez notre collection de marbres et d\u2019onyx via ce lien: <a href=\"https:\/\/forzini.com\/fr\/materiaux\/\" target=\"_blank\" rel=\"noopener\">Mat\u00e9riaux<\/a><\/p>\n<h3><strong data-start=\"2404\" data-end=\"2436\">Caract\u00e9ristiques principales<\/strong><\/h3>\n<h3><strong>Montage<\/strong> : Aucun montage requis.<\/h3>\n<h3><strong>Finition de la pierre<\/strong> : Polie.<\/h3>\n<h3><strong>Poids<\/strong> : 35 kg.<\/h3>\n","protected":false},"excerpt":{"rendered":"<h1><strong>Petite table en pierre naturelle d\u2019onyx.<\/strong><\/h1>\n<p>Avec sa forme innovante et extravagante, cette table est \u00e0 la fois audacieuse et accueillante. Son design unique et novateur lui permet de s\u2019int\u00e9grer parfaitement dans n\u2019importe quel espace, ajoutant une touche fra\u00eeche et originale \u00e0 votre int\u00e9rieur.<\/p>\n<p>L\u2019union parfaite entre un marbre exquis et un onyx naturel exceptionnel donne naissance \u00e0 une v\u00e9ritable \u0153uvre d\u2019art, fa\u00e7onn\u00e9e \u00e0 la main, qui sublime chaque espace d\u2019une pinc\u00e9e d\u2019\u00e9l\u00e9gance et de raffinement.<\/p>\n<h4 data-start=\"541\" data-end=\"590\"><strong data-start=\"541\" data-end=\"557\">Dimensions :<\/strong> Diam\u00e8tre 30 cm, Hauteur 52 cm.<\/h4>\n","protected":false},"featured_media":10411,"comment_status":"closed","ping_status":"closed","template":"","meta":{"_acf_changed":false,"_joinchat":[]},"product_brand":[],"product_cat":[188,395],"product_tag":[190],"class_list":{"0":"post-10410","1":"product","2":"type-product","3":"status-publish","4":"has-post-thumbnail","6":"product_cat-tables-fr","7":"product_cat-tables-basses-en-pierre","8":"product_tag-onyx-fr","10":"first","11":"instock","12":"sale","13":"featured","14":"shipping-taxable","15":"purchasable","16":"product-type-simple"},"acf":[],"_links":{"self":[{"href":"https:\/\/forzini.com\/fr\/wp-json\/wp\/v2\/product\/10410","targetHints":{"allow":["GET"]}}],"collection":[{"href":"https:\/\/forzini.com\/fr\/wp-json\/wp\/v2\/product"}],"about":[{"href":"https:\/\/forzini.com\/fr\/wp-json\/wp\/v2\/types\/product"}],"replies":[{"embeddable":true,"href":"https:\/\/forzini.com\/fr\/wp-json\/wp\/v2\/comments?post=10410"}],"version-history":[{"count":3,"href":"https:\/\/forzini.com\/fr\/wp-json\/wp\/v2\/product\/10410\/revisions"}],"predecessor-version":[{"id":22547,"href":"https:\/\/forzini.com\/fr\/wp-json\/wp\/v2\/product\/10410\/revisions\/22547"}],"wp:featuredmedia":[{"embeddable":true,"href":"https:\/\/forzini.com\/fr\/wp-json\/wp\/v2\/media\/10411"}],"wp:attachment":[{"href":"https:\/\/forzini.com\/fr\/wp-json\/wp\/v2\/media?parent=10410"}],"wp:term":[{"taxonomy":"product_brand","embeddable":true,"href":"https:\/\/forzini.com\/fr\/wp-json\/wp\/v2\/product_brand?post=10410"},{"taxonomy":"product_cat","embeddable":true,"href":"https:\/\/forzini.com\/fr\/wp-json\/wp\/v2\/product_cat?post=10410"},{"taxonomy":"product_tag","embeddable":true,"href":"https:\/\/forzini.com\/fr\/wp-json\/wp\/v2\/product_tag?post=10410"}],"curies":[{"name":"wp","href":"https:\/\/api.w.org\/{rel}","templated":true}]}}