{"id":10393,"date":"2024-06-28T12:20:29","date_gmt":"2024-06-28T10:20:29","guid":{"rendered":"https:\/\/forzini.com\/producto\/mesa-de-noche-de-marmol-iris\/"},"modified":"2025-03-07T20:38:38","modified_gmt":"2025-03-07T19:38:38","slug":"bout-de-canape-en-marbre-iris","status":"publish","type":"product","link":"https:\/\/forzini.com\/fr\/producto\/bout-de-canape-en-marbre-iris\/","title":{"rendered":"Bout de canap\u00e9 en marbre Iris"},"content":{"rendered":"<h1>Bout de canap\u00e9 en marbre \u00ab\u00a0Iris\u00a0\u00bb<\/h1>\n<p data-start=\"46\" data-end=\"432\">La finesse exquise de cette <strong data-start=\"74\" data-end=\"122\">bout de canap\u00e9 en marbre <\/strong>marron avec fossil<strong data-start=\"74\" data-end=\"122\">s<\/strong> se manifeste \u00e0 travers son design raffin\u00e9, ajoutant une touche d\u2019\u00e9l\u00e9gance \u00e0 la d\u00e9coration de votre int\u00e9rieur. Avec sa forme carr\u00e9e \u00e9l\u00e9gante, cette bout de canap\u00e9 en marbre est con\u00e7ue avec une pr\u00e9cision exceptionnelle, utilisant des marbres soigneusement s\u00e9lectionn\u00e9s pour leurs caract\u00e9ristiques uniques.<\/p>\n<p data-start=\"434\" data-end=\"826\">Chaque pi\u00e8ce se distingue par ses veines douces et naturelles, qui apportent une beaut\u00e9 organique et une touche d\u2019individualit\u00e9 \u00e0 tout salon ou autre espace. Cette table de nuit n\u2019est pas seulement un \u00e9l\u00e9ment fonctionnel, mais aussi une v\u00e9ritable d\u00e9claration de style. Sa pr\u00e9sence exhale sophistication et raffinement, en faisant une addition captivante pour tout int\u00e9rieur \u00e9l\u00e9gant.<\/p>\n<p data-start=\"828\" data-end=\"1060\">Qu\u2019elle soit utilis\u00e9e pour sublimer la d\u00e9coration d\u2019une chambre \u00e0 coucher ou comme pi\u00e8ce ma\u00eetresse dans un salon, cette table de nuit en marbre apporte une \u00e9l\u00e9gance intemporelle et une touche de luxe \u00e0 votre environnement.<\/p>\n<p data-start=\"1062\" data-end=\"1291\">Cette bout de canap\u00e9 en marbre est un incontournable pour ceux qui recherchent l\u2019alliance parfaite entre fonctionnalit\u00e9 et design raffin\u00e9, enrichissant leur int\u00e9rieur avec une touche de distinction et de sophistication.<\/p>\n<p data-start=\"1293\" data-end=\"1325\">Oceanic Mystery Marbre &#8211; C\u2019est l\u2019un des marbres les plus \u00e9tonnants de notre collection. Cette pierre d\u00e9voile une palette de couleurs allant du gris terreux au brun p\u00e2le, sur un fond de veines blanches et d\u2019ombres profondes. Son motif unique \u00e9voque un assemblage de galets de diff\u00e9rentes tailles.<\/p>\n<p data-start=\"2316\" data-end=\"2393\">D\u00e9couvrez notre collection de marbres et d\u2019onyx via ce lien: <a href=\"https:\/\/forzini.com\/fr\/materiaux\/\" target=\"_blank\" rel=\"noopener\">Mat\u00e9riaux<\/a><\/p>\n<h3><strong data-start=\"2404\" data-end=\"2436\">Caract\u00e9ristiques principales<\/strong><\/h3>\n<h3><strong>Montage<\/strong> : Aucun montage requis.<\/h3>\n<h3><strong>Finition de la pierre<\/strong> : Polie.<\/h3>\n<h3><strong>Finition de la patte : Acier inoxydable couleur argent.<\/strong><\/h3>\n<h3><strong>Poids<\/strong> : 18 kg.<\/h3>\n","protected":false},"excerpt":{"rendered":"<h2>Bout de canap\u00e9 en marbre<\/h2>\n<p data-start=\"42\" data-end=\"347\">Avec son \u00e9l\u00e9gant plateau carr\u00e9, cette table est une pi\u00e8ce centrale qui attire tous les regards. Hautement d\u00e9corative, elle pr\u00e9sente un design carr\u00e9 en marbre marron avec fossiles, offrant une esth\u00e9tique contemporaine et \u00e9pur\u00e9e, id\u00e9ale pour s\u2019harmoniser avec une vari\u00e9t\u00e9 de styles int\u00e9rieurs. La surface en marbre, avec ses veines naturelles et sa texture luxueuse, cr\u00e9e un spectacle visuel captivant, ajoutant profondeur et caract\u00e8re \u00e0 la d\u00e9coration de votre int\u00e9rieur.<\/p>\n<h4 data-start=\"542\" data-end=\"606\"><strong data-start=\"542\" data-end=\"558\">Dimensions :<\/strong> Largeur 40 cm, Longueur 40 cm, Hauteur 52 cm.<\/h4>\n","protected":false},"featured_media":10394,"comment_status":"closed","ping_status":"closed","template":"","meta":{"_acf_changed":false,"_joinchat":[]},"product_brand":[],"product_cat":[188,358],"product_tag":[189],"class_list":{"0":"post-10393","1":"product","2":"type-product","3":"status-publish","4":"has-post-thumbnail","6":"product_cat-tables-fr","7":"product_cat-tables-basses-marbre","8":"product_tag-marbre","10":"first","11":"instock","12":"sale","13":"featured","14":"shipping-taxable","15":"purchasable","16":"product-type-simple"},"acf":[],"_links":{"self":[{"href":"https:\/\/forzini.com\/fr\/wp-json\/wp\/v2\/product\/10393","targetHints":{"allow":["GET"]}}],"collection":[{"href":"https:\/\/forzini.com\/fr\/wp-json\/wp\/v2\/product"}],"about":[{"href":"https:\/\/forzini.com\/fr\/wp-json\/wp\/v2\/types\/product"}],"replies":[{"embeddable":true,"href":"https:\/\/forzini.com\/fr\/wp-json\/wp\/v2\/comments?post=10393"}],"version-history":[{"count":0,"href":"https:\/\/forzini.com\/fr\/wp-json\/wp\/v2\/product\/10393\/revisions"}],"wp:featuredmedia":[{"embeddable":true,"href":"https:\/\/forzini.com\/fr\/wp-json\/wp\/v2\/media\/10394"}],"wp:attachment":[{"href":"https:\/\/forzini.com\/fr\/wp-json\/wp\/v2\/media?parent=10393"}],"wp:term":[{"taxonomy":"product_brand","embeddable":true,"href":"https:\/\/forzini.com\/fr\/wp-json\/wp\/v2\/product_brand?post=10393"},{"taxonomy":"product_cat","embeddable":true,"href":"https:\/\/forzini.com\/fr\/wp-json\/wp\/v2\/product_cat?post=10393"},{"taxonomy":"product_tag","embeddable":true,"href":"https:\/\/forzini.com\/fr\/wp-json\/wp\/v2\/product_tag?post=10393"}],"curies":[{"name":"wp","href":"https:\/\/api.w.org\/{rel}","templated":true}]}}