{"id":10383,"date":"2024-06-28T12:56:07","date_gmt":"2024-06-28T10:56:07","guid":{"rendered":"https:\/\/forzini.com\/producto\/mesa-de-centro-ovalada-de-marmol-scotus\/"},"modified":"2025-08-21T21:04:30","modified_gmt":"2025-08-21T19:04:30","slug":"table-basse-en-marbre-design-scotus","status":"publish","type":"product","link":"https:\/\/forzini.com\/fr\/producto\/table-basse-en-marbre-design-scotus\/","title":{"rendered":"Table basse en marbre design Scotus"},"content":{"rendered":"<h2>Table basse en marbre design \u00ab\u00a0Scotus\u00a0\u00bb<\/h2>\n<p data-start=\"46\" data-end=\"284\">Avec sa forme irr\u00e9guli\u00e8re et son fa\u00e7onnage artisanal, notre <strong>table basse en marbre design<\/strong> est une pi\u00e8ce fascinante. Imaginez un meuble qui ne se contente pas d\u2019embellir votre int\u00e9rieur, mais qui raconte aussi une histoire mill\u00e9naire.<\/p>\n<p data-start=\"286\" data-end=\"735\">Cette table basse en marbre, avec ses courbes irr\u00e9guli\u00e8res et son savoir-faire artisanal, est un chef-d&rsquo;\u0153uvre du design nordique qui capture l\u2019essence de la nature dans chaque d\u00e9tail. Taill\u00e9e \u00e0 la main \u00e0 partir d\u2019un bloc massif de marbre marron, cette table est une v\u00e9ritable \u0153uvre d\u2019art unique. Sa surface polie met en valeur les veines naturelles du marbre, tandis que ses bords \u00e9pais et non polis apportent une touche rustique et authentique.<\/p>\n<p data-start=\"737\" data-end=\"1029\">Ce qui distingue v\u00e9ritablement cette table, c\u2019est le marbre exceptionnel dont elle est constitu\u00e9e. Incrust\u00e9 de coquillages marins mill\u00e9naires, ce marbre rare transforme la table en un t\u00e9moignage des profondeurs de l\u2019oc\u00e9an, o\u00f9 chaque coquille murmure des histoires de sagesse ancestrale.<\/p>\n<p data-start=\"1031\" data-end=\"1471\">L\u2019\u00e9paisseur inhabituelle et le design audacieux de la table lui conf\u00e8rent une allure moderne et imposante, en faisant le point focal de tout espace. Sa pr\u00e9sence dans votre int\u00e9rieur ne se limite pas \u00e0 ajouter une touche d\u2019\u00e9l\u00e9gance et de sophistication : elle \u00e9voque \u00e9galement un lien profond avec la nature et le passage du temps. \u00c0 chaque regard, elle vous rappellera la beaut\u00e9 et l\u2019histoire enfouies dans les profondeurs de l\u2019oc\u00e9an.<\/p>\n<p data-start=\"1473\" data-end=\"1505\">Oceanic Mystery Marbre &#8211; se distingue comme l\u2019un des marbres les plus \u00e9tonnants de notre collection. Cette pierre d\u00e9voile une palette de couleurs allant du gris terreux au brun p\u00e2le, agr\u00e9ment\u00e9e de veines blanches et d\u2019ombres profondes. Son motif unique rappelle un assemblage de galets de diff\u00e9rentes tailles.<\/p>\n<p data-start=\"1847\" data-end=\"2350\">Notre rare et fascinant Oceanic Mystery Marbre t\u00e9moigne de l\u2019ancienne histoire marine de la Terre. Cette pierre pr\u00e9cieuse capture l\u2019essence des profondeurs oc\u00e9aniques, renfermant d\u2019anciens fossiles marins, palourdes et coquillages, incrust\u00e9s dans la roche depuis des millions d\u2019ann\u00e9es. Ces reliques naturelles, fig\u00e9es dans le temps, offrent un aper\u00e7u d\u2019une \u00e9poque r\u00e9volue, transformant chaque dalle d\u2019Oceanic Mystery Marbre en un fragment du vaste pass\u00e9 oc\u00e9anique de notre plan\u00e8te.<\/p>\n<p data-start=\"2352\" data-end=\"2791\">La raret\u00e9 de cette pierre est due aux conditions sp\u00e9cifiques n\u00e9cessaires \u00e0 sa formation. La pr\u00e9sence de fossiles aussi bien conserv\u00e9s est un ph\u00e9nom\u00e8ne exceptionnel, n\u00e9cessitant une combinaison parfaite de facteurs biologiques et g\u00e9ologiques. Ainsi, l\u2019Oceanic Mystery Marbre n\u2019est pas seulement une merveille de la nature, mais aussi un tr\u00e9sor convoit\u00e9, pris\u00e9 pour son importance historique et l\u2019histoire unique qu\u2019il raconte.<\/p>\n<p data-start=\"2316\" data-end=\"2393\">D\u00e9couvrez notre collection de marbres et d\u2019onyx via ce lien: <a href=\"https:\/\/forzini.com\/fr\/materiaux\/\" target=\"_blank\" rel=\"noopener\">Mat\u00e9riaux<\/a><\/p>\n<h3><strong data-start=\"2404\" data-end=\"2436\">Caract\u00e9ristiques principales<\/strong><\/h3>\n<h3><strong>Montage<\/strong> : Aucun montage requis.<\/h3>\n<h3><strong>Finition de la pierre<\/strong> : Polie.<\/h3>\n<h3><strong>Finition de la patte : Acier inoxydable couleur marron.<\/strong><\/h3>\n<h3><strong>Poids<\/strong> : 25 kg.<\/h3>\n","protected":false},"excerpt":{"rendered":"<h1>Table basse en marbre design<\/h1>\n<p data-start=\"42\" data-end=\"449\">C&rsquo;est une fusion spectaculaire entre design et art. Avec sa forme irr\u00e9guli\u00e8re et fa\u00e7onn\u00e9e \u00e0 la main \u00e0 partir d\u2019un solide bloc de marbre gris, cette table en pierre de style nordique poss\u00e8de un charme in\u00e9galable. Ses bords \u00e9pais et non polis, contrastant avec l\u2019un des marbres les plus rares au monde, ajoutent une touche rustique unique, conf\u00e9rant \u00e0 la table une esth\u00e9tique distinctive et authentique.<\/p>\n<p data-start=\"451\" data-end=\"620\">Cette alliance exceptionnelle d\u2019\u00e9l\u00e9ments raffin\u00e9s et bruts fait de cette table une pi\u00e8ce iconique, apportant luxe et sophistication incomparables \u00e0 tout int\u00e9rieur.<\/p>\n<h2 data-start=\"622\" data-end=\"686\"><strong data-start=\"622\" data-end=\"638\">Dimensions :<\/strong> Largeur 50 cm, Longueur 60 cm, Hauteur 50 cm.<\/h2>\n","protected":false},"featured_media":10384,"comment_status":"closed","ping_status":"closed","template":"","meta":{"_acf_changed":false,"_joinchat":[]},"product_brand":[],"product_cat":[188,358],"product_tag":[189],"class_list":{"0":"post-10383","1":"product","2":"type-product","3":"status-publish","4":"has-post-thumbnail","6":"product_cat-tables-fr","7":"product_cat-tables-basses-marbre","8":"product_tag-marbre","10":"first","11":"instock","12":"sale","13":"featured","14":"shipping-taxable","15":"purchasable","16":"product-type-simple"},"acf":[],"_links":{"self":[{"href":"https:\/\/forzini.com\/fr\/wp-json\/wp\/v2\/product\/10383","targetHints":{"allow":["GET"]}}],"collection":[{"href":"https:\/\/forzini.com\/fr\/wp-json\/wp\/v2\/product"}],"about":[{"href":"https:\/\/forzini.com\/fr\/wp-json\/wp\/v2\/types\/product"}],"replies":[{"embeddable":true,"href":"https:\/\/forzini.com\/fr\/wp-json\/wp\/v2\/comments?post=10383"}],"version-history":[{"count":0,"href":"https:\/\/forzini.com\/fr\/wp-json\/wp\/v2\/product\/10383\/revisions"}],"wp:featuredmedia":[{"embeddable":true,"href":"https:\/\/forzini.com\/fr\/wp-json\/wp\/v2\/media\/10384"}],"wp:attachment":[{"href":"https:\/\/forzini.com\/fr\/wp-json\/wp\/v2\/media?parent=10383"}],"wp:term":[{"taxonomy":"product_brand","embeddable":true,"href":"https:\/\/forzini.com\/fr\/wp-json\/wp\/v2\/product_brand?post=10383"},{"taxonomy":"product_cat","embeddable":true,"href":"https:\/\/forzini.com\/fr\/wp-json\/wp\/v2\/product_cat?post=10383"},{"taxonomy":"product_tag","embeddable":true,"href":"https:\/\/forzini.com\/fr\/wp-json\/wp\/v2\/product_tag?post=10383"}],"curies":[{"name":"wp","href":"https:\/\/api.w.org\/{rel}","templated":true}]}}