{"id":10359,"date":"2024-07-03T09:11:27","date_gmt":"2024-07-03T07:11:27","guid":{"rendered":"https:\/\/forzini.com\/producto\/mesa-de-onix-juno\/"},"modified":"2025-08-17T12:14:51","modified_gmt":"2025-08-17T10:14:51","slug":"table-tulip-en-marbre-blanc-juno","status":"publish","type":"product","link":"https:\/\/forzini.com\/fr\/producto\/table-tulip-en-marbre-blanc-juno\/","title":{"rendered":"Table tulip en marbre blanc &#8211; Table d\u2019appoint"},"content":{"rendered":"<h2>Table tulip en marbre blanc \u00ab\u00a0Juno\u00a0\u00bb<\/h2>\n<p data-start=\"0\" data-end=\"553\">Cette exquise <strong>table Tulip en marbre blanc et onyx<\/strong>, raffin\u00e9e et luxueuse, est fabriqu\u00e9e \u00e0 la main par des ma\u00eetres artisans selon des techniques traditionnelles. Elle incarne toute la majestueuse \u00e9l\u00e9gance de l\u2019onyx naturel. Son contour \u00e9l\u00e9gant et sa surface lumineuse cr\u00e9ent un jeu de lumi\u00e8re captivant, faisant d\u2019elle le point focal de tout int\u00e9rieur. S\u00e9lectionn\u00e9 pour sa beaut\u00e9 distinctive, notre onyx rare apporte une touche d\u2019innovation intemporelle, transformant cette table en une \u0153uvre d\u2019art durable \u00e0 transmettre de g\u00e9n\u00e9ration en g\u00e9n\u00e9ration.<\/p>\n<p data-start=\"555\" data-end=\"632\">Elle peut \u00eatre utilis\u00e9e en table gigogne avec le mod\u00e8le plus bas <strong data-start=\"620\" data-end=\"629\">Janus<\/strong>.<\/p>\n<p data-start=\"634\" data-end=\"988\"><strong data-start=\"634\" data-end=\"654\">Dune Dore\u00e9 Onyx &#8211; <\/strong>un fond blanc immacul\u00e9, semblable \u00e0 une toile sereine, rehauss\u00e9 de d\u00e9licats nuages flottants. Des ombres cr\u00e9meuses et jaunes s\u2019entrelacent avec des veines aux nuances dor\u00e9es, caramel, marron, cognac et rouge\u00e2tres. Exceptionnellement rare, cet onyx d\u2019une beaut\u00e9 singuli\u00e8re est extrait en quantit\u00e9s limit\u00e9es d\u2019un gisement exclusif.<\/p>\n<p data-start=\"990\" data-end=\"1679\" data-is-last-node=\"\" data-is-only-node=\"\">Saviez-vous que l\u2019onyx blanc est une pierre pr\u00e9cieuse, pris\u00e9e pour sa raret\u00e9 et sa s\u00e9r\u00e9nit\u00e9 naturelle ? Sa formation mill\u00e9naire r\u00e9sulte de l\u2019accumulation de silice dans des cavernes, o\u00f9 elle cristallise lentement en couches successives. Sa teinte ivoire rappelle l\u2019architecture antique et l\u2019\u00e9l\u00e9gance intemporelle. Mais c\u2019est sa translucidit\u00e9 unique qui lui conf\u00e8re toute sa magie : comme un \u00e9clat de lune solidifi\u00e9, l\u2019onyx blanc joue avec la lumi\u00e8re et les ombres, r\u00e9v\u00e9lant des motifs fascinants sous sa surface. Ses dessins nuageux, v\u00e9ritables \u0153uvres d\u2019art naturelles, cr\u00e9ent des paysages \u00e9th\u00e9r\u00e9s aux ondulations douces, faisant de chaque pi\u00e8ce un chef-d&rsquo;\u0153uvre singulier et envo\u00fbtant.<\/p>\n<p>D\u00e9couvrez notre collection de marbres et d\u2019onyx via ce lien: <a href=\"https:\/\/forzini.com\/fr\/materiaux\/\">Mat\u00e9riaux<\/a><\/p>\n<h3><strong>Caract\u00e9ristiques principales<\/strong><\/h3>\n<h3><strong>Montage : Aucun montage requis.<\/strong><\/h3>\n<h3><strong>Finition de la pierre : Polie.<\/strong><\/h3>\n<h3><strong>Finition de la patte : Acier inoxydable couleur dor\u00e9e.<\/strong><\/h3>\n<h3><strong>Poids : 15 kg.<\/strong><\/h3>\n","protected":false},"excerpt":{"rendered":"<h1>Table tulip en marbre blanc<\/h1>\n<p>avec son plateau irr\u00e9gulier taill\u00e9 dans de l\u2019onyx pur, cette table incarne l\u2019excellence du design haut de gamme. Chaque pi\u00e8ce est m\u00e9ticuleusement sculpt\u00e9e par des artisans experts, qui utilisent des techniques traditionnelles pour r\u00e9v\u00e9ler la beaut\u00e9 naturelle de l\u2019onyx blanc. Sa surface aux formes organiques et \u00e0 la texture unique capte la lumi\u00e8re de mani\u00e8re spectaculaire, cr\u00e9ant un jeu d\u2019ombres et de reflets qui attire le regard et ajoute une touche de luxe \u00e0 tout espace. Sa base tulipe dor\u00e9e compl\u00e8te l\u2019ensemble avec style et \u00e9l\u00e9gance.<\/p>\n<h2><strong>Dimensions : Largeur 50 cm, Longueur 60 cm, Hauteur 50 cm.<\/strong><\/h2>\n","protected":false},"featured_media":14589,"comment_status":"closed","ping_status":"closed","template":"","meta":{"_acf_changed":false,"_joinchat":[]},"product_brand":[],"product_cat":[188,395],"product_tag":[190],"class_list":{"0":"post-10359","1":"product","2":"type-product","3":"status-publish","4":"has-post-thumbnail","6":"product_cat-tables-fr","7":"product_cat-tables-basses-en-pierre","8":"product_tag-onyx-fr","10":"first","11":"instock","12":"sale","13":"featured","14":"shipping-taxable","15":"purchasable","16":"product-type-simple"},"acf":[],"_links":{"self":[{"href":"https:\/\/forzini.com\/fr\/wp-json\/wp\/v2\/product\/10359","targetHints":{"allow":["GET"]}}],"collection":[{"href":"https:\/\/forzini.com\/fr\/wp-json\/wp\/v2\/product"}],"about":[{"href":"https:\/\/forzini.com\/fr\/wp-json\/wp\/v2\/types\/product"}],"replies":[{"embeddable":true,"href":"https:\/\/forzini.com\/fr\/wp-json\/wp\/v2\/comments?post=10359"}],"version-history":[{"count":0,"href":"https:\/\/forzini.com\/fr\/wp-json\/wp\/v2\/product\/10359\/revisions"}],"wp:featuredmedia":[{"embeddable":true,"href":"https:\/\/forzini.com\/fr\/wp-json\/wp\/v2\/media\/14589"}],"wp:attachment":[{"href":"https:\/\/forzini.com\/fr\/wp-json\/wp\/v2\/media?parent=10359"}],"wp:term":[{"taxonomy":"product_brand","embeddable":true,"href":"https:\/\/forzini.com\/fr\/wp-json\/wp\/v2\/product_brand?post=10359"},{"taxonomy":"product_cat","embeddable":true,"href":"https:\/\/forzini.com\/fr\/wp-json\/wp\/v2\/product_cat?post=10359"},{"taxonomy":"product_tag","embeddable":true,"href":"https:\/\/forzini.com\/fr\/wp-json\/wp\/v2\/product_tag?post=10359"}],"curies":[{"name":"wp","href":"https:\/\/api.w.org\/{rel}","templated":true}]}}