{"id":10348,"date":"2024-07-03T09:27:30","date_gmt":"2024-07-03T07:27:30","guid":{"rendered":"https:\/\/forzini.com\/producto\/mesa-de-piedra-onix-janus\/"},"modified":"2025-08-17T14:04:10","modified_gmt":"2025-08-17T12:04:10","slug":"table-gigogne-marbre-onyx-blanc-janus","status":"publish","type":"product","link":"https:\/\/forzini.com\/fr\/producto\/table-gigogne-marbre-onyx-blanc-janus\/","title":{"rendered":"Table gigogne marbre onyx blanc Janus"},"content":{"rendered":"<h2><strong>Table gigogne marbre onyx blanc<\/strong> \u00ab\u00a0Janus\u00a0\u00bb<\/h2>\n<p>\u00c9labor\u00e9e avec un soin m\u00e9ticuleux par des artisans experts, cette<strong> table gigogne en marbre et onyx blanc<\/strong> incarne l&rsquo;\u00e9l\u00e9gance sublime de la pierre naturelle. Ses lignes \u00e9pur\u00e9es, la forme irr\u00e9guli\u00e8re de son plateau reposant sur un pied en acier inoxydable et sa surface lumineuse cr\u00e9ent un fascinant jeu de lumi\u00e8re, faisant d\u2019elle un accent remarquable dans tout salon. S\u00e9lectionn\u00e9 avec exigence, notre onyx blanc exclusif apporte une touche de sophistication intemporelle, transformant cette table en une \u0153uvre d\u2019art durable.<\/p>\n<p>Que ce soit en table gigogne ou associ\u00e9e au mod\u00e8le <strong>Juno<\/strong>, sa taille compacte lui permet d\u2019\u00eatre une pi\u00e8ce ma\u00eetresse en solo ou de s&rsquo;int\u00e9grer harmonieusement dans une composition modulable.<\/p>\n<p>Dune Dore\u00e9 Onyx &#8211; un fond blanc immacul\u00e9, tel une toile sereine, d\u00e9licatement orn\u00e9 de nuages dor\u00e9s flottants, agr\u00e9ment\u00e9 d\u2019ombres cr\u00e9meuses et de veines aux nuances or, caramel, marron, cognac et rouge\u00e2tres. Rarissime, cet onyx d\u2019exception est extrait en quantit\u00e9s limit\u00e9es d\u2019un gisement unique.<\/p>\n<p>Chaque table est un hommage au savoir-faire in\u00e9gal\u00e9 de nos artisans, dont le talent et l\u2019expertise dans le travail de l\u2019onyx et du marbre transforment ces pierres nobles en pi\u00e8ces de mobilier d\u2019exception. Leur ma\u00eetrise dans l\u2019agencement des motifs et leur souci du d\u00e9tail garantissent que chaque veinage et chaque contour contribuent \u00e0 l\u2019harmonie et \u00e0 la beaut\u00e9 de la pi\u00e8ce. Seul un v\u00e9ritable artiste peut fa\u00e7onner une \u0153uvre aussi exquise, et nos artisans en sont la parfaite illustration.<\/p>\n<p>D\u00e9couvrez notre collection de marbres et d\u2019onyx via ce lien: <a href=\"https:\/\/forzini.com\/fr\/materiaux\/\">Mat\u00e9riaux<\/a><\/p>\n<h3><strong>Caract\u00e9ristiques principales<\/strong><\/h3>\n<h3><strong>Montage : Aucun montage requis.<\/strong><\/h3>\n<h3><strong>Finition de la pierre : Polie.<\/strong><\/h3>\n<h3><strong>Finition de la patte : Acier inoxydable couleur dor\u00e9e.<\/strong><\/h3>\n<h3><strong>Poids : 8 kg.<\/strong><\/h3>\n","protected":false},"excerpt":{"rendered":"<h1><strong>Table gigogne marbre onyx blanc<\/strong><\/h1>\n<p>Dot\u00e9e d&rsquo;une base dor\u00e9e, cette table est une pi\u00e8ce de design d&rsquo;une \u00e9l\u00e9gance exceptionnelle. La puret\u00e9 de l\u2019onyx blanc, avec ses d\u00e9licates veines et sa surface lumineuse, s\u2019harmonise parfaitement avec la sophistication de la base dor\u00e9e, irradiant luxe et raffinement.<\/p>\n<p>Polyvalente et raffin\u00e9e, elle peut \u00eatre associ\u00e9e au mod\u00e8le <strong>Juno<\/strong> pour former un ensemble de tables gigognes, alliant modernit\u00e9 et fonctionnalit\u00e9. Id\u00e9al pour ceux qui recherchent une solution d\u00e9corative \u00e0 la fois pratique et visuellement saisissante.<\/p>\n<h2><strong>Dimensions : Largeur 37 cm, Longueur 38 cm, Hauteur 40 cm.<\/strong><\/h2>\n","protected":false},"featured_media":14554,"comment_status":"closed","ping_status":"closed","template":"","meta":{"_acf_changed":false,"_joinchat":[]},"product_brand":[],"product_cat":[188,395],"product_tag":[190],"class_list":{"0":"post-10348","1":"product","2":"type-product","3":"status-publish","4":"has-post-thumbnail","6":"product_cat-tables-fr","7":"product_cat-tables-basses-en-pierre","8":"product_tag-onyx-fr","10":"first","11":"instock","12":"sale","13":"featured","14":"shipping-taxable","15":"purchasable","16":"product-type-simple"},"acf":[],"_links":{"self":[{"href":"https:\/\/forzini.com\/fr\/wp-json\/wp\/v2\/product\/10348","targetHints":{"allow":["GET"]}}],"collection":[{"href":"https:\/\/forzini.com\/fr\/wp-json\/wp\/v2\/product"}],"about":[{"href":"https:\/\/forzini.com\/fr\/wp-json\/wp\/v2\/types\/product"}],"replies":[{"embeddable":true,"href":"https:\/\/forzini.com\/fr\/wp-json\/wp\/v2\/comments?post=10348"}],"version-history":[{"count":0,"href":"https:\/\/forzini.com\/fr\/wp-json\/wp\/v2\/product\/10348\/revisions"}],"wp:featuredmedia":[{"embeddable":true,"href":"https:\/\/forzini.com\/fr\/wp-json\/wp\/v2\/media\/14554"}],"wp:attachment":[{"href":"https:\/\/forzini.com\/fr\/wp-json\/wp\/v2\/media?parent=10348"}],"wp:term":[{"taxonomy":"product_brand","embeddable":true,"href":"https:\/\/forzini.com\/fr\/wp-json\/wp\/v2\/product_brand?post=10348"},{"taxonomy":"product_cat","embeddable":true,"href":"https:\/\/forzini.com\/fr\/wp-json\/wp\/v2\/product_cat?post=10348"},{"taxonomy":"product_tag","embeddable":true,"href":"https:\/\/forzini.com\/fr\/wp-json\/wp\/v2\/product_tag?post=10348"}],"curies":[{"name":"wp","href":"https:\/\/api.w.org\/{rel}","templated":true}]}}