{"id":10339,"date":"2024-07-03T09:41:48","date_gmt":"2024-07-03T07:41:48","guid":{"rendered":"https:\/\/forzini.com\/producto\/mesa-auxiliar-pequena\/"},"modified":"2025-03-06T22:46:34","modified_gmt":"2025-03-06T21:46:34","slug":"table-basse-cube-en-onyx-juventas","status":"publish","type":"product","link":"https:\/\/forzini.com\/fr\/producto\/table-basse-cube-en-onyx-juventas\/","title":{"rendered":"Table basse cube en onyx Juventas"},"content":{"rendered":"<h1>Table basse cube en onyx\u00a0\u00ab\u00a0Juventas\u00a0\u00bb<\/h1>\n<div class=\"flex max-w-full flex-col flex-grow\">\n<div class=\"min-h-8 text-message relative flex w-full flex-col items-end gap-2 whitespace-normal break-words text-start [.text-message+&amp;]:mt-5\" dir=\"auto\" data-message-author-role=\"assistant\" data-message-id=\"7278f070-4d9a-4a5f-af12-429113a4d316\" data-message-model-slug=\"gpt-4o\">\n<div class=\"flex w-full flex-col gap-1 empty:hidden first:pt-[3px]\">\n<div class=\"markdown prose w-full break-words dark:prose-invert light\">\n<p data-start=\"0\" data-end=\"402\">Pur style minimaliste, cette <strong>table basse cube en onyx vert clair<\/strong> est une merveille sculpturale alliant formes classiques et touche contemporaine. Son design \u00e9pur\u00e9 incarne luxe et simplicit\u00e9, apportant une \u00e9l\u00e9gance intemporelle \u00e0 tout espace. Les lignes nettes de la table et la richesse de la texture de l\u2019onyx se marient harmonieusement, cr\u00e9ant une pi\u00e8ce \u00e0 la fois fonctionnelle et sophistiqu\u00e9e.<\/p>\n<p data-start=\"404\" data-end=\"580\">R\u00e9alis\u00e9e en v\u00e9ritable onyx rose, vert exceptionnel, blanc raffin\u00e9 et un somptueux onyx vert clair, cette petite table d\u2019appoint devient la pi\u00e8ce ma\u00eetresse de votre int\u00e9rieur.<\/p>\n<p data-start=\"582\" data-end=\"859\" data-is-last-node=\"\" data-is-only-node=\"\">Galaxy Vert Onyx &#8211; un fond vert clair sublim\u00e9 par des ondulations blanches, entrelac\u00e9es de veines terreuses aux nuances dor\u00e9es, brunes et<\/p>\n<p data-start=\"2316\" data-end=\"2393\">D\u00e9couvrez notre collection de marbres et d\u2019onyx via ce lien: <a href=\"https:\/\/forzini.com\/fr\/materiaux\/\" target=\"_blank\" rel=\"noopener\">Mat\u00e9riaux<\/a><\/p>\n<h3><strong data-start=\"2404\" data-end=\"2436\">Caract\u00e9ristiques principales<\/strong><\/h3>\n<h3><strong>Montage<\/strong> : Aucun montage requis.<\/h3>\n<h3><strong>Finition de la pierre<\/strong> : Polie.<\/h3>\n<h3><strong>Poids<\/strong> : 35 kg.<\/h3>\n<\/div>\n<\/div>\n<\/div>\n<\/div>\n","protected":false},"excerpt":{"rendered":"<h2>Table basse cube en onyx<\/h2>\n<p>Avec son design minimaliste et \u00e9l\u00e9gant, cette table red\u00e9finit la polyvalence. Disponible en onyx vert clair, chaque pi\u00e8ce rend hommage \u00e0 la beaut\u00e9 naturelle de la pierre. Sa forme cubique permet d\u2019associer diff\u00e9rentes teintes pour sublimer le style luxueux de votre int\u00e9rieur. S\u00e9lectionn\u00e9 pour sa qualit\u00e9 et son \u00e9clat, l\u2019onyx apporte une touche d\u2019opulence et de sophistication, faisant de cette petite table d\u2019appoint la pi\u00e8ce ma\u00eetresse de tout espace.<\/p>\n<h4 data-start=\"541\" data-end=\"603\"><strong data-start=\"541\" data-end=\"557\">Dimensions :<\/strong> Largeur 40 cm, Longueur 40 cm, Hauteur 45 cm.<\/h4>\n","protected":false},"featured_media":10340,"comment_status":"closed","ping_status":"closed","template":"","meta":{"_acf_changed":false,"_joinchat":[]},"product_brand":[],"product_cat":[188,395],"product_tag":[190],"class_list":{"0":"post-10339","1":"product","2":"type-product","3":"status-publish","4":"has-post-thumbnail","6":"product_cat-tables-fr","7":"product_cat-tables-basses-en-pierre","8":"product_tag-onyx-fr","10":"first","11":"instock","12":"sale","13":"featured","14":"shipping-taxable","15":"purchasable","16":"product-type-simple"},"acf":[],"_links":{"self":[{"href":"https:\/\/forzini.com\/fr\/wp-json\/wp\/v2\/product\/10339","targetHints":{"allow":["GET"]}}],"collection":[{"href":"https:\/\/forzini.com\/fr\/wp-json\/wp\/v2\/product"}],"about":[{"href":"https:\/\/forzini.com\/fr\/wp-json\/wp\/v2\/types\/product"}],"replies":[{"embeddable":true,"href":"https:\/\/forzini.com\/fr\/wp-json\/wp\/v2\/comments?post=10339"}],"version-history":[{"count":0,"href":"https:\/\/forzini.com\/fr\/wp-json\/wp\/v2\/product\/10339\/revisions"}],"wp:featuredmedia":[{"embeddable":true,"href":"https:\/\/forzini.com\/fr\/wp-json\/wp\/v2\/media\/10340"}],"wp:attachment":[{"href":"https:\/\/forzini.com\/fr\/wp-json\/wp\/v2\/media?parent=10339"}],"wp:term":[{"taxonomy":"product_brand","embeddable":true,"href":"https:\/\/forzini.com\/fr\/wp-json\/wp\/v2\/product_brand?post=10339"},{"taxonomy":"product_cat","embeddable":true,"href":"https:\/\/forzini.com\/fr\/wp-json\/wp\/v2\/product_cat?post=10339"},{"taxonomy":"product_tag","embeddable":true,"href":"https:\/\/forzini.com\/fr\/wp-json\/wp\/v2\/product_tag?post=10339"}],"curies":[{"name":"wp","href":"https:\/\/api.w.org\/{rel}","templated":true}]}}