{"id":10331,"date":"2024-07-03T11:19:56","date_gmt":"2024-07-03T09:19:56","guid":{"rendered":"https:\/\/forzini.com\/producto\/mesa-auxiliar-de-onix-mercury\/"},"modified":"2025-03-06T22:28:32","modified_gmt":"2025-03-06T21:28:32","slug":"table-dappoint-en-marbre-vert-mercury","status":"publish","type":"product","link":"https:\/\/forzini.com\/fr\/producto\/table-dappoint-en-marbre-vert-mercury\/","title":{"rendered":"Table d&rsquo;appoint en marbre vert Mercury"},"content":{"rendered":"<h1>Table d&rsquo;appoint en marbre vert \u00ab\u00a0Mercury\u00a0\u00bb<\/h1>\n<p data-start=\"0\" data-end=\"377\">Chaque pi\u00e8ce de cette<strong> table d&rsquo;appoint en marbre vert<\/strong> est m\u00e9ticuleusement fabriqu\u00e9e \u00e0 la main par des ma\u00eetres artisans hautement qualifi\u00e9s. Avec sa forme ronde qui \u00e9voque la perfection, cette table fusionne le somptueux onyx avec le magnifique marbre, cr\u00e9ant une \u0153uvre sculpturale qui ajoute une touche de sophistication et d\u2019\u00e9l\u00e9gance intemporelle \u00e0 tout espace int\u00e9rieur.<\/p>\n<p data-start=\"379\" data-end=\"707\">La beaut\u00e9 naturelle de l\u2019onyx vert clair se d\u00e9ploie sur chaque surface, r\u00e9v\u00e9lant des motifs uniques et des couleurs vibrantes qui capturent l\u2019essence de la nature. Gr\u00e2ce \u00e0 la transparence naturelle de l\u2019onyx, la base permet une illumination interne qui diffuse une lueur douce, apportant chaleur et raffinement \u00e0 l\u2019atmosph\u00e8re.<\/p>\n<p data-start=\"709\" data-end=\"1139\">Polyvalente et contemporaine, cette table ne se limite pas \u00e0 une simple table d\u2019appoint: elle peut \u00e9galement \u00eatre utilis\u00e9e comme table basse, table de chevet ou encore comme podium pour exposer un vase, un buste ou une lampe, sublimant ainsi votre int\u00e9rieur avec une \u00e9l\u00e9gance in\u00e9gal\u00e9e. Chaque pi\u00e8ce est une v\u00e9ritable d\u00e9claration de style et de bon go\u00fbt, id\u00e9ale pour ceux qui souhaitent ajouter une touche de luxe \u00e0 leur maison.<\/p>\n<p data-start=\"1141\" data-end=\"1566\">Saviez-vous que notre onyx poss\u00e8de une fascinante translucidit\u00e9 qui a captiv\u00e9 artisans et admirateurs \u00e0 travers le temps ? Sa capacit\u00e9 \u00e0 diffuser la lumi\u00e8re plut\u00f4t qu\u2019\u00e0 la r\u00e9fl\u00e9chir conf\u00e8re \u00e0 cette pierre une qualit\u00e9 presque mystique. La lumi\u00e8re filtrant \u00e0 travers ses couches marbr\u00e9es se fait plus douce, cr\u00e9ant un \u00e9clat chaleureux et apaisant qui transforme n&rsquo;importe quel espace en un lieu de contemplation et de beaut\u00e9.<\/p>\n<p data-start=\"1568\" data-end=\"2178\" data-is-last-node=\"\" data-is-only-node=\"\">Cette translucidit\u00e9 est une m\u00e9taphore de la profondeur et de la complexit\u00e9. Tout comme la lumi\u00e8re r\u00e9v\u00e8le les nuances cach\u00e9es de l\u2019onyx, la pierre nous invite \u00e0 aller au-del\u00e0 de la surface, \u00e0 explorer la subtile interaction des couleurs et des formes qui se dessine en son c\u0153ur. Dans un monde o\u00f9 l\u2019on valorise souvent l\u2019\u00e9vidence et l\u2019instantan\u00e9, l\u2019onyx nous rappelle la beaut\u00e9 qui r\u00e9side dans la discr\u00e9tion, la qui\u00e9tude et la profondeur. C\u2019est cette qualit\u00e9 unique qui fait de l\u2019onyx bien plus qu\u2019un simple mat\u00e9riau : c\u2019est un v\u00e9ritable medium \u00e0 travers lequel la nature d\u00e9voile ses secrets les plus envo\u00fbtants.<\/p>\n<p data-start=\"2316\" data-end=\"2393\">D\u00e9couvrez notre collection de marbres et d\u2019onyx via ce lien: <a href=\"https:\/\/forzini.com\/fr\/materiaux\/\" target=\"_blank\" rel=\"noopener\">Mat\u00e9riaux<\/a><\/p>\n<h3><strong data-start=\"2404\" data-end=\"2436\">Caract\u00e9ristiques principales<\/strong><\/h3>\n<h3><strong>Montage<\/strong> : Aucun montage requis.<\/h3>\n<h3><strong>Finition de la pierre<\/strong> : Polie.<\/h3>\n<h3><strong>Poids<\/strong> : 75 kg.<\/h3>\n","protected":false},"excerpt":{"rendered":"<h2><strong>Table d&rsquo;appoint en marbre vert<\/strong><\/h2>\n<p data-start=\"0\" data-end=\"448\">Ce n&rsquo;est pas seulement un \u00e9l\u00e9ment d\u00e9coratif distinctif, mais aussi extraordinairement polyvalent. Parfait comme une \u00e9l\u00e9gante table de nuit en marbre, ce meuble multifonction peut \u00e9galement \u00eatre utilis\u00e9 comme un si\u00e8ge d\u2019appoint confortable, s\u2019adaptant facilement \u00e0 n\u2019importe quel espace de votre maison. Il peut \u00eatre r\u00e9tro\u00e9clair\u00e9 facilement par le dessous et transform\u00e9 en une table lumineuse, apportant une ambiance chaleureuse \u00e0 votre int\u00e9rieur.<\/p>\n<h4 data-start=\"450\" data-end=\"497\"><strong data-start=\"450\" data-end=\"466\">Dimensions :<\/strong> Diam\u00e8tre 38 cm, Hauteur 52 cm.<\/h4>\n","protected":false},"featured_media":10332,"comment_status":"closed","ping_status":"closed","template":"","meta":{"_acf_changed":false,"_joinchat":[]},"product_brand":[],"product_cat":[188],"product_tag":[189,190],"class_list":{"0":"post-10331","1":"product","2":"type-product","3":"status-publish","4":"has-post-thumbnail","6":"product_cat-tables-fr","7":"product_tag-marbre","8":"product_tag-onyx-fr","10":"first","11":"instock","12":"sale","13":"shipping-taxable","14":"purchasable","15":"product-type-simple"},"acf":[],"_links":{"self":[{"href":"https:\/\/forzini.com\/fr\/wp-json\/wp\/v2\/product\/10331","targetHints":{"allow":["GET"]}}],"collection":[{"href":"https:\/\/forzini.com\/fr\/wp-json\/wp\/v2\/product"}],"about":[{"href":"https:\/\/forzini.com\/fr\/wp-json\/wp\/v2\/types\/product"}],"replies":[{"embeddable":true,"href":"https:\/\/forzini.com\/fr\/wp-json\/wp\/v2\/comments?post=10331"}],"version-history":[{"count":0,"href":"https:\/\/forzini.com\/fr\/wp-json\/wp\/v2\/product\/10331\/revisions"}],"wp:featuredmedia":[{"embeddable":true,"href":"https:\/\/forzini.com\/fr\/wp-json\/wp\/v2\/media\/10332"}],"wp:attachment":[{"href":"https:\/\/forzini.com\/fr\/wp-json\/wp\/v2\/media?parent=10331"}],"wp:term":[{"taxonomy":"product_brand","embeddable":true,"href":"https:\/\/forzini.com\/fr\/wp-json\/wp\/v2\/product_brand?post=10331"},{"taxonomy":"product_cat","embeddable":true,"href":"https:\/\/forzini.com\/fr\/wp-json\/wp\/v2\/product_cat?post=10331"},{"taxonomy":"product_tag","embeddable":true,"href":"https:\/\/forzini.com\/fr\/wp-json\/wp\/v2\/product_tag?post=10331"}],"curies":[{"name":"wp","href":"https:\/\/api.w.org\/{rel}","templated":true}]}}