{"id":10319,"date":"2024-07-31T08:47:09","date_gmt":"2024-07-31T06:47:09","guid":{"rendered":"https:\/\/forzini.com\/producto\/mesa-marmol-baja-trivia\/"},"modified":"2025-03-06T10:06:24","modified_gmt":"2025-03-06T09:06:24","slug":"table-basse-en-onyx-marbre-trivia","status":"publish","type":"product","link":"https:\/\/forzini.com\/fr\/producto\/table-basse-en-onyx-marbre-trivia\/","title":{"rendered":"Table basse en onyx marbre Trivia"},"content":{"rendered":"<h1>Table basse en onyx marbre \u00ab\u00a0Trivia\u00a0\u00bb<\/h1>\n<p>Cette table basse en onyx marbre est un hommage \u00e0 la cr\u00e9ativit\u00e9 de la nature et \u00e0 l&rsquo;art de nos ma\u00eetres artisans. Cette table basse sculpturale pr\u00e9sente un design unique qui met en valeur le plus incroyable marbre rouge z\u00e9br\u00e9 et onyx blanc. Audacieuse mais \u00e9l\u00e9gante, sa forme ronde styl\u00e9e rend cette petite table confortable et polyvalente. Elle peut servir de table de chevet, de pi\u00e9destal, de table basse ou de table d&rsquo;appoint ext\u00e9rieure. Dans la d\u00e9coration de toute maison, elle attirera l&rsquo;attention avec son design remarquable et sa singularit\u00e9, sublimant le style de votre maison avec une touche magnifique de luxe discret et de go\u00fbt excellent. Cette table basse en onyx marbre faite \u00e0 la main est l&rsquo;\u0153uvre de nos plus talentueux ma\u00eetres artisans, qui requi\u00e8rent une grande habilet\u00e9 pour unir parfaitement deux belles pierres : l&rsquo;onyx blanc et le rare marbre rouge z\u00e9br\u00e9. Son design \u00e9voque les rayures d&rsquo;un z\u00e8bre sauvage, qui ont inspir\u00e9 sa cr\u00e9ation. Cette table basse en onyx marbre, qui promet d&rsquo;\u00eatre le compl\u00e9ment le plus beau de votre maison, offre une sophistication magnifique, une histoire de pierres incroyables et une touche de confort luxueux.<\/p>\n<p>Saviez-vous que nous avons soigneusement s\u00e9lectionn\u00e9 le merveilleux Marbre Z\u00e8bre Rouge pour faire partie de notre collection en raison de ses qualit\u00e9s uniques et rares ? Connu pour sa couleur vibrante rouge vin et son veinage blanc distinctif, ce marbre pr\u00e9sente un fond rouge prononc\u00e9 avec des veines blanches qui semblent galoper \u00e0 sa surface comme des z\u00e8bres sauvages au coucher du soleil dans la savane. Ce marbre expressif et sophistiqu\u00e9 varie de motifs subtilement d\u00e9licats \u00e0 des veinages audacieusement prononc\u00e9s, faisant de chaque pi\u00e8ce une v\u00e9ritable \u0153uvre d&rsquo;art. La beaut\u00e9 de ce marbre r\u00e9side dans son jeu harmonieux et \u00e9l\u00e9gant de veines blanches sur un doux fond rouge bordeaux, noble et imp\u00e9rial. Le rouge n&rsquo;est pas trop intense, mais plut\u00f4t doux, attrayant et tr\u00e8s agr\u00e9able \u00e0 l&rsquo;\u0153il, captivant celui qui le contemple. Sa coloration et son motif uniques le font se d\u00e9marquer parmi d&rsquo;autres marbres rouges du monde entier. Ce qui distingue vraiment le marbre Z\u00e8bre Rouge, c&rsquo;est sa raret\u00e9. Extrait en quantit\u00e9s limit\u00e9es d&rsquo;une r\u00e9gion montagneuse recul\u00e9e du sud de l&rsquo;Asie, ce marbre rare a \u00e9t\u00e9 cr\u00e9\u00e9 par la nature au cours de millions d&rsquo;ann\u00e9es. En tant que roche m\u00e9tamorphique, il se forme sous une chaleur et une pression intenses, transformant les min\u00e9raux des profondeurs de la cro\u00fbte terrestre en ses motifs distinctifs et sa coloration intense. La disponibilit\u00e9 limit\u00e9e et les caract\u00e9ristiques uniques en font une option pris\u00e9e pour ceux qui cherchent une touche d&rsquo;\u00e9l\u00e9gance et d&rsquo;exclusivit\u00e9 dans leur d\u00e9coration, le distinguant des autres marbres rouges du monde entier.<\/p>\n<p data-start=\"2316\" data-end=\"2393\">D\u00e9couvrez notre collection de marbres et d\u2019onyx via ce lien: <a href=\"https:\/\/forzini.com\/fr\/materiaux\/\" target=\"_blank\" rel=\"noopener\">Mat\u00e9riaux<\/a><\/p>\n<h3><strong data-start=\"2404\" data-end=\"2436\">Caract\u00e9ristiques principales<\/strong><\/h3>\n<h3><strong>Montage<\/strong> : Aucun montage requis.<\/h3>\n<h3><strong>Finition de la pierre<\/strong> : Polie.<\/h3>\n<h3><strong>Poids<\/strong> : 75 kg.<\/h3>\n","protected":false},"excerpt":{"rendered":"<h2>Table basse en onyx marbre<\/h2>\n<p>C&rsquo;est une v\u00e9ritable <strong>\u0153uvre ma\u00eetresse du design contemporain<\/strong>, une pi\u00e8ce innovante et exceptionnelle qui se distingue par sa magnifique combinaison de marbre et d&rsquo;onyx en une seule pi\u00e8ce. Son design rond, aux lignes douces et \u00e0 l&rsquo;incroyable m\u00e9lange de marbre rouge z\u00e9br\u00e9 et d&rsquo;onyx blanc, repr\u00e9sente une fusion sublime entre la beaut\u00e9 unique de la nature et le talent de nos artisans. Les \u00e9l\u00e9gantes rayures de son design captent toute l&rsquo;attention, tandis que sa forme ronde embellit n&rsquo;importe quel espace int\u00e9rieur avec un style raffin\u00e9, refl\u00e9tant le go\u00fbt impeccable de ses propri\u00e9taires. Les lignes douces de la table cr\u00e9ent une sensation d&rsquo;harmonie et de fluidit\u00e9, apportant caract\u00e8re et d\u00e9finition de style.<\/p>\n<h4>Dimensions : Diam\u00e8tre 38 cm, Hauteur 52 cm.<\/h4>\n","protected":false},"featured_media":10320,"comment_status":"closed","ping_status":"closed","template":"","meta":{"_acf_changed":false,"_joinchat":[]},"product_brand":[],"product_cat":[188,358],"product_tag":[189],"class_list":{"0":"post-10319","1":"product","2":"type-product","3":"status-publish","4":"has-post-thumbnail","6":"product_cat-tables-fr","7":"product_cat-tables-basses-marbre","8":"product_tag-marbre","10":"first","11":"instock","12":"sale","13":"featured","14":"shipping-taxable","15":"purchasable","16":"product-type-simple"},"acf":[],"_links":{"self":[{"href":"https:\/\/forzini.com\/fr\/wp-json\/wp\/v2\/product\/10319","targetHints":{"allow":["GET"]}}],"collection":[{"href":"https:\/\/forzini.com\/fr\/wp-json\/wp\/v2\/product"}],"about":[{"href":"https:\/\/forzini.com\/fr\/wp-json\/wp\/v2\/types\/product"}],"replies":[{"embeddable":true,"href":"https:\/\/forzini.com\/fr\/wp-json\/wp\/v2\/comments?post=10319"}],"version-history":[{"count":0,"href":"https:\/\/forzini.com\/fr\/wp-json\/wp\/v2\/product\/10319\/revisions"}],"wp:featuredmedia":[{"embeddable":true,"href":"https:\/\/forzini.com\/fr\/wp-json\/wp\/v2\/media\/10320"}],"wp:attachment":[{"href":"https:\/\/forzini.com\/fr\/wp-json\/wp\/v2\/media?parent=10319"}],"wp:term":[{"taxonomy":"product_brand","embeddable":true,"href":"https:\/\/forzini.com\/fr\/wp-json\/wp\/v2\/product_brand?post=10319"},{"taxonomy":"product_cat","embeddable":true,"href":"https:\/\/forzini.com\/fr\/wp-json\/wp\/v2\/product_cat?post=10319"},{"taxonomy":"product_tag","embeddable":true,"href":"https:\/\/forzini.com\/fr\/wp-json\/wp\/v2\/product_tag?post=10319"}],"curies":[{"name":"wp","href":"https:\/\/api.w.org\/{rel}","templated":true}]}}