{"id":10302,"date":"2024-10-26T17:16:35","date_gmt":"2024-10-26T15:16:35","guid":{"rendered":"https:\/\/forzini.com\/producto\/mesa-piramide-invertida-alta-de-marmol\/"},"modified":"2025-03-06T10:11:04","modified_gmt":"2025-03-06T09:11:04","slug":"table-dappoint-triangulaire-marbre","status":"publish","type":"product","link":"https:\/\/forzini.com\/fr\/producto\/table-dappoint-triangulaire-marbre\/","title":{"rendered":"Table d&rsquo;appoint triangulaire marbre"},"content":{"rendered":"<h1>Table d&rsquo;appoint triangulaire marbre\u00a0\u00ab\u00a0Corus W\u00a0\u00bb<\/h1>\n<p data-start=\"0\" data-end=\"387\">La t<strong data-start=\"3\" data-end=\"45\">able d&rsquo;appoint triangulaire en marbre<\/strong> se pr\u00e9sente comme une pi\u00e8ce sculpturale exceptionnelle qui m\u00e9tamorphose n\u2019importe quel espace. Ce meuble d\u00e9coratif \u00e9l\u00e9gant, fa\u00e7onn\u00e9 en pierre naturelle, arbore une forme triangulaire captivante qui attire tous les regards. Son socle en acier robuste assure une stabilit\u00e9 parfaite tout en ajoutant une touche moderne qui sublime son design.<\/p>\n<p data-start=\"389\" data-end=\"825\">R\u00e9alis\u00e9e en marbre blanc exclusif, soigneusement s\u00e9lectionn\u00e9 pour ses d\u00e9licates veines grises, cette table met en valeur sa beaut\u00e9 singuli\u00e8re. Sa forme trap\u00e9zo\u00efdale n&rsquo;est pas seulement esth\u00e9tiquement attrayante, mais permet \u00e9galement de cr\u00e9er des compositions artistiques uniques. En regroupant plusieurs tables pour former des configurations g\u00e9om\u00e9triques ou en l&rsquo;utilisant comme un \u00e9l\u00e9ment d\u00e9coratif ind\u00e9pendant et impressionnant, elle offre une grande flexibilit\u00e9.<\/p>\n<p data-start=\"827\" data-end=\"1066\">La table d&rsquo;appoint triangulaire en marbre est id\u00e9ale aussi bien comme pi\u00e8ce ma\u00eetresse dans un salon que comme un \u00e9l\u00e9gant compl\u00e9ment dans un espace plus intime. Son style distinctif et sophistiqu\u00e9 rehausse l\u2019esth\u00e9tique de toute pi\u00e8ce.<\/p>\n<p data-start=\"1068\" data-end=\"1097\">Marbre Snow Leopard &#8211; ce marbre, caract\u00e9ris\u00e9 par un fond blanc et de subtiles nuances grises, est extrait en quantit\u00e9s limit\u00e9es d\u2019une r\u00e9gion sp\u00e9cifique. Son attrait r\u00e9side dans ses veines distinctives qui forment un motif unique, apportant une touche exclusive \u00e0 chaque cr\u00e9ation.<\/p>\n<p data-start=\"1359\" data-end=\"2280\" data-is-last-node=\"\" data-is-only-node=\"\">Saviez-vous que le Marbre Snow Leopard est un v\u00e9ritable tr\u00e9sor parmi les pierres naturelles ? Sa raret\u00e9 d\u00e9coule des conditions g\u00e9ologiques uniques n\u00e9cessaires \u00e0 sa formation. Ce marbre provient de la m\u00e9tamorphose de calcaire ou de dolomite sous une chaleur et une pression extr\u00eames, cr\u00e9ant ainsi une structure dense et finement entrelac\u00e9e. Avec une palette de couleurs variant du blanc au gris clair, ce mat\u00e9riau n\u2019est pas seulement visuellement saisissant ; il est \u00e9galement extrait en quantit\u00e9s limit\u00e9es d\u2019une r\u00e9gion sp\u00e9cifique du sud de l\u2019Asie, faisant de chaque pi\u00e8ce un v\u00e9ritable joyau. Le Marbre Snow Leopard est synonyme de sophistication et d\u2019exclusivit\u00e9, utilis\u00e9 dans la d\u00e9coration et l\u2019ameublement haut de gamme pour cr\u00e9er des pi\u00e8ces qui captivent et subliment chaque espace. Sa pr\u00e9sence dans l\u2019univers du design d\u2019int\u00e9rieur refl\u00e8te un go\u00fbt raffin\u00e9 et une qu\u00eate de mat\u00e9riaux \u00e0 la fois sublimes et uniques.<\/p>\n<p data-start=\"2316\" data-end=\"2393\">D\u00e9couvrez notre collection de marbres et d\u2019onyx via ce lien: <a href=\"https:\/\/forzini.com\/fr\/materiaux\/\" target=\"_blank\" rel=\"noopener\">Mat\u00e9riaux<\/a><\/p>\n<h3><strong data-start=\"2404\" data-end=\"2436\">Caract\u00e9ristiques principales<\/strong><\/h3>\n<h3><strong>Montage<\/strong> : Aucun montage requis.<\/h3>\n<h3><strong>Finition de la pierre<\/strong> : Polie.<\/h3>\n<h3><strong>Finition de la patte : Acier inoxydable couleur noire.<\/strong><\/h3>\n<h3><strong>Poids<\/strong> : 18 kg.<\/h3>\n","protected":false},"excerpt":{"rendered":"<h2>Table d&rsquo;appoint triangulaire marbre<\/h2>\n<p>Avec son design trap\u00e9zo\u00efdal et sa base en acier robuste, cette table d&rsquo;appoint triangulaire en marbre incarne la fusion parfaite entre cr\u00e9ativit\u00e9 et minimalisme. Son style distinctif s&rsquo;int\u00e8gre \u00e0 tous les environnements, que ce soit en compl\u00e9ment d\u2019une palette de couleurs harmonieuse ou en tant que point focal saisissant qui capte tous les regards.<\/p>\n<h4>Longueur 35 cm, Largeur 35 cm, Hauteur 62 cm.<\/h4>\n","protected":false},"featured_media":10303,"comment_status":"closed","ping_status":"closed","template":"","meta":{"_acf_changed":false,"_joinchat":[]},"product_brand":[],"product_cat":[188,358],"product_tag":[189],"class_list":{"0":"post-10302","1":"product","2":"type-product","3":"status-publish","4":"has-post-thumbnail","6":"product_cat-tables-fr","7":"product_cat-tables-basses-marbre","8":"product_tag-marbre","10":"first","11":"outofstock","12":"sale","13":"shipping-taxable","14":"purchasable","15":"product-type-simple"},"acf":[],"_links":{"self":[{"href":"https:\/\/forzini.com\/fr\/wp-json\/wp\/v2\/product\/10302","targetHints":{"allow":["GET"]}}],"collection":[{"href":"https:\/\/forzini.com\/fr\/wp-json\/wp\/v2\/product"}],"about":[{"href":"https:\/\/forzini.com\/fr\/wp-json\/wp\/v2\/types\/product"}],"replies":[{"embeddable":true,"href":"https:\/\/forzini.com\/fr\/wp-json\/wp\/v2\/comments?post=10302"}],"version-history":[{"count":0,"href":"https:\/\/forzini.com\/fr\/wp-json\/wp\/v2\/product\/10302\/revisions"}],"wp:featuredmedia":[{"embeddable":true,"href":"https:\/\/forzini.com\/fr\/wp-json\/wp\/v2\/media\/10303"}],"wp:attachment":[{"href":"https:\/\/forzini.com\/fr\/wp-json\/wp\/v2\/media?parent=10302"}],"wp:term":[{"taxonomy":"product_brand","embeddable":true,"href":"https:\/\/forzini.com\/fr\/wp-json\/wp\/v2\/product_brand?post=10302"},{"taxonomy":"product_cat","embeddable":true,"href":"https:\/\/forzini.com\/fr\/wp-json\/wp\/v2\/product_cat?post=10302"},{"taxonomy":"product_tag","embeddable":true,"href":"https:\/\/forzini.com\/fr\/wp-json\/wp\/v2\/product_tag?post=10302"}],"curies":[{"name":"wp","href":"https:\/\/api.w.org\/{rel}","templated":true}]}}