{"id":10275,"date":"2024-10-26T19:49:00","date_gmt":"2024-10-26T17:49:00","guid":{"rendered":"https:\/\/forzini.com\/producto\/mesa-decorativa-de-marmol-onix\/"},"modified":"2025-03-05T23:26:00","modified_gmt":"2025-03-05T22:26:00","slug":"petite-table-de-chevet-en-marbre-onyx","status":"publish","type":"product","link":"https:\/\/forzini.com\/fr\/producto\/petite-table-de-chevet-en-marbre-onyx\/","title":{"rendered":"Petite table de chevet en marbre onyx"},"content":{"rendered":"<h1>Petite table de chevet en marbre onyx\u00a0\u00ab\u00a0Tellus G\u00a0\u00bb<\/h1>\n<p data-start=\"0\" data-end=\"535\">La <strong data-start=\"3\" data-end=\"44\">Petite table de chevet en marbre onyx<\/strong> est un v\u00e9ritable bijou de l\u2019artisanat moderne. Son design unique en forme de sablier refl\u00e8te la dualit\u00e9 et le flux du temps. Cette table n\u2019est pas seulement un \u00e9l\u00e9ment visuellement captivant, elle est \u00e9galement hautement fonctionnelle et polyvalente. L\u2019association du marbre et de l\u2019onyx donne naissance \u00e0 une \u0153uvre d\u2019art qui respire le luxe et l\u2019\u00e9l\u00e9gance. Chaque pi\u00e8ce est exclusive en raison des mat\u00e9riaux rares et exceptionnels qui la composent, rendant chaque table absolument unique.<\/p>\n<p data-start=\"537\" data-end=\"823\">Cette petite table de chevet en marbre onyx ne se contente pas d\u2019embellir votre int\u00e9rieur, elle devient un h\u00e9ritage durable, con\u00e7u pour \u00eatre admir\u00e9 et transmis de g\u00e9n\u00e9ration en g\u00e9n\u00e9ration. Son alliance d\u2019innovation et de tradition en fait un symbole de style et de sophistication.<\/p>\n<p data-start=\"825\" data-end=\"1259\">Saviez-vous que notre Onyx Vert Amazonian, par sa raret\u00e9 et son unicit\u00e9, est une pierre pr\u00e9cieuse qui d\u00e9gage une aura de myst\u00e8re et de luxe ? Sa singularit\u00e9 et son exclusivit\u00e9 ne sont \u00e9gal\u00e9es que par son incroyable beaut\u00e9, notamment lorsqu\u2019elle est utilis\u00e9e pour des tables. Gr\u00e2ce \u00e0 sa translucidit\u00e9, l\u2019Onyx Vert Amazonian laisse passer la lumi\u00e8re, cr\u00e9ant un \u00e9clat fascinant qui m\u00e9tamorphose n\u2019importe quel espace int\u00e9rieur.<\/p>\n<p data-start=\"1261\" data-end=\"1635\">La splendeur des tables en onyx vert r\u00e9side dans leurs motifs naturels, semblables aux coups de pinceau d\u2019un chef-d\u2019\u0153uvre de la nature. Chaque pierre brute s\u00e9lectionn\u00e9e r\u00e9v\u00e8le des veines uniques aux nuances de brun intense, d\u2019or chocolat\u00e9 et de rouge, sur un fond vert profond, ponctu\u00e9 de nuages blancs et de diff\u00e9rentes tonalit\u00e9s de vert qui forment un paysage envo\u00fbtant.<\/p>\n<p data-start=\"1637\" data-end=\"1921\">La fabrication de tables en onyx vert est un processus d\u00e9licat qui requiert le savoir-faire de ma\u00eetres artisans. La raret\u00e9 de ce mat\u00e9riau rend la recherche de grandes pi\u00e8ces sans imperfections particuli\u00e8rement difficile, transformant ainsi chaque table finie en un v\u00e9ritable tr\u00e9sor.<\/p>\n<p data-start=\"1923\" data-end=\"2152\" data-is-last-node=\"\" data-is-only-node=\"\">Dans l\u2019univers du design haut de gamme, une table en onyx vert est un symbole de prestige et de raffinement. Aussi durable que somptueuse, elle est con\u00e7ue pour traverser les g\u00e9n\u00e9rations et continuer \u00e0 \u00e9merveiller au fil du temps.<\/p>\n<p data-start=\"2316\" data-end=\"2393\">D\u00e9couvrez notre collection de marbres et d\u2019onyx via ce lien: <a href=\"https:\/\/forzini.com\/fr\/materiaux\/\" target=\"_blank\" rel=\"noopener\">Mat\u00e9riaux<\/a><\/p>\n<h3><strong data-start=\"2404\" data-end=\"2436\">Caract\u00e9ristiques principales<\/strong><\/h3>\n<h3><strong>Montage<\/strong> : Aucun montage requis.<\/h3>\n<h3><strong>Finition de la pierre<\/strong> : Polie.<\/h3>\n<h3><strong>Poids<\/strong> : 35 kg.<\/h3>\n","protected":false},"excerpt":{"rendered":"<h2>Petite table de chevet en marbre onyx<\/h2>\n<p data-start=\"0\" data-end=\"473\">Avec son design exclusif et audacieux, cette petite table de chevet en marbre onyx allie \u00e9l\u00e9gance et chaleur. Son caract\u00e8re unique et son style novateur lui permettent de s&rsquo;int\u00e9grer harmonieusement dans tout type d&rsquo;int\u00e9rieur, apportant une touche de fra\u00eecheur et d\u2019originalit\u00e9. L\u2019association subtile d\u2019un marbre exquis et d\u2019un onyx naturel aboutit \u00e0 une v\u00e9ritable \u0153uvre d\u2019art artisanale, sublimant chaque espace avec une note raffin\u00e9e de sophistication et d\u2019\u00e9l\u00e9gance.<\/p>\n<h4 data-start=\"475\" data-end=\"522\"><strong data-start=\"475\" data-end=\"491\">Dimensions :<\/strong> Diam\u00e8tre 30 cm, Hauteur 52 cm.<\/h4>\n","protected":false},"featured_media":10276,"comment_status":"closed","ping_status":"closed","template":"","meta":{"_acf_changed":false,"_joinchat":[]},"product_brand":[],"product_cat":[188,395],"product_tag":[190],"class_list":{"0":"post-10275","1":"product","2":"type-product","3":"status-publish","4":"has-post-thumbnail","6":"product_cat-tables-fr","7":"product_cat-tables-basses-en-pierre","8":"product_tag-onyx-fr","10":"first","11":"instock","12":"sale","13":"featured","14":"shipping-taxable","15":"purchasable","16":"product-type-simple"},"acf":[],"_links":{"self":[{"href":"https:\/\/forzini.com\/fr\/wp-json\/wp\/v2\/product\/10275","targetHints":{"allow":["GET"]}}],"collection":[{"href":"https:\/\/forzini.com\/fr\/wp-json\/wp\/v2\/product"}],"about":[{"href":"https:\/\/forzini.com\/fr\/wp-json\/wp\/v2\/types\/product"}],"replies":[{"embeddable":true,"href":"https:\/\/forzini.com\/fr\/wp-json\/wp\/v2\/comments?post=10275"}],"version-history":[{"count":0,"href":"https:\/\/forzini.com\/fr\/wp-json\/wp\/v2\/product\/10275\/revisions"}],"wp:featuredmedia":[{"embeddable":true,"href":"https:\/\/forzini.com\/fr\/wp-json\/wp\/v2\/media\/10276"}],"wp:attachment":[{"href":"https:\/\/forzini.com\/fr\/wp-json\/wp\/v2\/media?parent=10275"}],"wp:term":[{"taxonomy":"product_brand","embeddable":true,"href":"https:\/\/forzini.com\/fr\/wp-json\/wp\/v2\/product_brand?post=10275"},{"taxonomy":"product_cat","embeddable":true,"href":"https:\/\/forzini.com\/fr\/wp-json\/wp\/v2\/product_cat?post=10275"},{"taxonomy":"product_tag","embeddable":true,"href":"https:\/\/forzini.com\/fr\/wp-json\/wp\/v2\/product_tag?post=10275"}],"curies":[{"name":"wp","href":"https:\/\/api.w.org\/{rel}","templated":true}]}}