{"id":10266,"date":"2024-10-26T23:18:32","date_gmt":"2024-10-26T21:18:32","guid":{"rendered":"https:\/\/forzini.com\/producto\/mesa-en-forma-de-cubo\/"},"modified":"2025-03-05T22:59:28","modified_gmt":"2025-03-05T21:59:28","slug":"table-dappoint-cube-onyx-vert","status":"publish","type":"product","link":"https:\/\/forzini.com\/fr\/producto\/table-dappoint-cube-onyx-vert\/","title":{"rendered":"Table d&rsquo;appoint cube onyx vert"},"content":{"rendered":"<div id=\"VhJYncw7JLJJdUrvUrEYv-user-message\" tabindex=\"0\" role=\"article\" data-tabster=\"{&quot;groupper&quot;:{&quot;tabbability&quot;:2},&quot;focusable&quot;:{}}\" aria-labelledby=\"VhJYncw7JLJJdUrvUrEYv-user-message\">\n<div data-content=\"user-message\">\n<h1>Table d&rsquo;appoint cube onyx vert \u00ab\u00a0Juventas G\u00a0\u00bb<\/h1>\n<\/div>\n<\/div>\n<p data-start=\"0\" data-end=\"534\">Minimaliste et \u00e9l\u00e9gante, cette <strong data-start=\"31\" data-end=\"68\">table d&rsquo;appoint cube en onyx vert<\/strong> est une v\u00e9ritable \u0153uvre d&rsquo;art qui fusionne des formes classiques avec une touche contemporaine. Son design incarne \u00e0 la fois luxe et simplicit\u00e9, apportant une atmosph\u00e8re sophistiqu\u00e9e \u00e0 tout espace. Les lignes \u00e9pur\u00e9es et la texture riche de l\u2019onyx vert s\u2019harmonisent pour offrir une pi\u00e8ce fonctionnelle et un symbole de style. Fabriqu\u00e9e en v\u00e9ritable onyx vert aux multiples nuances et tonalit\u00e9s, sa beaut\u00e9 exceptionnelle en fait la pi\u00e8ce ma\u00eetresse de tout int\u00e9rieur.<\/p>\n<p data-start=\"536\" data-end=\"756\" data-is-last-node=\"\" data-is-only-node=\"\"><strong data-start=\"536\" data-end=\"560\">Amazonian Vert Onyx<\/strong> \u2013 Une teinte verte aux multiples facettes, allant des verts vibrants aux tons plus doux, sublim\u00e9e par des veines brunes, chocolat, dor\u00e9es et rouge\u00e2tres qui capturent la pure essence de la nature.<\/p>\n<p data-start=\"2316\" data-end=\"2393\">D\u00e9couvrez notre collection de marbres et d\u2019onyx via ce lien: <a href=\"https:\/\/forzini.com\/fr\/materiaux\/\" target=\"_blank\" rel=\"noopener\">Mat\u00e9riaux<\/a><\/p>\n<h3><strong data-start=\"2404\" data-end=\"2436\">Caract\u00e9ristiques principales<\/strong><\/h3>\n<h3><strong>Montage<\/strong> : Aucun montage requis.<\/h3>\n<h3><strong>Finition de la pierre<\/strong> : Polie.<\/h3>\n<h3><strong>Poids<\/strong> : 35 kg.<\/h3>\n","protected":false},"excerpt":{"rendered":"<div id=\"VhJYncw7JLJJdUrvUrEYv-user-message\" tabindex=\"0\" role=\"article\" data-tabster=\"{&quot;groupper&quot;:{&quot;tabbability&quot;:2},&quot;focusable&quot;:{}}\" aria-labelledby=\"VhJYncw7JLJJdUrvUrEYv-user-message\">\n<div data-content=\"user-message\">\n<h2>Table d&rsquo;appoint cube onyx vert<\/h2>\n<\/div>\n<\/div>\n<p data-start=\"0\" data-end=\"605\">Avec son design sophistiqu\u00e9 et contemporain, cette table d&rsquo;appoint cube onyx vert s\u2019int\u00e8gre parfaitement dans tout type d\u2019environnement. La teinte vibrante de l\u2019onyx met en valeur la beaut\u00e9 naturelle de la pierre, rendant chaque pi\u00e8ce unique. Sa forme g\u00e9om\u00e9trique et \u00e9quilibr\u00e9e permet d\u2019harmoniser diff\u00e9rentes nuances, rehaussant ainsi le luxe et le style de votre int\u00e9rieur. S\u00e9lectionn\u00e9 pour sa qualit\u00e9 exceptionnelle et son esth\u00e9tique raffin\u00e9e, cet onyx exclusif apporte une touche d\u2019opulence et d\u2019\u00e9l\u00e9gance, faisant de cette petite table d\u2019appoint le v\u00e9ritable centre d\u2019attention de votre espace.<\/p>\n<h4 data-start=\"607\" data-end=\"669\"><strong data-start=\"607\" data-end=\"623\">Dimensions :<\/strong> Largeur 40 cm, Longueur 40 cm, Hauteur 45 cm.<\/h4>\n","protected":false},"featured_media":10267,"comment_status":"closed","ping_status":"closed","template":"","meta":{"_acf_changed":false,"_joinchat":[]},"product_brand":[],"product_cat":[188,395],"product_tag":[190],"class_list":{"0":"post-10266","1":"product","2":"type-product","3":"status-publish","4":"has-post-thumbnail","6":"product_cat-tables-fr","7":"product_cat-tables-basses-en-pierre","8":"product_tag-onyx-fr","10":"first","11":"onbackorder","12":"sale","13":"featured","14":"shipping-taxable","15":"purchasable","16":"product-type-simple"},"acf":[],"_links":{"self":[{"href":"https:\/\/forzini.com\/fr\/wp-json\/wp\/v2\/product\/10266","targetHints":{"allow":["GET"]}}],"collection":[{"href":"https:\/\/forzini.com\/fr\/wp-json\/wp\/v2\/product"}],"about":[{"href":"https:\/\/forzini.com\/fr\/wp-json\/wp\/v2\/types\/product"}],"replies":[{"embeddable":true,"href":"https:\/\/forzini.com\/fr\/wp-json\/wp\/v2\/comments?post=10266"}],"version-history":[{"count":0,"href":"https:\/\/forzini.com\/fr\/wp-json\/wp\/v2\/product\/10266\/revisions"}],"wp:featuredmedia":[{"embeddable":true,"href":"https:\/\/forzini.com\/fr\/wp-json\/wp\/v2\/media\/10267"}],"wp:attachment":[{"href":"https:\/\/forzini.com\/fr\/wp-json\/wp\/v2\/media?parent=10266"}],"wp:term":[{"taxonomy":"product_brand","embeddable":true,"href":"https:\/\/forzini.com\/fr\/wp-json\/wp\/v2\/product_brand?post=10266"},{"taxonomy":"product_cat","embeddable":true,"href":"https:\/\/forzini.com\/fr\/wp-json\/wp\/v2\/product_cat?post=10266"},{"taxonomy":"product_tag","embeddable":true,"href":"https:\/\/forzini.com\/fr\/wp-json\/wp\/v2\/product_tag?post=10266"}],"curies":[{"name":"wp","href":"https:\/\/api.w.org\/{rel}","templated":true}]}}