{"id":10255,"date":"2024-10-27T00:36:37","date_gmt":"2024-10-26T22:36:37","guid":{"rendered":"https:\/\/forzini.com\/producto\/mesa-cubo-marmol\/"},"modified":"2025-11-22T20:31:11","modified_gmt":"2025-11-22T19:31:11","slug":"table-dappoint-cube-en-onyx-blanc","status":"publish","type":"product","link":"https:\/\/forzini.com\/fr\/producto\/table-dappoint-cube-en-onyx-blanc\/","title":{"rendered":"Table d&rsquo;appoint cube en onyx blanc"},"content":{"rendered":"<h1>Table d&rsquo;appoint cube en onyx blanc\u00a0\u00ab\u00a0Juventas W\u00a0\u00bb<\/h1>\n<p data-start=\"40\" data-end=\"654\">Soigneusement travaill\u00e9e \u00e0 la main, cette <strong data-start=\"82\" data-end=\"120\">table d&rsquo;appoint cube en onyx blanc<\/strong> se distingue comme une pi\u00e8ce moderne et luxueuse au design intemporel. Sa structure minimaliste met en valeur l&rsquo;\u00e9l\u00e9gance naturelle de l&rsquo;onyx, une pierre semi-pr\u00e9cieuse d&rsquo;une beaut\u00e9 unique, \u00e9galement appr\u00e9ci\u00e9e en joaillerie. Sa surface translucide permet \u00e0 la lumi\u00e8re de r\u00e9v\u00e9ler ses tons et veines distinctifs, ajoutant une touche exclusive et raffin\u00e9e \u00e0 n&rsquo;importe quel espace. Parfaite pour d\u00e9corer votre salon ou comme table de nuit, cette pi\u00e8ce iconique transforme chaque environnement avec sa pr\u00e9sence sophistiqu\u00e9e et distinctive.<\/p>\n<p data-start=\"656\" data-end=\"1057\" data-is-last-node=\"\" data-is-only-node=\"\">Dune Dore\u00e9 Onyx \u2013 Le fond blanc ressemble \u00e0 une toile sereine, d\u00e9licatement orn\u00e9 de nuages blancs qui flottent gracieusement \u00e0 la surface. Des ombres cr\u00e9meuses et jaunes, ainsi que des veines de tons dor\u00e9s, caramel, marron, cognac et rouges, s\u2019entrelacent. Cet onyx blanc particulier est une trouvaille rare, disponible uniquement en petites quantit\u00e9s, car il est extrait d&rsquo;un endroit sp\u00e9cifique.<\/p>\n<p data-start=\"2316\" data-end=\"2393\">D\u00e9couvrez notre collection de marbres et d\u2019onyx via ce lien: <a href=\"https:\/\/forzini.com\/fr\/materiaux\/\" target=\"_blank\" rel=\"noopener\">Mat\u00e9riaux<\/a><\/p>\n<h3><strong data-start=\"2404\" data-end=\"2436\">Caract\u00e9ristiques principales<\/strong><\/h3>\n<h3><strong>Montage<\/strong> : Aucun montage requis.<\/h3>\n<h3><strong>Finition de la pierre<\/strong> : Polie.<\/h3>\n<h3><strong>Poids<\/strong> : 35 kg.<\/h3>\n","protected":false},"excerpt":{"rendered":"<h1>Table d&rsquo;appoint cube en onyx blanc<\/h1>\n<p data-start=\"0\" data-end=\"569\">Soigneusement fabriqu\u00e9e \u00e0 la main, cette <strong data-start=\"41\" data-end=\"79\">table d&rsquo;appoint cube en onyx blanc<\/strong> repr\u00e9sente une fusion parfaite de modernit\u00e9 et de luxe intemporel. Avec un design minimaliste qui met en valeur la puret\u00e9 de ses lignes, cette pi\u00e8ce iconique valorise la beaut\u00e9 intrins\u00e8que de l&rsquo;onyx, une pierre semi-pr\u00e9cieuse \u00e9galement utilis\u00e9e en joaillerie. Son finition translucide et \u00e9l\u00e9gante transforme cette table en un v\u00e9ritable tr\u00e9sor d\u00e9coratif, id\u00e9ale pour embellir n&rsquo;importe quel salon ou comme table de nuit, o\u00f9 elle ajoute une touche de distinction et de sophistication unique.<\/p>\n<h4 data-start=\"571\" data-end=\"633\"><strong data-start=\"571\" data-end=\"587\">Dimensions :<\/strong> Largeur 40 cm, Longueur 40 cm, Hauteur 45 cm.<\/h4>\n","protected":false},"featured_media":10256,"comment_status":"closed","ping_status":"closed","template":"","meta":{"_acf_changed":false,"_joinchat":[]},"product_brand":[],"product_cat":[188,395],"product_tag":[190],"class_list":{"0":"post-10255","1":"product","2":"type-product","3":"status-publish","4":"has-post-thumbnail","6":"product_cat-tables-fr","7":"product_cat-tables-basses-en-pierre","8":"product_tag-onyx-fr","10":"first","11":"instock","12":"sale","13":"featured","14":"shipping-taxable","15":"purchasable","16":"product-type-simple"},"acf":[],"_links":{"self":[{"href":"https:\/\/forzini.com\/fr\/wp-json\/wp\/v2\/product\/10255","targetHints":{"allow":["GET"]}}],"collection":[{"href":"https:\/\/forzini.com\/fr\/wp-json\/wp\/v2\/product"}],"about":[{"href":"https:\/\/forzini.com\/fr\/wp-json\/wp\/v2\/types\/product"}],"replies":[{"embeddable":true,"href":"https:\/\/forzini.com\/fr\/wp-json\/wp\/v2\/comments?post=10255"}],"version-history":[{"count":0,"href":"https:\/\/forzini.com\/fr\/wp-json\/wp\/v2\/product\/10255\/revisions"}],"wp:featuredmedia":[{"embeddable":true,"href":"https:\/\/forzini.com\/fr\/wp-json\/wp\/v2\/media\/10256"}],"wp:attachment":[{"href":"https:\/\/forzini.com\/fr\/wp-json\/wp\/v2\/media?parent=10255"}],"wp:term":[{"taxonomy":"product_brand","embeddable":true,"href":"https:\/\/forzini.com\/fr\/wp-json\/wp\/v2\/product_brand?post=10255"},{"taxonomy":"product_cat","embeddable":true,"href":"https:\/\/forzini.com\/fr\/wp-json\/wp\/v2\/product_cat?post=10255"},{"taxonomy":"product_tag","embeddable":true,"href":"https:\/\/forzini.com\/fr\/wp-json\/wp\/v2\/product_tag?post=10255"}],"curies":[{"name":"wp","href":"https:\/\/api.w.org\/{rel}","templated":true}]}}