{"id":10247,"date":"2024-10-26T23:56:56","date_gmt":"2024-10-26T21:56:56","guid":{"rendered":"https:\/\/forzini.com\/producto\/mesa-de-onix-rosa\/"},"modified":"2025-03-06T22:36:43","modified_gmt":"2025-03-06T21:36:43","slug":"table-basse-cube-en-onyx-rose","status":"publish","type":"product","link":"https:\/\/forzini.com\/fr\/producto\/table-basse-cube-en-onyx-rose\/","title":{"rendered":"Table basse cube en onyx rose"},"content":{"rendered":"<div id=\"N8tZXashfkXNJzeqVARE7-user-message\" tabindex=\"0\" role=\"article\" data-tabster=\"{&quot;groupper&quot;:{&quot;tabbability&quot;:2},&quot;focusable&quot;:{}}\" aria-labelledby=\"N8tZXashfkXNJzeqVARE7-user-message\">\n<div data-content=\"user-message\">\n<h1>Table basse cube en onyx rose \u00ab\u00a0Juventas P\u00a0\u00bb<\/h1>\n<\/div>\n<\/div>\n<p data-start=\"37\" data-end=\"774\">Un pur exemple de style minimaliste, cette <strong data-start=\"80\" data-end=\"113\">table basse cube en onyx rose<\/strong> est une v\u00e9ritable \u0153uvre sculpturale qui fusionne des formes classiques avec une touche moderne. Son design incarne \u00e0 la fois luxe et simplicit\u00e9, cr\u00e9ant une aura d&rsquo;\u00e9l\u00e9gance qui enrichit n&rsquo;importe quel espace. Les lignes \u00e9pur\u00e9es de la table et la texture riche de l&rsquo;onyx se marient harmonieusement, faisant de cette pi\u00e8ce non seulement un meuble fonctionnel, mais aussi un symbole de sophistication. Fabriqu\u00e9e \u00e0 partir d&rsquo;onyx rose authentique, d&rsquo;onyx vert exceptionnel, de marbre blanc raffin\u00e9 et d&rsquo;onyx vert clair, elle est d&rsquo;une beaut\u00e9 absolument extraordinaire. La table basse cube en onyx rose devient ainsi la v\u00e9ritable pi\u00e8ce ma\u00eetresse de tout espace.<\/p>\n<p data-start=\"776\" data-end=\"1144\">Rosa Shade Onyx \u2013 se distingue par sa couleur rose, qui rayonne d&rsquo;une luminosit\u00e9 impressionnante et captivante. Ses couches complexes r\u00e9v\u00e8lent un effet visuel stup\u00e9fiant, suscitant des \u00e9motions profondes lors de l&rsquo;observation. Son fond rose, d\u00e9cor\u00e9 de subtiles nuages et veines blanch\u00e2tres entrelac\u00e9s de veines sombres, cr\u00e9e un motif \u00e0 la fois beau et envo\u00fbtant.<\/p>\n<p data-start=\"1146\" data-end=\"1918\">L&rsquo;onyx Rosa Shade est reconnu pour sa beaut\u00e9 singuli\u00e8re, accentu\u00e9e par ses d\u00e9licates veines et nuages qui parcourent un fond rose doux. Sa surface finement polie r\u00e9v\u00e8le des tons roses et des ombres naturelles, cr\u00e9ant un jeu fascinant de lumi\u00e8re et de textures. Cet effet est particuli\u00e8rement appr\u00e9ciable dans des pi\u00e8ces telles que de petites tables d&rsquo;appoint, des consoles ou des \u00e9l\u00e9ments d\u00e9coratifs, capables de capturer l&rsquo;attention par leur \u00e9l\u00e9gance \u00e9nigmatique. La couleur rose caract\u00e9ristique de l&rsquo;onyx Rosa Shade, sophistiqu\u00e9e et \u00e9l\u00e9gante, cr\u00e9e une atmosph\u00e8re unique, envelopp\u00e9e de charme et de s\u00e9r\u00e9nit\u00e9. Sa pr\u00e9sence transforme les espaces, \u00e9voquant une connexion profonde avec la beaut\u00e9 naturelle qui semble avoir \u00e9t\u00e9 m\u00e9ticuleusement sculpt\u00e9e par le temps.<\/p>\n<p data-start=\"1920\" data-end=\"2236\" data-is-last-node=\"\" data-is-only-node=\"\">Chaque pi\u00e8ce de cet onyx Rosa Shade est une \u0153uvre d&rsquo;art en elle-m\u00eame : \u00e9motive, raffin\u00e9e et fascinante. Elle \u00e9voque l&rsquo;image d&rsquo;une toile exquise qui, avec son caract\u00e8re unique et distinctif, met en valeur la personnalit\u00e9 de tout int\u00e9rieur, transformant l&rsquo;espace en un lieu d&rsquo;authenticit\u00e9 et de style incomparable.<\/p>\n<p data-start=\"2316\" data-end=\"2393\">D\u00e9couvrez notre collection de marbres et d\u2019onyx via ce lien: <a href=\"https:\/\/forzini.com\/fr\/materiaux\/\" target=\"_blank\" rel=\"noopener\">Mat\u00e9riaux<\/a><\/p>\n<p><strong data-start=\"2404\" data-end=\"2436\">Caract\u00e9ristiques principales<\/strong><\/p>\n<p><strong>Montage<\/strong> : Aucun montage requis.<\/p>\n<p><strong>Finition de la pierre<\/strong> : Polie.<\/p>\n<p><strong>Poids<\/strong> : 35 kg.<\/p>\n","protected":false},"excerpt":{"rendered":"<div id=\"N8tZXashfkXNJzeqVARE7-user-message\" tabindex=\"0\" role=\"article\" data-tabster=\"{&quot;groupper&quot;:{&quot;tabbability&quot;:2},&quot;focusable&quot;:{}}\" aria-labelledby=\"N8tZXashfkXNJzeqVARE7-user-message\">\n<div data-content=\"user-message\">\n<h2>Table basse cube en onyx rose<\/h2>\n<\/div>\n<\/div>\n<p data-start=\"0\" data-end=\"539\">Faite \u00e0 la main par des ma\u00eetres artisans, cette table basse cube en onyx rose est une pi\u00e8ce moderne et luxueuse qui capte l&rsquo;attention dans n&rsquo;importe quel espace. Son design minimaliste et la transparence naturelle de l&rsquo;onyx permettent \u00e0 la lumi\u00e8re de traverser, cr\u00e9ant un effet visuel unique et sophistiqu\u00e9. Id\u00e9ale pour ceux qui souhaitent ajouter une touche de distinction, cette table basse cube en onyx rose se distingue \u00e0 la fois en tant qu&rsquo;\u00e9l\u00e9ment d\u00e9coratif et fonctionnel, alliant beaut\u00e9 et exclusivit\u00e9 dans une pi\u00e8ce unique.<\/p>\n<h4 data-start=\"541\" data-end=\"603\"><strong data-start=\"541\" data-end=\"557\">Dimensions :<\/strong> Largeur 40 cm, Longueur 40 cm, Hauteur 45 cm.<\/h4>\n","protected":false},"featured_media":10248,"comment_status":"closed","ping_status":"closed","template":"","meta":{"_acf_changed":false,"_joinchat":[]},"product_brand":[],"product_cat":[188,395],"product_tag":[190],"class_list":{"0":"post-10247","1":"product","2":"type-product","3":"status-publish","4":"has-post-thumbnail","6":"product_cat-tables-fr","7":"product_cat-tables-basses-en-pierre","8":"product_tag-onyx-fr","10":"first","11":"outofstock","12":"featured","13":"shipping-taxable","14":"purchasable","15":"product-type-simple"},"acf":[],"_links":{"self":[{"href":"https:\/\/forzini.com\/fr\/wp-json\/wp\/v2\/product\/10247","targetHints":{"allow":["GET"]}}],"collection":[{"href":"https:\/\/forzini.com\/fr\/wp-json\/wp\/v2\/product"}],"about":[{"href":"https:\/\/forzini.com\/fr\/wp-json\/wp\/v2\/types\/product"}],"replies":[{"embeddable":true,"href":"https:\/\/forzini.com\/fr\/wp-json\/wp\/v2\/comments?post=10247"}],"version-history":[{"count":0,"href":"https:\/\/forzini.com\/fr\/wp-json\/wp\/v2\/product\/10247\/revisions"}],"wp:featuredmedia":[{"embeddable":true,"href":"https:\/\/forzini.com\/fr\/wp-json\/wp\/v2\/media\/10248"}],"wp:attachment":[{"href":"https:\/\/forzini.com\/fr\/wp-json\/wp\/v2\/media?parent=10247"}],"wp:term":[{"taxonomy":"product_brand","embeddable":true,"href":"https:\/\/forzini.com\/fr\/wp-json\/wp\/v2\/product_brand?post=10247"},{"taxonomy":"product_cat","embeddable":true,"href":"https:\/\/forzini.com\/fr\/wp-json\/wp\/v2\/product_cat?post=10247"},{"taxonomy":"product_tag","embeddable":true,"href":"https:\/\/forzini.com\/fr\/wp-json\/wp\/v2\/product_tag?post=10247"}],"curies":[{"name":"wp","href":"https:\/\/api.w.org\/{rel}","templated":true}]}}