{"id":10238,"date":"2024-10-27T13:38:42","date_gmt":"2024-10-27T12:38:42","guid":{"rendered":"https:\/\/forzini.com\/producto\/mesa-de-marmol-blanco-lateral\/"},"modified":"2025-03-04T22:43:30","modified_gmt":"2025-03-04T21:43:30","slug":"bout-de-canape-en-marbre-blanc","status":"publish","type":"product","link":"https:\/\/forzini.com\/fr\/producto\/bout-de-canape-en-marbre-blanc\/","title":{"rendered":"Bout de canap\u00e9 en marbre blanc"},"content":{"rendered":"<h1>Bout de canap\u00e9 en marbre blanc \u00ab\u00a0Iris W\u00a0\u00bb<\/h1>\n<p>Ce <strong>bout de canap\u00e9 en marbre blanc<\/strong> est le compl\u00e9ment parfait pour sublimer votre salon, con\u00e7u pour apporter une touche d\u2019\u00e9l\u00e9gance tout en offrant une fonctionnalit\u00e9 id\u00e9ale au quotidien. Cette table d\u2019appoint sophistiqu\u00e9e ne se contente pas d\u2019embellir votre int\u00e9rieur, elle est \u00e9galement tr\u00e8s pratique, parfaite pour poser une boisson, un ordinateur portable ou tout autre accessoire tout en profitant du confort de votre canap\u00e9.<\/p>\n<p>Dot\u00e9e d\u2019un plateau carr\u00e9, fa\u00e7onn\u00e9 \u00e0 la main dans un marbre blanc d\u2019une rare exclusivit\u00e9, ce bout de canap\u00e9 en marbre blanc allie design avant-gardiste et confort moderne. Son savoir-faire artisanal garantit que chaque pi\u00e8ce est unique, rehauss\u00e9e par de d\u00e9licates veines grises qui conf\u00e8rent au marbre un caract\u00e8re luxueux et distinctif.<\/p>\n<p>Cette table d\u2019appoint se distingue par son esth\u00e9tique contemporaine et sa praticit\u00e9. Sa hauteur a \u00e9t\u00e9 soigneusement pens\u00e9e pour offrir une surface auxiliaire facilement accessible, id\u00e9ale pour travailler, savourer une boisson ou garder vos objets \u00e0 port\u00e9e de main en toute \u00e9l\u00e9gance.<\/p>\n<p>Bien plus qu\u2019un simple meuble fonctionnel, ce bout de canap\u00e9 en marbre blanc est une v\u00e9ritable \u0153uvre d\u2019art. Son design moderne et l\u2019imposante pr\u00e9sence du marbre blanc m\u00e9tamorphosent chaque espace, cr\u00e9ant une atmosph\u00e8re raffin\u00e9e sans n\u00e9gliger l\u2019aspect pratique. Elle repr\u00e9sente l\u2019\u00e9quilibre parfait entre un design contemporain, un confort optimal et la beaut\u00e9 intemporelle du marbre blanc, apportant une touche de sophistication in\u00e9gal\u00e9e \u00e0 votre int\u00e9rieur.<\/p>\n<p>Snow Leopardo Marbre : Un marbre blanc exceptionnel aux subtils reflets gris et veinures d\u00e9licates. Rare et extrait en quantit\u00e9s limit\u00e9es, il se distingue par un motif unique, rappelant une texture animale, et est tr\u00e8s pris\u00e9 pour son \u00e9l\u00e9gance et son raffinement naturel.<\/p>\n<p data-start=\"2316\" data-end=\"2393\">D\u00e9couvrez notre collection de marbres et d\u2019onyx via ce lien: <a href=\"https:\/\/forzini.com\/fr\/materiaux\/\" target=\"_blank\" rel=\"noopener\">Mat\u00e9riaux<\/a><\/p>\n<h3><strong data-start=\"2404\" data-end=\"2436\">Caract\u00e9ristiques principales<\/strong><\/h3>\n<h3><strong>Montage<\/strong> : Aucun montage requis.<\/h3>\n<h3><strong>Finition de la pierre<\/strong> : Polie.<\/h3>\n<h3><strong>Finition de la patte : Acier inoxydable couleur argent.<\/strong><\/h3>\n<h3><strong>Poids<\/strong> : 18 kg.<\/h3>\n","protected":false},"excerpt":{"rendered":"<h2>Bout de canap\u00e9 en marbre blanc<\/h2>\n<p>Parfaite pour accompagner votre canap\u00e9, elle ajoute style et fonctionnalit\u00e9 \u00e0 votre espace, id\u00e9ale pour poser boissons et appareils. Fabriqu\u00e9e artisanalement en marbre blanc aux veines grises uniques, son design contemporain et son plateau carr\u00e9 fa\u00e7onn\u00e9 \u00e0 la main allient avec \u00e9l\u00e9gance beaut\u00e9 et praticit\u00e9.<\/p>\n<h4><strong>Dimensions : Longueur 40 cm, Largeur 40 cm, Hauteur 52 cm.<\/strong><\/h4>\n","protected":false},"featured_media":10239,"comment_status":"closed","ping_status":"closed","template":"","meta":{"_acf_changed":false,"_joinchat":[]},"product_brand":[],"product_cat":[188,358],"product_tag":[189],"class_list":{"0":"post-10238","1":"product","2":"type-product","3":"status-publish","4":"has-post-thumbnail","6":"product_cat-tables-fr","7":"product_cat-tables-basses-marbre","8":"product_tag-marbre","10":"first","11":"instock","12":"sale","13":"featured","14":"shipping-taxable","15":"purchasable","16":"product-type-simple"},"acf":[],"_links":{"self":[{"href":"https:\/\/forzini.com\/fr\/wp-json\/wp\/v2\/product\/10238","targetHints":{"allow":["GET"]}}],"collection":[{"href":"https:\/\/forzini.com\/fr\/wp-json\/wp\/v2\/product"}],"about":[{"href":"https:\/\/forzini.com\/fr\/wp-json\/wp\/v2\/types\/product"}],"replies":[{"embeddable":true,"href":"https:\/\/forzini.com\/fr\/wp-json\/wp\/v2\/comments?post=10238"}],"version-history":[{"count":0,"href":"https:\/\/forzini.com\/fr\/wp-json\/wp\/v2\/product\/10238\/revisions"}],"wp:featuredmedia":[{"embeddable":true,"href":"https:\/\/forzini.com\/fr\/wp-json\/wp\/v2\/media\/10239"}],"wp:attachment":[{"href":"https:\/\/forzini.com\/fr\/wp-json\/wp\/v2\/media?parent=10238"}],"wp:term":[{"taxonomy":"product_brand","embeddable":true,"href":"https:\/\/forzini.com\/fr\/wp-json\/wp\/v2\/product_brand?post=10238"},{"taxonomy":"product_cat","embeddable":true,"href":"https:\/\/forzini.com\/fr\/wp-json\/wp\/v2\/product_cat?post=10238"},{"taxonomy":"product_tag","embeddable":true,"href":"https:\/\/forzini.com\/fr\/wp-json\/wp\/v2\/product_tag?post=10238"}],"curies":[{"name":"wp","href":"https:\/\/api.w.org\/{rel}","templated":true}]}}