{"id":10230,"date":"2024-10-27T15:27:00","date_gmt":"2024-10-27T14:27:00","guid":{"rendered":"https:\/\/forzini.com\/producto\/mesa-auxiliar-de-marmol-forma-c\/"},"modified":"2025-03-04T20:57:58","modified_gmt":"2025-03-04T19:57:58","slug":"table-dappoint-en-forme-de-c-en-marbre","status":"publish","type":"product","link":"https:\/\/forzini.com\/fr\/producto\/table-dappoint-en-forme-de-c-en-marbre\/","title":{"rendered":"Table d&rsquo;appoint en forme de C en marbre"},"content":{"rendered":"<h1>Table d&rsquo;appoint en forme de C en marbre\u00a0\u00ab\u00a0Hades B\u00a0\u00bb<\/h1>\n<p data-start=\"47\" data-end=\"443\">Cette <strong data-start=\"482\" data-end=\"525\">table d&rsquo;appoint en forme de C en marbre<\/strong> au design exclusif et original se distingue par son \u00e9l\u00e9gant plateau ovale en somptueux marbre beige. La raret\u00e9 et la beaut\u00e9 de ce marbre en font une pi\u00e8ce v\u00e9ritablement unique, parfaite pour les int\u00e9rieurs en qu\u00eate de distinction. Sa forme \u00e9troite et \u00e9lanc\u00e9e lui permet de s\u2019adapter aux espaces les plus restreints, l\u00e0 o\u00f9 d\u2019autres meubles ne pourraient trouver leur place.<\/p>\n<p data-start=\"445\" data-end=\"1074\">Le style moderne et raffin\u00e9 de cette table d&rsquo;appoint en forme de C en marbre capte tous les regards, ajoutant une touche d\u2019\u00e9l\u00e9gance \u00e0 toute pi\u00e8ce. Id\u00e9ale \u00e0 c\u00f4t\u00e9 d\u2019un canap\u00e9 ou d\u2019un lit, elle offre une surface pratique pour poser une boisson, un ordinateur portable, un t\u00e9l\u00e9phone, des magazines ou une t\u00e9l\u00e9commande. Parfaite pour savourer votre caf\u00e9 du matin ou travailler confortablement depuis votre canap\u00e9, cette table allie avec brio esth\u00e9tisme et fonctionnalit\u00e9. Elle t\u00e9moigne \u00e9galement de la durabilit\u00e9 et de l\u2019\u00e9l\u00e9gance intemporelle du marbre, apportant une touche \u00e0 la fois sophistiqu\u00e9e et pratique \u00e0 votre int\u00e9rieur.<\/p>\n<p data-start=\"1076\" data-end=\"1392\" data-is-last-node=\"\" data-is-only-node=\"\">Botticelli Classic Marbre &#8211; un marbre d\u2019une grande richesse artistique, caract\u00e9ris\u00e9 par un motif ondul\u00e9 et une teinte cr\u00e8me beige chaleureuse. Son fond fauve est travers\u00e9 par un veinage brun ambr\u00e9 plus soutenu, rehauss\u00e9 par de subtiles nuances dor\u00e9es et marron clair, cr\u00e9ant un rendu \u00e0 la fois neutre et raffin\u00e9.<\/p>\n<p data-start=\"2316\" data-end=\"2393\">D\u00e9couvrez notre collection de marbres et d\u2019onyx via ce lien: <a href=\"https:\/\/forzini.com\/fr\/materiaux\/\" target=\"_blank\" rel=\"noopener\">Mat\u00e9riaux<\/a><\/p>\n<h3><strong data-start=\"2404\" data-end=\"2436\">Caract\u00e9ristiques principales<\/strong><\/h3>\n<h3><strong>Montage<\/strong> : Aucun montage requis.<\/h3>\n<h3><strong>Finition de la pierre<\/strong> : Polie.<\/h3>\n<h3><strong>Finition de la patte : Acier inoxydable couleur argent.<\/strong><\/h3>\n<h3><strong>Poids<\/strong> : 8 kg.<\/h3>\n","protected":false},"excerpt":{"rendered":"<h2><span data-sheets-formula-bar-text-style=\"font-size:13px;color:#000000;font-weight:normal;text-decoration:none;font-family:'Arial';font-style:normal;text-decoration-skip-ink:none;\">Table d&rsquo;appoint en forme de C en marbre<\/span><\/h2>\n<p data-start=\"47\" data-end=\"355\">Cette table d\u2019appoint arbore une forme innovante et originale, avec un \u00e9l\u00e9gant plateau ovale en marbre beige rare, parcouru de d\u00e9licates veines couleur caramel. Haute et \u00e9troite, elle est id\u00e9ale pour les espaces restreints, offrant un design moderne et raffin\u00e9 qui apporte du style sans encombrer l\u2019espace.<\/p>\n<p data-start=\"357\" data-end=\"732\">Parfaite \u00e0 c\u00f4t\u00e9 d\u2019un canap\u00e9 ou d\u2019un lit, cette table d&rsquo;appoint en forme de C en marbre propose une surface pratique pour poser une boisson, un ordinateur portable, un t\u00e9l\u00e9phone, des magazines ou une t\u00e9l\u00e9commande. Son design unique n\u2019est pas seulement esth\u00e9tique, mais aussi fonctionnel, durable et con\u00e7u pour s\u2019int\u00e9grer harmonieusement dans tout int\u00e9rieur contemporain.<\/p>\n<h4 data-start=\"734\" data-end=\"796\"><strong data-start=\"734\" data-end=\"750\">Dimensions :<\/strong> Longueur 38 cm, Largeur 28 cm, Hauteur 60 cm.<\/h4>\n","protected":false},"featured_media":10231,"comment_status":"closed","ping_status":"closed","template":"","meta":{"_acf_changed":false,"_joinchat":[]},"product_brand":[],"product_cat":[188,358],"product_tag":[189],"class_list":{"0":"post-10230","1":"product","2":"type-product","3":"status-publish","4":"has-post-thumbnail","6":"product_cat-tables-fr","7":"product_cat-tables-basses-marbre","8":"product_tag-marbre","10":"first","11":"instock","12":"sale","13":"featured","14":"shipping-taxable","15":"purchasable","16":"product-type-simple"},"acf":[],"_links":{"self":[{"href":"https:\/\/forzini.com\/fr\/wp-json\/wp\/v2\/product\/10230","targetHints":{"allow":["GET"]}}],"collection":[{"href":"https:\/\/forzini.com\/fr\/wp-json\/wp\/v2\/product"}],"about":[{"href":"https:\/\/forzini.com\/fr\/wp-json\/wp\/v2\/types\/product"}],"replies":[{"embeddable":true,"href":"https:\/\/forzini.com\/fr\/wp-json\/wp\/v2\/comments?post=10230"}],"version-history":[{"count":0,"href":"https:\/\/forzini.com\/fr\/wp-json\/wp\/v2\/product\/10230\/revisions"}],"wp:featuredmedia":[{"embeddable":true,"href":"https:\/\/forzini.com\/fr\/wp-json\/wp\/v2\/media\/10231"}],"wp:attachment":[{"href":"https:\/\/forzini.com\/fr\/wp-json\/wp\/v2\/media?parent=10230"}],"wp:term":[{"taxonomy":"product_brand","embeddable":true,"href":"https:\/\/forzini.com\/fr\/wp-json\/wp\/v2\/product_brand?post=10230"},{"taxonomy":"product_cat","embeddable":true,"href":"https:\/\/forzini.com\/fr\/wp-json\/wp\/v2\/product_cat?post=10230"},{"taxonomy":"product_tag","embeddable":true,"href":"https:\/\/forzini.com\/fr\/wp-json\/wp\/v2\/product_tag?post=10230"}],"curies":[{"name":"wp","href":"https:\/\/api.w.org\/{rel}","templated":true}]}}