{"id":10222,"date":"2024-10-27T20:14:49","date_gmt":"2024-10-27T19:14:49","guid":{"rendered":"https:\/\/forzini.com\/producto\/mesa-baja-redonda-de-onix\/"},"modified":"2025-03-06T09:51:13","modified_gmt":"2025-03-06T08:51:13","slug":"table-dappoint-ronde-en-marbre-onyx","status":"publish","type":"product","link":"https:\/\/forzini.com\/fr\/producto\/table-dappoint-ronde-en-marbre-onyx\/","title":{"rendered":"Table d&rsquo;appoint ronde en marbre onyx"},"content":{"rendered":"<h1>Table d&rsquo;appoint ronde en marbre onyx \u00ab\u00a0Trivia G\u00a0\u00bb<\/h1>\n<p data-start=\"44\" data-end=\"414\">Petite et \u00e9l\u00e9gante, cette <strong>table d&rsquo;appoint<\/strong> <strong data-start=\"748\" data-end=\"788\">ronde en marbre onyx<\/strong> sublime n\u2019importe quel espace gr\u00e2ce \u00e0 son allure raffin\u00e9e et distinctive. Son design innovant associe de mani\u00e8re unique l\u2019onyx et le marbre, cr\u00e9ant des lignes \u00e9l\u00e9gantes qui captent instantan\u00e9ment l\u2019attention. Con\u00e7ue en pierres solides et massives, sa forme ronde apporte une touche de douceur et de fluidit\u00e9 \u00e0 l\u2019environnement.<\/p>\n<p data-start=\"416\" data-end=\"730\">L\u2019association du marbre beige et du somptueux onyx vert fait de cette table un \u00e9l\u00e9ment inoubliable dans toute pi\u00e8ce. Cette combinaison harmonieuse ne se contente pas d\u2019ajouter une note luxueuse, elle met \u00e9galement en valeur la beaut\u00e9 naturelle de chaque pierre, transformant la table en un v\u00e9ritable point focal.<\/p>\n<p>Polyvalente, la table d&rsquo;appoint ronde en marbre onyx peut \u00eatre utilis\u00e9e comme table de chevet, apportant une touche d\u2019\u00e9l\u00e9gance \u00e0 votre chambre. Elle s\u2019int\u00e8gre \u00e9galement parfaitement \u00e0 c\u00f4t\u00e9 d\u2019un canap\u00e9, offrant un espace pratique pour poser des livres, boissons ou objets d\u00e9coratifs. Son design unique en fait \u00e9galement une pi\u00e8ce id\u00e9ale pour le centre du salon, o\u00f9 elle peut servir de table basse et rehausser la d\u00e9coration avec sophistication.<\/p>\n<p data-start=\"1175\" data-end=\"1546\" data-is-last-node=\"\" data-is-only-node=\"\">Que vous souhaitiez cr\u00e9er une ambiance chaleureuse ou un int\u00e9rieur moderne et \u00e9l\u00e9gant, la table d&rsquo;appoint ronde en marbre onyx est le choix parfait pour ceux qui recherchent une pi\u00e8ce d\u2019exception alliant fonctionnalit\u00e9 et esth\u00e9tique. Bien plus qu\u2019un meuble, elle incarne un v\u00e9ritable art de la pierre, capable de m\u00e9tamorphoser votre int\u00e9rieur avec style et caract\u00e8re.<\/p>\n<p data-start=\"2316\" data-end=\"2393\">D\u00e9couvrez notre collection de marbres et d\u2019onyx via ce lien: <a href=\"https:\/\/forzini.com\/fr\/materiaux\/\" target=\"_blank\" rel=\"noopener\">Mat\u00e9riaux<\/a><\/p>\n<h3><strong data-start=\"2404\" data-end=\"2436\">Caract\u00e9ristiques principales<\/strong><\/h3>\n<h3><strong>Montage<\/strong> : Aucun montage requis.<\/h3>\n<h3><strong>Finition de la pierre<\/strong> : Polie.<\/h3>\n<h3><strong>Poids<\/strong> : 75 kg.<\/h3>\n","protected":false},"excerpt":{"rendered":"<h2>Table d&rsquo;appoint ronde en marbre onyx<\/h2>\n<p data-start=\"0\" data-end=\"216\">C&rsquo;est une pi\u00e8ce charmante qui apporte une touche de distinction \u00e0 tout espace. Son design original marie avec \u00e9l\u00e9gance l\u2019onyx vert et le marbre beige en lignes harmonieuses, faisant d\u2019elle un point focal captivant.<\/p>\n<p data-start=\"218\" data-end=\"544\">Fabriqu\u00e9e en pierres solides et massives, cette table d&rsquo;appoint ronde en marbre onyx est id\u00e9ale comme table de chevet, en bout de canap\u00e9 ou encore comme table basse au centre du salon. Sa polyvalence et son style en font un atout parfait pour sublimer la d\u00e9coration de toute pi\u00e8ce, alliant fonctionnalit\u00e9 et raffinement.<\/p>\n<h4 data-start=\"546\" data-end=\"593\"><strong data-start=\"546\" data-end=\"562\">Dimensions :<\/strong> Diam\u00e8tre 38 cm, Hauteur 52 cm.<\/h4>\n","protected":false},"featured_media":10223,"comment_status":"closed","ping_status":"closed","template":"","meta":{"_acf_changed":false,"_joinchat":[]},"product_brand":[],"product_cat":[188,395],"product_tag":[189,190],"class_list":{"0":"post-10222","1":"product","2":"type-product","3":"status-publish","4":"has-post-thumbnail","6":"product_cat-tables-fr","7":"product_cat-tables-basses-en-pierre","8":"product_tag-marbre","9":"product_tag-onyx-fr","11":"first","12":"instock","13":"sale","14":"featured","15":"shipping-taxable","16":"purchasable","17":"product-type-simple"},"acf":[],"_links":{"self":[{"href":"https:\/\/forzini.com\/fr\/wp-json\/wp\/v2\/product\/10222","targetHints":{"allow":["GET"]}}],"collection":[{"href":"https:\/\/forzini.com\/fr\/wp-json\/wp\/v2\/product"}],"about":[{"href":"https:\/\/forzini.com\/fr\/wp-json\/wp\/v2\/types\/product"}],"replies":[{"embeddable":true,"href":"https:\/\/forzini.com\/fr\/wp-json\/wp\/v2\/comments?post=10222"}],"version-history":[{"count":0,"href":"https:\/\/forzini.com\/fr\/wp-json\/wp\/v2\/product\/10222\/revisions"}],"wp:featuredmedia":[{"embeddable":true,"href":"https:\/\/forzini.com\/fr\/wp-json\/wp\/v2\/media\/10223"}],"wp:attachment":[{"href":"https:\/\/forzini.com\/fr\/wp-json\/wp\/v2\/media?parent=10222"}],"wp:term":[{"taxonomy":"product_brand","embeddable":true,"href":"https:\/\/forzini.com\/fr\/wp-json\/wp\/v2\/product_brand?post=10222"},{"taxonomy":"product_cat","embeddable":true,"href":"https:\/\/forzini.com\/fr\/wp-json\/wp\/v2\/product_cat?post=10222"},{"taxonomy":"product_tag","embeddable":true,"href":"https:\/\/forzini.com\/fr\/wp-json\/wp\/v2\/product_tag?post=10222"}],"curies":[{"name":"wp","href":"https:\/\/api.w.org\/{rel}","templated":true}]}}