{"id":10214,"date":"2024-10-27T21:43:58","date_gmt":"2024-10-27T20:43:58","guid":{"rendered":"https:\/\/forzini.com\/producto\/mesa-de-sofa-marmol\/"},"modified":"2025-03-04T20:24:59","modified_gmt":"2025-03-04T19:24:59","slug":"table-basse-en-pierre-naturelle-donyx","status":"publish","type":"product","link":"https:\/\/forzini.com\/fr\/producto\/table-basse-en-pierre-naturelle-donyx\/","title":{"rendered":"Table basse en pierre naturelle d&rsquo;onyx"},"content":{"rendered":"<h1>Table basse en pierre naturelle d&rsquo;onyx\u00a0\u00ab\u00a0Mercury L\u00a0\u00bb<\/h1>\n<p data-start=\"0\" data-end=\"636\">Notre <strong data-start=\"0\" data-end=\"48\">table basse en pierre naturelle d&rsquo;onyx<\/strong> est une pi\u00e8ce de design v\u00e9ritablement innovante qui allie \u00e9l\u00e9gance et originalit\u00e9. Sa structure ronde, compos\u00e9e d\u2019une base en onyx vert clair et d\u2019un plateau en marbre beige, lui conf\u00e8re une allure unique qui la distingue de toute autre table. Le choix des mat\u00e9riaux ne se limite pas \u00e0 cr\u00e9er un contraste visuel captivant, il permet \u00e9galement de transformer cette table en une pi\u00e8ce r\u00e9tro\u00e9clair\u00e9e spectaculaire. Gr\u00e2ce \u00e0 la transparence naturelle de l\u2019onyx, la base peut \u00eatre illumin\u00e9e de l\u2019int\u00e9rieur, diffusant une lumi\u00e8re douce qui instaure une atmosph\u00e8re chaleureuse et sophistiqu\u00e9e.<\/p>\n<p data-start=\"638\" data-end=\"1160\">Avec son design avant-gardiste, cette table basse en pierre naturelle d&rsquo;onyx devient un point focal id\u00e9al pour les salons modernes et \u00e9l\u00e9gants. Imaginez l\u2019impact visuel d\u2019une table qui ne se contente pas d\u2019attirer les regards par son esth\u00e9tique, mais qui illumine aussi subtilement l\u2019espace avec un \u00e9clat raffin\u00e9 et accueillant. Elle met en valeur la beaut\u00e9 naturelle du marbre beige, avec son apparence douce et chaleureuse, tout en sublimant l\u2019onyx vert, apportant ainsi une touche de distinction et d\u2019exclusivit\u00e9.<\/p>\n<p data-start=\"1162\" data-end=\"1606\" data-is-last-node=\"\" data-is-only-node=\"\">Au-del\u00e0 de son aspect fonctionnel, parfaite en bout de canap\u00e9 pour accueillir boissons, livres ou objets du quotidien, cette table est une v\u00e9ritable \u0153uvre d\u2019art. L\u2019association du marbre et de l\u2019onyx s\u2019adresse aux amateurs de d\u00e9coration unique et m\u00e9morable. Chaque \u00e9l\u00e9ment a \u00e9t\u00e9 soigneusement choisi pour insuffler style et personnalit\u00e9 \u00e0 l\u2019espace, faisant de cette table une pi\u00e8ce qui \u00e9merveillera et impressionnera tous ceux qui la d\u00e9couvrent.<\/p>\n<p data-start=\"2316\" data-end=\"2393\">D\u00e9couvrez notre collection de marbres et d\u2019onyx via ce lien: <a href=\"https:\/\/forzini.com\/fr\/materiaux\/\" target=\"_blank\" rel=\"noopener\">Mat\u00e9riaux<\/a><\/p>\n<h3><strong data-start=\"2404\" data-end=\"2436\">Caract\u00e9ristiques principales<\/strong><\/h3>\n<h3><strong>Montage<\/strong> : Aucun montage requis.<\/h3>\n<h3><strong>Finition de la pierre<\/strong> : Polie.<\/h3>\n<h3><strong>Poids<\/strong> : 75 kg.<\/h3>\n","protected":false},"excerpt":{"rendered":"<h2>Table basse en pierre naturelle d&rsquo;onyx<\/h2>\n<p data-start=\"0\" data-end=\"427\">C&rsquo;est une pi\u00e8ce de design innovante et sophistiqu\u00e9e, parfaite pour ceux qui souhaitent sublimer leur espace avec un meuble unique. Sa forme ronde et l\u2019association de l\u2019onyx vert clair avec le marbre beige lui conf\u00e8rent un style original et envo\u00fbtant. La base en onyx vert peut \u00eatre r\u00e9tro\u00e9clair\u00e9e, car cette pierre translucide diffuse la lumi\u00e8re, transformant ainsi la table en un \u00e9l\u00e9ment spectaculaire d\u2019\u00e9clairage d\u2019ambiance.<\/p>\n<p data-start=\"429\" data-end=\"900\">Imaginez l\u2019\u00e9merveillement de vos invit\u00e9s face \u00e0 cette table aussi originale qu\u2019\u00e9l\u00e9gante, qui met en valeur la beaut\u00e9 naturelle de l\u2019onyx et la douceur intemporelle du marbre beige. Id\u00e9ale pour apporter une touche de raffinement et de sophistication, elle s\u2019impose comme un v\u00e9ritable atout d\u00e9coratif dans n\u2019importe quel salon. Plus qu\u2019un simple meuble, cette table basse en marbre est une v\u00e9ritable \u0153uvre d\u2019art qui impressionne par sa pr\u00e9sence et son style incomparable.<\/p>\n<h4 data-start=\"902\" data-end=\"949\"><strong data-start=\"902\" data-end=\"918\">Dimensions :<\/strong> Diam\u00e8tre 38 cm, Hauteur 52 cm.<\/h4>\n","protected":false},"featured_media":10215,"comment_status":"closed","ping_status":"closed","template":"","meta":{"_acf_changed":false,"_joinchat":[]},"product_brand":[],"product_cat":[188,358],"product_tag":[189,190],"class_list":{"0":"post-10214","1":"product","2":"type-product","3":"status-publish","4":"has-post-thumbnail","6":"product_cat-tables-fr","7":"product_cat-tables-basses-marbre","8":"product_tag-marbre","9":"product_tag-onyx-fr","11":"first","12":"instock","13":"sale","14":"shipping-taxable","15":"purchasable","16":"product-type-simple"},"acf":[],"_links":{"self":[{"href":"https:\/\/forzini.com\/fr\/wp-json\/wp\/v2\/product\/10214","targetHints":{"allow":["GET"]}}],"collection":[{"href":"https:\/\/forzini.com\/fr\/wp-json\/wp\/v2\/product"}],"about":[{"href":"https:\/\/forzini.com\/fr\/wp-json\/wp\/v2\/types\/product"}],"replies":[{"embeddable":true,"href":"https:\/\/forzini.com\/fr\/wp-json\/wp\/v2\/comments?post=10214"}],"version-history":[{"count":0,"href":"https:\/\/forzini.com\/fr\/wp-json\/wp\/v2\/product\/10214\/revisions"}],"wp:featuredmedia":[{"embeddable":true,"href":"https:\/\/forzini.com\/fr\/wp-json\/wp\/v2\/media\/10215"}],"wp:attachment":[{"href":"https:\/\/forzini.com\/fr\/wp-json\/wp\/v2\/media?parent=10214"}],"wp:term":[{"taxonomy":"product_brand","embeddable":true,"href":"https:\/\/forzini.com\/fr\/wp-json\/wp\/v2\/product_brand?post=10214"},{"taxonomy":"product_cat","embeddable":true,"href":"https:\/\/forzini.com\/fr\/wp-json\/wp\/v2\/product_cat?post=10214"},{"taxonomy":"product_tag","embeddable":true,"href":"https:\/\/forzini.com\/fr\/wp-json\/wp\/v2\/product_tag?post=10214"}],"curies":[{"name":"wp","href":"https:\/\/api.w.org\/{rel}","templated":true}]}}