{"id":10207,"date":"2024-10-27T23:00:33","date_gmt":"2024-10-27T22:00:33","guid":{"rendered":"https:\/\/forzini.com\/producto\/mesa-moderna-de-marmol\/"},"modified":"2026-01-20T19:52:36","modified_gmt":"2026-01-20T18:52:36","slug":"table-dappoint-ronde-en-marbre-noir","status":"publish","type":"product","link":"https:\/\/forzini.com\/fr\/producto\/table-dappoint-ronde-en-marbre-noir\/","title":{"rendered":"Table d&rsquo;appoint ronde en marbre noir"},"content":{"rendered":"<h1>Table d&rsquo;appoint ronde en marbre noir \u00ab\u00a0Mercury B\u00a0\u00bb<\/h1>\n<p data-start=\"85\" data-end=\"655\">Cette <strong data-start=\"85\" data-end=\"131\">table d&rsquo;appoint ronde en marbre noir<\/strong> est une pi\u00e8ce singuli\u00e8re qui attire tous les regards et devient le centre d\u2019attention de tout espace. Son design est une alliance magistrale d\u2019\u00e9l\u00e9gance et de sophistication : le corps en marbre noir profond contraste de mani\u00e8re saisissante avec son plateau en onyx blanc, cr\u00e9ant un luxe visuel qui se distingue dans n&rsquo;importe quel int\u00e9rieur. Ce contraste n\u2019apporte pas seulement une pr\u00e9sence imposante, il sublime \u00e9galement la d\u00e9coration en ajoutant une touche contemporaine et raffin\u00e9e qui rehausse le style de la pi\u00e8ce.<\/p>\n<p data-start=\"657\" data-end=\"1145\">Avec son design minimaliste et sa forme ronde aux lignes douces et fluides, cette table d&rsquo;appoint ronde en marbre noir incarne un style chic et intemporel. Sa surface parfaitement polie ne se contente pas d\u2019ajouter de la brillance et de l\u2019\u00e9l\u00e9gance, elle invite aussi \u00e0 admirer la texture et le veinage naturel des pierres. Cette table moderne en marbre poss\u00e8de un caract\u00e8re affirm\u00e9, capable de m\u00e9tamorphoser un espace et d\u2019y insuffler une atmosph\u00e8re de luxe et de modernit\u00e9, tout en restant pratique et fonctionnelle.<\/p>\n<p data-start=\"1147\" data-end=\"1501\">Cette table d&rsquo;appoint ronde en marbre noir n\u2019est pas seulement une \u0153uvre sculpturale, mais aussi un meuble fonctionnel du quotidien. Id\u00e9ale en tant que table basse, elle offre un support pratique pour une tasse de caf\u00e9, un livre ou tout \u00e9l\u00e9ment d\u00e9coratif. Son design ne se limite pas \u00e0 sa beaut\u00e9 : il r\u00e9pond \u00e9galement \u00e0 des exigences pratiques gr\u00e2ce \u00e0 sa robustesse et sa r\u00e9sistance.<\/p>\n<p data-start=\"1503\" data-end=\"1900\">L\u2019association du marbre noir et de l\u2019onyx blanc est un choix esth\u00e9tique unique, pens\u00e9 pour ceux qui recherchent une d\u00e9coration exclusive et haut de gamme. Cette table moderne en marbre est bien plus qu\u2019un simple meuble : c\u2019est une \u0153uvre d\u2019art qui fusionne fonctionnalit\u00e9 et design sculptural, parfaite pour ceux qui souhaitent apporter une touche d\u2019\u00e9l\u00e9gance et de sophistication \u00e0 leurs espaces.<\/p>\n<p data-start=\"2316\" data-end=\"2393\">D\u00e9couvrez notre collection de marbres et d\u2019onyx via ce lien: <a href=\"https:\/\/forzini.com\/fr\/materiaux\/\" target=\"_blank\" rel=\"noopener\">Mat\u00e9riaux<\/a><\/p>\n<p><strong data-start=\"2404\" data-end=\"2436\">Caract\u00e9ristiques principales<\/strong><\/p>\n<p><strong>Montage<\/strong> : Aucun montage requis.<\/p>\n<p><strong>Finition de la pierre<\/strong> : Polie.<\/p>\n<p><strong>Poids<\/strong> : 71 kg.<\/p>\n","protected":false},"excerpt":{"rendered":"<h2>Table d&rsquo;appoint ronde en marbre noir<\/h2>\n<p data-start=\"44\" data-end=\"517\">C&rsquo;est une pi\u00e8ce impressionnante qui sublime n&rsquo;importe quel espace. Son socle en marbre noir profond et sa surface en onyx blanc cr\u00e9ent un contraste \u00e9l\u00e9gant et sophistiqu\u00e9. Avec son style minimaliste, sa forme ronde et son fini poli, elle devient un accent d\u00e9coratif chic et fonctionnel. Parfaite comme table basse, elle est id\u00e9ale pour poser une tasse de caf\u00e9 ou un livre, alliant art et praticit\u00e9 dans une pi\u00e8ce qui se distingue par sa beaut\u00e9 et son design contemporain.<\/p>\n<h4 data-start=\"519\" data-end=\"566\"><strong data-start=\"519\" data-end=\"535\">Dimensions :<\/strong> Diam\u00e8tre 38 cm, Hauteur 52 cm.<\/h4>\n","protected":false},"featured_media":10208,"comment_status":"closed","ping_status":"closed","template":"","meta":{"_acf_changed":false,"_joinchat":[]},"product_brand":[],"product_cat":[188,358],"product_tag":[189,190],"class_list":{"0":"post-10207","1":"product","2":"type-product","3":"status-publish","4":"has-post-thumbnail","6":"product_cat-tables-fr","7":"product_cat-tables-basses-marbre","8":"product_tag-marbre","9":"product_tag-onyx-fr","11":"first","12":"instock","13":"sale","14":"shipping-taxable","15":"purchasable","16":"product-type-simple"},"acf":[],"_links":{"self":[{"href":"https:\/\/forzini.com\/fr\/wp-json\/wp\/v2\/product\/10207","targetHints":{"allow":["GET"]}}],"collection":[{"href":"https:\/\/forzini.com\/fr\/wp-json\/wp\/v2\/product"}],"about":[{"href":"https:\/\/forzini.com\/fr\/wp-json\/wp\/v2\/types\/product"}],"replies":[{"embeddable":true,"href":"https:\/\/forzini.com\/fr\/wp-json\/wp\/v2\/comments?post=10207"}],"version-history":[{"count":0,"href":"https:\/\/forzini.com\/fr\/wp-json\/wp\/v2\/product\/10207\/revisions"}],"wp:featuredmedia":[{"embeddable":true,"href":"https:\/\/forzini.com\/fr\/wp-json\/wp\/v2\/media\/10208"}],"wp:attachment":[{"href":"https:\/\/forzini.com\/fr\/wp-json\/wp\/v2\/media?parent=10207"}],"wp:term":[{"taxonomy":"product_brand","embeddable":true,"href":"https:\/\/forzini.com\/fr\/wp-json\/wp\/v2\/product_brand?post=10207"},{"taxonomy":"product_cat","embeddable":true,"href":"https:\/\/forzini.com\/fr\/wp-json\/wp\/v2\/product_cat?post=10207"},{"taxonomy":"product_tag","embeddable":true,"href":"https:\/\/forzini.com\/fr\/wp-json\/wp\/v2\/product_tag?post=10207"}],"curies":[{"name":"wp","href":"https:\/\/api.w.org\/{rel}","templated":true}]}}