{"id":10101,"date":"2024-03-18T16:23:22","date_gmt":"2024-03-18T15:23:22","guid":{"rendered":"https:\/\/forzini.com\/producto\/lavabo-rustico-de-onix-portunus\/"},"modified":"2025-03-02T16:05:49","modified_gmt":"2025-03-02T15:05:49","slug":"vasque-en-pierre-naturelle-portunus","status":"publish","type":"product","link":"https:\/\/forzini.com\/fr\/producto\/vasque-en-pierre-naturelle-portunus\/","title":{"rendered":"Vasque en pierre naturelle Portunus"},"content":{"rendered":"<h1>Vasque en pierre naturelle \u00ab\u00a0Portunus\u00a0\u00bb<\/h1>\n<p>R\u00e9alis\u00e9 \u00e0 la main avec un design innovant, cette <strong>vasque en pierre naturelle<\/strong> onyx a une forme rectangulaire irr\u00e9guli\u00e8re qui captive l&rsquo;imagination. Combinant l&rsquo;esth\u00e9tique contemporaine avec les techniques traditionnelles de taille de pierre, cette vasque en pierre naturelle est taill\u00e9 dans un luxueux et authentique onyx vert. Chaque courbe et chaque contour ont \u00e9t\u00e9 sculpt\u00e9s par des artisans experts, r\u00e9alisant la parfaite union de modernit\u00e9 et de tradition. Poli \u00e0 la perfection, ce lavabo en pierre naturelle est une \u0153uvre d&rsquo;art qui ajoute sophistication et charme \u00e0 votre salle de bain.<\/p>\n<p>Onyx Galaxy Vert &#8211; un fond de couleur verte claire magnifiquement accentu\u00e9 par des vagues blanches, entrecoup\u00e9es de veines bronz\u00e9es, de couleur marron dor\u00e9 terreux et rouge\u00e2tre. Extraite en tr\u00e8s petites quantit\u00e9s, cette vari\u00e9t\u00e9 est tr\u00e8s exclusive et hautement translucide.<\/p>\n<p>Notre exclusif Onyx Galaxy Vert est appr\u00e9ci\u00e9 pour sa raret\u00e9 et son aspect surprenant. Son ton vert, une douce caresse de couleur, s&rsquo;entrelace avec des veines marron dor\u00e9 et des touches de rouge. Cette pierre captive par son art unique. La translucidit\u00e9 de la pierre est une merveille, permettant \u00e0 la lumi\u00e8re de la traverser, illuminant les profondeurs de sa beaut\u00e9 et r\u00e9v\u00e9lant la danse complexe des couleurs en son sein. Cette combinaison de couleur et de translucidit\u00e9 est rare en raison de sa disponibilit\u00e9 limit\u00e9e dans la nature, ce qui fait de cet onyx un tr\u00e9sor convoit\u00e9. D\u00e9couvrir ces pierres rares et cr\u00e9er des pi\u00e8ces artisanales exclusives pour nos clients estim\u00e9s nous remplit d&rsquo;une immense joie.<\/p>\n<p data-start=\"2316\" data-end=\"2393\">D\u00e9couvrez notre collection de marbres et d\u2019onyx via ce lien: <a href=\"https:\/\/forzini.com\/fr\/materiaux\/\" target=\"_blank\" rel=\"noopener\">Mat\u00e9riaux<\/a><\/p>\n<h3><strong data-start=\"2404\" data-end=\"2436\">Caract\u00e9ristiques principales<\/strong><\/h3>\n<h3>Installation: sur le comptoir des meubles de la salle de bains<\/h3>\n<h3>Diam\u00e8tre du trou d\u2019\u00e9vacuation: 4,5 cm (standard europ\u00e9en).<\/h3>\n<h3>Type de bonde compatible: Valve universelle (non incluse), sans trop-plein.<\/h3>\n<h3>Type de robinet compatible:<\/h3>\n<h3>Installation: Sur le comptoir ou mural (non inclus).<\/h3>\n<h3>Non inclus: Siphon, bonde d\u2019\u00e9vacuation, robinet.<\/h3>\n","protected":false},"excerpt":{"rendered":"<h2>Vasque en pierre naturelle<\/h2>\n<p>avec son design rectangulaire exquis, cette vasque en pierre naturelle est une \u0153uvre d&rsquo;art luxueuse pour les grandes ou petites salles de bains avec style. Taill\u00e9e dans de la pierre massive pure, elle offre une combinaison parfaite d&rsquo;\u00e9l\u00e9gance et de robustesse. Elle a un charme rustique que seul l&rsquo;authentique onyx peut transmettre, avec ses riches et magnifiques veines cr\u00e9ant une for\u00eat enchant\u00e9e de motifs uniques.<\/p>\n","protected":false},"featured_media":10102,"comment_status":"closed","ping_status":"closed","template":"","meta":{"_acf_changed":false,"_joinchat":[]},"product_brand":[],"product_cat":[331,186],"product_tag":[190],"class_list":{"0":"post-10101","1":"product","2":"type-product","3":"status-publish","4":"has-post-thumbnail","6":"product_cat-lavabos-onyx","7":"product_cat-vasques","8":"product_tag-onyx-fr","10":"first","11":"outofstock","12":"sale","13":"featured","14":"shipping-taxable","15":"purchasable","16":"product-type-simple"},"acf":[],"_links":{"self":[{"href":"https:\/\/forzini.com\/fr\/wp-json\/wp\/v2\/product\/10101","targetHints":{"allow":["GET"]}}],"collection":[{"href":"https:\/\/forzini.com\/fr\/wp-json\/wp\/v2\/product"}],"about":[{"href":"https:\/\/forzini.com\/fr\/wp-json\/wp\/v2\/types\/product"}],"replies":[{"embeddable":true,"href":"https:\/\/forzini.com\/fr\/wp-json\/wp\/v2\/comments?post=10101"}],"version-history":[{"count":0,"href":"https:\/\/forzini.com\/fr\/wp-json\/wp\/v2\/product\/10101\/revisions"}],"wp:featuredmedia":[{"embeddable":true,"href":"https:\/\/forzini.com\/fr\/wp-json\/wp\/v2\/media\/10102"}],"wp:attachment":[{"href":"https:\/\/forzini.com\/fr\/wp-json\/wp\/v2\/media?parent=10101"}],"wp:term":[{"taxonomy":"product_brand","embeddable":true,"href":"https:\/\/forzini.com\/fr\/wp-json\/wp\/v2\/product_brand?post=10101"},{"taxonomy":"product_cat","embeddable":true,"href":"https:\/\/forzini.com\/fr\/wp-json\/wp\/v2\/product_cat?post=10101"},{"taxonomy":"product_tag","embeddable":true,"href":"https:\/\/forzini.com\/fr\/wp-json\/wp\/v2\/product_tag?post=10101"}],"curies":[{"name":"wp","href":"https:\/\/api.w.org\/{rel}","templated":true}]}}