{"id":10075,"date":"2024-05-20T12:51:28","date_gmt":"2024-05-20T10:51:28","guid":{"rendered":"https:\/\/forzini.com\/producto\/lavabo-redondo-de-marmol-beige-flora\/"},"modified":"2025-03-02T14:11:53","modified_gmt":"2025-03-02T13:11:53","slug":"vasque-ronde-en-marbre-naturel-beige-flora","status":"publish","type":"product","link":"https:\/\/forzini.com\/fr\/producto\/vasque-ronde-en-marbre-naturel-beige-flora\/","title":{"rendered":"Vasque ronde en marbre naturel beige Flora"},"content":{"rendered":"<h1>Vasque ronde en marbre naturel beige \u00ab\u00a0Flora\u00a0\u00bb<\/h1>\n<p>Notre <strong>vasque ronde en marbre naturel beige<\/strong> est une \u0153uvre artisanale de style rustique et intemporel. Taill\u00e9e \u00e0 la main \u00e0 partir d&rsquo;une seule pi\u00e8ce de marbre naturel, elle r\u00e9v\u00e8le la beaut\u00e9 authentique de la pierre dans un design rond. Les parois ext\u00e9rieures rugueuses et textur\u00e9es apportent un caract\u00e8re authentique et rustique, \u00e9voquant la force de la nature. Avec son aspect contemporain, cette vasque ronde en marbre naturel beige est id\u00e9al pour toute salle de bain, que ce soit un style nordique ou une d\u00e9coration champ\u00eatre, offrant une touche distinctive et unique. De plus, le marbre est facile \u00e0 entretenir avec des routines de nettoyage simples, garantissant un lavabo d\u00e9coratif et durable qui sublime la beaut\u00e9 de votre maison.<\/p>\n<p>Botticelli Classic Marbre &#8211;\u00a0 sa couleur beige chaude cr\u00e9e des espaces avec une atmosph\u00e8re accueillante et enveloppante, tandis que ses tons plus clairs ajoutent une sensation de luminosit\u00e9 et de l\u00e9g\u00e8ret\u00e9. Les veines marron et grises du marbre, entrelac\u00e9es de nuances naturelles de jaune clair, cr\u00e9ent des motifs visuellement captivants.<\/p>\n<p>Le marbre Botticelli Classic est une pierre pr\u00e9cieuse naturelle, s\u00e9lectionn\u00e9e avec soin pour nos collections en raison de sa raret\u00e9 et de sa beaut\u00e9 exceptionnelles. Extrait d&rsquo;une r\u00e9gion s\u00e9lecte du sud de l&rsquo;Asie, ce marbre est obtenu en petites quantit\u00e9s pour pr\u00e9server sa puret\u00e9 et sa qualit\u00e9. Chaque dalle de ce marbre se distingue par ses veines et motifs uniques, qui apportent un caract\u00e8re unique \u00e0 chaque projet de design. Son doux ton beige, chaleureux et intemporel, s&rsquo;adapte parfaitement \u00e0 une vari\u00e9t\u00e9 d&rsquo;environnements et de styles d\u00e9coratifs, des espaces modernes les plus \u00e9l\u00e9gants aux designs minimalistes et aux d\u00e9corations traditionnelles les plus riches. Dans le monde du design d&rsquo;int\u00e9rieur de luxe, o\u00f9 la coh\u00e9rence et le go\u00fbt sont fondamentaux, le Botticelli Classic devient un choix id\u00e9al. Sa polyvalence \u00e0 compl\u00e9ter diff\u00e9rentes esth\u00e9tiques, sans perdre son aura de sophistication, le rend particuli\u00e8rement appr\u00e9ci\u00e9 parmi ceux qui cherchent \u00e0 cr\u00e9er des espaces o\u00f9 chaque d\u00e9tail est en harmonie, favorisant ainsi une exp\u00e9rience de bien-\u00eatre et de d\u00e9lice visuel.<\/p>\n<p data-start=\"2316\" data-end=\"2393\">D\u00e9couvrez notre collection de marbres et d\u2019onyx via ce lien: <a href=\"https:\/\/forzini.com\/fr\/materiaux\/\" target=\"_blank\" rel=\"noopener\">Mat\u00e9riaux<\/a><\/p>\n<h3><strong data-start=\"2404\" data-end=\"2436\">Caract\u00e9ristiques principales<\/strong><\/h3>\n<h3>Installation: sur le comptoir des meubles de la salle de bains<\/h3>\n<h3>Diam\u00e8tre du trou d\u2019\u00e9vacuation: 4,5 cm (standard europ\u00e9en).<\/h3>\n<h3>Type de bonde compatible: Valve universelle (non incluse), sans trop-plein.<\/h3>\n<h3>Type de robinet compatible:<\/h3>\n<h3>Installation: Sur le comptoir ou mural (non inclus).<\/h3>\n<h3>Non inclus: Siphon, bonde d\u2019\u00e9vacuation, robinet.<\/h3>\n","protected":false},"excerpt":{"rendered":"<h2>Vasque ronde en marbre naturel beige<\/h2>\n<p>Sculpt\u00e9e \u00e0 la main par des artisans experts, cette vasque ronde en marbre naturel beige pour plan de travail est disponible dans des tonalit\u00e9s \u00e9l\u00e9gantes de marbre beige. Avec son ext\u00e9rieur \u00e0 texture rustique et un int\u00e9rieur poli \u00e0 la perfection, ce lavabo est un \u00e9l\u00e9ment classique et intemporel qui rehaussera l&rsquo;esth\u00e9tique de votre salle de bain.<\/p>\n","protected":false},"featured_media":10076,"comment_status":"closed","ping_status":"closed","template":"","meta":{"_acf_changed":false,"_joinchat":[]},"product_brand":[],"product_cat":[338,186],"product_tag":[189],"class_list":{"0":"post-10075","1":"product","2":"type-product","3":"status-publish","4":"has-post-thumbnail","6":"product_cat-lavabos-marbre","7":"product_cat-vasques","8":"product_tag-marbre","10":"first","11":"outofstock","12":"sale","13":"featured","14":"shipping-taxable","15":"purchasable","16":"product-type-simple"},"acf":[],"_links":{"self":[{"href":"https:\/\/forzini.com\/fr\/wp-json\/wp\/v2\/product\/10075","targetHints":{"allow":["GET"]}}],"collection":[{"href":"https:\/\/forzini.com\/fr\/wp-json\/wp\/v2\/product"}],"about":[{"href":"https:\/\/forzini.com\/fr\/wp-json\/wp\/v2\/types\/product"}],"replies":[{"embeddable":true,"href":"https:\/\/forzini.com\/fr\/wp-json\/wp\/v2\/comments?post=10075"}],"version-history":[{"count":0,"href":"https:\/\/forzini.com\/fr\/wp-json\/wp\/v2\/product\/10075\/revisions"}],"wp:featuredmedia":[{"embeddable":true,"href":"https:\/\/forzini.com\/fr\/wp-json\/wp\/v2\/media\/10076"}],"wp:attachment":[{"href":"https:\/\/forzini.com\/fr\/wp-json\/wp\/v2\/media?parent=10075"}],"wp:term":[{"taxonomy":"product_brand","embeddable":true,"href":"https:\/\/forzini.com\/fr\/wp-json\/wp\/v2\/product_brand?post=10075"},{"taxonomy":"product_cat","embeddable":true,"href":"https:\/\/forzini.com\/fr\/wp-json\/wp\/v2\/product_cat?post=10075"},{"taxonomy":"product_tag","embeddable":true,"href":"https:\/\/forzini.com\/fr\/wp-json\/wp\/v2\/product_tag?post=10075"}],"curies":[{"name":"wp","href":"https:\/\/api.w.org\/{rel}","templated":true}]}}