{"id":10065,"date":"2024-06-05T18:19:44","date_gmt":"2024-06-05T16:19:44","guid":{"rendered":"https:\/\/forzini.com\/producto\/lavabo-de-onix\/"},"modified":"2025-03-02T13:37:19","modified_gmt":"2025-03-02T12:37:19","slug":"vasque-a-poser-ronde-en-onyx-blanc-saturn","status":"publish","type":"product","link":"https:\/\/forzini.com\/fr\/producto\/vasque-a-poser-ronde-en-onyx-blanc-saturn\/","title":{"rendered":"Vasque \u00e0 poser ronde en onyx blanc Saturn"},"content":{"rendered":"<h1>Vasque \u00e0 poser ronde en onyx blanc \u00ab\u00a0Saturn\u00a0\u00bb<\/h1>\n<p>Cette <strong>vasque \u00e0 poser ronde en onyx blanc<\/strong>, faite \u00e0 la main, d&rsquo;une beaut\u00e9 incomparable, ajoute splendeur et style \u00e0 toute salle de bain. Chaque lavabo de toilette en onyx blanc est m\u00e9ticuleusement sculpt\u00e9 en forme ronde \u00e0 partir de roche naturelle, utilisant des techniques artisanales traditionnelles qui apportent une touche \u00e9l\u00e9gante et avant-gardiste \u00e0 votre maison.<\/p>\n<p>Nos collections de vasques \u00e0 poser de luxe incluent le meilleur onyx authentique, qui pr\u00e9sente des motifs uniques, une palette de couleurs diversifi\u00e9e et des variations fascinantes de veines qui c\u00e9l\u00e8brent l&rsquo;art de la nature. Disponibles en magnifique onyx blanc, chaque pi\u00e8ce apporte une touche de charisme et d&rsquo;innovation au design de votre salle de bain.<\/p>\n<p>La forme ronde du lavabo met en valeur la beaut\u00e9 de l&rsquo;onyx naturel, tandis que son ext\u00e9rieur lisse et curviligne sublime les riches et complexes motifs ainsi que les qualit\u00e9s translucides de la pierre, cr\u00e9ant un effet visuel captivant. Chaque vasque \u00e0 poser ronde en onyx blanc est un t\u00e9moignage de l&rsquo;artisanat exquis, avec des courbes et des contours polis \u00e0 la perfection.<\/p>\n<p>Le jeu de lumi\u00e8res \u00e0 travers les veines naturelles et la finition brillante augmentent son attrait luxueux, en faisant un point focal dans toute salle de bain. Chaque pi\u00e8ce est un t\u00e9moignage unique du charme intemporel et de l&rsquo;excellence des lavabos en pierre faits \u00e0 la main.<\/p>\n<p>Onyx Dune Dore\u00e9\u00a0 &#8211; son fond blanc est une toile sereine, d\u00e9licatement orn\u00e9e de douces nuages flottant \u00e0 la surface. Des ombres cr\u00e9meuses et des veines dor\u00e9es, caramel, marron, cognac et rouge\u00e2tres. Cet onyx blanc sp\u00e9cial est une trouvaille rare, disponible uniquement en petites quantit\u00e9s.<\/p>\n<p>Saviez-vous que notre onyx blanc Dune Dore\u00e9 est l&rsquo;une des vari\u00e9t\u00e9s les plus rares et les plus convoit\u00e9es ? Nous sommes fiers d&rsquo;offrir un tr\u00e9sor aussi unique, s\u00e9lectionn\u00e9 personnellement pour sa beaut\u00e9 incomparable. Cette merveille captive par sa sublime beaut\u00e9, en faisant un v\u00e9ritable joyau. La formation de ces veines uniques n\u00e9cessite des conditions g\u00e9ologiques sp\u00e9cifiques. Au fil de millions d&rsquo;ann\u00e9es, des solutions riches en silice se d\u00e9posent dans des cavit\u00e9s rocheuses et, en se cristallisant, des impuret\u00e9s telles que le fer et le mangan\u00e8se cr\u00e9ent les caract\u00e9ristiques veines dor\u00e9es.<\/p>\n<p>La magnifique palette de couleurs va du blanc d\u00e9licat aux tons dor\u00e9s, cannelle et cognac plus expressifs. En plus de sa raret\u00e9, l&rsquo;onyx blanc Dune Dore\u00e9 est extrait d&rsquo;une r\u00e9gion sp\u00e9cifique du sud de l&rsquo;Asie, dont l&rsquo;environnement g\u00e9ologique unique est crucial pour la formation de cette merveilleuse pierre. Chaque pi\u00e8ce raconte une histoire, capturant l&rsquo;essence de d\u00e9serts lointains et le fascinant \u00e9clat des couchers de soleil. Cet onyx unique est une pierre rare qui envo\u00fbte par sa beaut\u00e9 sublime.\u00a0\u00bb<\/p>\n<p data-start=\"2316\" data-end=\"2393\">D\u00e9couvrez notre collection de marbres et d\u2019onyx via ce lien: <a href=\"https:\/\/forzini.com\/fr\/materiaux\/\" target=\"_blank\" rel=\"noopener\">Mat\u00e9riaux<\/a><\/p>\n<h3><strong data-start=\"2404\" data-end=\"2436\">Caract\u00e9ristiques principales<\/strong><\/h3>\n<h3>Installation: sur le comptoir des meubles de la salle de bains<\/h3>\n<h3>Diam\u00e8tre du trou d\u2019\u00e9vacuation: 4,5 cm (standard europ\u00e9en).<\/h3>\n<h3>Type de bonde compatible: Valve universelle (non incluse), sans trop-plein.<\/h3>\n<h3>Type de robinet compatible:<\/h3>\n<h3>Installation: Sur le comptoir ou mural (non inclus).<\/h3>\n<h3>Non inclus: Siphon, bonde d\u2019\u00e9vacuation, robinet.<\/h3>\n","protected":false},"excerpt":{"rendered":"<h2>Vasque \u00e0 poser ronde en onyx blanc<\/h2>\n<p>L&rsquo;\u00e9l\u00e9gance et le prestige d\u00e9finissent notre vasque \u00e0 poser ronde en onyx blanc, une pi\u00e8ce artisanale qui apporte une touche de glamour aux salles de bain modernes. Ce lavabo incarne le raffinement et l&rsquo;innovation en design d&rsquo;int\u00e9rieur, id\u00e9al pour ceux qui recherchent une qualit\u00e9 exceptionnelle et une esth\u00e9tique saisissante. Son allure unique en fait le point focal de la pi\u00e8ce, offrant une exp\u00e9rience exclusive et un charme sophistiqu\u00e9 incomparable \u00e0 tout espace de bain.<\/p>\n","protected":false},"featured_media":10066,"comment_status":"closed","ping_status":"closed","template":"","meta":{"_acf_changed":false,"_joinchat":[]},"product_brand":[],"product_cat":[331,186],"product_tag":[190],"class_list":{"0":"post-10065","1":"product","2":"type-product","3":"status-publish","4":"has-post-thumbnail","6":"product_cat-lavabos-onyx","7":"product_cat-vasques","8":"product_tag-onyx-fr","10":"first","11":"outofstock","12":"sale","13":"featured","14":"shipping-taxable","15":"purchasable","16":"product-type-simple"},"acf":[],"_links":{"self":[{"href":"https:\/\/forzini.com\/fr\/wp-json\/wp\/v2\/product\/10065","targetHints":{"allow":["GET"]}}],"collection":[{"href":"https:\/\/forzini.com\/fr\/wp-json\/wp\/v2\/product"}],"about":[{"href":"https:\/\/forzini.com\/fr\/wp-json\/wp\/v2\/types\/product"}],"replies":[{"embeddable":true,"href":"https:\/\/forzini.com\/fr\/wp-json\/wp\/v2\/comments?post=10065"}],"version-history":[{"count":0,"href":"https:\/\/forzini.com\/fr\/wp-json\/wp\/v2\/product\/10065\/revisions"}],"wp:featuredmedia":[{"embeddable":true,"href":"https:\/\/forzini.com\/fr\/wp-json\/wp\/v2\/media\/10066"}],"wp:attachment":[{"href":"https:\/\/forzini.com\/fr\/wp-json\/wp\/v2\/media?parent=10065"}],"wp:term":[{"taxonomy":"product_brand","embeddable":true,"href":"https:\/\/forzini.com\/fr\/wp-json\/wp\/v2\/product_brand?post=10065"},{"taxonomy":"product_cat","embeddable":true,"href":"https:\/\/forzini.com\/fr\/wp-json\/wp\/v2\/product_cat?post=10065"},{"taxonomy":"product_tag","embeddable":true,"href":"https:\/\/forzini.com\/fr\/wp-json\/wp\/v2\/product_tag?post=10065"}],"curies":[{"name":"wp","href":"https:\/\/api.w.org\/{rel}","templated":true}]}}