{"id":10001,"date":"2024-07-01T15:18:16","date_gmt":"2024-07-01T13:18:16","guid":{"rendered":"https:\/\/forzini.com\/producto\/lavabo-largo-de-onix-aurora\/"},"modified":"2025-03-01T23:10:05","modified_gmt":"2025-03-01T22:10:05","slug":"grande-vasque-a-poser-en-onyx-aurora","status":"publish","type":"product","link":"https:\/\/forzini.com\/fr\/producto\/grande-vasque-a-poser-en-onyx-aurora\/","title":{"rendered":"Grande vasque a poser en onyx Aurora"},"content":{"rendered":"<h1>Grande vasque a poser en onyx \u00ab\u00a0Aurora\u00a0\u00bb<\/h1>\n<p data-start=\"0\" data-end=\"337\">Cette <strong>grande vasque a poser en onyx<\/strong>, avec son exquise combinaison de courbes sensuelles et le glamour lustr\u00e9 de la pierre naturelle, apporte une \u00e9l\u00e9gance in\u00e9gal\u00e9e \u00e0 toute salle de bain. Sa forme ovale et allong\u00e9e, aux lignes organiques et naturelles, est captivante, sensuelle et raffin\u00e9e, \u00e9voquant la s\u00e9r\u00e9nit\u00e9 et la fluidit\u00e9 de la nature.<\/p>\n<p data-start=\"339\" data-end=\"902\">Les teintes douces de l&rsquo;onyx, entrelac\u00e9es de veines et de cristaux scintillants, cr\u00e9ent des jeux d\u2019ombres fascinants qui refl\u00e8tent magnifiquement tout l\u2019\u00e9clat de l\u2019onyx authentique. Chaque d\u00e9tail de ce lavabo a \u00e9t\u00e9 con\u00e7u pour capter et refl\u00e9ter la lumi\u00e8re de mani\u00e8re unique, offrant un spectacle de reflets et de brillance qui sublime la beaut\u00e9 intrins\u00e8que de la pierre. Cette grande vasque a poser en onyx est une v\u00e9ritable \u0153uvre d\u2019art qui transforme votre salle de bain en un espace de luxe et de glamour, faisant de chaque instant une exp\u00e9rience unique et exceptionnelle.<\/p>\n<p data-start=\"904\" data-end=\"1021\">Pour sa conception, nous avons s\u00e9lectionn\u00e9 un onyx tr\u00e8s sp\u00e9cial qui met en valeur toute la splendeur de la pierre :<\/p>\n<p data-start=\"1023\" data-end=\"1319\">Onyx Vert Galaxy &#8211; un fond vert clair magnifiquement rehauss\u00e9 par des ondulations blanches, entrecoup\u00e9es de veines aux nuances de bronze, de marron dor\u00e9 terreux et de rouge profond. Extrait en quantit\u00e9s tr\u00e8s limit\u00e9es, cette vari\u00e9t\u00e9 d\u2019onyx est extr\u00eamement exclusive et hautement translucide.<\/p>\n<p data-start=\"1321\" data-end=\"1979\" data-is-last-node=\"\" data-is-only-node=\"\">L\u2019onyx vert Galaxy n\u2019est pas seulement pr\u00e9cieux pour sa raret\u00e9 et son attrait esth\u00e9tique, mais aussi pour sa formation g\u00e9ologique unique. Ce chef-d&rsquo;\u0153uvre min\u00e9ral est le fruit de mill\u00e9naires de stratification et de compression sous l&rsquo;intense pression d&rsquo;une r\u00e9gion accident\u00e9e du sud de l\u2019Asie. Son ton vert clair distinctif est un ph\u00e9nom\u00e8ne naturel introuvable ailleurs dans le monde, en faisant un \u00e9l\u00e9ment unique pour des int\u00e9rieurs luxueux. L\u2019exclusivit\u00e9 de cette pierre est renforc\u00e9e par sa raret\u00e9 g\u00e9ographique, garantissant que chaque pi\u00e8ce est une v\u00e9ritable \u0153uvre de la nature, id\u00e9ale pour ceux qui recherchent l\u2019exceptionnel dans le design haut de gamme.<\/p>\n<p data-start=\"2316\" data-end=\"2393\">D\u00e9couvrez notre collection de marbres et d\u2019onyx via ce lien: <a href=\"https:\/\/forzini.com\/fr\/materiaux\/\" target=\"_blank\" rel=\"noopener\">Mat\u00e9riaux<\/a><\/p>\n<h3><strong data-start=\"2404\" data-end=\"2436\">Caract\u00e9ristiques principales<\/strong><\/h3>\n<h3>Installation: sur le comptoir des meubles de la salle de bains<\/h3>\n<h3>Diam\u00e8tre du trou d\u2019\u00e9vacuation: 4,5 cm (standard europ\u00e9en).<\/h3>\n<h3>Type de bonde compatible: Valve universelle (non incluse), sans trop-plein.<\/h3>\n<h3>Type de robinet compatible:<\/h3>\n<h3>Installation: Sur le comptoir ou mural (non inclus).<\/h3>\n<h3>Non inclus: Siphon, bonde d\u2019\u00e9vacuation, robinet.<\/h3>\n","protected":false},"excerpt":{"rendered":"<h2>Grande vasque a poser en onyx<\/h2>\n<p>install\u00e9e sur le comptoir de meuble de salle de bain, avec son m\u00e9lange exquis de courbes sensuelles et du glamour lustreux de la pierre naturelle, elle apporte de l&rsquo;\u00e9l\u00e9gance \u00e0 toute salle d&rsquo;eau. Les couleurs douces, entrem\u00eal\u00e9es de veines et de cristaux brillants, cr\u00e9ent des ombres captivantes qui refl\u00e8tent magnifiquement tout l&rsquo;\u00e9clat de l&rsquo;onyx authentique.<\/p>\n","protected":false},"featured_media":10002,"comment_status":"closed","ping_status":"closed","template":"","meta":{"_acf_changed":false,"_joinchat":[]},"product_brand":[],"product_cat":[331,186],"product_tag":[190],"class_list":{"0":"post-10001","1":"product","2":"type-product","3":"status-publish","4":"has-post-thumbnail","6":"product_cat-lavabos-onyx","7":"product_cat-vasques","8":"product_tag-onyx-fr","10":"first","11":"outofstock","12":"sale","13":"featured","14":"shipping-taxable","15":"purchasable","16":"product-type-simple"},"acf":[],"_links":{"self":[{"href":"https:\/\/forzini.com\/fr\/wp-json\/wp\/v2\/product\/10001","targetHints":{"allow":["GET"]}}],"collection":[{"href":"https:\/\/forzini.com\/fr\/wp-json\/wp\/v2\/product"}],"about":[{"href":"https:\/\/forzini.com\/fr\/wp-json\/wp\/v2\/types\/product"}],"replies":[{"embeddable":true,"href":"https:\/\/forzini.com\/fr\/wp-json\/wp\/v2\/comments?post=10001"}],"version-history":[{"count":0,"href":"https:\/\/forzini.com\/fr\/wp-json\/wp\/v2\/product\/10001\/revisions"}],"wp:featuredmedia":[{"embeddable":true,"href":"https:\/\/forzini.com\/fr\/wp-json\/wp\/v2\/media\/10002"}],"wp:attachment":[{"href":"https:\/\/forzini.com\/fr\/wp-json\/wp\/v2\/media?parent=10001"}],"wp:term":[{"taxonomy":"product_brand","embeddable":true,"href":"https:\/\/forzini.com\/fr\/wp-json\/wp\/v2\/product_brand?post=10001"},{"taxonomy":"product_cat","embeddable":true,"href":"https:\/\/forzini.com\/fr\/wp-json\/wp\/v2\/product_cat?post=10001"},{"taxonomy":"product_tag","embeddable":true,"href":"https:\/\/forzini.com\/fr\/wp-json\/wp\/v2\/product_tag?post=10001"}],"curies":[{"name":"wp","href":"https:\/\/api.w.org\/{rel}","templated":true}]}}