{"id":9294,"date":"2024-02-12T12:18:25","date_gmt":"2024-02-12T11:18:25","guid":{"rendered":"https:\/\/forzini.com\/nosotros\/"},"modified":"2025-12-08T18:06:39","modified_gmt":"2025-12-08T17:06:39","slug":"a-propos","status":"publish","type":"page","link":"https:\/\/forzini.com\/fr\/a-propos\/","title":{"rendered":"A propos"},"content":{"rendered":"\t\t<div data-elementor-type=\"wp-page\" data-elementor-id=\"9294\" class=\"elementor elementor-9294 elementor-61\">\n\t\t\t\t<div class=\"elementor-element elementor-element-8829486 e-con-full e-flex e-con e-parent\" data-id=\"8829486\" data-element_type=\"container\" data-e-type=\"container\" data-settings=\"{&quot;background_background&quot;:&quot;classic&quot;}\">\n\t\t<div class=\"elementor-element elementor-element-19926f9 e-grid e-con-boxed e-con e-child\" data-id=\"19926f9\" data-element_type=\"container\" data-e-type=\"container\">\n\t\t\t\t\t<div class=\"e-con-inner\">\n\t\t\t\t<div class=\"elementor-element elementor-element-b835628 animated-slow elementor-invisible elementor-widget elementor-widget-text-editor\" data-id=\"b835628\" data-element_type=\"widget\" data-e-type=\"widget\" data-settings=\"{&quot;_animation&quot;:&quot;fadeInUp&quot;}\" data-widget_type=\"text-editor.default\">\n\t\t\t\t<div class=\"elementor-widget-container\">\n\t\t\t\t\t\t\t\t\t<h2 style=\"text-align: center;\"><strong data-start=\"42\" data-end=\"62\">A PROPOS\u00a0<\/strong><\/h2><p style=\"text-align: center;\">Notre histoire commence dans la terre \u2014 pas dans les tendances. La nature donne le rythme ; nous sculptons le chef-d\u2019\u0153uvre.<\/p><p style=\"text-align: center;\">\u00a0<\/p>\t\t\t\t\t\t\t\t<\/div>\n\t\t\t\t<\/div>\n\t\t\t\t<div class=\"elementor-element elementor-element-39e675e elementor-widget elementor-widget-raven-image\" data-id=\"39e675e\" data-element_type=\"widget\" data-e-type=\"widget\" data-widget_type=\"raven-image.default\">\n\t\t\t\t<div class=\"elementor-widget-container\">\n\t\t\t\t\t\t\t<div class=\"raven-image\">\n\t\t\n\t\t\n\t\t<img loading=\"lazy\" decoding=\"async\" width=\"1024\" height=\"1024\" src=\"https:\/\/forzini.com\/wp-content\/uploads\/2025\/12\/pink-onyx-raw-block-Forzini-1024x1024.jpg\" class=\"attachment-large size-large wp-image-21999\" alt=\"\" srcset=\"https:\/\/forzini.com\/wp-content\/uploads\/2025\/12\/pink-onyx-raw-block-Forzini-1024x1024.jpg 1024w, https:\/\/forzini.com\/wp-content\/uploads\/2025\/12\/pink-onyx-raw-block-Forzini-300x300.jpg 300w, https:\/\/forzini.com\/wp-content\/uploads\/2025\/12\/pink-onyx-raw-block-Forzini-150x150.jpg 150w, https:\/\/forzini.com\/wp-content\/uploads\/2025\/12\/pink-onyx-raw-block-Forzini-768x768.jpg 768w, https:\/\/forzini.com\/wp-content\/uploads\/2025\/12\/pink-onyx-raw-block-Forzini-500x500.jpg 500w, https:\/\/forzini.com\/wp-content\/uploads\/2025\/12\/pink-onyx-raw-block-Forzini-600x600.jpg 600w, https:\/\/forzini.com\/wp-content\/uploads\/2025\/12\/pink-onyx-raw-block-Forzini-100x100.jpg 100w, https:\/\/forzini.com\/wp-content\/uploads\/2025\/12\/pink-onyx-raw-block-Forzini.jpg 1080w\" sizes=\"auto, (max-width: 1024px) 100vw, 1024px\" \/>\t\t<\/div>\n\t\t\t\t\t\t<\/div>\n\t\t\t\t<\/div>\n\t\t\t\t\t<\/div>\n\t\t\t\t<\/div>\n\t\t\t\t<\/div>\n\t\t<div class=\"elementor-element elementor-element-fd91bbf e-con-full e-flex e-con e-parent\" data-id=\"fd91bbf\" data-element_type=\"container\" data-e-type=\"container\" data-settings=\"{&quot;background_background&quot;:&quot;classic&quot;}\">\n\t\t<div class=\"elementor-element elementor-element-143c747 e-grid e-con-boxed e-con e-child\" data-id=\"143c747\" data-element_type=\"container\" data-e-type=\"container\">\n\t\t\t\t\t<div class=\"e-con-inner\">\n\t\t\t\t<div class=\"elementor-element elementor-element-30e0f77 elementor-widget elementor-widget-image\" data-id=\"30e0f77\" data-element_type=\"widget\" data-e-type=\"widget\" data-widget_type=\"image.default\">\n\t\t\t\t<div class=\"elementor-widget-container\">\n\t\t\t\t\t\t\t\t\t\t\t\t\t\t\t<img loading=\"lazy\" decoding=\"async\" width=\"1024\" height=\"1024\" src=\"https:\/\/forzini.com\/wp-content\/uploads\/2025\/12\/selection-of-blocks-onyx-stone-Forzini-1024x1024.jpg\" class=\"attachment-large size-large wp-image-22007\" alt=\"\" srcset=\"https:\/\/forzini.com\/wp-content\/uploads\/2025\/12\/selection-of-blocks-onyx-stone-Forzini-1024x1024.jpg 1024w, https:\/\/forzini.com\/wp-content\/uploads\/2025\/12\/selection-of-blocks-onyx-stone-Forzini-300x300.jpg 300w, https:\/\/forzini.com\/wp-content\/uploads\/2025\/12\/selection-of-blocks-onyx-stone-Forzini-150x150.jpg 150w, https:\/\/forzini.com\/wp-content\/uploads\/2025\/12\/selection-of-blocks-onyx-stone-Forzini-768x768.jpg 768w, https:\/\/forzini.com\/wp-content\/uploads\/2025\/12\/selection-of-blocks-onyx-stone-Forzini-500x500.jpg 500w, https:\/\/forzini.com\/wp-content\/uploads\/2025\/12\/selection-of-blocks-onyx-stone-Forzini-600x600.jpg 600w, https:\/\/forzini.com\/wp-content\/uploads\/2025\/12\/selection-of-blocks-onyx-stone-Forzini-100x100.jpg 100w, https:\/\/forzini.com\/wp-content\/uploads\/2025\/12\/selection-of-blocks-onyx-stone-Forzini.jpg 1080w\" sizes=\"auto, (max-width: 1024px) 100vw, 1024px\" \/>\t\t\t\t\t\t\t\t\t\t\t\t\t\t\t<\/div>\n\t\t\t\t<\/div>\n\t\t\t\t<div class=\"elementor-element elementor-element-c93abed animated-slow elementor-invisible elementor-widget elementor-widget-text-editor\" data-id=\"c93abed\" data-element_type=\"widget\" data-e-type=\"widget\" data-settings=\"{&quot;_animation&quot;:&quot;fadeInUp&quot;}\" data-widget_type=\"text-editor.default\">\n\t\t\t\t<div class=\"elementor-widget-container\">\n\t\t\t\t\t\t\t\t\t<h2 style=\"text-align: center;\"><span style=\"color: #ffffff;\"><strong data-start=\"0\" data-end=\"18\">NOUS SOMMES&#8230;<\/strong><\/span><\/h2><p>Issus de g\u00e9n\u00e9rations de g\u00e9ologues, nous savons ce que signifie la v\u00e9ritable qualit\u00e9. Nous voyageons, nous s\u00e9lectionnons, nous fa\u00e7onnons \u2014 alliant savoir-faire artisanal et design qui refuse de se fondre dans la masse. Chaque pi\u00e8ce est fonctionnelle, durable, luxueuse et absolument inimitable.<\/p><p style=\"text-align: center;\">Nous croyons en la force de la pierre et en l\u2019individualit\u00e9 de chaque foyer. En des mat\u00e9riaux qui traversent le temps, en un artisanat qui a du sens, et en des cr\u00e9ations qui suscitent une connexion d\u00e8s qu\u2019elles prennent place dans un espace.<\/p>\t\t\t\t\t\t\t\t<\/div>\n\t\t\t\t<\/div>\n\t\t\t\t\t<\/div>\n\t\t\t\t<\/div>\n\t\t\t\t<\/div>\n\t\t<div class=\"elementor-element elementor-element-4b31f50 e-con-full e-flex e-con e-parent\" data-id=\"4b31f50\" data-element_type=\"container\" data-e-type=\"container\" data-settings=\"{&quot;background_background&quot;:&quot;classic&quot;}\">\n\t\t<div class=\"elementor-element elementor-element-419a8b0 e-grid e-con-boxed e-con e-child\" data-id=\"419a8b0\" data-element_type=\"container\" data-e-type=\"container\">\n\t\t\t\t\t<div class=\"e-con-inner\">\n\t\t\t\t<div class=\"elementor-element elementor-element-b31adf7 animated-slow elementor-invisible elementor-widget elementor-widget-text-editor\" data-id=\"b31adf7\" data-element_type=\"widget\" data-e-type=\"widget\" data-settings=\"{&quot;_animation&quot;:&quot;fadeInUp&quot;}\" data-widget_type=\"text-editor.default\">\n\t\t\t\t<div class=\"elementor-widget-container\">\n\t\t\t\t\t\t\t\t\t<h2 style=\"text-align: center;\"><strong>NOTRE ESSENCE&#8230;<\/strong><\/h2><p>\u00a0<\/p><p style=\"text-align: center;\">Nous cr\u00e9ons avec passion pour que vos int\u00e9rieurs transmettent confiance, caract\u00e8re et pure distinction. Chaque pierre est choisie avec intention, chaque design con\u00e7u pour se d\u00e9marquer.<\/p>\t\t\t\t\t\t\t\t<\/div>\n\t\t\t\t<\/div>\n\t\t\t\t<div class=\"elementor-element elementor-element-aca7914 elementor-widget elementor-widget-image\" data-id=\"aca7914\" data-element_type=\"widget\" data-e-type=\"widget\" data-widget_type=\"image.default\">\n\t\t\t\t<div class=\"elementor-widget-container\">\n\t\t\t\t\t\t\t\t\t\t\t\t\t\t\t<img loading=\"lazy\" decoding=\"async\" width=\"1024\" height=\"1024\" src=\"https:\/\/forzini.com\/wp-content\/uploads\/2025\/12\/Forzini-company-1024x1024.jpg\" class=\"attachment-large size-large wp-image-22038\" alt=\"\" srcset=\"https:\/\/forzini.com\/wp-content\/uploads\/2025\/12\/Forzini-company-1024x1024.jpg 1024w, https:\/\/forzini.com\/wp-content\/uploads\/2025\/12\/Forzini-company-300x300.jpg 300w, https:\/\/forzini.com\/wp-content\/uploads\/2025\/12\/Forzini-company-150x150.jpg 150w, https:\/\/forzini.com\/wp-content\/uploads\/2025\/12\/Forzini-company-768x768.jpg 768w, https:\/\/forzini.com\/wp-content\/uploads\/2025\/12\/Forzini-company-500x500.jpg 500w, https:\/\/forzini.com\/wp-content\/uploads\/2025\/12\/Forzini-company-600x600.jpg 600w, https:\/\/forzini.com\/wp-content\/uploads\/2025\/12\/Forzini-company-100x100.jpg 100w, https:\/\/forzini.com\/wp-content\/uploads\/2025\/12\/Forzini-company.jpg 1080w\" sizes=\"auto, (max-width: 1024px) 100vw, 1024px\" \/>\t\t\t\t\t\t\t\t\t\t\t\t\t\t\t<\/div>\n\t\t\t\t<\/div>\n\t\t\t\t\t<\/div>\n\t\t\t\t<\/div>\n\t\t\t\t<\/div>\n\t\t\t\t<\/div>\n\t\t","protected":false},"excerpt":{"rendered":"<p>A PROPOS\u00a0 Notre histoire commence dans la terre \u2014 pas dans les tendances. La nature donne le rythme ; nous sculptons le chef-d\u2019\u0153uvre. \u00a0 NOUS SOMMES&#8230; Issus de g\u00e9n\u00e9rations de g\u00e9ologues, nous savons ce que signifie la v\u00e9ritable qualit\u00e9. Nous voyageons, nous s\u00e9lectionnons, nous fa\u00e7onnons \u2014 alliant savoir-faire artisanal et design qui refuse de se [&hellip;]<\/p>\n","protected":false},"author":4,"featured_media":0,"parent":0,"menu_order":0,"comment_status":"closed","ping_status":"closed","template":"elementor_header_footer","meta":{"_acf_changed":false,"_joinchat":[],"footnotes":""},"class_list":["post-9294","page","type-page","status-publish","hentry"],"acf":[],"_links":{"self":[{"href":"https:\/\/forzini.com\/fr\/wp-json\/wp\/v2\/pages\/9294","targetHints":{"allow":["GET"]}}],"collection":[{"href":"https:\/\/forzini.com\/fr\/wp-json\/wp\/v2\/pages"}],"about":[{"href":"https:\/\/forzini.com\/fr\/wp-json\/wp\/v2\/types\/page"}],"author":[{"embeddable":true,"href":"https:\/\/forzini.com\/fr\/wp-json\/wp\/v2\/users\/4"}],"replies":[{"embeddable":true,"href":"https:\/\/forzini.com\/fr\/wp-json\/wp\/v2\/comments?post=9294"}],"version-history":[{"count":0,"href":"https:\/\/forzini.com\/fr\/wp-json\/wp\/v2\/pages\/9294\/revisions"}],"wp:attachment":[{"href":"https:\/\/forzini.com\/fr\/wp-json\/wp\/v2\/media?parent=9294"}],"curies":[{"name":"wp","href":"https:\/\/api.w.org\/{rel}","templated":true}]}}