{"id":9290,"date":"2024-03-14T11:26:26","date_gmt":"2024-03-14T10:26:26","guid":{"rendered":"https:\/\/forzini.com\/politica-de-cookies\/"},"modified":"2025-02-16T19:13:07","modified_gmt":"2025-02-16T18:13:07","slug":"politique-de-cookies","status":"publish","type":"page","link":"https:\/\/forzini.com\/fr\/politique-de-cookies\/","title":{"rendered":"Politique de cookies"},"content":{"rendered":"<p><strong>Politique de cookies<\/strong><\/p>\n<p>Dans ce document, les utilisateurs de <a href=\"https:\/\/forzini.com\">https:\/\/forzini.com<\/a> (ci-apr\u00e8s, le \u00ab\u00a0site web\u00a0\u00bb) trouvent des informations sur les cookies utilis\u00e9s, en conformit\u00e9 avec la Directive 2009\/136\/CE, d\u00e9velopp\u00e9e dans notre l\u00e9gislation par le paragraphe deux de l&rsquo;article 22 de la Loi sur les Services de la Soci\u00e9t\u00e9 de l&rsquo;Information, en suivant les directives de l&rsquo;Agence Espagnole de Protection des Donn\u00e9es.<\/p>\n<h3>Qu&rsquo;est-ce que les cookies ?<\/h3>\n<p>Les cookies sont de petites cha\u00eenes de texte qu&rsquo;un site web visit\u00e9 par un utilisateur envoie \u00e0 son terminal (g\u00e9n\u00e9ralement au navigateur web), o\u00f9 elles sont stock\u00e9es pour \u00eatre renvoy\u00e9es \u00e0 ce m\u00eame site lors de prochaines visites. Pendant la navigation, l&rsquo;utilisateur peut \u00e9galement recevoir sur son terminal des cookies envoy\u00e9es par diff\u00e9rents sites ou serveurs web (\u00ab\u00a0cookies tiers\u00a0\u00bb), contenant divers \u00e9l\u00e9ments (tels que des images, des cartes, des sons, des liens sp\u00e9cifiques \u00e0 d&rsquo;autres domaines) int\u00e9gr\u00e9s sur le site consult\u00e9.<\/p>\n<p>G\u00e9n\u00e9ralement, les navigateurs des utilisateurs contiennent un grand nombre de cookies, qui peuvent persister pendant un certain temps et sont utilis\u00e9s \u00e0 diff\u00e9rentes fins : connexion, suivi de session, stockage d&rsquo;informations sur les pr\u00e9f\u00e9rences des utilisateurs acc\u00e9dant au serveur.<\/p>\n<p>Les cookies se distinguent en fonction de leur finalit\u00e9. Sur cette base, elles peuvent \u00eatre class\u00e9es en deux cat\u00e9gories : cookies techniques et cookies de profilage.<\/p>\n<h3>Cookies techniques<\/h3>\n<p>Les cookies techniques sont utilis\u00e9es uniquement pour assurer la communication \u00e0 travers un r\u00e9seau de communication \u00e9lectronique, ou dans la mesure strictement n\u00e9cessaire \u00e0 la fourniture d&rsquo;un service demand\u00e9 par un utilisateur. Elles sont g\u00e9n\u00e9ralement install\u00e9es par l&rsquo;\u00e9diteur ou le gestionnaire du site web.<\/p>\n<h3>Cookies de profilage<\/h3>\n<p>Les cookies de profilage ont pour but de cr\u00e9er des profils utilisateurs et sont utilis\u00e9es pour envoyer des messages publicitaires adapt\u00e9s aux pr\u00e9f\u00e9rences d\u00e9montr\u00e9es par l&rsquo;utilisateur lors de sa navigation sur Internet.<\/p>\n<h3>Cookies tiers<\/h3>\n<p>Les cookies peuvent \u00eatre install\u00e9es sur le terminal de l&rsquo;utilisateur non seulement par le gestionnaire du site web visit\u00e9, mais aussi par des gestionnaires d&rsquo;autres sites web via le premier site visit\u00e9 (\u00ab\u00a0cookies tiers\u00a0\u00bb).<\/p>\n<h3>Types de cookies utilis\u00e9es par le site web<\/h3>\n<h4>Cookies techniques<\/h4>\n<p>Le site web utilise des cookies techniques permettant de reconna\u00eetre les utilisateurs revenant sur le site et leurs donn\u00e9es, afin qu&rsquo;ils n&rsquo;aient pas \u00e0 saisir plusieurs fois les m\u00eames informations.<\/p>\n<p>Aucune autorisation pr\u00e9alable de l&rsquo;utilisateur n&rsquo;est requise pour installer et utiliser ces cookies.<\/p>\n<p><strong>Cookies de navigation ou de session<\/strong><br \/>\nCes cookies permettent la navigation et l&rsquo;utilisation normale du site web (ex. : r\u00e9aliser un achat ou acc\u00e9der \u00e0 des zones restreintes). Elles sont essentielles pour une utilisation optimale du site.<\/p>\n<p>Bien que les cookies techniques ne requi\u00e8rent pas le consentement de l&rsquo;utilisateur, elles peuvent \u00eatre g\u00e9r\u00e9es via les param\u00e8tres du navigateur (voir section \u00ab\u00a0Gestion des param\u00e8tres des cookies\u00a0\u00bb). Toutefois, leur suppression pourrait affecter le bon fonctionnement du site.<\/p>\n<p><strong>Cookies analytiques<\/strong><br \/>\nCes cookies permettent d&rsquo;obtenir des informations statistiques sur le nombre d&rsquo;utilisateurs naviguant sur le site et leurs m\u00e9thodes de navigation. Ces informations sont trait\u00e9es de mani\u00e8re agr\u00e9g\u00e9e et anonyme.<\/p>\n<h3>Cookies publicitaires utilis\u00e9es sur des sites partenaires<\/h3>\n<p>Le site web fait de la publicit\u00e9 sur des sites tiers. Des cookies sont utilis\u00e9es pour contr\u00f4ler la fr\u00e9quence d&rsquo;affichage d&rsquo;une annonce, afin d&rsquo;\u00e9viter de la montrer trop souvent. Aucune donn\u00e9e personnelle n&rsquo;est collect\u00e9e par ces cookies.<\/p>\n<h3>Cookies tiers<\/h3>\n<p>Le site web installe une s\u00e9rie de cookies tiers, mais ne peut pas les contr\u00f4ler directement. Les utilisateurs peuvent les g\u00e9rer via les param\u00e8tres de leur navigateur ou via les liens fournis par les tiers mentionn\u00e9s dans le tableau ci-dessous.<\/p>\n<table>\n<thead>\n<tr>\n<th>Cookies tiers<\/th>\n<th>Type<\/th>\n<th>Plus d&rsquo;informations \/ D\u00e9sactivation<\/th>\n<\/tr>\n<\/thead>\n<tbody>\n<tr>\n<td><strong>Meta (Facebook &#8211; Instagram)<\/strong><\/td>\n<td>Publicit\u00e9 cibl\u00e9e<\/td>\n<td><a href=\"http:\/\/www.facebook.com\/about\/privacy\/\" target=\"_blank\" rel=\"noopener\">Politique de confidentialit\u00e9<\/a><\/td>\n<\/tr>\n<tr>\n<td><strong>Google (AdWords Remarketing)<\/strong><\/td>\n<td>Publicit\u00e9 cibl\u00e9e<\/td>\n<td><a href=\"https:\/\/www.google.com\/settings\/u\/0\/ads\/authenticated?hl=fr\" target=\"_blank\" rel=\"noopener\">D\u00e9sactivation<\/a><\/td>\n<\/tr>\n<tr>\n<td><strong>Google (Google Analytics)<\/strong><\/td>\n<td>Analytiques<\/td>\n<td><a href=\"https:\/\/tools.google.com\/dlpage\/gaoptout\" target=\"_blank\" rel=\"noopener\">D\u00e9sactivation<\/a><\/td>\n<\/tr>\n<tr>\n<td><strong>LinkedIn<\/strong><\/td>\n<td>Analytiques<\/td>\n<td><a href=\"https:\/\/www.linkedin.com\/psettings\/guest-controls\/retargeting-opt-out\" target=\"_blank\" rel=\"noopener\">D\u00e9sactivation<\/a><\/td>\n<\/tr>\n<\/tbody>\n<\/table>\n<h3>Gestion des param\u00e8tres des cookies<\/h3>\n<p>Les utilisateurs peuvent supprimer certaines ou toutes les cookies utilis\u00e9es par le site web en modifiant les param\u00e8tres de leur navigateur. La d\u00e9sactivation des cookies techniques peut entra\u00eener un dysfonctionnement du site.<\/p>\n<p>Pour g\u00e9rer les cookies dans les navigateurs principaux :<\/p>\n<ul>\n<li><strong>Internet Explorer<\/strong> : <a href=\"http:\/\/windows.microsoft.com\/en-us\/windows7\/block-enable-or-allow-cookies\" target=\"_blank\" rel=\"noopener\">Instructions<\/a><\/li>\n<li><strong>Safari<\/strong> : <a href=\"https:\/\/support.apple.com\/kb\/PH19255?viewlocale=en_US&amp;locale=fr_FR\" target=\"_blank\" rel=\"noopener\">Instructions<\/a><\/li>\n<li><strong>Chrome<\/strong> : <a href=\"https:\/\/support.google.com\/chrome\/answer\/95647?hl=fr\" target=\"_blank\" rel=\"noopener\">Instructions<\/a><\/li>\n<li><strong>Firefox<\/strong> : <a href=\"https:\/\/support.mozilla.org\/fr\/kb\/activer-desactiver-cookies\" target=\"_blank\" rel=\"noopener\">Instructions<\/a><\/li>\n<\/ul>\n<p>Pour g\u00e9rer les cookies tiers, consultez <a href=\"http:\/\/www.youronlinechoices.com\" target=\"_blank\" rel=\"noopener\">www.youronlinechoices.com<\/a>.<\/p>\n","protected":false},"excerpt":{"rendered":"<p>Politique de cookies Dans ce document, les utilisateurs de https:\/\/forzini.com (ci-apr\u00e8s, le \u00ab\u00a0site web\u00a0\u00bb) trouvent des informations sur les cookies utilis\u00e9s, en conformit\u00e9 avec la Directive 2009\/136\/CE, d\u00e9velopp\u00e9e dans notre l\u00e9gislation par le paragraphe deux de l&rsquo;article 22 de la Loi sur les Services de la Soci\u00e9t\u00e9 de l&rsquo;Information, en suivant les directives de l&rsquo;Agence [&hellip;]<\/p>\n","protected":false},"author":4,"featured_media":0,"parent":0,"menu_order":0,"comment_status":"closed","ping_status":"closed","template":"","meta":{"_acf_changed":false,"_joinchat":[],"footnotes":""},"class_list":["post-9290","page","type-page","status-publish","hentry"],"acf":[],"_links":{"self":[{"href":"https:\/\/forzini.com\/fr\/wp-json\/wp\/v2\/pages\/9290","targetHints":{"allow":["GET"]}}],"collection":[{"href":"https:\/\/forzini.com\/fr\/wp-json\/wp\/v2\/pages"}],"about":[{"href":"https:\/\/forzini.com\/fr\/wp-json\/wp\/v2\/types\/page"}],"author":[{"embeddable":true,"href":"https:\/\/forzini.com\/fr\/wp-json\/wp\/v2\/users\/4"}],"replies":[{"embeddable":true,"href":"https:\/\/forzini.com\/fr\/wp-json\/wp\/v2\/comments?post=9290"}],"version-history":[{"count":0,"href":"https:\/\/forzini.com\/fr\/wp-json\/wp\/v2\/pages\/9290\/revisions"}],"wp:attachment":[{"href":"https:\/\/forzini.com\/fr\/wp-json\/wp\/v2\/media?parent=9290"}],"curies":[{"name":"wp","href":"https:\/\/api.w.org\/{rel}","templated":true}]}}