{"id":9281,"date":"2024-02-13T14:08:19","date_gmt":"2024-02-13T13:08:19","guid":{"rendered":"https:\/\/forzini.com\/cuidado-y-caracteristicas\/"},"modified":"2025-02-16T18:59:35","modified_gmt":"2025-02-16T17:59:35","slug":"entretien-et-caracteristiques","status":"publish","type":"page","link":"https:\/\/forzini.com\/fr\/entretien-et-caracteristiques\/","title":{"rendered":"Entretien et caract\u00e9ristiques"},"content":{"rendered":"\t\t<div data-elementor-type=\"wp-page\" data-elementor-id=\"9281\" class=\"elementor elementor-9281 elementor-254\">\n\t\t\t\t<div class=\"elementor-element elementor-element-2095ab91 e-flex e-con-boxed e-con e-parent\" data-id=\"2095ab91\" data-element_type=\"container\" data-e-type=\"container\" data-settings=\"{&quot;background_background&quot;:&quot;classic&quot;}\">\n\t\t\t\t\t<div class=\"e-con-inner\">\n\t\t\t\t<div class=\"elementor-element elementor-element-3ff3c801 elementor-align-center elementor-invisible elementor-widget elementor-widget-raven-heading\" data-id=\"3ff3c801\" data-element_type=\"widget\" data-e-type=\"widget\" data-settings=\"{&quot;_animation&quot;:&quot;fadeInUp&quot;}\" data-widget_type=\"raven-heading.default\">\n\t\t\t\t<div class=\"elementor-widget-container\">\n\t\t\t\t\t\t\t<div class=\"raven-widget-wrapper\"><h1 class=\"raven-heading raven-heading-h1\"><span class=\"raven-heading-title \">Entretien du produit<\/span><\/h1><\/div>\n\t\t\t\t\t\t<\/div>\n\t\t\t\t<\/div>\n\t\t\t\t<div class=\"elementor-element elementor-element-10e1255f animated-slow elementor-invisible elementor-widget elementor-widget-text-editor\" data-id=\"10e1255f\" data-element_type=\"widget\" data-e-type=\"widget\" data-settings=\"{&quot;_animation&quot;:&quot;fadeIn&quot;}\" data-widget_type=\"text-editor.default\">\n\t\t\t\t<div class=\"elementor-widget-container\">\n\t\t\t\t\t\t\t\t\t<h1 class=\"p1\">Suivez nos conseils pour l&rsquo;entretien des produits<\/h1>\t\t\t\t\t\t\t\t<\/div>\n\t\t\t\t<\/div>\n\t\t\t\t\t<\/div>\n\t\t\t\t<\/div>\n\t\t<div class=\"elementor-element elementor-element-72678fb e-flex e-con-boxed e-con e-parent\" data-id=\"72678fb\" data-element_type=\"container\" data-e-type=\"container\" data-settings=\"{&quot;background_background&quot;:&quot;classic&quot;}\">\n\t\t\t\t\t<div class=\"e-con-inner\">\n\t\t<div class=\"elementor-element elementor-element-e3522a9 e-con-full e-flex e-con e-child\" data-id=\"e3522a9\" data-element_type=\"container\" data-e-type=\"container\">\n\t\t\t\t<div class=\"elementor-element elementor-element-2f2a346 elementor-align-center animated-slow elementor-invisible elementor-widget elementor-widget-raven-heading\" data-id=\"2f2a346\" data-element_type=\"widget\" data-e-type=\"widget\" data-settings=\"{&quot;_animation&quot;:&quot;fadeInUp&quot;}\" data-widget_type=\"raven-heading.default\">\n\t\t\t\t<div class=\"elementor-widget-container\">\n\t\t\t\t\t\t\t<div class=\"raven-widget-wrapper\"><h1 class=\"raven-heading raven-heading-h1\"><span class=\"raven-heading-title \">lavabos<\/span><\/h1><\/div>\n\t\t\t\t\t\t<\/div>\n\t\t\t\t<\/div>\n\t\t\t\t<\/div>\n\t\t<div class=\"elementor-element elementor-element-3686975 e-con-full e-flex e-con e-child\" data-id=\"3686975\" data-element_type=\"container\" data-e-type=\"container\">\n\t\t\t\t<div class=\"elementor-element elementor-element-2b13b12 elementor-widget elementor-widget-text-editor\" data-id=\"2b13b12\" data-element_type=\"widget\" data-e-type=\"widget\" data-widget_type=\"text-editor.default\">\n\t\t\t\t<div class=\"elementor-widget-container\">\n\t\t\t\t\t\t\t\t\t<p data-start=\"0\" data-end=\"299\">Pour pr\u00e9server la beaut\u00e9 de votre lavabo en pierre naturelle, il est recommand\u00e9 de nettoyer la surface avec un chiffon doux ou une brosse en nylon humidifi\u00e9e avec un liquide vaisselle au pH neutre (en s\u2019assurant qu\u2019il ne soit pas citronn\u00e9) ou d\u2019utiliser un savon sp\u00e9cialement con\u00e7u pour la pierre.<\/p><p data-start=\"301\" data-end=\"986\">Apr\u00e8s le nettoyage, rincez soigneusement les r\u00e9sidus de savon et s\u00e9chez le lavabo avec un chiffon doux et propre. Pour les taches les plus tenaces, vous pouvez utiliser un savon non abrasif sp\u00e9cialement formul\u00e9 pour la pierre naturelle ou opter pour un nettoyant professionnel disponible dans votre magasin de carrelage local. Il est essentiel d\u2019\u00e9viter les produits chimiques agressifs tels que l\u2019eau de Javel, les alcalis, l\u2019ammoniaque, le vinaigre, l\u2019alcool, les acides abrasifs ou toute autre substance corrosive. De m\u00eame, il est d\u00e9conseill\u00e9 de nettoyer le lavabo avec des \u00e9ponges, des tampons \u00e0 r\u00e9curer m\u00e9talliques, des brosses ou des chiffons abrasifs afin d\u2019\u00e9viter les rayures.<\/p><p data-start=\"988\" data-end=\"1208\">Pour prot\u00e9ger la surface et pr\u00e9venir l\u2019apparition de taches, il est recommand\u00e9 d\u2019appliquer un traitement hydrofuge sp\u00e9cial pour pierre une fois par an, disponible dans votre quincaillerie ou magasin de carrelage local.<\/p><p data-start=\"1210\" data-end=\"1401\" data-is-last-node=\"\">Un nettoyage et un entretien r\u00e9guliers et appropri\u00e9s garantiront l\u2019\u00e9clat durable de votre lavabo en pierre naturelle, con\u00e7u sp\u00e9cialement pour apporter une touche d\u2019harmonie \u00e0 votre int\u00e9rieur.<\/p>\t\t\t\t\t\t\t\t<\/div>\n\t\t\t\t<\/div>\n\t\t\t\t<\/div>\n\t\t\t\t\t<\/div>\n\t\t\t\t<\/div>\n\t\t<div class=\"elementor-element elementor-element-537e2f1 e-flex e-con-boxed e-con e-parent\" data-id=\"537e2f1\" data-element_type=\"container\" data-e-type=\"container\" data-settings=\"{&quot;background_background&quot;:&quot;classic&quot;}\">\n\t\t\t\t\t<div class=\"e-con-inner\">\n\t\t<div class=\"elementor-element elementor-element-d958b84 e-con-full e-flex e-con e-child\" data-id=\"d958b84\" data-element_type=\"container\" data-e-type=\"container\">\n\t\t\t\t<div class=\"elementor-element elementor-element-c180a4d elementor-align-center animated-slow elementor-invisible elementor-widget elementor-widget-raven-heading\" data-id=\"c180a4d\" data-element_type=\"widget\" data-e-type=\"widget\" data-settings=\"{&quot;_animation&quot;:&quot;fadeInUp&quot;}\" data-widget_type=\"raven-heading.default\">\n\t\t\t\t<div class=\"elementor-widget-container\">\n\t\t\t\t\t\t\t<div class=\"raven-widget-wrapper\"><h1 class=\"raven-heading raven-heading-h1\"><span class=\"raven-heading-title \">tableaux<\/span><\/h1><\/div>\n\t\t\t\t\t\t<\/div>\n\t\t\t\t<\/div>\n\t\t\t\t<\/div>\n\t\t<div class=\"elementor-element elementor-element-0db4d61 e-con-full e-flex e-con e-child\" data-id=\"0db4d61\" data-element_type=\"container\" data-e-type=\"container\" data-settings=\"{&quot;background_background&quot;:&quot;classic&quot;}\">\n\t\t\t\t<div class=\"elementor-element elementor-element-c91e7b5 elementor-widget elementor-widget-text-editor\" data-id=\"c91e7b5\" data-element_type=\"widget\" data-e-type=\"widget\" data-widget_type=\"text-editor.default\">\n\t\t\t\t<div class=\"elementor-widget-container\">\n\t\t\t\t\t\t\t\t\t<p data-start=\"0\" data-end=\"350\">Le marbre naturel est un mat\u00e9riau intemporel, et chacune de nos pi\u00e8ces est fabriqu\u00e9e \u00e0 la main. Chaque table est unique et n\u00e9cessite des soins sp\u00e9cifiques afin de continuer \u00e0 sublimer son environnement, d\u2019en profiter pleinement et de la transmettre de g\u00e9n\u00e9ration en g\u00e9n\u00e9ration. Nous comptons sur vous pour pr\u00e9server la singularit\u00e9 de nos cr\u00e9ations.<\/p><p data-start=\"352\" data-end=\"1027\">Toutes les pierres naturelles poss\u00e8dent leurs propres caract\u00e9ristiques, avec leurs atouts et leurs fragilit\u00e9s. Bien que notre marbre soit trait\u00e9 avec un scellant sp\u00e9cial qui prot\u00e8ge sa surface dans une certaine mesure, il doit \u00eatre renouvel\u00e9 tous les 8 \u00e0 12 mois. Cependant, il est important de rappeler que, par nature, le marbre est sensible aux substances acides ou aigres provenant d\u2019aliments et de boissons (caf\u00e9, eau, alcool, boissons gazeuses, sauces, produits chimiques, parfums, etc.), qui peuvent laisser des taches en surface si elles ne sont pas imm\u00e9diatement nettoy\u00e9es. M\u00eame l\u2019eau peut s\u2019infiltrer dans les pores de la pierre et provoquer des zones d\u00e9color\u00e9es.<\/p><p data-start=\"1029\" data-end=\"1336\">Nous vous recommandons de nettoyer imm\u00e9diatement la surface avec un chiffon sec ou un papier absorbant. Ne frottez pas et ne grattez pas la surface, car cela pourrait laisser des marques ind\u00e9sirables. Utilisez des sous-verres, des sets de table et d\u2019autres protections pour \u00e9viter l\u2019apparition de rayures.<\/p><p data-start=\"1338\" data-end=\"1682\">Pour l\u2019entretien quotidien, nettoyez r\u00e9guli\u00e8rement la pierre avec un chiffon doux en microfibre. Si n\u00e9cessaire, vous pouvez \u00e9galement utiliser de l\u2019eau ti\u00e8de avec une petite quantit\u00e9 de d\u00e9tergent liquide au pH neutre ou une solution nettoyante sp\u00e9cialement con\u00e7ue pour les pierres naturelles, disponible dans votre magasin de carrelage local.<\/p><p data-start=\"1684\" data-end=\"2114\">Nous recommandons d\u2019utiliser un savon sp\u00e9cial pour pierres naturelles afin de traiter les taches tenaces. N\u2019utilisez pas de produits chimiques ou de substances contenant de l\u2019eau de Javel, des alcalis, de l\u2019ammoniaque, du vinaigre, de l\u2019alcool, des acides abrasifs ou toute autre substance corrosive. \u00c9vitez \u00e9galement de rayer la surface avec des \u00e9ponges, des tampons \u00e0 r\u00e9curer m\u00e9talliques, des brosses ou des chiffons abrasifs.<\/p><p data-start=\"2116\" data-end=\"2311\" data-is-last-node=\"\">Un nettoyage et un entretien r\u00e9guliers et adapt\u00e9s garantiront l\u2019\u00e9l\u00e9gance durable de votre table en pierre naturelle, sp\u00e9cialement con\u00e7ue pour apporter une touche de raffinement \u00e0 votre int\u00e9rieur.<\/p>\t\t\t\t\t\t\t\t<\/div>\n\t\t\t\t<\/div>\n\t\t\t\t<\/div>\n\t\t\t\t\t<\/div>\n\t\t\t\t<\/div>\n\t\t<div class=\"elementor-element elementor-element-0119d88 e-flex e-con-boxed e-con e-parent\" data-id=\"0119d88\" data-element_type=\"container\" data-e-type=\"container\" data-settings=\"{&quot;background_background&quot;:&quot;classic&quot;}\">\n\t\t\t\t\t<div class=\"e-con-inner\">\n\t\t<div class=\"elementor-element elementor-element-a7ce453 e-con-full e-flex e-con e-child\" data-id=\"a7ce453\" data-element_type=\"container\" data-e-type=\"container\">\n\t\t\t\t<div class=\"elementor-element elementor-element-67e1c7d elementor-align-center animated-slow elementor-invisible elementor-widget elementor-widget-raven-heading\" data-id=\"67e1c7d\" data-element_type=\"widget\" data-e-type=\"widget\" data-settings=\"{&quot;_animation&quot;:&quot;fadeInUp&quot;}\" data-widget_type=\"raven-heading.default\">\n\t\t\t\t<div class=\"elementor-widget-container\">\n\t\t\t\t\t\t\t<div class=\"raven-widget-wrapper\"><h1 class=\"raven-heading raven-heading-h1\"><span class=\"raven-heading-title \">ACCESSOIRES<\/span><\/h1><\/div>\n\t\t\t\t\t\t<\/div>\n\t\t\t\t<\/div>\n\t\t\t\t<\/div>\n\t\t<div class=\"elementor-element elementor-element-86c2a42 e-con-full e-flex e-con e-child\" data-id=\"86c2a42\" data-element_type=\"container\" data-e-type=\"container\">\n\t\t\t\t<div class=\"elementor-element elementor-element-22d7922 elementor-widget elementor-widget-text-editor\" data-id=\"22d7922\" data-element_type=\"widget\" data-e-type=\"widget\" data-widget_type=\"text-editor.default\">\n\t\t\t\t<div class=\"elementor-widget-container\">\n\t\t\t\t\t\t\t\t\t<p data-start=\"0\" data-end=\"330\">Pour nettoyer des objets d\u00e9coratifs en pierre naturelle, nous recommandons d\u2019utiliser un chiffon doux ou une brosse en nylon imbib\u00e9e de liquide vaisselle au pH neutre ou d\u2019une solution nettoyante sp\u00e9cialement con\u00e7ue pour les pierres naturelles. Rincez soigneusement les r\u00e9sidus de savon et s\u00e9chez avec un chiffon propre et doux.<\/p><p data-start=\"332\" data-end=\"886\">Pour traiter les taches difficiles ou persistantes, nous conseillons d\u2019utiliser un savon sp\u00e9cial non abrasif pour pierre naturelle ou un nettoyant professionnel que vous pouvez vous procurer dans un magasin de carrelage. Veuillez ne pas utiliser de produits chimiques ni de substances contenant de l\u2019eau de Javel, des alcalis, de l\u2019ammoniaque, du vinaigre, de l\u2019alcool, des acides abrasifs ou tout autre agent corrosif. \u00c9vitez \u00e9galement de rayer les accessoires avec des \u00e9ponges, des tampons \u00e0 r\u00e9curer m\u00e9talliques, des brosses ou des chiffons abrasifs.<\/p><p data-start=\"888\" data-end=\"1100\">Veuillez manipuler les objets avec pr\u00e9caution lorsqu\u2019ils sont mouill\u00e9s, car ils peuvent \u00eatre glissants et risquent de s\u2019endommager en cas de chute. Nous recommandons de bien s\u00e9cher l\u2019objet avant de le soulever.<\/p><p data-start=\"1102\" data-end=\"1346\" data-is-last-node=\"\">Un nettoyage r\u00e9gulier et adapt\u00e9 vous permettra de profiter longtemps de vos magnifiques accessoires en pierre naturelle. Ils ont \u00e9t\u00e9 sp\u00e9cialement con\u00e7us pour accentuer le style de votre int\u00e9rieur et apporter une touche distinctive et exclusive.<\/p>\t\t\t\t\t\t\t\t<\/div>\n\t\t\t\t<\/div>\n\t\t\t\t<\/div>\n\t\t\t\t\t<\/div>\n\t\t\t\t<\/div>\n\t\t\t\t<\/div>\n\t\t","protected":false},"excerpt":{"rendered":"<p>Entretien du produit Suivez nos conseils pour l&rsquo;entretien des produits lavabos Pour pr\u00e9server la beaut\u00e9 de votre lavabo en pierre naturelle, il est recommand\u00e9 de nettoyer la surface avec un chiffon doux ou une brosse en nylon humidifi\u00e9e avec un liquide vaisselle au pH neutre (en s\u2019assurant qu\u2019il ne soit pas citronn\u00e9) ou d\u2019utiliser un [&hellip;]<\/p>\n","protected":false},"author":4,"featured_media":0,"parent":0,"menu_order":0,"comment_status":"closed","ping_status":"closed","template":"full-width.php","meta":{"_acf_changed":false,"_joinchat":[],"footnotes":""},"class_list":["post-9281","page","type-page","status-publish","hentry"],"acf":[],"_links":{"self":[{"href":"https:\/\/forzini.com\/fr\/wp-json\/wp\/v2\/pages\/9281","targetHints":{"allow":["GET"]}}],"collection":[{"href":"https:\/\/forzini.com\/fr\/wp-json\/wp\/v2\/pages"}],"about":[{"href":"https:\/\/forzini.com\/fr\/wp-json\/wp\/v2\/types\/page"}],"author":[{"embeddable":true,"href":"https:\/\/forzini.com\/fr\/wp-json\/wp\/v2\/users\/4"}],"replies":[{"embeddable":true,"href":"https:\/\/forzini.com\/fr\/wp-json\/wp\/v2\/comments?post=9281"}],"version-history":[{"count":0,"href":"https:\/\/forzini.com\/fr\/wp-json\/wp\/v2\/pages\/9281\/revisions"}],"wp:attachment":[{"href":"https:\/\/forzini.com\/fr\/wp-json\/wp\/v2\/media?parent=9281"}],"curies":[{"name":"wp","href":"https:\/\/api.w.org\/{rel}","templated":true}]}}