{"id":9271,"date":"2024-02-12T12:35:03","date_gmt":"2024-02-12T11:35:03","guid":{"rendered":"https:\/\/forzini.com\/contactos\/"},"modified":"2025-12-08T19:04:04","modified_gmt":"2025-12-08T18:04:04","slug":"contacts","status":"publish","type":"page","link":"https:\/\/forzini.com\/fr\/contacts\/","title":{"rendered":"CONTACTS"},"content":{"rendered":"\t\t<div data-elementor-type=\"wp-page\" data-elementor-id=\"9271\" class=\"elementor elementor-9271 elementor-74\">\n\t\t\t\t<div class=\"elementor-element elementor-element-6481c83b e-flex e-con-boxed e-con e-parent\" data-id=\"6481c83b\" data-element_type=\"container\" data-e-type=\"container\" data-settings=\"{&quot;background_background&quot;:&quot;classic&quot;}\">\n\t\t\t\t\t<div class=\"e-con-inner\">\n\t\t<div class=\"elementor-element elementor-element-40388cc3 e-con-full e-flex e-con e-child\" data-id=\"40388cc3\" data-element_type=\"container\" data-e-type=\"container\">\n\t\t\t\t<div class=\"elementor-element elementor-element-2aa5ea6a elementor-align-center animated-slow elementor-invisible elementor-widget elementor-widget-raven-heading\" data-id=\"2aa5ea6a\" data-element_type=\"widget\" data-e-type=\"widget\" data-settings=\"{&quot;_animation&quot;:&quot;fadeInUp&quot;}\" data-widget_type=\"raven-heading.default\">\n\t\t\t\t<div class=\"elementor-widget-container\">\n\t\t\t\t\t\t\t<div class=\"raven-widget-wrapper\"><h1 class=\"raven-heading raven-heading-h1\"><span class=\"raven-heading-title \">CONTACTS<\/span><\/h1><\/div>\n\t\t\t\t\t\t<\/div>\n\t\t\t\t<\/div>\n\t\t\t\t<\/div>\n\t\t<div class=\"elementor-element elementor-element-7230dcbb e-con-full e-flex e-con e-child\" data-id=\"7230dcbb\" data-element_type=\"container\" data-e-type=\"container\">\n\t\t\t\t<div class=\"elementor-element elementor-element-769a7706 elementor-widget elementor-widget-text-editor\" data-id=\"769a7706\" data-element_type=\"widget\" data-e-type=\"widget\" data-widget_type=\"text-editor.default\">\n\t\t\t\t<div class=\"elementor-widget-container\">\n\t\t\t\t\t\t\t\t\t<p>Votre exp\u00e9rience compte autant que nos cr\u00e9ations. FORZINI repose sur la qualit\u00e9, l\u2019honn\u00eatet\u00e9 et des r\u00e9ponses rapides. Contactez-nous \u00e0 tout moment \u2014 nous sommes l\u00e0 pour transformer l\u2019extraordinaire en r\u00e9alit\u00e9.<\/p>\t\t\t\t\t\t\t\t<\/div>\n\t\t\t\t<\/div>\n\t\t\t\t<\/div>\n\t\t\t\t\t<\/div>\n\t\t\t\t<\/div>\n\t\t<div class=\"elementor-element elementor-element-5aa555c e-flex e-con-boxed e-con e-parent\" data-id=\"5aa555c\" data-element_type=\"container\" data-e-type=\"container\" data-settings=\"{&quot;background_background&quot;:&quot;classic&quot;}\">\n\t\t\t\t\t<div class=\"e-con-inner\">\n\t\t<div class=\"elementor-element elementor-element-dc71bb6 e-con-full e-flex e-con e-child\" data-id=\"dc71bb6\" data-element_type=\"container\" data-e-type=\"container\">\n\t\t\t\t<div class=\"elementor-element elementor-element-70203a3 elementor-widget elementor-widget-text-editor\" data-id=\"70203a3\" data-element_type=\"widget\" data-e-type=\"widget\" data-widget_type=\"text-editor.default\">\n\t\t\t\t<div class=\"elementor-widget-container\">\n\t\t\t\t\t\t\t\t\t<p>Email:<\/p><p>Support et informations<\/p><p>info@forzini.com<\/p>\t\t\t\t\t\t\t\t<\/div>\n\t\t\t\t<\/div>\n\t\t\t\t<\/div>\n\t\t<div class=\"elementor-element elementor-element-de8f138 e-con-full e-flex e-con e-child\" data-id=\"de8f138\" data-element_type=\"container\" data-e-type=\"container\">\n\t\t\t\t<div class=\"elementor-element elementor-element-7c735b8 elementor-widget elementor-widget-text-editor\" data-id=\"7c735b8\" data-element_type=\"widget\" data-e-type=\"widget\" data-widget_type=\"text-editor.default\">\n\t\t\t\t<div class=\"elementor-widget-container\">\n\t\t\t\t\t\t\t\t\t<p>T\u00e9l\u00e9phone:<\/p><p>Service Client<\/p><p>+34 613 979 559<\/p>\t\t\t\t\t\t\t\t<\/div>\n\t\t\t\t<\/div>\n\t\t\t\t<\/div>\n\t\t<div class=\"elementor-element elementor-element-d2a90d4 e-con-full e-flex e-con e-child\" data-id=\"d2a90d4\" data-element_type=\"container\" data-e-type=\"container\">\n\t\t\t\t<div class=\"elementor-element elementor-element-f7502a6 elementor-widget elementor-widget-text-editor\" data-id=\"f7502a6\" data-element_type=\"widget\" data-e-type=\"widget\" data-widget_type=\"text-editor.default\">\n\t\t\t\t<div class=\"elementor-widget-container\">\n\t\t\t\t\t\t\t\t\t<p>Nous sommes disponibles par t\u00e9l\u00e9phone de 09.00 \u00e0 21.00 du lundi au samed.<\/p>\t\t\t\t\t\t\t\t<\/div>\n\t\t\t\t<\/div>\n\t\t\t\t<\/div>\n\t\t<div class=\"elementor-element elementor-element-a460bab e-con-full e-flex e-con e-child\" data-id=\"a460bab\" data-element_type=\"container\" data-e-type=\"container\">\n\t\t\t\t<\/div>\n\t\t<div class=\"elementor-element elementor-element-2dac8de e-con-full e-flex e-con e-child\" data-id=\"2dac8de\" data-element_type=\"container\" data-e-type=\"container\">\n\t\t\t\t<\/div>\n\t\t<div class=\"elementor-element elementor-element-7dd3f04 e-con-full e-flex e-con e-child\" data-id=\"7dd3f04\" data-element_type=\"container\" data-e-type=\"container\">\n\t\t\t\t<\/div>\n\t\t\t\t\t<\/div>\n\t\t\t\t<\/div>\n\t\t\t\t<\/div>\n\t\t","protected":false},"excerpt":{"rendered":"<p>CONTACTS Votre exp\u00e9rience compte autant que nos cr\u00e9ations. FORZINI repose sur la qualit\u00e9, l\u2019honn\u00eatet\u00e9 et des r\u00e9ponses rapides. Contactez-nous \u00e0 tout moment \u2014 nous sommes l\u00e0 pour transformer l\u2019extraordinaire en r\u00e9alit\u00e9. Email: Support et informations info@forzini.com T\u00e9l\u00e9phone: Service Client +34 613 979 559 Nous sommes disponibles par t\u00e9l\u00e9phone de 09.00 \u00e0 21.00 du lundi au [&hellip;]<\/p>\n","protected":false},"author":4,"featured_media":0,"parent":0,"menu_order":0,"comment_status":"closed","ping_status":"closed","template":"full-width.php","meta":{"_acf_changed":false,"_joinchat":[],"footnotes":""},"class_list":["post-9271","page","type-page","status-publish","hentry"],"acf":[],"_links":{"self":[{"href":"https:\/\/forzini.com\/fr\/wp-json\/wp\/v2\/pages\/9271","targetHints":{"allow":["GET"]}}],"collection":[{"href":"https:\/\/forzini.com\/fr\/wp-json\/wp\/v2\/pages"}],"about":[{"href":"https:\/\/forzini.com\/fr\/wp-json\/wp\/v2\/types\/page"}],"author":[{"embeddable":true,"href":"https:\/\/forzini.com\/fr\/wp-json\/wp\/v2\/users\/4"}],"replies":[{"embeddable":true,"href":"https:\/\/forzini.com\/fr\/wp-json\/wp\/v2\/comments?post=9271"}],"version-history":[{"count":0,"href":"https:\/\/forzini.com\/fr\/wp-json\/wp\/v2\/pages\/9271\/revisions"}],"wp:attachment":[{"href":"https:\/\/forzini.com\/fr\/wp-json\/wp\/v2\/media?parent=9271"}],"curies":[{"name":"wp","href":"https:\/\/api.w.org\/{rel}","templated":true}]}}