{"id":21810,"date":"2025-12-04T22:59:19","date_gmt":"2025-12-04T21:59:19","guid":{"rendered":"https:\/\/forzini.com\/?post_type=product&#038;p=21810"},"modified":"2025-12-05T13:58:14","modified_gmt":"2025-12-05T12:58:14","slug":"servierplatte-dessert-marbre-rot-mit-fuss","status":"publish","type":"product","link":"https:\/\/forzini.com\/de\/producto\/servierplatte-dessert-marbre-rot-mit-fuss\/","title":{"rendered":"Servierplatte Dessert aus rotem Marmor mit Fu\u00df"},"content":{"rendered":"<h2>Servierplatte Dessert Marmor Rot-Wei\u00df &#8211; Luxuri\u00f6se Kuchenplatte auf Fu\u00df.<\/h2>\n<p>Diese Servierplatte Dessert aus Erdbeer-Marmor mit Fu\u00df ist ein einzigartiges St\u00fcck, das jedem Ambiente Raffinesse und unvergleichlichen Stil verleiht. Das Design kombiniert die imposante St\u00e4rke der Basis aus rotem Marmor mit der zarten Eleganz wei\u00dfer und r\u00f6tlicher T\u00f6ne auf der Plattform und schafft so einen eleganten Kontrast, der jede Umgebung aufwertet.<\/p>\n<p>Die hohe, skulpturale Basis wurde aus seltenem, hochtransluzentem wei\u00dfem Marmor gefertigt, der f\u00fcr seinen nat\u00fcrlichen Glanz und sein charakteristisches, sanftes graues Adermuster gesch\u00e4tzt wird \u2013 subtil an Leopardenhaut erinnernd. Die obere Fl\u00e4che zeigt den unverwechselbaren Charme des Erdbeer-Marmors, dessen sanfte rote Nuancen kunstvoll mit kristallinem Wei\u00df verflochten sind. Diese warme Farbgebung gleicht die nat\u00fcrliche K\u00fchle des Steins aus und verleiht ihm eine zeitlose Eleganz.<\/p>\n<p>Die erh\u00f6hte Basis verwandelt die Platte in eine perfekte Pr\u00e4sentationsplatte. Jede Aderung des Marmors ist einzigartig, sodass Ihr Fr\u00fcchteschale aus Marmor ein exklusives Einzelst\u00fcck bleibt, das die nat\u00fcrliche Geschichte des Materials erz\u00e4hlt. Diese Einzigartigkeit unterstreicht Ihren guten Geschmack und die Wertsch\u00e4tzung edler Materialien.<\/p>\n<p>\u00dcber ihre Funktion hinaus ist diese Dekoplatte ein Designobjekt, das Leidenschaft f\u00fcr Details und hochwertige Verarbeitung vermittelt. Dank des erh\u00f6hten Designs ist sie \u00e4u\u00dferst vielseitig: ideal zum Pr\u00e4sentieren und Servieren von Torten, S\u00fc\u00dfigkeiten oder Snacks bei Feierlichkeiten; perfekt als Fr\u00fcchtepr\u00e4sentation; oder einfach als zeitloser Tischmittelpunkt voller Eleganz.<\/p>\n<p>Wenn Sie ein Element suchen, das Funktionalit\u00e4t mit diskretem Luxus verbindet, ist diese Servierplatte Dessert mit Fu\u00df die ideale Wahl. Ihre massive Marmor-Basis sorgt f\u00fcr makellose Stabilit\u00e4t, w\u00e4hrend die polierte Oberfl\u00e4che leicht zu pflegen ist. Ob im Esszimmer, im Wohnzimmer oder als Highlight bei einem Event \u2013 diese Platte hebt das gemeinsame Erlebnis hervor und verleiht einen Hauch von zeitlosem Luxus. Sie ist zudem ein au\u00dfergew\u00f6hnliches Geschenk f\u00fcr Liebhaber der Innenarchitektur.<\/p>\n<p>&nbsp;<\/p>\n<p><a href=\"https:\/\/forzini.com\/de\/materialien\/\" target=\"_blank\" rel=\"noopener\">Erfahren Sie mehr \u00fcber unsere Kollektion von Marmor und Onyx \u00fcber diesen Link: <\/a><a href=\"https:\/\/forzini.com\/de\/materialien\/\" target=\"_blank\" rel=\"noopener\">Materialien<\/a><\/p>\n","protected":false},"excerpt":{"rendered":"<h1>Servierplatte Dessert Marmor Rot &#8211; Elegante Kuchenplatte auf Fu\u00df.<\/h1>\n<p>Diese Servierplatte Dessert aus rotem und wei\u00dfem Marmor mit Fu\u00df schafft einen einzigartigen und raffinierten Kontrast. Ihr erh\u00f6htes Design verleiht Dynamik und verwandelt jeden Tisch in eine elegante B\u00fchne.<\/p>\n<p>Ideal zum Servieren von Fr\u00fcchten, S\u00fc\u00dfigkeiten oder Torten, eignet sie sich ebenso perfekt als vielseitige Pr\u00e4sentationsplatte oder stilvolles Zentrum f\u00fcr Feierlichkeiten und Zusammenk\u00fcnfte. Jede Platte ist ein Unikat dank der nat\u00fcrlichen Maserung des Marmors \u2013 ein luxuri\u00f6ses Detail, das sich hervorragend als Geschenk oder zur Versch\u00f6nerung des Wohnraums eignet.<\/p>\n<h2><strong>Ma\u00dfe:<\/strong> Durchmesser 25 cm, H\u00f6he 12 cm.<\/h2>\n","protected":false},"featured_media":21762,"comment_status":"closed","ping_status":"closed","template":"","meta":{"_acf_changed":false,"_joinchat":[]},"product_brand":[],"product_cat":[260,381],"product_tag":[264],"class_list":{"0":"post-21810","1":"product","2":"type-product","3":"status-publish","4":"has-post-thumbnail","6":"product_cat-accessoires-de","7":"product_cat-wohnaccessoires","8":"product_tag-marmor","10":"first","11":"instock","12":"sale","13":"featured","14":"shipping-taxable","15":"purchasable","16":"product-type-simple"},"acf":[],"_links":{"self":[{"href":"https:\/\/forzini.com\/de\/wp-json\/wp\/v2\/product\/21810","targetHints":{"allow":["GET"]}}],"collection":[{"href":"https:\/\/forzini.com\/de\/wp-json\/wp\/v2\/product"}],"about":[{"href":"https:\/\/forzini.com\/de\/wp-json\/wp\/v2\/types\/product"}],"replies":[{"embeddable":true,"href":"https:\/\/forzini.com\/de\/wp-json\/wp\/v2\/comments?post=21810"}],"version-history":[{"count":0,"href":"https:\/\/forzini.com\/de\/wp-json\/wp\/v2\/product\/21810\/revisions"}],"wp:featuredmedia":[{"embeddable":true,"href":"https:\/\/forzini.com\/de\/wp-json\/wp\/v2\/media\/21762"}],"wp:attachment":[{"href":"https:\/\/forzini.com\/de\/wp-json\/wp\/v2\/media?parent=21810"}],"wp:term":[{"taxonomy":"product_brand","embeddable":true,"href":"https:\/\/forzini.com\/de\/wp-json\/wp\/v2\/product_brand?post=21810"},{"taxonomy":"product_cat","embeddable":true,"href":"https:\/\/forzini.com\/de\/wp-json\/wp\/v2\/product_cat?post=21810"},{"taxonomy":"product_tag","embeddable":true,"href":"https:\/\/forzini.com\/de\/wp-json\/wp\/v2\/product_tag?post=21810"}],"curies":[{"name":"wp","href":"https:\/\/api.w.org\/{rel}","templated":true}]}}