{"id":21778,"date":"2025-12-04T19:37:06","date_gmt":"2025-12-04T18:37:06","guid":{"rendered":"https:\/\/forzini.com\/?post_type=product&#038;p=21778"},"modified":"2025-12-04T21:48:14","modified_gmt":"2025-12-04T20:48:14","slug":"kuchenstaender-schwarzer-marmor","status":"publish","type":"product","link":"https:\/\/forzini.com\/de\/producto\/kuchenstaender-schwarzer-marmor\/","title":{"rendered":"Dekorativer Kuchenst\u00e4nder schwarzer Marmor"},"content":{"rendered":"<h2><strong>Kuchenst\u00e4nder aus schwarzem Marmor \u2013 Moderner Pr\u00e4sentationsst\u00e4nder.<\/strong><\/h2>\n<p>Dieser moderne Kuchenst\u00e4nder ist ein vielseitiges und elegantes Accessoire f\u00fcr die Pr\u00e4sentation von Desserts oder die stilvolle Dekoration des Hauses. Die obere Platte aus transluzentem Onyx mit nat\u00fcrlichen Adern und sanften Farbt\u00f6nen verleiht dem St\u00fcck Leuchtkraft und Charakter. Der hohe Fu\u00df aus schwarzem Marmor sorgt f\u00fcr Kontrast und Stabilit\u00e4t und schafft eine ausgewogene Komposition zwischen visueller Leichtigkeit und struktureller Festigkeit.<\/p>\n<p>Das erh\u00f6hte Design macht ihn zu einer praktischen Wahl f\u00fcr die Pr\u00e4sentation von frischem Obst, Kuchen oder S\u00fc\u00dfigkeiten und zugleich zu einem dekorativen Zentrum der Tischdekoration in Esszimmern, Wohnzimmern oder Empfangsr\u00e4umen. Die H\u00f6he des Fu\u00dfes hebt den Inhalt hervor und bringt Dynamik in die Tischgestaltung.<\/p>\n<p>Jeder Tortenst\u00e4nder ist ein Unikat, da die nat\u00fcrlichen Variationen der Materialien Exklusivit\u00e4t verleihen und ihn zu einem besonderen Blickfang in jedem Ambiente machen.<\/p>\n<p>Diese dekorative Schale passt sich verschiedenen Einrichtungsstilen an \u2013 von modernen R\u00e4umen bis hin zu klassischen Interieurs \u2013 und bewahrt stets eine elegante, anspruchsvolle Ausstrahlung. Seine funktionale und \u00e4sthetische Qualit\u00e4t macht ihn zum idealen Accessoire f\u00fcr alle, die echte Naturstein\u2011Materialien und sorgf\u00e4ltiges Design sch\u00e4tzen.<\/p>\n<p>Golden Cascad Marmor: Dieser au\u00dfergew\u00f6hnliche Marmor ist eine Symphonie der Kontraste, in der tiefes, geheimnisvolles Schwarz von einem Spiel aus wei\u00dfen, karamellfarbenen, r\u00f6tlichen, goldenen und braunen Adern erhellt wird. Jede Platte erz\u00e4hlt eine geologische Geschichte \u2013 ein Kunstwerk, das die Natur selbst geschaffen hat.<\/p>\n<p>Galaxy Green Onyx: Ein hellgr\u00fcner Hintergrund, kunstvoll akzentuiert durch wei\u00dfe Wellen, durchzogen von bronzefarbenen, erdigen goldbraunen und r\u00f6tlichen Adern. Diese seltene, hochtransluzente Onyx\u2011Variante wird nur in sehr kleinen Mengen gewonnen und gilt als besonders exklusiv.<\/p>\n<div><\/div>\n<p>&nbsp;<\/p>\n<p>&nbsp;<\/p>\n<p data-start=\"1336\" data-end=\"1483\"><a href=\"https:\/\/forzini.com\/de\/materialien\/\" target=\"_blank\" rel=\"noopener\">Erfahren Sie mehr \u00fcber unsere Kollektion von Marmor und Onyx \u00fcber diesen Link: <\/a><a href=\"https:\/\/forzini.com\/de\/materialien\/\" target=\"_blank\" rel=\"noopener\">Materialien<\/a><\/p>\n","protected":false},"excerpt":{"rendered":"<h1><strong>Kuchenst\u00e4nder schwarzer Marmor \u2013 Exklusive Tischdeko.<\/strong><\/h1>\n<p>Dieser moderne <strong>Kuchenst\u00e4nder<\/strong> ist ein raffiniertes Accessoire, das jedem Ambiente eine besondere Note verleiht. Die erh\u00f6hte Form mit Fu\u00df eignet sich perfekt, um Torten, Fr\u00fcchte oder dekorative Arrangements zu pr\u00e4sentieren und sorgt f\u00fcr einen sofortigen visuellen Effekt.<\/p>\n<p>Das Design verbindet Funktionalit\u00e4t und Stil auf ausgewogene Weise und macht ihn zu einem vielseitigen St\u00fcck: ideal, um den Esstisch im Alltag zu versch\u00f6nern, einen besonderen Akzent bei Feierlichkeiten zu setzen oder als elegantes und unvergessliches Geschenk zu dienen.<\/p>\n<h2><strong>Ma\u00dfe:<\/strong> Durchmesser 25 cm, H\u00f6he 12 cm<\/h2>\n<p>&nbsp;<\/p>\n","protected":false},"featured_media":21682,"comment_status":"closed","ping_status":"closed","template":"","meta":{"_acf_changed":false,"_joinchat":[]},"product_brand":[],"product_cat":[260,381],"product_tag":[265],"class_list":{"0":"post-21778","1":"product","2":"type-product","3":"status-publish","4":"has-post-thumbnail","6":"product_cat-accessoires-de","7":"product_cat-wohnaccessoires","8":"product_tag-onyx-de","10":"first","11":"instock","12":"sale","13":"shipping-taxable","14":"purchasable","15":"product-type-simple"},"acf":[],"_links":{"self":[{"href":"https:\/\/forzini.com\/de\/wp-json\/wp\/v2\/product\/21778","targetHints":{"allow":["GET"]}}],"collection":[{"href":"https:\/\/forzini.com\/de\/wp-json\/wp\/v2\/product"}],"about":[{"href":"https:\/\/forzini.com\/de\/wp-json\/wp\/v2\/types\/product"}],"replies":[{"embeddable":true,"href":"https:\/\/forzini.com\/de\/wp-json\/wp\/v2\/comments?post=21778"}],"version-history":[{"count":0,"href":"https:\/\/forzini.com\/de\/wp-json\/wp\/v2\/product\/21778\/revisions"}],"wp:featuredmedia":[{"embeddable":true,"href":"https:\/\/forzini.com\/de\/wp-json\/wp\/v2\/media\/21682"}],"wp:attachment":[{"href":"https:\/\/forzini.com\/de\/wp-json\/wp\/v2\/media?parent=21778"}],"wp:term":[{"taxonomy":"product_brand","embeddable":true,"href":"https:\/\/forzini.com\/de\/wp-json\/wp\/v2\/product_brand?post=21778"},{"taxonomy":"product_cat","embeddable":true,"href":"https:\/\/forzini.com\/de\/wp-json\/wp\/v2\/product_cat?post=21778"},{"taxonomy":"product_tag","embeddable":true,"href":"https:\/\/forzini.com\/de\/wp-json\/wp\/v2\/product_tag?post=21778"}],"curies":[{"name":"wp","href":"https:\/\/api.w.org\/{rel}","templated":true}]}}