{"id":18690,"date":"2025-10-30T21:24:18","date_gmt":"2025-10-30T20:24:18","guid":{"rendered":"https:\/\/forzini.com\/producto\/lavamanos-de-piedra-onix\/"},"modified":"2026-03-12T22:04:49","modified_gmt":"2026-03-12T21:04:49","slug":"steinwaschbecken-onyx-gruen","status":"publish","type":"product","link":"https:\/\/forzini.com\/de\/producto\/steinwaschbecken-onyx-gruen\/","title":{"rendered":"Steinwaschbecken aus gr\u00fcnem Onyx \u2013 Design f\u00fcrs Bad"},"content":{"rendered":"<h2><strong>Gr\u00fcnes Onyx-Steinwaschbecken \u2013 Luxus f\u00fcrs Badezimmer<\/strong><\/h2>\n<p>Dieses <strong>Steinwaschbecken aus gr\u00fcnem Onyx<\/strong>, entwickelt f\u00fcr die Montage auf der Waschtischplatte, verleiht jedem Badezimmer einen modernen und au\u00dfergew\u00f6hnlichen Stil. Die <strong>hexagonale Form<\/strong>, selten und sehr auff\u00e4llig, macht es zu einem Waschbecken, das sofort ins Auge f\u00e4llt. Es ist ideal f\u00fcr alle, die ein besonderes, nat\u00fcrliches und exklusives Design suchen.<\/p>\n<p>Jedes Waschbecken wird von Hand aus <strong>nat\u00fcrlichem gr\u00fcnem Onyx<\/strong> gefertigt, sodass jede einzelne Schale ihre eigenen einzigartigen Maserungen, Farben und Nuancen besitzt. Die Gr\u00fcnt\u00f6ne \u2014 von kr\u00e4ftigen, intensiven Farben bis hin zu sanften Nuancen \u2014 verbinden sich mit honigfarbenen, beigen und leicht r\u00f6tlichen Linien und erzeugen einen warmen, angenehmen visuellen Effekt. Die polierte Innenseite verst\u00e4rkt die Farbtiefe, w\u00e4hrend die Au\u00dfenseite ein nat\u00fcrliches Finish beh\u00e4lt, das die echte Sch\u00f6nheit des Onyx zeigt.<\/p>\n<p>Das Design sorgt f\u00fcr eine komfortable und praktische Nutzung im Alltag. Es eignet sich perfekt f\u00fcr <strong>moderne Badm\u00f6bel<\/strong>, Holzplatten, mineralische Oberfl\u00e4chen oder R\u00e4ume, die ein besonderes Element integrieren m\u00f6chten, ohne auf Funktionalit\u00e4t zu verzichten. Die hexagonale Form verleiht dem Bad einen frischen, modernen Look und ist ideal f\u00fcr alle, die Wert auf Pers\u00f6nlichkeit und Stil legen.<\/p>\n<p>Dieses Waschbecken passt besonders gut zu:<\/p>\n<ul>\n<li>Modern<\/li>\n<li>Minimalistisch<\/li>\n<li>Industrial<\/li>\n<li>Japandi<\/li>\n<li>High\u2011tech<\/li>\n<li>Ultramodern<\/li>\n<li>Glam modern \/ Luxury chic<\/li>\n<li>Zen\u2011Stil<\/li>\n<li>Neo\u2011Art\u2011Deco<\/li>\n<li>Gallery\u2011Home<\/li>\n<li>Urban Modern<\/li>\n<li>Eklektisch<\/li>\n<li>Moderne Kunst<\/li>\n<li>Retro<\/li>\n<li>Pop<\/li>\n<\/ul>\n<p>Der gr\u00fcne Onyx zeichnet sich durch seine Vielzahl an Farbt\u00f6nen und nat\u00fcrlichen Maserungen aus. Jedes Waschbecken ist ein Unikat und verleiht dem Badezimmer eine warme, elegante Note. Die Kombination aus Farben und geometrischer Form macht es zu einem dekorativen Element, das den Raum ver\u00e4ndert, ohne gro\u00dfe Umbauten zu erfordern.<\/p>\n<div><\/div>\n<h2><strong>Green Amazonian Onyx \u2013 eine Palette gr\u00fcner Nuancen mit nat\u00fcrlicher Tiefe<\/strong><\/h2>\n<p><strong>Green Amazonian Onyx<\/strong> ist bekannt f\u00fcr seine breite Palette an Gr\u00fcnt\u00f6nen, von lebendigen Farben bis hin zu sanfteren Nuancen. Seine braunen, schokoladenfarbenen, goldenen und r\u00f6tlichen Adern verleihen dem Stein Tiefe und ein sehr nat\u00fcrliches, ansprechendes Aussehen. Wenn Licht auf die Oberfl\u00e4che trifft, intensivieren sich die Farben und das Waschbecken wird zu einem lebendigen Blickfang.<\/p>\n<p>Erfahren Sie mehr \u00fcber unsere Kollektion von Marmor und Onyx \u00fcber diesen Link: <a href=\"https:\/\/forzini.com\/de\/materialien\/\" target=\"_blank\" rel=\"noopener\">Materialien<\/a><\/p>\n<div><\/div>\n<h2><strong>Langlebigkeit und einfache Pflege<\/strong><\/h2>\n<p>Nat\u00fcrlicher Onyx bietet:<\/p>\n<ul>\n<li>hohe Widerstandsf\u00e4higkeit<\/li>\n<li>lange Lebensdauer<\/li>\n<li>zeitlose \u00c4sthetik<\/li>\n<li>einfache Pflege<\/li>\n<\/ul>\n<p>Die polierte Oberfl\u00e4che l\u00e4sst sich leicht reinigen und beh\u00e4lt ihren Glanz \u00fcber viele Jahre. Mit einer einfachen Grundpflege bleibt die nat\u00fcrliche Sch\u00f6nheit des Waschbeckens m\u00fchelos erhalten.<\/p>\n<div><\/div>\n<h2><strong>Wichtige Merkmale<\/strong><\/h2>\n<ul>\n<li><strong>Installation:<\/strong> Aufsatzwaschbecken<\/li>\n<li><strong>Durchmesser des Abflusslochs:<\/strong> 4,5 cm (europ\u00e4ischer Standard)<\/li>\n<li><strong>Kompatibler Ablauf:<\/strong> Universalablauf ohne \u00dcberlauf (nicht enthalten)<\/li>\n<li><strong>Kompatible Armatur:<\/strong> Stand\u2011 oder Wandarmatur (nicht enthalten)<\/li>\n<li><strong>Nicht enthalten:<\/strong> Siphon, Ablaufventil, Armatur<\/li>\n<\/ul>\n<div><\/div>\n<h2><strong>FAQs<\/strong><\/h2>\n<h3><strong>1. Wie reinigt man ein Waschbecken aus nat\u00fcrlichem gr\u00fcnem Onyx?<\/strong><\/h3>\n<p>Mit warmem Wasser und milder Seife. Vermeiden Sie s\u00e4urehaltige oder scheuernde Produkte und trocknen Sie die Oberfl\u00e4che nach jeder Nutzung.<\/p>\n<h3><strong>2. Ist jedes Onyx\u2011Waschbecken wirklich einzigartig?<\/strong><\/h3>\n<p>Ja. Jede Schale besitzt nat\u00fcrliche Maserungen und Farbvariationen, die sich nie wiederholen \u2013 jedes Waschbecken ist ein Unikat.<\/p>\n<h3><strong>3. Welcher Ablauf und welche Armatur passen zu diesem Waschbecken?<\/strong><\/h3>\n<p>Ein Universalablauf ohne \u00dcberlauf sowie eine Stand\u2011 oder Wandarmatur.<\/p>\n<h3><strong>4. Ist das Waschbecken f\u00fcr kleine Badezimmer geeignet?<\/strong><\/h3>\n<p>Ja. Die kompakte Form und das moderne Design machen es ideal auch f\u00fcr kleinere Waschtische.<\/p>\n<h3><strong>5. Was bringt ein hexagonales Waschbecken aus gr\u00fcnem Onyx ins Badezimmer?<\/strong><\/h3>\n<p>Es bringt Stil, Nat\u00fcrlichkeit, einen besonderen Look und eine warme visuelle Pr\u00e4senz, die den Raum aufwertet.<\/p>\n<h3><strong>6. Bieten Sie internationalen Versand an?<\/strong><\/h3>\n<p>Ja, wir versenden weltweit.<\/p>\n<h3><strong>7. Welche \u00e4sthetischen Vorteile bietet Onyx im Vergleich zu anderen Steinen?<\/strong><\/h3>\n<p>Die nat\u00fcrlichen Adern, die vielf\u00e4ltigen Farbt\u00f6ne und der sanfte Glanz machen Onyx zu einem warmen, eleganten und sehr dekorativen Material.<\/p>\n","protected":false},"excerpt":{"rendered":"<p>Dieses Steinwaschbecken aus gr\u00fcnem Onyx mit hexagonaler Form und polierter Oberfl\u00e4che verleiht dem Badezimmer eine skulpturale und zeitgem\u00e4\u00dfe Note. Jede einzelne Ausf\u00fchrung ist ein Unikat, von Hand aus Naturstein gefertigt und durch unverwechselbare Maserungen gepr\u00e4gt.<\/p>\n<p>Das mutige und elegante Design macht dieses Waschbecken zum visuellen Mittelpunkt auf modernen Waschtischen und in R\u00e4umen, die Wert auf Individualit\u00e4t und Stil legen.<\/p>\n<p>Dieses Waschbecken erf\u00fcllt nicht nur eine funktionale Aufgabe, sondern wirkt wie ein dekoratives Schmuckst\u00fcck. Der verwendete Onyx \u2013 ausgew\u00e4hlt wegen seiner Seltenheit und Sch\u00f6nheit \u2013 ist ein halbedelstein, der in der Haute Joaillerie sehr gesch\u00e4tzt wird und dem Badezimmer ein au\u00dfergew\u00f6hnliches Ma\u00df an Raffinesse verleiht.<\/p>\n<h2><strong>Ma\u00dfe:<\/strong> Durchmesser 40 cm, H\u00f6he 13 cm.<\/h2>\n<p>&nbsp;<\/p>\n","protected":false},"featured_media":20093,"comment_status":"closed","ping_status":"closed","template":"","meta":{"_acf_changed":false,"_joinchat":[]},"product_brand":[],"product_cat":[332,274],"product_tag":[415,265],"class_list":{"0":"post-18690","1":"product","2":"type-product","3":"status-publish","4":"has-post-thumbnail","6":"product_cat-onyx-waschbecken","7":"product_cat-waschbecken","8":"product_tag-badezimmer-waschbecken","9":"product_tag-onyx-de","11":"first","12":"instock","13":"sale","14":"shipping-taxable","15":"purchasable","16":"product-type-simple"},"acf":[],"_links":{"self":[{"href":"https:\/\/forzini.com\/de\/wp-json\/wp\/v2\/product\/18690","targetHints":{"allow":["GET"]}}],"collection":[{"href":"https:\/\/forzini.com\/de\/wp-json\/wp\/v2\/product"}],"about":[{"href":"https:\/\/forzini.com\/de\/wp-json\/wp\/v2\/types\/product"}],"replies":[{"embeddable":true,"href":"https:\/\/forzini.com\/de\/wp-json\/wp\/v2\/comments?post=18690"}],"version-history":[{"count":2,"href":"https:\/\/forzini.com\/de\/wp-json\/wp\/v2\/product\/18690\/revisions"}],"predecessor-version":[{"id":24839,"href":"https:\/\/forzini.com\/de\/wp-json\/wp\/v2\/product\/18690\/revisions\/24839"}],"wp:featuredmedia":[{"embeddable":true,"href":"https:\/\/forzini.com\/de\/wp-json\/wp\/v2\/media\/20093"}],"wp:attachment":[{"href":"https:\/\/forzini.com\/de\/wp-json\/wp\/v2\/media?parent=18690"}],"wp:term":[{"taxonomy":"product_brand","embeddable":true,"href":"https:\/\/forzini.com\/de\/wp-json\/wp\/v2\/product_brand?post=18690"},{"taxonomy":"product_cat","embeddable":true,"href":"https:\/\/forzini.com\/de\/wp-json\/wp\/v2\/product_cat?post=18690"},{"taxonomy":"product_tag","embeddable":true,"href":"https:\/\/forzini.com\/de\/wp-json\/wp\/v2\/product_tag?post=18690"}],"curies":[{"name":"wp","href":"https:\/\/api.w.org\/{rel}","templated":true}]}}