{"id":13565,"date":"2025-05-25T15:07:32","date_gmt":"2025-05-25T13:07:32","guid":{"rendered":"https:\/\/forzini.com\/producto\/tazon-decorativo-de-marmol\/"},"modified":"2025-05-31T17:19:42","modified_gmt":"2025-05-31T15:19:42","slug":"marmor-servierplatte-gross","status":"publish","type":"product","link":"https:\/\/forzini.com\/de\/producto\/marmor-servierplatte-gross\/","title":{"rendered":"Marmor servierplatte gro\u00df"},"content":{"rendered":"<h2 data-start=\"276\" data-end=\"660\">Marmor servierplatte gro\u00df<\/h2>\n<p>Diese Marmor Servierplatte gro\u00dfe in Beige ist weit mehr als nur ein einfaches Accessoire \u2013 sie ist ein Designst\u00fcck, das jeden Raum verwandelt. Ihre perfekt polierte, runde Form mit angenehm glatten W\u00e4nden betont die nat\u00fcrliche Sch\u00f6nheit des Onyx, eines Halbedelsteins mit einer einzigartigen Farbpalette, die von Cremebeige \u00fcber Karamellt\u00f6ne bis hin zu intensivem Toffee reicht.<\/p>\n<p>Dank ihrer raffinierten Pr\u00e4senz und ihres zeitlosen Designs f\u00fcgt sich diese Schale m\u00fchelos in moderne, nordische, Japandi-, zeitgen\u00f6ssische oder rustikale Einrichtungsstile ein. Mit ihrer gro\u00dfz\u00fcgigen Gr\u00f6\u00dfe wird sie zu einem beeindruckenden Tischmittelst\u00fcck \u2013 ideal f\u00fcr besondere Anl\u00e4sse, als stilvolle Obstschale, elegante Ablageschale oder als dekoratives Akzent f\u00fcr Esstische, K\u00fcchen, Eingangsbereiche oder Konsolen.<\/p>\n<p>Jedes St\u00fcck ist ein Unikat, kunstvoll aus nat\u00fcrlichem Onyx-Marmor gefertigt, mit individuellen Maserungen und Farbnuancen, die ihm Charakter und Exklusivit\u00e4t verleihen. Neben ihrer dekorativen Sch\u00f6nheit ist sie auch praktisch und funktional f\u00fcr den t\u00e4glichen Gebrauch.<\/p>\n<p>Falls Sie ein originelles und stilvolles Geschenk suchen, ist diese Onyx-Marmorschale die perfekte Wahl \u2013 exklusiv, vielseitig und voller Pers\u00f6nlichkeit.<\/p>\n<p>Onyx Crema Cachemir \u2013 ein au\u00dfergew\u00f6hnlicher Halbedelstein mit einem warmen cremefarbenen Grundton, durchzogen von einzigartigen Adern in Wei\u00df, Gold, Karamell und intensivem Toffee. Diese nat\u00fcrlichen Strukturen verlaufen harmonisch \u00fcber die Oberfl\u00e4che und schaffen eine unverwechselbare, elegante \u00c4sthetik.<\/p>\n<p>&nbsp;<\/p>\n<p data-start=\"1336\" data-end=\"1483\"><a href=\"https:\/\/forzini.com\/de\/materialien\/\" target=\"_blank\" rel=\"noopener\">Erfahren Sie mehr \u00fcber unsere Kollektion von Marmor und Onyx \u00fcber diesen Link: <\/a><a href=\"https:\/\/forzini.com\/de\/materialien\/\" target=\"_blank\" rel=\"noopener\">Materialien<\/a><\/p>\n","protected":false},"excerpt":{"rendered":"<h1>Marmor servierplatte gro\u00df<\/h1>\n<p>ein elegantes dekoratives Akzent, das Luxus und Exklusivit\u00e4t in jeden Raum bringt. Seine runde Form betont die einzigartigen Maserungen des nat\u00fcrlichen Onyx, die von Creme- und Beiget\u00f6nen bis hin zu intensivem Toffee variieren. Ideal als Obstschale, Ablageschale oder Tischmittelst\u00fcck \u2013 perfekt passend zu modernen, nordischen, Japandi- oder rustikalen Einrichtungsstilen.<\/p>\n<p>Jedes St\u00fcck ist ein Unikat, was es zu einem au\u00dfergew\u00f6hnlichen Geschenk f\u00fcr diejenigen macht, die nat\u00fcrliche Sch\u00f6nheit und exklusives Design sch\u00e4tzen.<\/p>\n<h3><strong>Ma\u00dfe:<\/strong> Durchmesser 30 cm, H\u00f6he 6 cm<\/h3>\n","protected":false},"featured_media":13403,"comment_status":"closed","ping_status":"closed","template":"","meta":{"_acf_changed":false,"_joinchat":[]},"product_brand":[],"product_cat":[260,381],"product_tag":[265],"class_list":{"0":"post-13565","1":"product","2":"type-product","3":"status-publish","4":"has-post-thumbnail","6":"product_cat-accessoires-de","7":"product_cat-wohnaccessoires","8":"product_tag-onyx-de","10":"first","11":"instock","12":"sale","13":"shipping-taxable","14":"purchasable","15":"product-type-simple"},"acf":[],"_links":{"self":[{"href":"https:\/\/forzini.com\/de\/wp-json\/wp\/v2\/product\/13565","targetHints":{"allow":["GET"]}}],"collection":[{"href":"https:\/\/forzini.com\/de\/wp-json\/wp\/v2\/product"}],"about":[{"href":"https:\/\/forzini.com\/de\/wp-json\/wp\/v2\/types\/product"}],"replies":[{"embeddable":true,"href":"https:\/\/forzini.com\/de\/wp-json\/wp\/v2\/comments?post=13565"}],"version-history":[{"count":0,"href":"https:\/\/forzini.com\/de\/wp-json\/wp\/v2\/product\/13565\/revisions"}],"wp:featuredmedia":[{"embeddable":true,"href":"https:\/\/forzini.com\/de\/wp-json\/wp\/v2\/media\/13403"}],"wp:attachment":[{"href":"https:\/\/forzini.com\/de\/wp-json\/wp\/v2\/media?parent=13565"}],"wp:term":[{"taxonomy":"product_brand","embeddable":true,"href":"https:\/\/forzini.com\/de\/wp-json\/wp\/v2\/product_brand?post=13565"},{"taxonomy":"product_cat","embeddable":true,"href":"https:\/\/forzini.com\/de\/wp-json\/wp\/v2\/product_cat?post=13565"},{"taxonomy":"product_tag","embeddable":true,"href":"https:\/\/forzini.com\/de\/wp-json\/wp\/v2\/product_tag?post=13565"}],"curies":[{"name":"wp","href":"https:\/\/api.w.org\/{rel}","templated":true}]}}